{"id":251,"date":"2023-06-12T14:57:49","date_gmt":"2023-06-12T12:57:49","guid":{"rendered":"https:\/\/webs.uab.cat\/gemmacimitec\/?page_id=251"},"modified":"2026-02-20T13:32:54","modified_gmt":"2026-02-20T11:32:54","slug":"ferran-martin","status":"publish","type":"page","link":"https:\/\/webs.uab.cat\/cimitec\/membres\/ferran-martin\/","title":{"rendered":"Ferran Mart\u00edn"},"content":{"rendered":"\n<div class=\"wp-block-columns alignwide is-layout-flex wp-container-core-columns-is-layout-9d6595d7 wp-block-columns-is-layout-flex\">\n<div class=\"wp-block-column is-vertically-aligned-top is-layout-flow wp-block-column-is-layout-flow\" style=\"flex-basis:33.33%\">\n<figure class=\"wp-block-image size-full is-resized\"><img loading=\"lazy\" decoding=\"async\" width=\"191\" height=\"269\" src=\"https:\/\/webs.uab.cat\/gemmacimitec\/wp-content\/uploads\/sites\/445\/2024\/09\/fmartin.png\" alt=\"\" class=\"wp-image-2315\" style=\"aspect-ratio:1;object-fit:contain;width:350px\" \/><\/figure>\n<\/div>\n\n\n\n<div class=\"wp-block-column is-layout-flow wp-block-column-is-layout-flow\" style=\"flex-basis:66.66%\">\n<p><strong>Despatx QC-3021<br>Tel. +34 93 581 3522<br>E-mail: Ferran.Mart\u00edn@uab.cat<\/strong><\/p>\n\n\n\n<p><a href=\"https:\/\/portalrecerca.uab.cat\/en\/persons\/juan-fernando-martin-antolin-4\" data-type=\"URL\" data-id=\"https:\/\/portalrecerca.uab.cat\/en\/persons\/juan-fernando-martin-antolin-4\" target=\"_blank\" rel=\"noreferrer noopener\">Producci\u00f3 cient\u00edfica<\/a><\/p>\n\n\n\n<p><a href=\"https:\/\/webs.uab.cat\/gemmacimitec\/wp-content\/uploads\/sites\/445\/2024\/02\/CV_long_Ferran-Martin-2024.pdf\" data-type=\"link\" data-id=\"https:\/\/webs.uab.cat\/gemmacimitec\/wp-content\/uploads\/sites\/445\/2024\/02\/CV_long_Ferran-Martin-2024.pdf\">CV complet<\/a><\/p>\n\n\n\n<p><strong>Biografia<\/strong><\/p>\n\n\n\n<p>Ferran Mart\u00edn va n\u00e9ixer a Barakaldo (Biscaia), Espanya el 1965. Es va llicenciar en F\u00edsica a la Universitat Aut\u00f2noma de Barcelona (UAB) el 1988 i es va doctorar el 1992. Des del 1994 fins al 2006 va ser Professor Titular d&#8217;Electr\u00f2nica al Departament d&#8217;Enginyeria Electr\u00f2nica (UAB), i des del 2007 \u00e9s Catedr\u00e0tic de Electr\u00f2nica. Al llarg de la seva carrera, ha estat molt actiu en camps de recerca tan diversos com metamaterials i l\u00ednies de transmissi\u00f3 artificials, circuits i filtres de microones, antenes, RFID sense xip (<em>chipless RFID<\/em>) i sensors planars de microones (el seu principal tema de investigaci\u00f3 actualment). \u00c9s el responsable (i fundador) del Grup d&#8217;Enginyeria de Microones, Metamaterials i Antenes (Grup GEMMA) de la UAB, i director (i fundador) de CIMITEC, un centre de recerca i transfer\u00e8ncia de tecnologia adscrit al Departament d&#8217;Enginyeria Electr\u00f2nica (UAB) . Ha organitzat diversos esdeveniments internacionals relacionats amb metamaterials, <em>chipless RFID<\/em> i sensors, incloent <em>workshops<\/em> a l&#8217;<em>IEEE International Microwave Symposium<\/em> (anys 2005 i 2007) i l&#8217;<em>European Microwave Conference<\/em> (2009, 2015, 2017, 2018 i 2024) on <em>Advanced Electromagnetic Materials in Microwaves and Optics (Metamaterials 2011)<\/em>, on va ser president del Comit\u00e8 Organitzador Local. Ha estat editor convidat en set n\u00fameros especials sobre metamaterials i sensors a diverses revistes internacionals. \u00c9s autor i coautor de m\u00e9s de 700 articles en congressos, <em>letters<\/em>, articles en revistes i cap\u00edtols de llibres, \u00e9s coautor del llibre sobre metamaterials titulat <em>Metamaterials with Negative Parameters: Theory, Design and Microwave Applications (John Wiley &amp; Sons Inc.)<\/em>, autor del llibre <em>Artificial Transmission Lines for RF and Microwave Applications (John Wiley &amp; Sons Inc.)<\/em>, coeditor del llibre <em>Balanced Microwave Filters (Wiley\/IEEE Press)<\/em>, coautor del llibre <em>Time-Domain Signature Barcodes per Xip-RFID and Sensing Applications (Springer)<\/em>, coautor del llibre <em>Planar Microwave Sensors (Wiley\/IEEE Press)<\/em> i coeditor del llibre <em>Coupled Structures for Microwave Sensing (Springer)<\/em>. Ferran Mart\u00edn ha dirigit 22 doctorats, ha presentat diverses patents sobre metamaterials, <em>chipless RFID<\/em> i sensors, i ha dirigit dotzenes de contractes de desenvolupament i projectes de col\u00b7laboraci\u00f3 amb empreses. El Prof. Mart\u00edn \u00e9s membre de la <em>IEEE Microwave Theory and Techniques Society (IEEE MTT-S)<\/em>. \u00c9s revisor de les revistes <em>IEEE Transactions on Microwave Theory and Techniques<\/em> i <em>IEEE Microwave and Wireless Components Letters<\/em>, entre moltes altres, i \u00e9s membre del Comit\u00e8 Editorial d&#8217;<em>IEEE Transactions on Microwave Theory and Techniques<\/em>, I<em>ET Microwaves, Antennes and Propagation<\/em> i <em>Sensors<\/em>. Tamb\u00e9 \u00e9s membre del <em>Technical Program Committee<\/em> de l&#8217;<em>European Microwave Conference (EuMC)<\/em> i del <em>Scientific Advisory Board<\/em> de l<em>&#8216;International Congress on Advanced Electromagnetic Materials in Microwaves and Optics (Metamaterials)<\/em>. Entre les seves distincions, Ferran Mart\u00edn ha rebut el Premi Duran Farell de Recerca Tecnol\u00f2gica 2006, ostenta la C\u00e0tedra de Transfer\u00e8ncia de Tecnologia del Parc de Recerca UAB \u2013 Santander i ha estat guardonat amb tres Premis ICREA ACAD\u00c8MIA (convocat\u00f2ries 2008, 2013 i 2018). \u00c9s <em>Fellow<\/em> de l&#8217;IEEE i <em>Fellow <\/em>de l&#8217;IET.<\/p>\n<\/div>\n<\/div>\n\n\n\n<div class=\"wp-block-columns alignwide is-layout-flex wp-container-core-columns-is-layout-9d6595d7 wp-block-columns-is-layout-flex\">\n<div class=\"wp-block-column is-layout-flow wp-block-column-is-layout-flow\" style=\"flex-basis:25%\"><\/div>\n\n\n\n<div class=\"wp-block-column is-layout-flow wp-block-column-is-layout-flow\" style=\"flex-basis:50%\">\n<div class=\"wp-block-buttons is-layout-flex wp-block-buttons-is-layout-flex\">\n<div class=\"wp-block-button has-custom-width wp-block-button__width-100 is-style-outline is-style-outline--1\"><a class=\"wp-block-button__link wp-element-button\" href=\"https:\/\/webs.uab.cat\/cimitec\/membres\/\">llistat de membres<\/a><\/div>\n<\/div>\n<\/div>\n\n\n\n<div class=\"wp-block-column is-layout-flow wp-block-column-is-layout-flow\" style=\"flex-basis:25%\">\n<div class=\"wp-block-buttons is-layout-flex wp-block-buttons-is-layout-flex\">\n<div class=\"wp-block-button has-custom-width wp-block-button__width-100\"><a class=\"wp-block-button__link wp-element-button\" href=\"https:\/\/webs.uab.cat\/cimitec\/membres\/ferran-paredes\/\">f. paredes &gt;&gt;<\/a><\/div>\n<\/div>\n<\/div>\n<\/div>\n","protected":false},"excerpt":{"rendered":"<p>Despatx QC-3021Tel. +34 93 581 3522E-mail: Ferran.Mart\u00edn@uab.cat Producci\u00f3 cient\u00edfica CV complet Biografia Ferran Mart\u00edn va n\u00e9ixer a Barakaldo (Biscaia), Espanya el 1965. Es va llicenciar en F\u00edsica a la Universitat Aut\u00f2noma de Barcelona (UAB) el 1988 i es va doctorar el 1992. Des del 1994 fins al 2006 va ser Professor Titular d&#8217;Electr\u00f2nica al Departament [&hellip;]<\/p>\n","protected":false},"author":2651,"featured_media":0,"parent":25,"menu_order":1,"comment_status":"closed","ping_status":"closed","template":"","meta":{"footnotes":""},"class_list":["post-251","page","type-page","status-publish","hentry"],"_links":{"self":[{"href":"https:\/\/webs.uab.cat\/cimitec\/wp-json\/wp\/v2\/pages\/251","targetHints":{"allow":["GET"]}}],"collection":[{"href":"https:\/\/webs.uab.cat\/cimitec\/wp-json\/wp\/v2\/pages"}],"about":[{"href":"https:\/\/webs.uab.cat\/cimitec\/wp-json\/wp\/v2\/types\/page"}],"author":[{"embeddable":true,"href":"https:\/\/webs.uab.cat\/cimitec\/wp-json\/wp\/v2\/users\/2651"}],"replies":[{"embeddable":true,"href":"https:\/\/webs.uab.cat\/cimitec\/wp-json\/wp\/v2\/comments?post=251"}],"version-history":[{"count":11,"href":"https:\/\/webs.uab.cat\/cimitec\/wp-json\/wp\/v2\/pages\/251\/revisions"}],"predecessor-version":[{"id":2766,"href":"https:\/\/webs.uab.cat\/cimitec\/wp-json\/wp\/v2\/pages\/251\/revisions\/2766"}],"up":[{"embeddable":true,"href":"https:\/\/webs.uab.cat\/cimitec\/wp-json\/wp\/v2\/pages\/25"}],"wp:attachment":[{"href":"https:\/\/webs.uab.cat\/cimitec\/wp-json\/wp\/v2\/media?parent=251"}],"curies":[{"name":"wp","href":"https:\/\/api.w.org\/{rel}","templated":true}]}}