{"id":257,"date":"2023-06-12T15:00:12","date_gmt":"2023-06-12T13:00:12","guid":{"rendered":"https:\/\/webs.uab.cat\/gemmacimitec\/?page_id=257"},"modified":"2026-02-20T13:33:42","modified_gmt":"2026-02-20T11:33:42","slug":"ferran-paredes","status":"publish","type":"page","link":"https:\/\/webs.uab.cat\/cimitec\/membres\/ferran-paredes\/","title":{"rendered":"Ferran Paredes"},"content":{"rendered":"\n<div class=\"wp-block-columns alignwide is-layout-flex wp-container-core-columns-is-layout-9d6595d7 wp-block-columns-is-layout-flex\">\n<div class=\"wp-block-column is-layout-flow wp-block-column-is-layout-flow\" style=\"flex-basis:33.33%\">\n<figure class=\"wp-block-image size-full is-resized\"><img loading=\"lazy\" decoding=\"async\" width=\"301\" height=\"407\" src=\"https:\/\/webs.uab.cat\/gemmacimitec\/wp-content\/uploads\/sites\/445\/2024\/09\/paredes.jpg\" alt=\"\" class=\"wp-image-2318\" style=\"aspect-ratio:1;object-fit:contain;width:350px\" srcset=\"https:\/\/webs.uab.cat\/cimitec\/wp-content\/uploads\/sites\/445\/2024\/09\/paredes.jpg 301w, https:\/\/webs.uab.cat\/cimitec\/wp-content\/uploads\/sites\/445\/2024\/09\/paredes-222x300.jpg 222w\" sizes=\"auto, (max-width: 301px) 100vw, 301px\" \/><\/figure>\n<\/div>\n\n\n\n<div class=\"wp-block-column is-layout-flow wp-block-column-is-layout-flow\" style=\"flex-basis:66.66%\">\n<p><strong>Despatx QC-3095<br>Tel. +34 93 581 3513<br>E-mail: Ferran.Paredes@uab.cat<\/strong><\/p>\n\n\n\n<p><a href=\"https:\/\/portalrecerca.uab.cat\/en\/persons\/ferran-paredes-marco-3\" data-type=\"URL\" data-id=\"https:\/\/portalrecerca.uab.cat\/en\/persons\/ferran-paredes-marco-3\" target=\"_blank\" rel=\"noreferrer noopener\">Producci\u00f3 cient\u00edfica<\/a><\/p>\n\n\n\n<p><strong>Biografia<\/strong><\/p>\n\n\n\n<p>Ferran Paredes va n\u00e9ixer a Badalona (Barcelona), Espanya al 1983. Va obtenir la titulaci\u00f3 en Enginyeria T\u00e8cnica i l\u2019Enginyeria Superior de Telecomunicacions a la Universitat Aut\u00f2noma de Barcelona l\u2019any 2004 i 2006, respectivament. Posteriorment va cursar el M\u00e0ster en Enginyeria Micro i Nanoelectr\u00f2nica, un any m\u00e9s tard a la mateixa universitat. Finalment, va obtenir el t\u00edtol de doctor en Enginyeria Electr\u00f2nica a la Universitat Aut\u00f2noma de Barcelona el 2012. La tesi, fruit del doctorat, va ser guardonada amb el premi a la millor tesis doctoral en ci\u00e8ncies de l\u2019enginyeria \u201cRafael Campalans\u201d per l\u2019Institut d\u2019Estudis Catalans (IEC). Des de l\u2019inici de la tesi el 2008 fins a l\u2019actualitat ha impartit doc\u00e8ncia al departament d\u2019Enginyeria Electr\u00f2nica, a excepci\u00f3 d\u2019un per\u00edode el 2010 en qu\u00e8 va gaudir d\u2019una curta estada a la Universitat de Kansas. Actualment, \u00e9s personal docent investigador postdoctoral del centre CIMITEC de la UAB. Les seves activitats de recerca estan centrades principalment en la Identificaci\u00f3 per Radio Freq\u00fc\u00e8ncia (RFID) i disseny d&#8217;estructures ressonants de RF\/microones passives, aplicades a antenes, etiquetes RFID chipless, entre d\u2019altres.<\/p>\n<\/div>\n<\/div>\n\n\n\n<div class=\"wp-block-columns alignwide is-layout-flex wp-container-core-columns-is-layout-9d6595d7 wp-block-columns-is-layout-flex\">\n<div class=\"wp-block-column is-layout-flow wp-block-column-is-layout-flow\" style=\"flex-basis:25%\">\n<div class=\"wp-block-buttons is-layout-flex wp-block-buttons-is-layout-flex\">\n<div class=\"wp-block-button has-custom-width wp-block-button__width-100\"><a class=\"wp-block-button__link wp-element-button\" href=\"https:\/\/webs.uab.cat\/cimitec\/membres\/ferran-martin\/\">&lt;&lt; F. mart\u00edn<\/a><\/div>\n<\/div>\n<\/div>\n\n\n\n<div class=\"wp-block-column is-layout-flow wp-block-column-is-layout-flow\" style=\"flex-basis:50%\">\n<div class=\"wp-block-buttons is-content-justification-center is-layout-flex wp-container-core-buttons-is-layout-16018d1d wp-block-buttons-is-layout-flex\">\n<div class=\"wp-block-button has-custom-width wp-block-button__width-100 is-style-outline is-style-outline--1\"><a class=\"wp-block-button__link wp-element-button\" href=\"https:\/\/webs.uab.cat\/cimitec\/membres\/\">llistat de membres<\/a><\/div>\n<\/div>\n<\/div>\n\n\n\n<div class=\"wp-block-column is-layout-flow wp-block-column-is-layout-flow\" style=\"flex-basis:25%\">\n<div class=\"wp-block-buttons is-layout-flex wp-block-buttons-is-layout-flex\">\n<div class=\"wp-block-button has-custom-width wp-block-button__width-100\"><a class=\"wp-block-button__link wp-element-button\" href=\"https:\/\/webs.uab.cat\/cimitec\/membres\/paris-velez\/\">P. V\u00e9lez &gt;&gt;<\/a><\/div>\n<\/div>\n<\/div>\n<\/div>\n","protected":false},"excerpt":{"rendered":"<p>Despatx QC-3095Tel. +34 93 581 3513E-mail: Ferran.Paredes@uab.cat Producci\u00f3 cient\u00edfica Biografia Ferran Paredes va n\u00e9ixer a Badalona (Barcelona), Espanya al 1983. Va obtenir la titulaci\u00f3 en Enginyeria T\u00e8cnica i l\u2019Enginyeria Superior de Telecomunicacions a la Universitat Aut\u00f2noma de Barcelona l\u2019any 2004 i 2006, respectivament. Posteriorment va cursar el M\u00e0ster en Enginyeria Micro i Nanoelectr\u00f2nica, un any [&hellip;]<\/p>\n","protected":false},"author":2651,"featured_media":0,"parent":25,"menu_order":2,"comment_status":"closed","ping_status":"closed","template":"","meta":{"footnotes":""},"class_list":["post-257","page","type-page","status-publish","hentry"],"_links":{"self":[{"href":"https:\/\/webs.uab.cat\/cimitec\/wp-json\/wp\/v2\/pages\/257","targetHints":{"allow":["GET"]}}],"collection":[{"href":"https:\/\/webs.uab.cat\/cimitec\/wp-json\/wp\/v2\/pages"}],"about":[{"href":"https:\/\/webs.uab.cat\/cimitec\/wp-json\/wp\/v2\/types\/page"}],"author":[{"embeddable":true,"href":"https:\/\/webs.uab.cat\/cimitec\/wp-json\/wp\/v2\/users\/2651"}],"replies":[{"embeddable":true,"href":"https:\/\/webs.uab.cat\/cimitec\/wp-json\/wp\/v2\/comments?post=257"}],"version-history":[{"count":7,"href":"https:\/\/webs.uab.cat\/cimitec\/wp-json\/wp\/v2\/pages\/257\/revisions"}],"predecessor-version":[{"id":2767,"href":"https:\/\/webs.uab.cat\/cimitec\/wp-json\/wp\/v2\/pages\/257\/revisions\/2767"}],"up":[{"embeddable":true,"href":"https:\/\/webs.uab.cat\/cimitec\/wp-json\/wp\/v2\/pages\/25"}],"wp:attachment":[{"href":"https:\/\/webs.uab.cat\/cimitec\/wp-json\/wp\/v2\/media?parent=257"}],"curies":[{"name":"wp","href":"https:\/\/api.w.org\/{rel}","templated":true}]}}