{"id":263,"date":"2023-06-13T12:16:27","date_gmt":"2023-06-13T10:16:27","guid":{"rendered":"https:\/\/webs.uab.cat\/gemmacimitec\/?page_id=263"},"modified":"2026-02-20T13:34:18","modified_gmt":"2026-02-20T11:34:18","slug":"paris-velez","status":"publish","type":"page","link":"https:\/\/webs.uab.cat\/cimitec\/membres\/paris-velez\/","title":{"rendered":"Paris V\u00e9lez"},"content":{"rendered":"\n<div class=\"wp-block-columns alignwide is-layout-flex wp-container-core-columns-is-layout-9d6595d7 wp-block-columns-is-layout-flex\">\n<div class=\"wp-block-column is-layout-flow wp-block-column-is-layout-flow\" style=\"flex-basis:33.33%\">\n<figure class=\"wp-block-image size-full is-resized\"><img loading=\"lazy\" decoding=\"async\" width=\"304\" height=\"467\" src=\"https:\/\/webs.uab.cat\/gemmacimitec\/wp-content\/uploads\/sites\/445\/2024\/09\/paris.jpg\" alt=\"\" class=\"wp-image-2309\" style=\"aspect-ratio:1;object-fit:cover;width:350px\" srcset=\"https:\/\/webs.uab.cat\/cimitec\/wp-content\/uploads\/sites\/445\/2024\/09\/paris.jpg 304w, https:\/\/webs.uab.cat\/cimitec\/wp-content\/uploads\/sites\/445\/2024\/09\/paris-195x300.jpg 195w\" sizes=\"auto, (max-width: 304px) 100vw, 304px\" \/><\/figure>\n<\/div>\n\n\n\n<div class=\"wp-block-column is-layout-flow wp-block-column-is-layout-flow\" style=\"flex-basis:66.66%\">\n<p><strong>Despatx QC-3095<br>Tel. +34 93 581 3513<br>E-mail: Paris.Velez@uab.cat<\/strong><\/p>\n\n\n\n<p><a href=\"https:\/\/portalrecerca.uab.cat\/en\/persons\/paris-velez-rasero-7\" data-type=\"URL\" target=\"_blank\" rel=\"noreferrer noopener\">Producci\u00f3 cient\u00edfica<\/a><\/p>\n\n\n\n<p><strong>Biografia<\/strong><\/p>\n\n\n\n<p>Paris V\u00e9lez Rasero va n\u00e9ixer a Barcelona, Espanya, el 1982. Va rebre el t\u00edtol d&#8217;Enginyer de Telecomunicacions, especialitat Electr\u00f2nica, el t\u00edtol d&#8217;Enginyer en Electr\u00f2nica i el Doctorat en Enginyeria Electr\u00f2nica per la Universitat Aut\u00f2noma de Barcelona, Espanya, el 2008, 2010 i 2014, respectivament. La seva tesi doctoral va estar dedicada al desenvolupament de circuits de microones diferencials amb supressi\u00f3 de mode com\u00fa basats en conceptes de metamaterials i ressonadors semi-discrets. Durant el doctorat, en el per\u00edode 2011-2014, va gaudir d&#8217;una de les ajudes per a la formaci\u00f3 de professorat universitari (FPU). Del 2015 al 2017, va estar involucrat en temes relacionats amb sensors basats en metamaterials per a la detecci\u00f3 i caracteritzaci\u00f3 de fluids al centre LAAS-CNRS (Fran\u00e7a), a trav\u00e9s d&#8217;una Beca TECNIOSpring cofinan\u00e7ada pel Programa Marie Curie. Del 2018 al 2021, el Dr. V\u00e9lez va centrar la seva recerca en el disseny de sensors de RF\/microones d&#8217;alt rendiment per a diferents aplicacions (salut estructural, control de qualitat de l\u00edquids en producci\u00f3 industrial, etc\u2026) mitjan\u00e7ant un contracte Juan de la Cierva. Els seus interessos de recerca actuals inclouen la miniaturitzaci\u00f3 de circuits passius de RF\/microones i l&#8217;optimitzaci\u00f3 de sensors de microones mitjan\u00e7ant un contracte Ramon y Cajal (2023). El Dr. V\u00e9lez \u00e9s revisor de l&#8217;IEEE Transactions on Microwave Theory and Techniques i d&#8217;altres revistes.<\/p>\n<\/div>\n<\/div>\n\n\n\n<div class=\"wp-block-columns alignwide is-layout-flex wp-container-core-columns-is-layout-9d6595d7 wp-block-columns-is-layout-flex\">\n<div class=\"wp-block-column is-layout-flow wp-block-column-is-layout-flow\" style=\"flex-basis:25%\">\n<div class=\"wp-block-buttons is-layout-flex wp-block-buttons-is-layout-flex\">\n<div class=\"wp-block-button has-custom-width wp-block-button__width-100\"><a class=\"wp-block-button__link wp-element-button\" href=\"https:\/\/webs.uab.cat\/cimitec\/membres\/ferran-paredes\/\">&lt;&lt; f. paredes<\/a><\/div>\n<\/div>\n<\/div>\n\n\n\n<div class=\"wp-block-column is-layout-flow wp-block-column-is-layout-flow\" style=\"flex-basis:50%\">\n<div class=\"wp-block-buttons is-layout-flex wp-block-buttons-is-layout-flex\">\n<div class=\"wp-block-button has-custom-width wp-block-button__width-100 is-style-outline is-style-outline--1\"><a class=\"wp-block-button__link wp-element-button\" href=\"https:\/\/webs.uab.cat\/cimitec\/membres\/\">Llistat de membres<\/a><\/div>\n<\/div>\n<\/div>\n\n\n\n<div class=\"wp-block-column is-layout-flow wp-block-column-is-layout-flow\" style=\"flex-basis:25%\">\n<div class=\"wp-block-buttons is-layout-flex wp-block-buttons-is-layout-flex\">\n<div class=\"wp-block-button has-custom-width wp-block-button__width-100\"><a class=\"wp-block-button__link wp-element-button\" href=\"https:\/\/webs.uab.cat\/cimitec\/membres\/amirhossein-karami-horestani\/\">A. karami &gt;&gt;<\/a><\/div>\n<\/div>\n<\/div>\n<\/div>\n\n\n\n<p><\/p>\n","protected":false},"excerpt":{"rendered":"<p>Despatx QC-3095Tel. +34 93 581 3513E-mail: Paris.Velez@uab.cat Producci\u00f3 cient\u00edfica Biografia Paris V\u00e9lez Rasero va n\u00e9ixer a Barcelona, Espanya, el 1982. Va rebre el t\u00edtol d&#8217;Enginyer de Telecomunicacions, especialitat Electr\u00f2nica, el t\u00edtol d&#8217;Enginyer en Electr\u00f2nica i el Doctorat en Enginyeria Electr\u00f2nica per la Universitat Aut\u00f2noma de Barcelona, Espanya, el 2008, 2010 i 2014, respectivament. La seva [&hellip;]<\/p>\n","protected":false},"author":2651,"featured_media":0,"parent":25,"menu_order":3,"comment_status":"closed","ping_status":"closed","template":"","meta":{"footnotes":""},"class_list":["post-263","page","type-page","status-publish","hentry"],"_links":{"self":[{"href":"https:\/\/webs.uab.cat\/cimitec\/wp-json\/wp\/v2\/pages\/263","targetHints":{"allow":["GET"]}}],"collection":[{"href":"https:\/\/webs.uab.cat\/cimitec\/wp-json\/wp\/v2\/pages"}],"about":[{"href":"https:\/\/webs.uab.cat\/cimitec\/wp-json\/wp\/v2\/types\/page"}],"author":[{"embeddable":true,"href":"https:\/\/webs.uab.cat\/cimitec\/wp-json\/wp\/v2\/users\/2651"}],"replies":[{"embeddable":true,"href":"https:\/\/webs.uab.cat\/cimitec\/wp-json\/wp\/v2\/comments?post=263"}],"version-history":[{"count":9,"href":"https:\/\/webs.uab.cat\/cimitec\/wp-json\/wp\/v2\/pages\/263\/revisions"}],"predecessor-version":[{"id":2768,"href":"https:\/\/webs.uab.cat\/cimitec\/wp-json\/wp\/v2\/pages\/263\/revisions\/2768"}],"up":[{"embeddable":true,"href":"https:\/\/webs.uab.cat\/cimitec\/wp-json\/wp\/v2\/pages\/25"}],"wp:attachment":[{"href":"https:\/\/webs.uab.cat\/cimitec\/wp-json\/wp\/v2\/media?parent=263"}],"curies":[{"name":"wp","href":"https:\/\/api.w.org\/{rel}","templated":true}]}}