{"id":27,"date":"2023-06-06T13:18:30","date_gmt":"2023-06-06T11:18:30","guid":{"rendered":"https:\/\/webs.uab.cat\/gemmacimitec\/?page_id=27"},"modified":"2024-05-06T13:02:21","modified_gmt":"2024-05-06T11:02:21","slug":"llibres","status":"publish","type":"page","link":"https:\/\/webs.uab.cat\/cimitec\/llibres\/","title":{"rendered":"Llibres"},"content":{"rendered":"\n<div class=\"wp-block-columns alignwide is-layout-flex wp-container-core-columns-is-layout-9d6595d7 wp-block-columns-is-layout-flex\">\n<div class=\"wp-block-column is-layout-flow wp-block-column-is-layout-flow\" style=\"flex-basis:66.66%\">\n<p><a href=\"https:\/\/link.springer.com\/book\/10.1007\/978-3-031-53861-2\" target=\"_blank\" rel=\"noreferrer noopener\">Coupled Structures for Microwave Sensing<\/a><br>Editors: Ferran Mart\u00edn, Enrique Bronchalo<br>Springer<br>ISBN: 978-3-031-53860-5 (Hardcover) \/ 978-3-031-53863-6 (Softcover) \/ 978-3-031-53861-2 (eBook)<br>466 pages.<br>2024<\/p>\n<\/div>\n\n\n\n<div class=\"wp-block-column is-layout-flow wp-block-column-is-layout-flow\" style=\"flex-basis:33.33%\"><div class=\"wp-block-image\">\n<figure class=\"aligncenter size-medium\"><img loading=\"lazy\" decoding=\"async\" width=\"199\" height=\"300\" src=\"https:\/\/webs.uab.cat\/gemmacimitec\/wp-content\/uploads\/sites\/445\/2024\/05\/978-3-031-53861-2-199x300.webp\" alt=\"\" class=\"wp-image-2197\" srcset=\"https:\/\/webs.uab.cat\/cimitec\/wp-content\/uploads\/sites\/445\/2024\/05\/978-3-031-53861-2-199x300.webp 199w, https:\/\/webs.uab.cat\/cimitec\/wp-content\/uploads\/sites\/445\/2024\/05\/978-3-031-53861-2-680x1024.webp 680w, https:\/\/webs.uab.cat\/cimitec\/wp-content\/uploads\/sites\/445\/2024\/05\/978-3-031-53861-2-768x1157.webp 768w, https:\/\/webs.uab.cat\/cimitec\/wp-content\/uploads\/sites\/445\/2024\/05\/978-3-031-53861-2.webp 827w\" sizes=\"auto, (max-width: 199px) 100vw, 199px\" \/><\/figure>\n<\/div><\/div>\n<\/div>\n\n\n\n<div class=\"wp-block-columns alignwide is-layout-flex wp-container-core-columns-is-layout-9d6595d7 wp-block-columns-is-layout-flex\">\n<div class=\"wp-block-column is-layout-flow wp-block-column-is-layout-flow\" style=\"flex-basis:66.66%\">\n<p><a rel=\"noreferrer noopener\" href=\"https:\/\/www.wiley.com\/en-us\/Planar+Microwave+Sensors-p-9781119811053\" target=\"_blank\">Planar Microwave Sensors<\/a><br>Ferran Mart\u00edn, Paris V\u00e9lez, Jonathan Mu\u00f1oz-Enano, Lijuan Su<br>Wiley &#8211; IEEE Press<br>ISBN: 978-1-119-81105-3<br>480 pages<br>September 2022<\/p>\n<\/div>\n\n\n\n<div class=\"wp-block-column is-layout-flow wp-block-column-is-layout-flow\" style=\"flex-basis:33.33%\"><div class=\"wp-block-image\">\n<figure class=\"aligncenter\"><a href=\"https:\/\/www.wiley.com\/en-us\/Planar+Microwave+Sensors-p-9781119811053\" target=\"_blank\" rel=\"noreferrer noopener\"><img decoding=\"async\" src=\"https:\/\/cimitec.uab.cat\/resources\/Sensors_FMartin.jpg\" alt=\"\" \/><\/a><\/figure>\n<\/div><\/div>\n<\/div>\n\n\n\n<div class=\"wp-block-columns alignwide is-layout-flex wp-container-core-columns-is-layout-9d6595d7 wp-block-columns-is-layout-flex\">\n<div class=\"wp-block-column is-layout-flow wp-block-column-is-layout-flow\" style=\"flex-basis:66.66%\">\n<p><a href=\"https:\/\/link.springer.com\/book\/10.1007%2F978-3-030-39726-5\" target=\"_blank\" rel=\"noreferrer noopener\"><br>Time-Domain Signature Barcodes for Chipless-RFID and Sensing Applications<\/a><br>Ferran Mart\u00edn, Cristian Herrojo, Javier Mata-Contreras, Ferran Paredes<br>Springer<br>ISBN: 978-3-030-39725-8 \/ 978-3-030-39726-5 (eBook)<br>142 pages<br>February 2020<\/p>\n<\/div>\n\n\n\n<div class=\"wp-block-column is-layout-flow wp-block-column-is-layout-flow\" style=\"flex-basis:33.33%\"><div class=\"wp-block-image\">\n<figure class=\"aligncenter\"><a href=\"https:\/\/link.springer.com\/book\/10.1007%2F978-3-030-39726-5\" target=\"_blank\" rel=\"noreferrer noopener\"><img decoding=\"async\" src=\"https:\/\/cimitec.uab.cat\/resources\/978-3-030-39726-5.jpg\" alt=\"\" \/><\/a><\/figure>\n<\/div><\/div>\n<\/div>\n\n\n\n<div class=\"wp-block-columns alignwide is-layout-flex wp-container-core-columns-is-layout-9d6595d7 wp-block-columns-is-layout-flex\">\n<div class=\"wp-block-column is-layout-flow wp-block-column-is-layout-flow\" style=\"flex-basis:66.66%\">\n<p><a href=\"http:\/\/eu.wiley.com\/WileyCDA\/WileyTitle\/productCd-1119237610.html\" target=\"_blank\" rel=\"noreferrer noopener\">Balanced Microwave Filters<\/a><br>Ferran Mart\u00edn, Lei Zhu, Jiasheng Hong, Francisco Medina<br>Wiley<br>ISBN: 978-1-119-23761-7<br>672 pages<br>March 2018<\/p>\n<\/div>\n\n\n\n<div class=\"wp-block-column is-layout-flow wp-block-column-is-layout-flow\" style=\"flex-basis:33.33%\"><div class=\"wp-block-image\">\n<figure class=\"aligncenter\"><a href=\"http:\/\/eu.wiley.com\/WileyCDA\/WileyTitle\/productCd-1119237610.html\" target=\"_blank\" rel=\"noreferrer noopener\"><img decoding=\"async\" src=\"https:\/\/cimitec.uab.cat\/resources\/BalancedFMartin.jpg\" alt=\"\" \/><\/a><\/figure>\n<\/div><\/div>\n<\/div>\n\n\n\n<div class=\"wp-block-columns alignwide is-layout-flex wp-container-core-columns-is-layout-9d6595d7 wp-block-columns-is-layout-flex\">\n<div class=\"wp-block-column is-layout-flow wp-block-column-is-layout-flow\" style=\"flex-basis:66.66%\">\n<p><a href=\"http:\/\/www.springer.com\/gp\/book\/9783319620299\" target=\"_blank\" rel=\"noreferrer noopener\">Antenna Design Solutions for RFID Tags Based on Metamaterial-Inspired Resonators and Other Resonant Structures<\/a><br>Simone Zuffanelli<br>Springer<br>ISBN: 978-3-319-62029-9<br>149 pages<br>2018<\/p>\n<\/div>\n\n\n\n<div class=\"wp-block-column is-layout-flow wp-block-column-is-layout-flow\" style=\"flex-basis:33.33%\"><div class=\"wp-block-image\">\n<figure class=\"aligncenter\"><a href=\"http:\/\/www.springer.com\/gp\/book\/9783319620299\" target=\"_blank\" rel=\"noreferrer noopener\"><img decoding=\"async\" src=\"https:\/\/cimitec.uab.cat\/resources\/theses_simone.jpg\" alt=\"\" \/><\/a><\/figure>\n<\/div><\/div>\n<\/div>\n\n\n\n<div class=\"wp-block-columns alignwide is-layout-flex wp-container-core-columns-is-layout-9d6595d7 wp-block-columns-is-layout-flex\">\n<div class=\"wp-block-column is-layout-flow wp-block-column-is-layout-flow\" style=\"flex-basis:66.66%\">\n<p><a href=\"http:\/\/eu.wiley.com\/WileyCDA\/WileyTitle\/productCd-1118487605.html\" target=\"_blank\" rel=\"noreferrer noopener\"><br>Artificial transmission lines for RF and microwave applications<\/a><br>Ferran Mart\u00edn<br>Wiley<br>ISBN: 978-1-118-48760-0<br>552 pages<br>July 2015<\/p>\n<\/div>\n\n\n\n<div class=\"wp-block-column is-layout-flow wp-block-column-is-layout-flow\" style=\"flex-basis:33.33%\"><div class=\"wp-block-image\">\n<figure class=\"aligncenter\"><a href=\"http:\/\/eu.wiley.com\/WileyCDA\/WileyTitle\/productCd-1118487605.html\" target=\"_blank\" rel=\"noreferrer noopener\"><img decoding=\"async\" src=\"https:\/\/cimitec.uab.cat\/resources\/artificialRF_Ferran.jpg\" alt=\"\" \/><\/a><\/figure>\n<\/div><\/div>\n<\/div>\n\n\n\n<div class=\"wp-block-columns alignwide is-layout-flex wp-container-core-columns-is-layout-9d6595d7 wp-block-columns-is-layout-flex\">\n<div class=\"wp-block-column is-layout-flow wp-block-column-is-layout-flow\" style=\"flex-basis:66.66%\">\n<p><a href=\"http:\/\/www.springer.com\/gp\/book\/9783319245645\" target=\"_blank\" rel=\"noreferrer noopener\">Symmetry Properties in Transmission Lines Loaded with Electrically Small Resonators: Circuit Modeling and Applications<\/a><br>Jordi Naqui<br>Springer<br>ISBN: 978-3-319-24566-9<br>210 pages<br>2016<\/p>\n<\/div>\n\n\n\n<div class=\"wp-block-column is-layout-flow wp-block-column-is-layout-flow\" style=\"flex-basis:33.33%\"><div class=\"wp-block-image\">\n<figure class=\"aligncenter\"><a href=\"http:\/\/www.springer.com\/gp\/book\/9783319245645\" target=\"_blank\" rel=\"noreferrer noopener\"><img decoding=\"async\" src=\"https:\/\/cimitec.uab.cat\/resources\/theses_naqui.jpg\" alt=\"\" \/><\/a><\/figure>\n<\/div><\/div>\n<\/div>\n\n\n\n<div class=\"wp-block-columns alignwide is-layout-flex wp-container-core-columns-is-layout-9d6595d7 wp-block-columns-is-layout-flex\">\n<div class=\"wp-block-column is-layout-flow wp-block-column-is-layout-flow\" style=\"flex-basis:66.66%\">\n<p><a href=\"http:\/\/eu.wiley.com\/WileyCDA\/WileyTitle\/productCd-0471745820.html\" target=\"_blank\" rel=\"noreferrer noopener\">Metamaterials with Negative Parameters: Theory, Design and Microwave Applications<\/a><br>Ricardo Marqu\u00e9s, Ferran Mart\u00edn, Mario Sorolla<br>Wiley<br>ISBN: 978-0-471-74582-2<br>315 pages<br>February 2008<\/p>\n<\/div>\n\n\n\n<div class=\"wp-block-column is-layout-flow wp-block-column-is-layout-flow\" style=\"flex-basis:33.33%\"><div class=\"wp-block-image\">\n<figure class=\"aligncenter\"><a href=\"http:\/\/eu.wiley.com\/WileyCDA\/WileyTitle\/productCd-0471745820.html\" target=\"_blank\" rel=\"noreferrer noopener\"><img decoding=\"async\" src=\"https:\/\/cimitec.uab.cat\/resources\/mm_marq_mart_sor.jpg\" alt=\"\" \/><\/a><\/figure>\n<\/div><\/div>\n<\/div>\n\n\n\n<h2 class=\"wp-block-heading alignwide\">Cap\u00edtols de llibre<\/h2>\n\n\n\n<div class=\"wp-block-columns alignwide is-layout-flex wp-container-core-columns-is-layout-9d6595d7 wp-block-columns-is-layout-flex\">\n<div class=\"wp-block-column is-layout-flow wp-block-column-is-layout-flow\" style=\"flex-basis:66.66%\">\n<p><em><a href=\"https:\/\/www.intechopen.com\/books\/metamaterials-and-metasurfaces\/coding-metasurfaces-and-applications\" target=\"_blank\" rel=\"noreferrer noopener\">Coding metasurfaces and applications<\/a><\/em><br>Hengyi Sun, Changqing Gu, Zhuo Li and Ferran Mart\u00edn<br>Chapter in&nbsp;<a href=\"https:\/\/www.intechopen.com\/books\/metamaterials-and-metasurfaces\" target=\"_blank\" rel=\"noreferrer noopener\">Metamaterials and Metasurfaces<\/a><br>Editor: Josep Canet-Ferrer<br>Intech<br>ISBN: 978-1-78984-843-4<br>2019<\/p>\n<\/div>\n\n\n\n<div class=\"wp-block-column is-layout-flow wp-block-column-is-layout-flow\" style=\"flex-basis:33.33%\"><div class=\"wp-block-image\">\n<figure class=\"aligncenter\"><a href=\"https:\/\/www.intechopen.com\/books\/metamaterials-and-metasurfaces\" target=\"_blank\" rel=\"noreferrer noopener\"><img decoding=\"async\" src=\"https:\/\/cimitec.uab.cat\/resources\/82817095793179215.jpg\" alt=\"\" \/><\/a><\/figure>\n<\/div><\/div>\n<\/div>\n\n\n\n<div class=\"wp-block-columns alignwide is-layout-flex wp-container-core-columns-is-layout-9d6595d7 wp-block-columns-is-layout-flex\">\n<div class=\"wp-block-column is-layout-flow wp-block-column-is-layout-flow\" style=\"flex-basis:66.66%\">\n<p><em>Microwave Sensors Based on Symmetry Properties and Metamaterial Concepts<\/em><br>Jordi Naqui, Ali K Horestani, Christophe Fumeaux and Ferran Mart\u00edn<br>Chapter in&nbsp;<a href=\"http:\/\/www.worldscientific.com\/worldscibooks\/10.1142\/10642-vol1\" target=\"_blank\" rel=\"noreferrer noopener\">World Scientific Handbook of Metamaterials and Plasmonics. Volume 1: Electromagnetic Metamaterials<\/a><br>Editor: Ekaterina Shamonina<br>World Scientific<br>ISBN: 978-981-3227-61-3<br>2017<\/p>\n<\/div>\n\n\n\n<div class=\"wp-block-column is-layout-flow wp-block-column-is-layout-flow\" style=\"flex-basis:33.33%\"><div class=\"wp-block-image\">\n<figure class=\"aligncenter\"><a href=\"http:\/\/www.worldscientific.com\/worldscibooks\/10.1142\/10642-vol1\" target=\"_blank\" rel=\"noreferrer noopener\"><img decoding=\"async\" src=\"https:\/\/cimitec.uab.cat\/resources\/10642-vol1.cover.jpg\" alt=\"\" \/><\/a><\/figure>\n<\/div><\/div>\n<\/div>\n\n\n\n<div class=\"wp-block-columns alignwide is-layout-flex wp-container-core-columns-is-layout-9d6595d7 wp-block-columns-is-layout-flex\">\n<div class=\"wp-block-column is-layout-flow wp-block-column-is-layout-flow\" style=\"flex-basis:66.66%\">\n<p><em>Practical Application of Space Mapping Techniques to the Synthesis of CSRR-Based Artificial Transmission Lines<\/em><br>Ana Rodr\u00edguez, Jordi Selga, Ferran Mart\u00edn, Vicente E. Boria<br>Chapter in&nbsp;<a href=\"http:\/\/www.springer.com\/us\/book\/9781461475507\" target=\"_blank\" rel=\"noreferrer noopener\">Surrogate-Based Modeling and Optimization: Applications in Engineering<\/a><br>Editors: Slawomir Koziel, Leifur Leifsson<br>Springer<br>ISBN: 978-1-4614-7550-7<br>2013<\/p>\n<\/div>\n\n\n\n<div class=\"wp-block-column is-layout-flow wp-block-column-is-layout-flow\" style=\"flex-basis:33.33%\"><div class=\"wp-block-image\">\n<figure class=\"aligncenter\"><a href=\"http:\/\/www.springer.com\/us\/book\/9781461475507\" target=\"_blank\" rel=\"noreferrer noopener\"><img decoding=\"async\" src=\"https:\/\/cimitec.uab.cat\/resources\/surrogate.jpg\" alt=\"\" \/><\/a><\/figure>\n<\/div><\/div>\n<\/div>\n\n\n\n<div class=\"wp-block-columns alignwide is-layout-flex wp-container-core-columns-is-layout-9d6595d7 wp-block-columns-is-layout-flex\">\n<div class=\"wp-block-column is-layout-flow wp-block-column-is-layout-flow\" style=\"flex-basis:66.66%\">\n<p><a href=\"http:\/\/onlinelibrary.wiley.com\/doi\/10.1002\/047134608X.W8195\/abstract\" target=\"_blank\" rel=\"noreferrer noopener\"><em>Composite right\/left handed transmission line metamaterials<\/em><\/a><br>Miguel Dur\u00e1n-Sindreu, Jordi Naqui, Jordi Selga, Paris V\u00e9lez, Jordi Bonache, Ferran Mart\u00edn.<br>Chapter in&nbsp;<a href=\"http:\/\/eu.wiley.com\/WileyCDA\/WileyTitle\/productCd-0471139467.html\" target=\"_blank\" rel=\"noreferrer noopener\">Wiley Encyclopedia of Electrical and Electronics Engineering<\/a><br>Editor: John G. Webster &nbsp; &nbsp; &nbsp; &nbsp; &nbsp; &nbsp; &nbsp;<br>Wiley<br>DOI: 10.1002\/047134608X.W8195<br>2013<\/p>\n<\/div>\n\n\n\n<div class=\"wp-block-column is-layout-flow wp-block-column-is-layout-flow\" style=\"flex-basis:33.33%\"><div class=\"wp-block-image\">\n<figure class=\"aligncenter\"><a href=\"http:\/\/onlinelibrary.wiley.com\/doi\/10.1002\/047134608X.W8195\/abstract\" target=\"_blank\" rel=\"noreferrer noopener\"><img decoding=\"async\" src=\"https:\/\/cimitec.uab.cat\/resources\/wileyency.gif\" alt=\"\" \/><\/a><\/figure>\n<\/div><\/div>\n<\/div>\n\n\n\n<div class=\"wp-block-columns alignwide is-layout-flex wp-container-core-columns-is-layout-9d6595d7 wp-block-columns-is-layout-flex\">\n<div class=\"wp-block-column is-layout-flow wp-block-column-is-layout-flow\" style=\"flex-basis:66.66%\">\n<p><a href=\"http:\/\/onlinelibrary.wiley.com\/doi\/10.1002\/047134608X.W8151\/abstract\" target=\"_blank\" rel=\"noreferrer noopener\"><em>Artificial transmission lines<\/em><\/a><br>Ferran Mart\u00edn, Jordi Bonache, Miguel Dur\u00e1n-Sindreu, Jordi Naqui, Ferran Paredes, Gerard Zamora.<br>Chapter in&nbsp;<a href=\"http:\/\/eu.wiley.com\/WileyCDA\/WileyTitle\/productCd-0471139467.html\" target=\"_blank\" rel=\"noreferrer noopener\">Wiley Encyclopedia of Electrical and Electronics Engineering<\/a><br>Editor: John G. Webster &nbsp; &nbsp; &nbsp; &nbsp; &nbsp; &nbsp; &nbsp;<br>Wiley<br>DOI: 10.1002\/047134608X.W8151<br>2012<\/p>\n<\/div>\n\n\n\n<div class=\"wp-block-column is-layout-flow wp-block-column-is-layout-flow\" style=\"flex-basis:33.33%\"><div class=\"wp-block-image\">\n<figure class=\"aligncenter\"><a href=\"http:\/\/onlinelibrary.wiley.com\/doi\/10.1002\/047134608X.W8151\/abstract\" target=\"_blank\" rel=\"noreferrer noopener\"><img decoding=\"async\" src=\"https:\/\/cimitec.uab.cat\/resources\/wileyency.gif\" alt=\"\" \/><\/a><\/figure>\n<\/div><\/div>\n<\/div>\n\n\n\n<div class=\"wp-block-columns alignwide is-layout-flex wp-container-core-columns-is-layout-9d6595d7 wp-block-columns-is-layout-flex\">\n<div class=\"wp-block-column is-layout-flow wp-block-column-is-layout-flow\" style=\"flex-basis:66.66%\">\n<p><a href=\"http:\/\/www.intechopen.com\/books\/metamaterial\/characterization-of-metamaterial-transmission-lines-with-coupled-resonators-through-parameter-extrac\" target=\"_blank\" rel=\"noreferrer noopener\"><em>Characterization of Metamaterial Transmission Lines with Coupled Resonators Through Parameter Extraction<\/em><\/a><br>Francisco Aznar, Marta Gil, Miguel Dur\u00e1n-Sindreu, Jordi Bonache and Ferran Mart\u00edn<br>Chapter in&nbsp;<a href=\"http:\/\/www.intechopen.com\/books\/metamaterial\" target=\"_blank\" rel=\"noreferrer noopener\">Metamaterial<\/a><br>Editor: Xun-Ya Jiang &nbsp; &nbsp; &nbsp; &nbsp; &nbsp; &nbsp; &nbsp;<br>InTech<br>ISBN: 978-953-51-0591-6<br>2012<\/p>\n<\/div>\n\n\n\n<div class=\"wp-block-column is-layout-flow wp-block-column-is-layout-flow\" style=\"flex-basis:33.33%\"><div class=\"wp-block-image\">\n<figure class=\"aligncenter\"><a href=\"http:\/\/www.intechopen.com\/books\/metamaterial\/characterization-of-metamaterial-transmission-lines-with-coupled-resonators-through-parameter-extrac\" target=\"_blank\" rel=\"noreferrer noopener\"><img decoding=\"async\" src=\"https:\/\/cimitec.uab.cat\/resources\/metamaterial_intech.jpg\" alt=\"\" \/><\/a><\/figure>\n<\/div><\/div>\n<\/div>\n\n\n\n<div class=\"wp-block-columns alignwide is-layout-flex wp-container-core-columns-is-layout-9d6595d7 wp-block-columns-is-layout-flex\">\n<div class=\"wp-block-column is-layout-flow wp-block-column-is-layout-flow\" style=\"flex-basis:66.66%\">\n<p><a href=\"http:\/\/www.intechopen.com\/books\/passive-microwave-components-and-antennas\/electrically-small-resonators-for-metamaterial-and-microwave-circuit-design\" target=\"_blank\" rel=\"noreferrer noopener\"><em>Electrically Small Resonators for Metamaterial and Microwave Circuit Design<\/em><\/a><br>Marta Gil, Francisco Aznar, Adolfo Velez, Miguel Dur\u00e1n-Sindreu, Jordi Selga, Gerard Sis\u00f3, Jordi Bonache and Ferran Mart\u00edn<br>Chapter in&nbsp;<a href=\"http:\/\/www.intechopen.com\/books\/passive-microwave-components-and-antennas\" target=\"_blank\" rel=\"noreferrer noopener\">Passive Microwave Components and Antennas<\/a><br>Editor: Vitaliy Zhurbenko &nbsp; &nbsp; &nbsp; &nbsp; &nbsp; &nbsp; &nbsp;<br>InTech<br>ISBN: 978-953-307-083-4<br>2010<\/p>\n<\/div>\n\n\n\n<div class=\"wp-block-column is-layout-flow wp-block-column-is-layout-flow\" style=\"flex-basis:33.33%\"><div class=\"wp-block-image\">\n<figure class=\"aligncenter\"><a href=\"http:\/\/www.intechopen.com\/books\/passive-microwave-components-and-antennas\/electrically-small-resonators-for-metamaterial-and-microwave-circuit-design\" target=\"_blank\" rel=\"noreferrer noopener\"><img decoding=\"async\" src=\"https:\/\/cimitec.uab.cat\/resources\/uWcompo_intech.jpg\" alt=\"\" \/><\/a><\/figure>\n<\/div><\/div>\n<\/div>\n\n\n\n<div class=\"wp-block-columns alignwide is-layout-flex wp-container-core-columns-is-layout-9d6595d7 wp-block-columns-is-layout-flex\">\n<div class=\"wp-block-column is-layout-flow wp-block-column-is-layout-flow\" style=\"flex-basis:66.66%\">\n<p><em>Dispersion Engineering in Resonant Type Metamaterial Transmission Lines and Applications<\/em><br>Jordi Bonache, Gerard Sis\u00f3, Marta Gil and Ferran Mart\u00edn<br>Chapter in&nbsp;<a href=\"http:\/\/www.springer.com\/us\/book\/9781402094057\" target=\"_blank\" rel=\"noreferrer noopener\">Metamaterials and Plasmonics: Fundamentals, Modelling and Applications (NATO Science for Peace and Security Series-B: Physics and Biophysics)<\/a><br>Editors: Sa\u00efd Zouhdi, Ari Sihvola and Alexey P. Vinogradov<br>Springer<br>ISBN: 978-1-4020-9405-7<br>2009<\/p>\n<\/div>\n\n\n\n<div class=\"wp-block-column is-layout-flow wp-block-column-is-layout-flow\" style=\"flex-basis:33.33%\"><div class=\"wp-block-image\">\n<figure class=\"aligncenter\"><a href=\"http:\/\/www.springer.com\/us\/book\/9781402094057\" target=\"_blank\" rel=\"noreferrer noopener\"><img decoding=\"async\" src=\"https:\/\/cimitec.uab.cat\/resources\/9781402094057.jpg\" alt=\"\" \/><\/a><\/figure>\n<\/div><\/div>\n<\/div>\n\n\n\n<div class=\"wp-block-columns alignwide is-layout-flex wp-container-core-columns-is-layout-9d6595d7 wp-block-columns-is-layout-flex\">\n<div class=\"wp-block-column is-layout-flow wp-block-column-is-layout-flow\" style=\"flex-basis:66.66%\">\n<p><em><br>Metamaterials technology: application to radiofrequency and microwave circuits<\/em><br>Ferran Martin and Jordi Bonache<br>Chapter in&nbsp;<a href=\"https:\/\/www.novapublishers.com\/catalog\/product_info.php?products_id=8977\" target=\"_blank\" rel=\"noreferrer noopener\">Integrated Circuits, Photodiodes and Organic Field Effect Transistors<\/a><br>Editors: Robert McIntire and Pierre Donnell<br>Nova Science Publishers<br>ISBN: 978-1606926604<br>2009<\/p>\n<\/div>\n\n\n\n<div class=\"wp-block-column is-layout-flow wp-block-column-is-layout-flow\" style=\"flex-basis:33.33%\"><div class=\"wp-block-image\">\n<figure class=\"aligncenter\"><a href=\"https:\/\/www.novapublishers.com\/catalog\/product_info.php?products_id=8977\" target=\"_blank\" rel=\"noreferrer noopener\"><img decoding=\"async\" src=\"https:\/\/cimitec.uab.cat\/resources\/9781606926604.jpg\" alt=\"\" \/><\/a><\/figure>\n<\/div><\/div>\n<\/div>\n\n\n\n<div class=\"wp-block-columns alignwide is-layout-flex wp-container-core-columns-is-layout-9d6595d7 wp-block-columns-is-layout-flex\">\n<div class=\"wp-block-column is-layout-flow wp-block-column-is-layout-flow\" style=\"flex-basis:66.66%\">\n<p><em><br>Application of electromagnetic band gaps to microwave circuit design<\/em><br>J. Bonache, F. Falcone, I. Gil, J. Garc\u00eda-Garc\u00eda and F. Mart\u00edn<br>Chapter in&nbsp;<a href=\"https:\/\/www.crcpress.com\/Applications-of-Metamaterials\/Capolino\/9781420054231\" target=\"_blank\" rel=\"noreferrer noopener\">Metamaterials Handbook: Applications of Metamaterials<\/a><br>Editor: Filippo Capolino<br>CRC Press<br>ISBN: 9781420054231<br>2009<\/p>\n<\/div>\n\n\n\n<div class=\"wp-block-column is-layout-flow wp-block-column-is-layout-flow\" style=\"flex-basis:33.33%\"><div class=\"wp-block-image\">\n<figure class=\"aligncenter\"><a href=\"https:\/\/www.crcpress.com\/Applications-of-Metamaterials\/Capolino\/9781420054231\" target=\"_blank\" rel=\"noreferrer noopener\"><img decoding=\"async\" src=\"https:\/\/cimitec.uab.cat\/resources\/9781420054231.jpg\" alt=\"\" \/><\/a><\/figure>\n<\/div><\/div>\n<\/div>\n\n\n\n<div class=\"wp-block-columns alignwide is-layout-flex wp-container-core-columns-is-layout-9d6595d7 wp-block-columns-is-layout-flex\">\n<div class=\"wp-block-column is-layout-flow wp-block-column-is-layout-flow\" style=\"flex-basis:66.66%\">\n<p><em><br>Applications of Split Ring Resonators to microwave circuit design<\/em><br>F. Mart\u00edn and R. Marqu\u00e9s<br>Chapter in&nbsp;<a href=\"https:\/\/www.crcpress.com\/Applications-of-Metamaterials\/Capolino\/9781420054231\" target=\"_blank\" rel=\"noreferrer noopener\">Metamaterials Handbook: Applications of Metamaterials<\/a><br>Editor: Filippo Capolino<br>CRC Press<br>ISBN: 9781420054231<br>2009<\/p>\n<\/div>\n\n\n\n<div class=\"wp-block-column is-layout-flow wp-block-column-is-layout-flow\" style=\"flex-basis:33.33%\"><div class=\"wp-block-image\">\n<figure class=\"aligncenter\"><a href=\"https:\/\/www.crcpress.com\/Applications-of-Metamaterials\/Capolino\/9781420054231\" target=\"_blank\" rel=\"noreferrer noopener\"><img decoding=\"async\" src=\"https:\/\/cimitec.uab.cat\/resources\/9781420054231.jpg\" alt=\"\" \/><\/a><\/figure>\n<\/div><\/div>\n<\/div>\n\n\n\n<div class=\"wp-block-columns alignwide is-layout-flex wp-container-core-columns-is-layout-9d6595d7 wp-block-columns-is-layout-flex\">\n<div class=\"wp-block-column is-layout-flow wp-block-column-is-layout-flow\" style=\"flex-basis:66.66%\">\n<p><em>Split rings resonators and related topologies<\/em><br>R. Marqu\u00e9s and F. Mart\u00edn<br>Chapter in&nbsp;<a href=\"https:\/\/www.crcpress.com\/Theory-and-Phenomena-of-Metamaterials\/Capolino\/9781420054255\" target=\"_blank\" rel=\"noreferrer noopener\">Metamaterials Handbook: Theory and Phenomena of Metamaterials<\/a><br>Editor: Filippo Capolino<br>CRC Press<br>ISBN: 9781420054255<br>2009<\/p>\n<\/div>\n\n\n\n<div class=\"wp-block-column is-layout-flow wp-block-column-is-layout-flow\" style=\"flex-basis:33.33%\"><div class=\"wp-block-image\">\n<figure class=\"aligncenter\"><a href=\"https:\/\/www.crcpress.com\/Theory-and-Phenomena-of-Metamaterials\/Capolino\/9781420054255\" target=\"_blank\" rel=\"noreferrer noopener\"><img decoding=\"async\" src=\"https:\/\/cimitec.uab.cat\/resources\/9781420054255.jpg\" alt=\"\" \/><\/a><\/figure>\n<\/div><\/div>\n<\/div>\n","protected":false},"excerpt":{"rendered":"<p>Coupled Structures for Microwave SensingEditors: Ferran Mart\u00edn, Enrique BronchaloSpringerISBN: 978-3-031-53860-5 (Hardcover) \/ 978-3-031-53863-6 (Softcover) \/ 978-3-031-53861-2 (eBook)466 pages.2024 Planar Microwave SensorsFerran Mart\u00edn, Paris V\u00e9lez, Jonathan Mu\u00f1oz-Enano, Lijuan SuWiley &#8211; IEEE PressISBN: 978-1-119-81105-3480 pagesSeptember 2022 Time-Domain Signature Barcodes for Chipless-RFID and Sensing ApplicationsFerran Mart\u00edn, Cristian Herrojo, Javier Mata-Contreras, Ferran ParedesSpringerISBN: 978-3-030-39725-8 \/ 978-3-030-39726-5 (eBook)142 pagesFebruary 2020 [&hellip;]<\/p>\n","protected":false},"author":2651,"featured_media":0,"parent":0,"menu_order":0,"comment_status":"closed","ping_status":"closed","template":"","meta":{"footnotes":""},"class_list":["post-27","page","type-page","status-publish","hentry"],"_links":{"self":[{"href":"https:\/\/webs.uab.cat\/cimitec\/wp-json\/wp\/v2\/pages\/27","targetHints":{"allow":["GET"]}}],"collection":[{"href":"https:\/\/webs.uab.cat\/cimitec\/wp-json\/wp\/v2\/pages"}],"about":[{"href":"https:\/\/webs.uab.cat\/cimitec\/wp-json\/wp\/v2\/types\/page"}],"author":[{"embeddable":true,"href":"https:\/\/webs.uab.cat\/cimitec\/wp-json\/wp\/v2\/users\/2651"}],"replies":[{"embeddable":true,"href":"https:\/\/webs.uab.cat\/cimitec\/wp-json\/wp\/v2\/comments?post=27"}],"version-history":[{"count":4,"href":"https:\/\/webs.uab.cat\/cimitec\/wp-json\/wp\/v2\/pages\/27\/revisions"}],"predecessor-version":[{"id":2212,"href":"https:\/\/webs.uab.cat\/cimitec\/wp-json\/wp\/v2\/pages\/27\/revisions\/2212"}],"wp:attachment":[{"href":"https:\/\/webs.uab.cat\/cimitec\/wp-json\/wp\/v2\/media?parent=27"}],"curies":[{"name":"wp","href":"https:\/\/api.w.org\/{rel}","templated":true}]}}