{"id":275,"date":"2023-06-13T12:05:01","date_gmt":"2023-06-13T10:05:01","guid":{"rendered":"https:\/\/webs.uab.cat\/gemmacimitec\/?page_id=275"},"modified":"2026-02-20T13:35:56","modified_gmt":"2026-02-20T11:35:56","slug":"pau-casacuberta","status":"publish","type":"page","link":"https:\/\/webs.uab.cat\/cimitec\/membres\/pau-casacuberta\/","title":{"rendered":"Pau Casacuberta"},"content":{"rendered":"\n<div class=\"wp-block-columns alignwide is-layout-flex wp-container-core-columns-is-layout-9d6595d7 wp-block-columns-is-layout-flex\">\n<div class=\"wp-block-column is-layout-flow wp-block-column-is-layout-flow\" style=\"flex-basis:33.33%\">\n<figure class=\"wp-block-image size-full is-resized\"><img loading=\"lazy\" decoding=\"async\" width=\"1000\" height=\"1333\" src=\"https:\/\/webs.uab.cat\/gemmacimitec\/wp-content\/uploads\/sites\/445\/2024\/09\/casac-1.jpg\" alt=\"\" class=\"wp-image-2354\" style=\"aspect-ratio:1;object-fit:contain;width:350px\" srcset=\"https:\/\/webs.uab.cat\/cimitec\/wp-content\/uploads\/sites\/445\/2024\/09\/casac-1.jpg 1000w, https:\/\/webs.uab.cat\/cimitec\/wp-content\/uploads\/sites\/445\/2024\/09\/casac-1-225x300.jpg 225w, https:\/\/webs.uab.cat\/cimitec\/wp-content\/uploads\/sites\/445\/2024\/09\/casac-1-768x1024.jpg 768w\" sizes=\"auto, (max-width: 1000px) 100vw, 1000px\" \/><\/figure>\n<\/div>\n\n\n\n<div class=\"wp-block-column is-layout-flow wp-block-column-is-layout-flow\" style=\"flex-basis:66.66%\">\n<p><strong>Despatx QC-3093B<br>Tel. +34 93 581 3529<br>E-mail: pau.casacuberta@uab.cat<\/strong><\/p>\n\n\n\n<p><a href=\"https:\/\/portalrecerca.uab.cat\/en\/persons\/pau-casacuberta-orta\" data-type=\"URL\" data-id=\"https:\/\/portalrecerca.uab.cat\/en\/persons\/pau-casacuberta-orta\" target=\"_blank\" rel=\"noreferrer noopener\">Producci\u00f3 cient\u00edfica<\/a><\/p>\n\n\n\n<p><strong>Biografia<\/strong><\/p>\n\n\n\n<p>Pau Casacuberta va n\u00e9ixer a Sabadell (Barcelona), Espanya, el 1997. Va obtenir el Grau en Enginyeria Electr\u00f2nica de Telecomunicacions i Enginyeria Inform\u00e0tica per la Universitat Aut\u00f2noma de Barcelona (UAB) el 2020, i el m\u00e0ster en Enginyeria de Telecomunicacions el 2022. Va rebre la beca de Col\u00b7laboraci\u00f3 del Govern Espanyol el 2019 per desenvolupar el seu Treball de Fi de Grau en sensors de microones d&#8217;alta sensibilitat basats en estructures amb salts d&#8217;imped\u00e0ncia. A m\u00e9s, actualment est\u00e0 treballant en l&#8217;elaboraci\u00f3 del seu doctorat, que se centra en el desenvolupament de sensors de microones per a la caracteritzaci\u00f3 de la composici\u00f3 de subst\u00e0ncies l\u00edquides multicomponent, amb un contracte de recerca del Programa FPU del Ministeri d&#8217;Universitats Espanyol.<\/p>\n<\/div>\n<\/div>\n\n\n\n<div class=\"wp-block-columns alignwide is-layout-flex wp-container-core-columns-is-layout-9d6595d7 wp-block-columns-is-layout-flex\">\n<div class=\"wp-block-column is-layout-flow wp-block-column-is-layout-flow\" style=\"flex-basis:25%\">\n<div class=\"wp-block-buttons is-layout-flex wp-block-buttons-is-layout-flex\">\n<div class=\"wp-block-button has-custom-width wp-block-button__width-100\"><a class=\"wp-block-button__link wp-element-button\" href=\"https:\/\/webs.uab.cat\/cimitec\/membres\/amirhossein-karami-horestani\/\">&lt;&lt; a. karami<\/a><\/div>\n<\/div>\n<\/div>\n\n\n\n<div class=\"wp-block-column is-layout-flow wp-block-column-is-layout-flow\" style=\"flex-basis:50%\">\n<div class=\"wp-block-buttons is-layout-flex wp-block-buttons-is-layout-flex\">\n<div class=\"wp-block-button has-custom-width wp-block-button__width-100 is-style-outline is-style-outline--1\"><a class=\"wp-block-button__link wp-element-button\" href=\"https:\/\/webs.uab.cat\/cimitec\/membres\/\">llistat de membres<\/a><\/div>\n<\/div>\n<\/div>\n\n\n\n<div class=\"wp-block-column is-layout-flow wp-block-column-is-layout-flow\" style=\"flex-basis:25%\">\n<div class=\"wp-block-buttons is-layout-flex wp-block-buttons-is-layout-flex\">\n<div class=\"wp-block-button has-custom-width wp-block-button__width-100\"><a class=\"wp-block-button__link wp-element-button\" href=\"https:\/\/webs.uab.cat\/cimitec\/membres\/nazmia-kurniawati\/\">N. Kurniawati &gt;&gt;<\/a><\/div>\n<\/div>\n<\/div>\n<\/div>\n\n\n\n<p><\/p>\n","protected":false},"excerpt":{"rendered":"<p>Despatx QC-3093BTel. +34 93 581 3529E-mail: pau.casacuberta@uab.cat Producci\u00f3 cient\u00edfica Biografia Pau Casacuberta va n\u00e9ixer a Sabadell (Barcelona), Espanya, el 1997. Va obtenir el Grau en Enginyeria Electr\u00f2nica de Telecomunicacions i Enginyeria Inform\u00e0tica per la Universitat Aut\u00f2noma de Barcelona (UAB) el 2020, i el m\u00e0ster en Enginyeria de Telecomunicacions el 2022. Va rebre la beca de [&hellip;]<\/p>\n","protected":false},"author":2651,"featured_media":0,"parent":25,"menu_order":6,"comment_status":"closed","ping_status":"closed","template":"","meta":{"footnotes":""},"class_list":["post-275","page","type-page","status-publish","hentry"],"_links":{"self":[{"href":"https:\/\/webs.uab.cat\/cimitec\/wp-json\/wp\/v2\/pages\/275","targetHints":{"allow":["GET"]}}],"collection":[{"href":"https:\/\/webs.uab.cat\/cimitec\/wp-json\/wp\/v2\/pages"}],"about":[{"href":"https:\/\/webs.uab.cat\/cimitec\/wp-json\/wp\/v2\/types\/page"}],"author":[{"embeddable":true,"href":"https:\/\/webs.uab.cat\/cimitec\/wp-json\/wp\/v2\/users\/2651"}],"replies":[{"embeddable":true,"href":"https:\/\/webs.uab.cat\/cimitec\/wp-json\/wp\/v2\/comments?post=275"}],"version-history":[{"count":10,"href":"https:\/\/webs.uab.cat\/cimitec\/wp-json\/wp\/v2\/pages\/275\/revisions"}],"predecessor-version":[{"id":2770,"href":"https:\/\/webs.uab.cat\/cimitec\/wp-json\/wp\/v2\/pages\/275\/revisions\/2770"}],"up":[{"embeddable":true,"href":"https:\/\/webs.uab.cat\/cimitec\/wp-json\/wp\/v2\/pages\/25"}],"wp:attachment":[{"href":"https:\/\/webs.uab.cat\/cimitec\/wp-json\/wp\/v2\/media?parent=275"}],"curies":[{"name":"wp","href":"https:\/\/api.w.org\/{rel}","templated":true}]}}