{"id":281,"date":"2023-06-13T12:13:47","date_gmt":"2023-06-13T10:13:47","guid":{"rendered":"https:\/\/webs.uab.cat\/gemmacimitec\/?page_id=281"},"modified":"2026-02-20T13:39:22","modified_gmt":"2026-02-20T11:39:22","slug":"gerard-siso","status":"publish","type":"page","link":"https:\/\/webs.uab.cat\/cimitec\/membres\/gerard-siso\/","title":{"rendered":"Gerard Sis\u00f3"},"content":{"rendered":"\n<div class=\"wp-block-columns alignwide is-layout-flex wp-container-core-columns-is-layout-9d6595d7 wp-block-columns-is-layout-flex\">\n<div class=\"wp-block-column is-layout-flow wp-block-column-is-layout-flow\" style=\"flex-basis:33.33%\">\n<figure class=\"wp-block-image size-full is-resized\"><img loading=\"lazy\" decoding=\"async\" width=\"412\" height=\"600\" src=\"https:\/\/webs.uab.cat\/gemmacimitec\/wp-content\/uploads\/sites\/445\/2024\/09\/gsc.jpg\" alt=\"\" class=\"wp-image-2306\" style=\"aspect-ratio:1;object-fit:contain;width:350px\" srcset=\"https:\/\/webs.uab.cat\/cimitec\/wp-content\/uploads\/sites\/445\/2024\/09\/gsc.jpg 412w, https:\/\/webs.uab.cat\/cimitec\/wp-content\/uploads\/sites\/445\/2024\/09\/gsc-206x300.jpg 206w\" sizes=\"auto, (max-width: 412px) 100vw, 412px\" \/><\/figure>\n<\/div>\n\n\n\n<div class=\"wp-block-column is-layout-flow wp-block-column-is-layout-flow\" style=\"flex-basis:66.66%\">\n<p><strong>Despatx QC-3055<br>Tel. +34 93 581 4803<br>E-mail: Gerard.Siso@uab.cat<\/strong><br><a href=\"https:\/\/es.linkedin.com\/in\/gerard-sis%25C3%25B3-cuadrado-0bb70311\" target=\"_blank\" rel=\"noreferrer noopener\"><\/a><\/p>\n\n\n\n<p><br>Gerard Sis\u00f3 va n\u00e9ixer a Barcelona el 1981. Va obtenir el t\u00edtol d\u2019Enginyer T\u00e8cnic Industrial, especialitat en Electr\u00f2nica, per la Universitat Polit\u00e8cnica de Catalunya el 2004, el t\u00edtol d\u2019Enginyer en Electr\u00f2nica per la Universitat Aut\u00f2noma de Barcelona el 2006 i el Doctorat en Enginyeria Electr\u00f2nica per la mateixa Universitat el 2010. Entre les seves principals l\u00ednies d\u2019investigaci\u00f3 es troben els circuits de microones basats en l\u00ednies de transmissi\u00f3 metamaterial, en especial dispositius d&#8217;ample de banda millorat i multibanda. Des de 2009 ocupa el c\u00e0rrec de Gestor\/Promotor de CIMITEC.<\/p>\n<\/div>\n<\/div>\n\n\n\n<div class=\"wp-block-columns alignwide is-layout-flex wp-container-core-columns-is-layout-9d6595d7 wp-block-columns-is-layout-flex\">\n<div class=\"wp-block-column is-layout-flow wp-block-column-is-layout-flow\" style=\"flex-basis:25%\">\n<div class=\"wp-block-buttons is-layout-flex wp-block-buttons-is-layout-flex\">\n<div class=\"wp-block-button has-custom-width wp-block-button__width-100\"><a class=\"wp-block-button__link wp-element-button\" href=\"https:\/\/webs.uab.cat\/cimitec\/membres\/karl-adolphs\/\">&lt;&lt; k. adolphs<\/a><\/div>\n<\/div>\n<\/div>\n\n\n\n<div class=\"wp-block-column is-layout-flow wp-block-column-is-layout-flow\" style=\"flex-basis:50%\">\n<div class=\"wp-block-buttons is-layout-flex wp-block-buttons-is-layout-flex\">\n<div class=\"wp-block-button has-custom-width wp-block-button__width-100 is-style-outline is-style-outline--1\"><a class=\"wp-block-button__link wp-element-button\" href=\"https:\/\/webs.uab.cat\/cimitec\/membres\/\">llistat de membres<\/a><\/div>\n<\/div>\n<\/div>\n\n\n\n<div class=\"wp-block-column is-layout-flow wp-block-column-is-layout-flow\" style=\"flex-basis:25%\">\n<div class=\"wp-block-buttons is-layout-flex wp-block-buttons-is-layout-flex\">\n<div class=\"wp-block-button has-custom-width wp-block-button__width-100\"><a class=\"wp-block-button__link wp-element-button\" href=\"https:\/\/webs.uab.cat\/cimitec\/membres\/anna-cedenilla\/\">a. cedenilla &gt;&gt;<\/a><\/div>\n<\/div>\n<\/div>\n<\/div>\n","protected":false},"excerpt":{"rendered":"<p>Despatx QC-3055Tel. +34 93 581 4803E-mail: Gerard.Siso@uab.cat Gerard Sis\u00f3 va n\u00e9ixer a Barcelona el 1981. Va obtenir el t\u00edtol d\u2019Enginyer T\u00e8cnic Industrial, especialitat en Electr\u00f2nica, per la Universitat Polit\u00e8cnica de Catalunya el 2004, el t\u00edtol d\u2019Enginyer en Electr\u00f2nica per la Universitat Aut\u00f2noma de Barcelona el 2006 i el Doctorat en Enginyeria Electr\u00f2nica per la mateixa [&hellip;]<\/p>\n","protected":false},"author":2651,"featured_media":0,"parent":25,"menu_order":8,"comment_status":"closed","ping_status":"closed","template":"","meta":{"footnotes":""},"class_list":["post-281","page","type-page","status-publish","hentry"],"_links":{"self":[{"href":"https:\/\/webs.uab.cat\/cimitec\/wp-json\/wp\/v2\/pages\/281","targetHints":{"allow":["GET"]}}],"collection":[{"href":"https:\/\/webs.uab.cat\/cimitec\/wp-json\/wp\/v2\/pages"}],"about":[{"href":"https:\/\/webs.uab.cat\/cimitec\/wp-json\/wp\/v2\/types\/page"}],"author":[{"embeddable":true,"href":"https:\/\/webs.uab.cat\/cimitec\/wp-json\/wp\/v2\/users\/2651"}],"replies":[{"embeddable":true,"href":"https:\/\/webs.uab.cat\/cimitec\/wp-json\/wp\/v2\/comments?post=281"}],"version-history":[{"count":6,"href":"https:\/\/webs.uab.cat\/cimitec\/wp-json\/wp\/v2\/pages\/281\/revisions"}],"predecessor-version":[{"id":2774,"href":"https:\/\/webs.uab.cat\/cimitec\/wp-json\/wp\/v2\/pages\/281\/revisions\/2774"}],"up":[{"embeddable":true,"href":"https:\/\/webs.uab.cat\/cimitec\/wp-json\/wp\/v2\/pages\/25"}],"wp:attachment":[{"href":"https:\/\/webs.uab.cat\/cimitec\/wp-json\/wp\/v2\/media?parent=281"}],"curies":[{"name":"wp","href":"https:\/\/api.w.org\/{rel}","templated":true}]}}