{"id":283,"date":"2023-06-13T12:15:32","date_gmt":"2023-06-13T10:15:32","guid":{"rendered":"https:\/\/webs.uab.cat\/gemmacimitec\/?page_id=283"},"modified":"2026-02-20T13:41:32","modified_gmt":"2026-02-20T11:41:32","slug":"anna-cedenilla","status":"publish","type":"page","link":"https:\/\/webs.uab.cat\/cimitec\/membres\/anna-cedenilla\/","title":{"rendered":"Anna Cedenilla"},"content":{"rendered":"\n<div class=\"wp-block-columns alignwide is-layout-flex wp-container-core-columns-is-layout-9d6595d7 wp-block-columns-is-layout-flex\">\n<div class=\"wp-block-column is-layout-flow wp-block-column-is-layout-flow\" style=\"flex-basis:33.33%\">\n<figure class=\"wp-block-image size-full is-resized\"><img loading=\"lazy\" decoding=\"async\" width=\"142\" height=\"189\" src=\"https:\/\/webs.uab.cat\/cimitec\/wp-content\/uploads\/sites\/445\/2024\/09\/anna.png\" alt=\"\" class=\"wp-image-2331\" style=\"aspect-ratio:1;object-fit:contain;width:350px\" \/><\/figure>\n<\/div>\n\n\n\n<div class=\"wp-block-column is-layout-flow wp-block-column-is-layout-flow\" style=\"flex-basis:66.66%\">\n<p><strong>Despatx QC-3055<br>Tel. +34 93 581 4803<br>E-mail: Anna.Cedenilla@uab.cat<\/strong><\/p>\n\n\n\n<p><br>Anna Cedenilla va n\u00e9ixer a Barcelona (Espanya) el 1970. Va obtenir la titulaci\u00f3 en Psicologia per la Universitat de Barcelona al 1993. Actualment treballa com a secret\u00e0ria per a CIMITEC.<\/p>\n<\/div>\n<\/div>\n\n\n\n<div class=\"wp-block-columns alignwide is-layout-flex wp-container-core-columns-is-layout-9d6595d7 wp-block-columns-is-layout-flex\">\n<div class=\"wp-block-column is-layout-flow wp-block-column-is-layout-flow\" style=\"flex-basis:25%\">\n<div class=\"wp-block-buttons is-layout-flex wp-block-buttons-is-layout-flex\">\n<div class=\"wp-block-button has-custom-width wp-block-button__width-100\"><a class=\"wp-block-button__link wp-element-button\" href=\"https:\/\/webs.uab.cat\/cimitec\/membres\/gerard-siso\/\">&lt;&lt; g. sis\u00f3<\/a><\/div>\n<\/div>\n<\/div>\n\n\n\n<div class=\"wp-block-column is-layout-flow wp-block-column-is-layout-flow\" style=\"flex-basis:50%\">\n<div class=\"wp-block-buttons is-layout-flex wp-block-buttons-is-layout-flex\">\n<div class=\"wp-block-button has-custom-width wp-block-button__width-100 is-style-outline is-style-outline--1\"><a class=\"wp-block-button__link wp-element-button\" href=\"https:\/\/webs.uab.cat\/cimitec\/membres\/\">llistat de membres<\/a><\/div>\n<\/div>\n<\/div>\n\n\n\n<div class=\"wp-block-column is-layout-flow wp-block-column-is-layout-flow\" style=\"flex-basis:25%\"><\/div>\n<\/div>\n","protected":false},"excerpt":{"rendered":"<p>Despatx QC-3055Tel. +34 93 581 4803E-mail: Anna.Cedenilla@uab.cat Anna Cedenilla va n\u00e9ixer a Barcelona (Espanya) el 1970. Va obtenir la titulaci\u00f3 en Psicologia per la Universitat de Barcelona al 1993. Actualment treballa com a secret\u00e0ria per a CIMITEC.<\/p>\n","protected":false},"author":2651,"featured_media":0,"parent":25,"menu_order":9,"comment_status":"closed","ping_status":"closed","template":"","meta":{"footnotes":""},"class_list":["post-283","page","type-page","status-publish","hentry"],"_links":{"self":[{"href":"https:\/\/webs.uab.cat\/cimitec\/wp-json\/wp\/v2\/pages\/283","targetHints":{"allow":["GET"]}}],"collection":[{"href":"https:\/\/webs.uab.cat\/cimitec\/wp-json\/wp\/v2\/pages"}],"about":[{"href":"https:\/\/webs.uab.cat\/cimitec\/wp-json\/wp\/v2\/types\/page"}],"author":[{"embeddable":true,"href":"https:\/\/webs.uab.cat\/cimitec\/wp-json\/wp\/v2\/users\/2651"}],"replies":[{"embeddable":true,"href":"https:\/\/webs.uab.cat\/cimitec\/wp-json\/wp\/v2\/comments?post=283"}],"version-history":[{"count":4,"href":"https:\/\/webs.uab.cat\/cimitec\/wp-json\/wp\/v2\/pages\/283\/revisions"}],"predecessor-version":[{"id":2777,"href":"https:\/\/webs.uab.cat\/cimitec\/wp-json\/wp\/v2\/pages\/283\/revisions\/2777"}],"up":[{"embeddable":true,"href":"https:\/\/webs.uab.cat\/cimitec\/wp-json\/wp\/v2\/pages\/25"}],"wp:attachment":[{"href":"https:\/\/webs.uab.cat\/cimitec\/wp-json\/wp\/v2\/media?parent=283"}],"curies":[{"name":"wp","href":"https:\/\/api.w.org\/{rel}","templated":true}]}}