{"id":32,"date":"2023-06-06T13:18:31","date_gmt":"2023-06-06T11:18:31","guid":{"rendered":"https:\/\/webs.uab.cat\/gemmacimitec\/?page_id=32"},"modified":"2023-07-14T09:59:10","modified_gmt":"2023-07-14T07:59:10","slug":"contractes","status":"publish","type":"page","link":"https:\/\/webs.uab.cat\/cimitec\/contractes\/","title":{"rendered":"Contractes"},"content":{"rendered":"\n<details class=\"wp-block-mamaduka-toggles wp-block-toggles\"><summary><strong>Sensors per al control de la corrosi\u00f3 en estructures met\u00e0l\u00b7liques urbanes<\/strong><\/summary><div class=\"wp-block-toggles__content\">\n<p>Empresa: RUBATEC S.A.<br>Investigador principal UAB: Ferran Mart\u00edn. Co-IP: Paris V\u00e9lez<br>Durada: octubre 2022 \u2013 abril 2024<\/p>\n\n\n\n<figure class=\"wp-block-image size-full\"><img loading=\"lazy\" decoding=\"async\" width=\"200\" height=\"58\" src=\"https:\/\/webs.uab.cat\/gemmacimitec\/wp-content\/uploads\/sites\/445\/2023\/06\/RUBATEC.png\" alt=\"\" class=\"wp-image-645\" \/><\/figure>\n<\/div><\/details>\n\n\n\n<details class=\"wp-block-mamaduka-toggles wp-block-toggles\"><summary><strong>Contactless Audit &#8211; Auditor\u00edas de resultados electorales de limitaci\u00f3n de riesgo facilitadas por circuitos RFID impresos en papel<\/strong><\/summary><div class=\"wp-block-toggles__content\">\n<p>Empresa: Scytl Secure Electronic Voting SA<br>Entitats subcontractades: CNM-CSIC i UAB-CIMITEC, mitjan\u00e7ant Projecte del CDTI<br>T\u00edtol:<strong>&nbsp;\u201cContactless Audit &#8211; Auditor\u00edas de resultados electorales de limitaci\u00f3n de riesgo facilitadas por circuitos RFID impresos en papel\u201d<\/strong><br>Durada: mar\u00e7 2016 &#8211; desembre 2017<\/p>\n\n\n\n<figure class=\"wp-block-image size-full\"><img loading=\"lazy\" decoding=\"async\" width=\"167\" height=\"106\" src=\"https:\/\/webs.uab.cat\/gemmacimitec\/wp-content\/uploads\/sites\/445\/2023\/06\/logo1_scytl.png\" alt=\"\" class=\"wp-image-648\" \/><\/figure>\n\n\n\n<p>Mitjan\u00e7ant projecte finan\u00e7at per:<\/p>\n\n\n\n<figure class=\"wp-block-image size-full is-resized\"><img loading=\"lazy\" decoding=\"async\" src=\"https:\/\/webs.uab.cat\/gemmacimitec\/wp-content\/uploads\/sites\/445\/2023\/06\/logocdti.png\" alt=\"\" class=\"wp-image-651\" width=\"190\" height=\"59\" srcset=\"https:\/\/webs.uab.cat\/cimitec\/wp-content\/uploads\/sites\/445\/2023\/06\/logocdti.png 758w, https:\/\/webs.uab.cat\/cimitec\/wp-content\/uploads\/sites\/445\/2023\/06\/logocdti-300x93.png 300w\" sizes=\"auto, (max-width: 190px) 100vw, 190px\" \/><\/figure>\n<\/div><\/details>\n\n\n\n<details class=\"wp-block-mamaduka-toggles wp-block-toggles\"><summary><strong>Sccet &#8211; Maie&#8217;s: Sistema De Control, Conservaci\u00f3n, Eficiencia y Trazabilidad en Medicamentos de Alto Impacto Econ\u00f3mico<\/strong><\/summary><div class=\"wp-block-toggles__content\">\n<p>Empresa: Nabelia Technologies &amp; Mhealthcare SL<br>Entitats subcontractades: CNM-CSIC i UAB-CIMITEC, mitjan\u00e7ant Projecte de la convocatoria Acci\u00f3n Estrat\u00e9gica Econom\u00eda y Sociedad Digital, AEESD\u201915 (Ministerio de Industria Energ\u00eda y Turismo en el marc del Plan Nacional de Investigaci\u00f3n Cient\u00edfica, desarrollo e Innovaci\u00f3n Tecnol\u00f3gica 2013-2016, N\u00ba de expedient TSI-100700-2015-48)<br>T\u00edtol:<strong>&nbsp;\u201cSccet &#8211; Maie&#8217;s Sistema De Control, Conservaci\u00f3n, Eficiencia y Trazabilidad en Medicamentos de Alto Impacto Econ\u00f3mico\u201d<\/strong><br>Durada: Setembre 2015 \u2013 desembre 2017<\/p>\n\n\n\n<p><em>Sccet &#8211; Maie &#8216;s aportar\u00e0 una soluci\u00f3 robusta per a la tra\u00e7abilitat de f\u00e0rmacs sanitaris peribles mitjan\u00e7ant el desenvolupament tecnol\u00f2gic d&#8217;identificadors RF sense xip usant tecnologies d&#8217;impressi\u00f3 electr\u00f2nica. En l&#8217;embalatge o l&#8217;etiqueta del producte s&#8217;imprimiran tags RFID chipless (sense xip) per a la identificaci\u00f3 i lectura per radiofreq\u00fc\u00e8ncia de: pres\u00e8ncia, identificaci\u00f3 del medicament i dades addicionals d&#8217;inter\u00e8s (per exemple caducitat). El projecte Sccet &#8211; Maie &#8216;s desenvolupar\u00e0 una tecnologia de tags RFID sense circuit integrat (chipless) usant tecnologies d&#8217;impressi\u00f3 convencionals i de baix cost sobre substrats flexibles com paper per embalatge de medicaments. La soluci\u00f3 ser\u00e0 utilitzada per la identificaci\u00f3 per radiofreq\u00fc\u00e8ncia de medicaments amb l&#8217;objectiu de:<br>\u2022 Detectar la pres\u00e8ncia dels medicaments i identificaci\u00f3 dels mateixos.<br>\u2022 Disposar de dades d&#8217;inter\u00e8s com la data de caducitat o n\u00famero de lot per a una millor tra\u00e7abilitat.<br>El sistema constar\u00e0 de les seg\u00fcents parts:<br>\u2022 Un tag chipless RFID impr\u00e8s. Mitjan\u00e7ant tecnologia d&#8217;impressi\u00f3 electr\u00f2nica s&#8217;imprimiria el tag chipless (sense xip) a la caixa o etiqueta dels medicaments. Aquest tag contindr\u00e0 la informaci\u00f3 que es defineixi m\u00e9s sensors ambient.<br>\u2022 Una \u00e0rea de lectura instal\u00b7lada a l&#8217;interior de la nevera per a la lectura dels tags chipless i el processament de la informaci\u00f3 llegida. Aquest sistema es podria desenvolupar en una base flexible per la seva major adaptabilitat en instal\u00b7laci\u00f3.<\/em><\/p>\n\n\n\n<figure class=\"wp-block-image size-full is-resized\"><img loading=\"lazy\" decoding=\"async\" src=\"https:\/\/webs.uab.cat\/gemmacimitec\/wp-content\/uploads\/sites\/445\/2023\/06\/Nabelia.png\" alt=\"\" class=\"wp-image-654\" width=\"323\" height=\"110\" srcset=\"https:\/\/webs.uab.cat\/cimitec\/wp-content\/uploads\/sites\/445\/2023\/06\/Nabelia.png 646w, https:\/\/webs.uab.cat\/cimitec\/wp-content\/uploads\/sites\/445\/2023\/06\/Nabelia-300x102.png 300w\" sizes=\"auto, (max-width: 323px) 100vw, 323px\" \/><\/figure>\n\n\n\n<p>Mitjan\u00e7ant projecte finan\u00e7at per:<\/p>\n\n\n\n<figure class=\"wp-block-image size-full is-resized\"><img loading=\"lazy\" decoding=\"async\" src=\"https:\/\/webs.uab.cat\/gemmacimitec\/wp-content\/uploads\/sites\/445\/2023\/06\/logocdti.png\" alt=\"\" class=\"wp-image-651\" width=\"190\" height=\"59\" srcset=\"https:\/\/webs.uab.cat\/cimitec\/wp-content\/uploads\/sites\/445\/2023\/06\/logocdti.png 758w, https:\/\/webs.uab.cat\/cimitec\/wp-content\/uploads\/sites\/445\/2023\/06\/logocdti-300x93.png 300w\" sizes=\"auto, (max-width: 190px) 100vw, 190px\" \/><\/figure>\n<\/div><\/details>\n\n\n\n<details class=\"wp-block-mamaduka-toggles wp-block-toggles\"><summary><strong>Medical Chipless Secure Paper: Desarrollo de tags chipless RFID mediante tecnolog\u00edas de impresi\u00f3n electr\u00f3nica para su integraci\u00f3n en sistemas de receta m\u00e9dica segura<\/strong><\/summary><div class=\"wp-block-toggles__content\">\n<p>Empresa: MEDITECNOLOGIA &nbsp; &nbsp; &nbsp; &nbsp; &nbsp; &nbsp; &nbsp;<br>Entitats subcontractades: CNM-CSIC i UAB-CIMITEC, mitjan\u00e7ant Projecte de la convocatoria Acci\u00f3n Estrat\u00e9gica Econom\u00eda y Sociedad Digital, AEESD\u201915 (Ministerio de Industria Energ\u00eda y Turismo en el marc del Plan Nacional de Investigaci\u00f3n Cient\u00edfica, desarrollo e Innovaci\u00f3n Tecnol\u00f3gica 2013-2016, N\u00ba de expedient TSI-100103-2015-30)<br>T\u00edtol:&nbsp;<strong>\u201cMedical Chipless Secure Paper\u201d Desarrollo de tags chipless RFID mediante tecnolog\u00edas de impresi\u00f3n electr\u00f3nica para su integraci\u00f3n en sistemas de receta m\u00e9dica segura<\/strong><br>Durada: Juliol 2015 \u2013 desembre 2017&nbsp;<\/p>\n\n\n\n<p><em>El projecte planteja el desenvolupament tecnol\u00f2gic de tags chipless RFID utilitzant tecnologies d&#8217;impressi\u00f3 convencionals i de baix cost. Aquests tags s&#8217;imprimiran sobre substrats de paper i \/ o cartr\u00f3 per la seva integraci\u00f3 i \u00fas en sistema gesti\u00f3 \/ identificaci\u00f3 de receptes m\u00e8diques Els eixos principals del sistema s\u00f3n els seg\u00fcents:<br>1. Optimitzaci\u00f3 de materials i substrats.<br>2. Impressi\u00f3 i programaci\u00f3 d&#8217;etiquetes RFID sense xip.<br>3. Sistema lector RFID chipless.<br>4. Integraci\u00f3 de la nova tecnologia d&#8217;identificaci\u00f3 en sistemes de gesti\u00f3 \/ identificaci\u00f3 de receptes m\u00e8diques.<\/em><\/p>\n\n\n\n<figure class=\"wp-block-image size-full is-resized\"><img loading=\"lazy\" decoding=\"async\" src=\"https:\/\/webs.uab.cat\/gemmacimitec\/wp-content\/uploads\/sites\/445\/2023\/06\/logo_meditecnologia.png\" alt=\"\" class=\"wp-image-657\" width=\"263\" height=\"65\" srcset=\"https:\/\/webs.uab.cat\/cimitec\/wp-content\/uploads\/sites\/445\/2023\/06\/logo_meditecnologia.png 350w, https:\/\/webs.uab.cat\/cimitec\/wp-content\/uploads\/sites\/445\/2023\/06\/logo_meditecnologia-300x75.png 300w\" sizes=\"auto, (max-width: 263px) 100vw, 263px\" \/><\/figure>\n\n\n\n<p>Mitjan\u00e7ant projecte finan\u00e7at per:<\/p>\n\n\n\n<figure class=\"wp-block-image size-full is-resized\"><img loading=\"lazy\" decoding=\"async\" src=\"https:\/\/webs.uab.cat\/gemmacimitec\/wp-content\/uploads\/sites\/445\/2023\/06\/logo_IndustriaEnergiaYTuris-1.gif\" alt=\"\" class=\"wp-image-660\" width=\"300\" height=\"75\" \/><\/figure>\n<\/div><\/details>\n\n\n\n<details class=\"wp-block-mamaduka-toggles wp-block-toggles\"><summary><strong>Estudio de resonancias interferentes entre planos de una placa base dise\u00f1ada<\/strong><\/summary><div class=\"wp-block-toggles__content\">\n<p>Empresa: LEAR CORPORATION<br>Estudio de resonancias interferentes entre planos de una placa base dise\u00f1ada (Proyecto USM-CMF-1).<br>Durada: Setembre 2013.&nbsp;<\/p>\n\n\n\n<figure class=\"wp-block-image size-full is-resized\"><img loading=\"lazy\" decoding=\"async\" src=\"https:\/\/webs.uab.cat\/gemmacimitec\/wp-content\/uploads\/sites\/445\/2023\/06\/lear.png\" alt=\"\" class=\"wp-image-663\" width=\"240\" height=\"65\" srcset=\"https:\/\/webs.uab.cat\/cimitec\/wp-content\/uploads\/sites\/445\/2023\/06\/lear.png 320w, https:\/\/webs.uab.cat\/cimitec\/wp-content\/uploads\/sites\/445\/2023\/06\/lear-300x81.png 300w\" sizes=\"auto, (max-width: 240px) 100vw, 240px\" \/><\/figure>\n<\/div><\/details>\n\n\n\n<details class=\"wp-block-mamaduka-toggles wp-block-toggles\"><summary><strong>Automatizaci\u00f3n del dise\u00f1o de circuitos planares de microondas mediante t\u00e9cnicas de mapeo espacial<\/strong><\/summary><div class=\"wp-block-toggles__content\">\n<p>Empresa: AURORA SOFTWARE AND TESTING SL<br>Automatizaci\u00f3n del dise\u00f1o de circuitos planares de microondas mediante t\u00e9cnicas de mapeo espacial.<br>Durada: Octubre de 2010-Desembre 2012&nbsp;<\/p>\n\n\n\n<figure class=\"wp-block-image size-full is-resized\"><img loading=\"lazy\" decoding=\"async\" src=\"https:\/\/webs.uab.cat\/gemmacimitec\/wp-content\/uploads\/sites\/445\/2023\/06\/o.t.upv_aurorasat-300x76-1.jpg\" alt=\"\" class=\"wp-image-666\" width=\"300\" height=\"76\" \/><\/figure>\n<\/div><\/details>\n\n\n\n<details class=\"wp-block-mamaduka-toggles wp-block-toggles\"><summary><strong>Acci\u00f3n de consultoria\/asesoramiento para la medici\u00f3n de components de microndas en banda K con analizadores de redes del laboratorio de CIMITEC<\/strong><\/summary><div class=\"wp-block-toggles__content\">\n<p>Empresa: ISEE 2007 S.L.<br>Acci\u00f3n de consultoria\/asesoramiento para la medici\u00f3n de components de microndas en banda K con analizadores de redes del laboratorio de CIMITEC<br>Durada: Juliol 2008-Juliol 2011&nbsp;<\/p>\n\n\n\n<figure class=\"wp-block-image size-full\"><img loading=\"lazy\" decoding=\"async\" width=\"220\" height=\"87\" src=\"https:\/\/webs.uab.cat\/gemmacimitec\/wp-content\/uploads\/sites\/445\/2023\/06\/isee.jpg\" alt=\"\" class=\"wp-image-669\" \/><\/figure>\n<\/div><\/details>\n\n\n\n<details class=\"wp-block-mamaduka-toggles wp-block-toggles\"><summary><strong>Applications of metamaterial-based planar technologies for the design of UWB band pass filters in MCM-D technology<\/strong><\/summary><div class=\"wp-block-toggles__content\">\n<p>Empresa: EPSON EUROPE ELECTRONICS GMBH<br>Applications of metamaterial-based planar technologies for the design of UWB band pass filters in MCM-D technology.<br>Durada: 15 mesos (de l \u20181 de desembre de 2006 al 28 de febrer de 2008).<\/p>\n\n\n\n<figure class=\"wp-block-image size-full is-resized\"><img loading=\"lazy\" decoding=\"async\" src=\"https:\/\/webs.uab.cat\/gemmacimitec\/wp-content\/uploads\/sites\/445\/2023\/06\/seiko_epson_corporation_logo_3316.gif\" alt=\"\" class=\"wp-image-672\" width=\"200\" height=\"48\" \/><\/figure>\n<\/div><\/details>\n\n\n\n<details class=\"wp-block-mamaduka-toggles wp-block-toggles\"><summary><strong>Design optimization techniques for high efficiency power amplifiers by means of metamaterial-based planar technologies<\/strong><\/summary><div class=\"wp-block-toggles__content\">\n<p>Empresa: EPSON EUROPE ELECTRONICS GMBH<br>Design optimization techniques for high efficiency power amplifiers by means of metamaterial-based planar technologies.&nbsp;<br>Durada: 15 mesos&nbsp;(de l\u20191 de desembre de 2006 al 28 de febrer de 2008).<\/p>\n\n\n\n<figure class=\"wp-block-image size-full is-resized\"><img loading=\"lazy\" decoding=\"async\" src=\"https:\/\/webs.uab.cat\/gemmacimitec\/wp-content\/uploads\/sites\/445\/2023\/06\/seiko_epson_corporation_logo_3316.gif\" alt=\"\" class=\"wp-image-672\" width=\"200\" height=\"48\" \/><\/figure>\n<\/div><\/details>\n\n\n\n<details class=\"wp-block-mamaduka-toggles wp-block-toggles\"><summary><strong>Apoyo a la fase de definici\u00f3n del proyecto Eureka METATEC<\/strong><\/summary><div class=\"wp-block-toggles__content\">\n<p>Empresa: AIDA CENTRE S. L.<br>Apoyo a la fase de definici\u00f3n del proyecto Eureka METATEC.<br>Durada: 1 de desembre de 2006 a 28 de febrer de 2007.<\/p>\n\n\n\n<figure class=\"wp-block-image size-full\"><img loading=\"lazy\" decoding=\"async\" width=\"153\" height=\"58\" src=\"https:\/\/webs.uab.cat\/gemmacimitec\/wp-content\/uploads\/sites\/445\/2023\/06\/aidacentre_logo.gif\" alt=\"\" class=\"wp-image-675\" \/><\/figure>\n<\/div><\/details>\n\n\n\n<details class=\"wp-block-mamaduka-toggles wp-block-toggles\"><summary><strong>Dise\u00f1o y fabricaci\u00f3n de placas de test para resonadores piezoel\u00e9ctricos de alta frecuencia (FBAR)<\/strong><\/summary><div class=\"wp-block-toggles__content\">\n<p>Instituci\u00f3: CENTRO NACIONAL DE MICROELECTR\u00d3NICA (CNM-CSIC)<br>Dise\u00f1o y fabricaci\u00f3n de placas de test para resonadores piezoel\u00e9ctricos de alta frecuencia (FBAR)<br>Durada: 2006<\/p>\n\n\n\n<figure class=\"wp-block-image size-full is-resized\"><img loading=\"lazy\" decoding=\"async\" src=\"https:\/\/webs.uab.cat\/gemmacimitec\/wp-content\/uploads\/sites\/445\/2023\/06\/logo_CNM_CSIC.png\" alt=\"\" class=\"wp-image-678\" width=\"380\" height=\"84\" srcset=\"https:\/\/webs.uab.cat\/cimitec\/wp-content\/uploads\/sites\/445\/2023\/06\/logo_CNM_CSIC.png 380w, https:\/\/webs.uab.cat\/cimitec\/wp-content\/uploads\/sites\/445\/2023\/06\/logo_CNM_CSIC-300x66.png 300w\" sizes=\"auto, (max-width: 380px) 100vw, 380px\" \/><\/figure>\n<\/div><\/details>\n","protected":false},"excerpt":{"rendered":"","protected":false},"author":2651,"featured_media":0,"parent":0,"menu_order":0,"comment_status":"closed","ping_status":"closed","template":"","meta":{"footnotes":""},"class_list":["post-32","page","type-page","status-publish","hentry"],"_links":{"self":[{"href":"https:\/\/webs.uab.cat\/cimitec\/wp-json\/wp\/v2\/pages\/32","targetHints":{"allow":["GET"]}}],"collection":[{"href":"https:\/\/webs.uab.cat\/cimitec\/wp-json\/wp\/v2\/pages"}],"about":[{"href":"https:\/\/webs.uab.cat\/cimitec\/wp-json\/wp\/v2\/types\/page"}],"author":[{"embeddable":true,"href":"https:\/\/webs.uab.cat\/cimitec\/wp-json\/wp\/v2\/users\/2651"}],"replies":[{"embeddable":true,"href":"https:\/\/webs.uab.cat\/cimitec\/wp-json\/wp\/v2\/comments?post=32"}],"version-history":[{"count":3,"href":"https:\/\/webs.uab.cat\/cimitec\/wp-json\/wp\/v2\/pages\/32\/revisions"}],"predecessor-version":[{"id":1413,"href":"https:\/\/webs.uab.cat\/cimitec\/wp-json\/wp\/v2\/pages\/32\/revisions\/1413"}],"wp:attachment":[{"href":"https:\/\/webs.uab.cat\/cimitec\/wp-json\/wp\/v2\/media?parent=32"}],"curies":[{"name":"wp","href":"https:\/\/api.w.org\/{rel}","templated":true}]}}