{"id":332,"date":"2023-06-19T10:23:58","date_gmt":"2023-06-19T08:23:58","guid":{"rendered":"https:\/\/webs.uab.cat\/gemmacimitec\/?page_id=332"},"modified":"2026-02-20T11:27:14","modified_gmt":"2026-02-20T09:27:14","slug":"2021-2","status":"publish","type":"page","link":"https:\/\/webs.uab.cat\/cimitec\/articles-en-revistes\/2021-2\/","title":{"rendered":"2021"},"content":{"rendered":"\n<ul class=\"wp-block-list\">\n<li>C. Herrojo, P. V\u00e9lez, J. Mu\u00f1oz-Enano, L. Su, P. Casacuberta, M. Gil and F. Mart\u00edn,&nbsp;&#8220;<a rel=\"noreferrer noopener\" href=\"https:\/\/doi.org\/10.1109\/JSEN.2021.3118088\" data-type=\"URL\" data-id=\"https:\/\/doi.org\/10.1109\/JSEN.2021.3118088\" target=\"_blank\">Highly Sensitive Defect Detectors and Comparators Exploiting Port Imbalance in Rat-Race Couplers Loaded With Step-Impedance Open-Ended Transmission Lines<\/a>&#8220;,&nbsp; IEEE Sensors Journal, vol. 21, no. 23, pp. 26731-26745, 1 Dec.1, 2021, https:\/\/doi.org\/10.1109\/JSEN.2021.3118088. <a rel=\"noreferrer noopener\" href=\"https:\/\/ddd.uab.cat\/record\/258424\" data-type=\"URL\" data-id=\"https:\/\/ddd.uab.cat\/record\/258424\" target=\"_blank\">Open Access Version<\/a><\/li>\n\n\n\n<li>L. Su, P. V\u00e9lez, J. Mu\u00f1oz-Enano and F. Mart\u00edn,&nbsp;&#8220;<a rel=\"noreferrer noopener\" href=\"https:\/\/doi.org\/10.3390\/s21248334\" data-type=\"URL\" target=\"_blank\">Discussion and Analysis of Dumbbell Defect-Ground-Structure (DB-DGS) Resonators for Sensing Applications from a Circuit Theory Perspective<\/a>&#8220;,&nbsp; Sensors. 2021; 21(24):8334. https:\/\/doi.org\/10.3390\/s21248334 (Invited)<\/li>\n\n\n\n<li>L. Su, J. Mu\u00f1oz-Enano, P. V\u00e9lez, J. Martel, F. Medina and F. Mart\u00edn,&nbsp;&#8220;<a rel=\"noreferrer noopener\" href=\"https:\/\/doi.org\/10.1109\/ACCESS.2021.3125775\" data-type=\"URL\" target=\"_blank\">On the Modeling of Microstrip Lines Loaded With Dumbbell Defect-Ground-Structure<\/a> (DB-DGS) and Folded DB-DGS Resonators&#8221;,&nbsp; IEEE Access, vol. 9, pp. 150878-150888, 2021, https:\/\/doi.org\/10.1109\/ACCESS.2021.3125775<\/li>\n\n\n\n<li>M. Moras, C. Mart\u00ednez-Domingo, R. Escud\u00e9, C. Herrojo, F. Paredes, L. Ter\u00e9s, F. Mart\u00edn, E. Ramon,&nbsp;&#8220;<a rel=\"noreferrer noopener\" href=\"https:\/\/doi.org\/10.3390\/app11177832\" data-type=\"URL\" target=\"_blank\">Programmable Organic Chipless RFID Tags Inkjet Printed on Paper Substrates&#8221;<\/a>,&nbsp; Applied Sciences. 2021; 11(17):7832. https:\/\/doi.org\/10.3390\/app11177832<\/li>\n\n\n\n<li>J. Mu\u00f1oz-Enano, J. Martel, P. V\u00e9lez, F. Medina, L. Su, and F. Martin,&nbsp;&#8220;<a rel=\"noreferrer noopener\" href=\"https:\/\/doi.org\/10.3390\/app11157000\" data-type=\"URL\" data-id=\"https:\/\/doi.org\/10.3390\/app11157000\" target=\"_blank\">Parametric Analysis of the Edge Capacitance of Uniform Slots and Application to Frequency-Variation Permittivity Sensors<\/a>&#8220;,&nbsp; Applied Sciences. 2021; 11(15):7000. https:\/\/doi.org\/10.3390\/app11157000<\/li>\n\n\n\n<li>A. Ebrahimi, J. Coromina, J. Mu\u00f1oz-Enano, P. V\u00e9lez, J. Scott, K. Ghorbani, and F. Martin,&nbsp;&#8220;<a rel=\"noreferrer noopener\" href=\"https:\/\/doi.org\/10.1109\/TCSI.2021.3074570\" data-type=\"URL\" data-id=\"https:\/\/doi.org\/10.1109\/TCSI.2021.3074570\" target=\"_blank\">Highly Sensitive Phase-Variation Dielectric Constant Sensor Based on a Capacitively-Loaded Slow-Wave Transmission Line<\/a>&#8220;,&nbsp; IEEE Transactions on Circuits and Systems I: Regular Papers, vol. 68, no. 7, pp. 2787-2799, July 2021, https:\/\/doi.org\/10.1109\/TCSI.2021.3074570<\/li>\n\n\n\n<li>F. Paredes, C. Herrojo and F. Mart\u00edn,&nbsp;&#8220;<a rel=\"noreferrer noopener\" href=\"https:\/\/doi.org\/10.3390\/electronics10101154\" data-type=\"URL\" target=\"_blank\">3D-Printed Quasi-Absolute Electromagnetic Encoders for Chipless-RFID and Motion Control Applications<\/a>&#8220;,&nbsp; Electronics. 2021; 10(10):1154. https:\/\/doi.org\/10.3390\/electronics10101154<\/li>\n\n\n\n<li>P. V\u00e9lez, J. Mu\u00f1oz-Enano, A. Ebrahimi, C. Herrojo, F. Paredes, J. Scott, K. Ghorbani, and F. Martin,&nbsp;<a rel=\"noreferrer noopener\" href=\"https:\/\/doi.org\/10.1109\/JSEN.2021.3062290\" data-type=\"URL\" target=\"_blank\">&#8220;Single-Frequency Amplitude-Modulation Sensor for Dielectric Characterization of Solids and Microfluidics<\/a>&#8220;,&nbsp; IEEE Sensors Journal, vol. 21, no. 10, pp. 12189-12201, 15 May, 2021, https:\/\/doi.org\/10.1109\/JSEN.2021.3062290. <a rel=\"noreferrer noopener\" href=\"https:\/\/ddd.uab.cat\/record\/258248\" data-type=\"URL\" data-id=\"https:\/\/ddd.uab.cat\/record\/258248\" target=\"_blank\">Open Access Version<\/a><\/li>\n\n\n\n<li>F. Paredes, C. Herrojo and F. Mart\u00edn,&nbsp;&#8220;<a rel=\"noreferrer noopener\" href=\"https:\/\/doi.org\/10.3390\/s21082738\" data-type=\"URL\" target=\"_blank\">Position Sensors for Industrial Applications Based on Electromagnetic Encoders<\/a>&#8220;,&nbsp; Sensors. 2021; 21(8):2738. https:\/\/doi.org\/10.3390\/s21082738 (Review article)<\/li>\n\n\n\n<li>L. Su, J. Mu\u00f1oz-Enano, P. V\u00e9lez, P. Casacuberta, M. Gil-Barba and F. Martin,&nbsp;&#8220;<a rel=\"noreferrer noopener\" href=\"https:\/\/doi.org\/10.1109\/JSEN.2021.3063112\" data-type=\"URL\" target=\"_blank\">Phase-Variation Microwave Sensor for Permittivity Measurements Based on a High-Impedance Half-Wavelength Transmission Line<\/a>&#8220;,&nbsp; IEEE Sensors Journal, vol. 21, no. 9, pp. 10647-10656, 1 May1, 2021, https:\/\/doi.org\/10.1109\/JSEN.2021.3063112. <a rel=\"noreferrer noopener\" href=\"https:\/\/ddd.uab.cat\/record\/283333\" data-type=\"URL\" data-id=\"https:\/\/ddd.uab.cat\/record\/283333\" target=\"_blank\">Open Access Version<\/a><\/li>\n\n\n\n<li>J. Mu\u00f1oz-Enano, J. Coromina, P. V\u00e9lez, L. Su, M. Gil-Barba, P. Casacuberta and F. Martin,&nbsp;&#8220;<a rel=\"noreferrer noopener\" href=\"https:\/\/doi.org\/10.3390\/s21041542\" data-type=\"URL\" target=\"_blank\">Planar Phase-Variation Microwave Sensors for Material Characterization: A Review and Comparison of Various Approaches<\/a>&#8220;,&nbsp; Sensors. 2021; 21(4):1542. https:\/\/doi.org\/10.3390\/s21041542<\/li>\n\n\n\n<li>L. Su, J. Mu\u00f1oz-Enano, P. V\u00e9lez, M. Gil-Barba, P. Casacuberta and F. Martin,&nbsp;&#8220;<a rel=\"noreferrer noopener\" href=\"https:\/\/doi.org\/10.1109\/ACCESS.2021.3058575\" data-type=\"URL\" target=\"_blank\">Highly Sensitive Reflective-Mode Phase-Variation Permittivity Sensor Based on a Coplanar Waveguide Terminated With an Open Complementary Split Ring Resonator <\/a>(OCSRR)&#8221;,&nbsp; IEEE Access, vol. 9, pp. 27928-27944, 2021, https:\/\/doi.org\/10.1109\/ACCESS.2021.3058575<\/li>\n\n\n\n<li>J. Martel, A. Fern\u00e1ndez-Prieto, J. L. Medr\u00e1n del R\u00edo, F. Mart\u00edn and F. Medina,&nbsp;&#8220;<a rel=\"noreferrer noopener\" href=\"https:\/\/doi.org\/10.1109\/TMTT.2020.3041226\" data-type=\"URL\" target=\"_blank\">Design of a Differential Coupled-Line Directional Coupler Using a Double-Side Coplanar Waveguide Structure With Common-Signal Suppression<\/a>&#8220;,&nbsp; IEEE Transactions on Microwave Theory and Techniques, vol. 69, no. 2, pp. 1273-1281, Feb. 2021, https:\/\/doi.org\/10.1109\/TMTT.2020.3041226<\/li>\n\n\n\n<li>L. Su, J. Mu\u00f1oz-Enano, P. Velez, P. Casacuberta, M. Gil and F. Martin,&nbsp;&#8220;<a rel=\"noreferrer noopener\" href=\"https:\/\/doi.org\/10.1109\/JSEN.2020.3023848\" data-type=\"URL\" target=\"_blank\">Highly Sensitive Phase Variation Sensors Based on Step-Impedance Coplanar Waveguide (CPW) Transmission Lines<\/a>&#8220;,&nbsp; IEEE Sensors Journal, vol. 21, no. 3, pp. 2864-2872, 1 Feb.1, 2021, https:\/\/doi.org\/10.1109\/JSEN.2020.3023848. <a rel=\"noreferrer noopener\" href=\"https:\/\/ddd.uab.cat\/record\/283332\" data-type=\"URL\" data-id=\"https:\/\/ddd.uab.cat\/record\/283332\" target=\"_blank\">Open Access Version<\/a><\/li>\n\n\n\n<li>C. Herrojo, F. Paredes and F. Mart\u00edn,&nbsp;&#8220;<a rel=\"noreferrer noopener\" href=\"https:\/\/doi.org\/10.1109\/JSEN.2020.3025435\" data-type=\"URL\" target=\"_blank\">Synchronism and Direction Detection in High-Resolution\/High-Density Electromagnetic Encoders<\/a>&#8220;,&nbsp; IEEE Sensors Journal, vol. 21, no. 3, pp. 2873-2882, 1 Feb.1, 2021, https:\/\/doi.org\/10.1109\/JSEN.2020.3025435. <a rel=\"noreferrer noopener\" href=\"https:\/\/ddd.uab.cat\/record\/258425\" data-type=\"URL\" data-id=\"https:\/\/ddd.uab.cat\/record\/258425\" target=\"_blank\">Open Access Version<\/a><\/li>\n\n\n\n<li>J. Mu\u00f1oz-Enano, P. V\u00e9lez, L. Su, M. Gil, P. Casacuberta and F. Mart\u00edn,&nbsp;&#8220;<a rel=\"noreferrer noopener\" href=\"https:\/\/doi.org\/10.1109\/TMTT.2020.3023728\" data-type=\"URL\" target=\"_blank\">On the Sensitivity of Reflective-Mode Phase-Variation Sensors Based on Open-Ended Stepped-Impedance Transmission Lines: Theoretical Analysis and Experimental Validation<\/a>&#8220;,&nbsp; IEEE Transactions on Microwave Theory and Techniques, vol. 69, no. 1, pp. 308-324, Jan. 2021, https:\/\/doi.org\/10.1109\/TMTT.2020.3023728. <a rel=\"noreferrer noopener\" href=\"https:\/\/ddd.uab.cat\/record\/258243\" data-type=\"URL\" data-id=\"https:\/\/ddd.uab.cat\/record\/258243\" target=\"_blank\">Open Access Version<\/a><\/li>\n<\/ul>\n\n\n\n<div class=\"wp-block-columns is-layout-flex wp-container-core-columns-is-layout-9d6595d7 wp-block-columns-is-layout-flex\">\n<div class=\"wp-block-column is-layout-flow wp-block-column-is-layout-flow\" style=\"flex-basis:25%\">\n<div class=\"wp-block-buttons is-layout-flex wp-block-buttons-is-layout-flex\">\n<div class=\"wp-block-button has-custom-width wp-block-button__width-100\"><a class=\"wp-block-button__link wp-element-button\" href=\"https:\/\/webs.uab.cat\/cimitec\/articles-en-revistes\/2022-2\/\">&lt;&lt; 2022<\/a><\/div>\n<\/div>\n<\/div>\n\n\n\n<div class=\"wp-block-column is-layout-flow wp-block-column-is-layout-flow\" style=\"flex-basis:50%\">\n<div class=\"wp-block-buttons is-layout-flex wp-block-buttons-is-layout-flex\">\n<div class=\"wp-block-button has-custom-width wp-block-button__width-100 is-style-outline is-style-outline--1\"><a class=\"wp-block-button__link wp-element-button\" href=\"https:\/\/webs.uab.cat\/cimitec\/articles-en-revistes\/\">\u00edndex<\/a><\/div>\n<\/div>\n<\/div>\n\n\n\n<div class=\"wp-block-column is-layout-flow wp-block-column-is-layout-flow\" style=\"flex-basis:25%\">\n<div class=\"wp-block-buttons is-layout-flex wp-block-buttons-is-layout-flex\">\n<div class=\"wp-block-button has-custom-width wp-block-button__width-100\"><a class=\"wp-block-button__link wp-element-button\" href=\"https:\/\/webs.uab.cat\/cimitec\/articles-en-revistes\/2020-2\/\">2020 &gt;&gt;<\/a><\/div>\n<\/div>\n<\/div>\n<\/div>\n","protected":false},"excerpt":{"rendered":"","protected":false},"author":2651,"featured_media":0,"parent":28,"menu_order":2,"comment_status":"closed","ping_status":"closed","template":"","meta":{"footnotes":""},"class_list":["post-332","page","type-page","status-publish","hentry"],"_links":{"self":[{"href":"https:\/\/webs.uab.cat\/cimitec\/wp-json\/wp\/v2\/pages\/332","targetHints":{"allow":["GET"]}}],"collection":[{"href":"https:\/\/webs.uab.cat\/cimitec\/wp-json\/wp\/v2\/pages"}],"about":[{"href":"https:\/\/webs.uab.cat\/cimitec\/wp-json\/wp\/v2\/types\/page"}],"author":[{"embeddable":true,"href":"https:\/\/webs.uab.cat\/cimitec\/wp-json\/wp\/v2\/users\/2651"}],"replies":[{"embeddable":true,"href":"https:\/\/webs.uab.cat\/cimitec\/wp-json\/wp\/v2\/comments?post=332"}],"version-history":[{"count":9,"href":"https:\/\/webs.uab.cat\/cimitec\/wp-json\/wp\/v2\/pages\/332\/revisions"}],"predecessor-version":[{"id":2696,"href":"https:\/\/webs.uab.cat\/cimitec\/wp-json\/wp\/v2\/pages\/332\/revisions\/2696"}],"up":[{"embeddable":true,"href":"https:\/\/webs.uab.cat\/cimitec\/wp-json\/wp\/v2\/pages\/28"}],"wp:attachment":[{"href":"https:\/\/webs.uab.cat\/cimitec\/wp-json\/wp\/v2\/media?parent=332"}],"curies":[{"name":"wp","href":"https:\/\/api.w.org\/{rel}","templated":true}]}}