{"id":337,"date":"2023-06-19T11:30:57","date_gmt":"2023-06-19T09:30:57","guid":{"rendered":"https:\/\/webs.uab.cat\/gemmacimitec\/?page_id=337"},"modified":"2026-02-20T12:17:12","modified_gmt":"2026-02-20T10:17:12","slug":"2020-2","status":"publish","type":"page","link":"https:\/\/webs.uab.cat\/cimitec\/articles-en-revistes\/2020-2\/","title":{"rendered":"2020"},"content":{"rendered":"\n<ul class=\"wp-block-list\">\n<li>F. Paredes, C. Herrojo, R. Escud\u00e9, E. Ramon and F. Mart\u00edn,&nbsp;&#8220;<a rel=\"noreferrer noopener\" href=\"https:\/\/doi.org\/10.1109\/JRFID.2020.2996586\" data-type=\"URL\" target=\"_blank\">High Data Density Near-Field Chipless-RFID Tags With Synchronous Reading<\/a>&#8220;,&nbsp; IEEE Journal of Radio Frequency Identification, vol. 4, no. 4, pp. 517-524, Dec. 2020. https:\/\/doi.org\/10.1109\/JRFID.2020.2996586. <a rel=\"noreferrer noopener\" href=\"https:\/\/ddd.uab.cat\/record\/258240\" data-type=\"URL\" data-id=\"https:\/\/ddd.uab.cat\/record\/258240\" target=\"_blank\">Open Access Version<\/a><\/li>\n\n\n\n<li>Pau Casacuberta, Jonathan Mu\u00f1oz-Enano, Paris V\u00e9lez, Lijuan Su, Marta Gil Barba, Ferran Mart\u00edn,&nbsp;&#8220;<a rel=\"noreferrer noopener\" href=\"https:\/\/doi.org\/10.3390\/s20216236\" data-type=\"URL\" target=\"_blank\">Highly Sensitive Reflective-Mode Defect Detectors and Dielectric Constant Sensors Based on Open-Ended Stepped-Impedance Transmission Lines<\/a>&#8220;,&nbsp; Sensors, Vol. 20, 6236, 2020. https:\/\/doi.org\/10.3390\/s20216236<\/li>\n\n\n\n<li>Jonathan Mu\u00f1oz-Enano, Paris V\u00e9lez, Lijuan Su, Marta Gil Barba, Ferran Mart\u00edn,&nbsp;&#8220;<a rel=\"noreferrer noopener\" href=\"https:\/\/doi.org\/10.1109\/ACCESS.2020.3031032\" data-type=\"URL\" target=\"_blank\">A Reflective-Mode Phase-Variation Displacement Sensor<\/a>&#8220;,&nbsp; IEEE Access, Vol. 8, pp. 189565-189575, 2020. https:\/\/doi.org\/10.1109\/ACCESS.2020.3031032<\/li>\n\n\n\n<li>Jonathan Mu\u00f1oz-Enano, Paris V\u00e9lez, Marta Gil Barba, Eduard Jose-Cunilleras, Anna Bassols, Ferran Mart\u00edn,&nbsp;&#8220;<a rel=\"noreferrer noopener\" href=\"https:\/\/doi.org\/10.1017\/S1759078720000446\" data-type=\"URL\" target=\"_blank\">Characterization of electrolyte content in urine samples through a differential microfluidic sensor based on dumbbell-shaped defected ground structures<\/a>&#8220;,&nbsp; International Journal of Microwave and Wireless Technologies, Vol. 12, Issue 9, pp. 817-824, November 2020. https:\/\/doi.org\/10.1017\/S1759078720000446.<\/li>\n\n\n\n<li>Jonathan Mu\u00f1oz-Enano, Paris V\u00e9lez, Marta Gil Barba, Ferran Mart\u00edn,&nbsp;&#8220;<a rel=\"noreferrer noopener\" href=\"https:\/\/doi.org\/10.1017\/S1759078720000501\" data-type=\"URL\" target=\"_blank\">Microfluidic reflective-mode differential sensor based on open split ring resonators (OSRRs)<\/a>&#8220;,&nbsp; International Journal of Microwave and Wireless Technologies, Vol. 12, Issue 7, pp. 588-597, September 2020. https:\/\/doi.org\/10.1017\/S1759078720000501.<\/li>\n\n\n\n<li>Ali Karami Horestani, Zahra Shaterian, Ferran Mart\u00edn,&nbsp;&#8220;<a rel=\"noreferrer noopener\" href=\"https:\/\/doi.org\/10.1109\/JSEN.2020.2990484\" data-type=\"URL\" target=\"_blank\">Rotation Sensor Based on the Cross-Polarized Excitation of Split Ring Resonators (SRRs)<\/a>&#8220;,&nbsp; IEEE Sensors Journal, Vol. 20, Issue 17, pp. 9706-9714, September 2020. https:\/\/doi.org\/10.1109\/JSEN.2020.2990484<\/li>\n\n\n\n<li>Cristian Herrojo, Ferran Paredes, Ferran Mart\u00edn,&nbsp;&#8220;<a rel=\"noreferrer noopener\" href=\"https:\/\/doi.org\/10.3390\/s20174837\" data-type=\"URL\" target=\"_blank\">3D-printed all-dielectric electromagnetic encoders with synchronous reading for measuring displacements and velocities<\/a>&#8220;,&nbsp; Sensors, 20, p. 4837, August 2020. https:\/\/doi.org\/10.3390\/s20174837<\/li>\n\n\n\n<li>A. H. Karami, S. Rajabi, M. Kolahdouz, F. Martin, A. K. Horestani,&nbsp;&#8220;<a rel=\"noreferrer noopener\" href=\"https:\/\/doi.org\/10.1007\/s10854-020-03890-x\" data-type=\"URL\" target=\"_blank\">A pneumatically tunable, conformal, and polarization-independent electromagnetic absorber<\/a>&#8220;,&nbsp; Journal of Materials Science: Materials in Electronics, Vol. 31, 13362\u201313367, July 2020. https:\/\/doi.org\/10.1007\/s10854-020-03890-x<\/li>\n\n\n\n<li>Ferran Mart\u00edn, Paris V\u00e9lez, Marta Gil,&nbsp;&#8220;<a rel=\"noreferrer noopener\" href=\"https:\/\/doi.org\/10.3390\/s20123375\" data-type=\"URL\" target=\"_blank\">Microwave Sensors Based on Resonant Elements<\/a>&#8220;,&nbsp; Sensors, 20, 3375 (Editorial of the Special Issue: Microwave Sensors Based on Resonant Elements), June 2020. https:\/\/doi.org\/10.3390\/s20123375<\/li>\n\n\n\n<li>Cristian Herrojo, Ferran Paredes, Jordi Bonache, Ferran Mart\u00edn,&nbsp;&#8220;<a rel=\"noreferrer noopener\" href=\"https:\/\/doi.org\/10.1109\/TMTT.2019.2963176\" data-type=\"URL\" target=\"_blank\">3-D-Printed High Data-Density Electromagnetic Encoders Based on Permittivity Contrast for Motion Control and Chipless-RFID<\/a>&#8220;,&nbsp; IEEE Transactions on Microwave Theory and Techniques, Volume 68, Issue 5, pp. 1839-1850, May 2020. https:\/\/doi.org\/10.1109\/TMTT.2019.2963176. <a rel=\"noreferrer noopener\" href=\"https:\/\/ddd.uab.cat\/record\/258423\" data-type=\"URL\" data-id=\"https:\/\/ddd.uab.cat\/record\/258423\" target=\"_blank\">Open Access Version<\/a><\/li>\n\n\n\n<li>Jan Coromina, Paris V\u00e9lez, Jordi Bonache, Ferran Mart\u00edn,&nbsp;&#8220;<a rel=\"noreferrer noopener\" href=\"https:\/\/doi.org\/10.1109\/ACCESS.2020.2985569\" data-type=\"URL\" target=\"_blank\">Branch Line Couplers With Small Size and Harmonic Suppression Based on Non-Periodic Step Impedance Shunt Stub (SISS) Loaded Lines<\/a>&#8220;,&nbsp; IEEE Access, Volume 8, pp. 67310-67320, 2020. https:\/\/doi.org\/10.1109\/ACCESS.2020.2985569<\/li>\n\n\n\n<li>Jonathan Mu\u00f1oz-Enano, Paris V\u00e9lez, Marta Gil Barba, Ferran Mart\u00edn,&nbsp;&#8220;<a rel=\"noreferrer noopener\" href=\"https:\/\/doi.org\/10.3390\/app10072615\" data-type=\"URL\" target=\"_blank\">Planar Microwave Resonant Sensors: A Review and Recent Developments<\/a>&#8220;,&nbsp; Applied Science, Volume 10, Issue 7, 2615, April 2020. https:\/\/doi.org\/10.3390\/app10072615<\/li>\n\n\n\n<li>Jonathan Mu\u00f1oz-Enano, Paris V\u00e9lez, Marta Gil Barba, Javier Mata-Contreras, Ferran Mart\u00edn,&nbsp;&#8220;<a rel=\"noreferrer noopener\" href=\"https:\/\/doi.org\/10.1109\/TMTT.2019.2955676\" data-type=\"URL\" target=\"_blank\">Differential-Mode to Common-Mode Conversion Detector Based on Rat-Race Hybrid Couplers: Analysis and Application to Differential Sensors and Comparators<\/a>&#8220;,&nbsp; IEEE Transactions on Microwave Theory and Techniques, vol. 68, no. 4, pp. 1312-1325, April 2020. https:\/\/doi.org\/10.1109\/TMTT.2019.2955676. <a rel=\"noreferrer noopener\" href=\"https:\/\/ddd.uab.cat\/record\/221398\" data-type=\"URL\" data-id=\"https:\/\/ddd.uab.cat\/record\/221398\" target=\"_blank\">Open Access Version<\/a><\/li>\n\n\n\n<li>Marta Gil Barba, Paris V\u00e9lez, Francisco Aznar-Ballesta, Jonathan Mu\u00f1oz-Enano, Ferran Mart\u00edn,&nbsp;&#8220;<a rel=\"noreferrer noopener\" href=\"https:\/\/doi.org\/10.1109\/TAP.2019.2938609\" data-type=\"URL\" target=\"_blank\">Differential Sensor Based on Electroinductive Wave Transmission Lines for Dielectric Constant Measurements and Defect Detection<\/a>&#8220;,&nbsp; IEEE Transactions on Antennas and Propagation, Volume 68, Issue 3, pp. 1876 &#8211; 1886 March 2020. https:\/\/doi.org\/10.1109\/TAP.2019.2938609. Open Access Version<\/li>\n\n\n\n<li>Jonathan Mu\u00f1oz-Enano, Paris V\u00e9lez, Marta Gil Barba, Ferran Mart\u00edn,&nbsp;&#8220;<a rel=\"noreferrer noopener\" href=\"https:\/\/doi.org\/10.1109\/JSEN.2019.2941050\" data-type=\"URL\" target=\"_blank\">An Analytical Method to Implement High-Sensitivity Transmission Line Differential Sensors for Dielectric Constant Measurements<\/a>&#8220;,&nbsp; IEEE Sensors Journal, Volume 20, Issue 1, pp. 178 &#8211; 184, January 2020. https:\/\/doi.org\/10.1109\/JSEN.2019.2941050. <a rel=\"noreferrer noopener\" href=\"https:\/\/ddd.uab.cat\/record\/221400\" data-type=\"URL\" data-id=\"https:\/\/ddd.uab.cat\/record\/221400\" target=\"_blank\">Open Access Version<\/a><\/li>\n\n\n\n<li>Amir Hossein Karami, Fatemeh Karami Horestani, Mohammadreza Kolahdouz, Ali K. Horestani, Ferran Mart\u00edn&nbsp;&#8220;<a rel=\"noreferrer noopener\" href=\"https:\/\/doi.org\/10.1007\/s10854-019-02652-8\" data-type=\"URL\" target=\"_blank\">2D rotary sensor based on magnetic composite of microrods<\/a>&#8220;,&nbsp; Journal of Materials Science: Materials in Electronics, vol. 31, pp 167\u2013174, January 2020. https:\/\/doi.org\/10.1007\/s10854-019-02652-8<\/li>\n<\/ul>\n\n\n\n<div class=\"wp-block-columns is-layout-flex wp-container-core-columns-is-layout-9d6595d7 wp-block-columns-is-layout-flex\">\n<div class=\"wp-block-column is-layout-flow wp-block-column-is-layout-flow\" style=\"flex-basis:25%\">\n<div class=\"wp-block-buttons is-layout-flex wp-block-buttons-is-layout-flex\">\n<div class=\"wp-block-button has-custom-width wp-block-button__width-100\"><a class=\"wp-block-button__link wp-element-button\" href=\"https:\/\/webs.uab.cat\/cimitec\/articles-en-revistes\/2021-2\/\">&lt;&lt; 2021<\/a><\/div>\n<\/div>\n<\/div>\n\n\n\n<div class=\"wp-block-column is-layout-flow wp-block-column-is-layout-flow\" style=\"flex-basis:50%\">\n<div class=\"wp-block-buttons is-layout-flex wp-block-buttons-is-layout-flex\">\n<div class=\"wp-block-button has-custom-width wp-block-button__width-100 is-style-outline is-style-outline--1\"><a class=\"wp-block-button__link wp-element-button\" href=\"https:\/\/webs.uab.cat\/cimitec\/articles-en-revistes\/\">\u00edndex<\/a><\/div>\n<\/div>\n<\/div>\n\n\n\n<div class=\"wp-block-column is-layout-flow wp-block-column-is-layout-flow\" style=\"flex-basis:25%\">\n<div class=\"wp-block-buttons is-layout-flex wp-block-buttons-is-layout-flex\">\n<div class=\"wp-block-button has-custom-width wp-block-button__width-100\"><a class=\"wp-block-button__link wp-element-button\" href=\"https:\/\/webs.uab.cat\/cimitec\/articles-en-revistes\/2019-2\/\">2019 &gt;&gt;<\/a><\/div>\n<\/div>\n<\/div>\n<\/div>\n","protected":false},"excerpt":{"rendered":"","protected":false},"author":2651,"featured_media":0,"parent":28,"menu_order":3,"comment_status":"closed","ping_status":"closed","template":"","meta":{"footnotes":""},"class_list":["post-337","page","type-page","status-publish","hentry"],"_links":{"self":[{"href":"https:\/\/webs.uab.cat\/cimitec\/wp-json\/wp\/v2\/pages\/337","targetHints":{"allow":["GET"]}}],"collection":[{"href":"https:\/\/webs.uab.cat\/cimitec\/wp-json\/wp\/v2\/pages"}],"about":[{"href":"https:\/\/webs.uab.cat\/cimitec\/wp-json\/wp\/v2\/types\/page"}],"author":[{"embeddable":true,"href":"https:\/\/webs.uab.cat\/cimitec\/wp-json\/wp\/v2\/users\/2651"}],"replies":[{"embeddable":true,"href":"https:\/\/webs.uab.cat\/cimitec\/wp-json\/wp\/v2\/comments?post=337"}],"version-history":[{"count":8,"href":"https:\/\/webs.uab.cat\/cimitec\/wp-json\/wp\/v2\/pages\/337\/revisions"}],"predecessor-version":[{"id":2699,"href":"https:\/\/webs.uab.cat\/cimitec\/wp-json\/wp\/v2\/pages\/337\/revisions\/2699"}],"up":[{"embeddable":true,"href":"https:\/\/webs.uab.cat\/cimitec\/wp-json\/wp\/v2\/pages\/28"}],"wp:attachment":[{"href":"https:\/\/webs.uab.cat\/cimitec\/wp-json\/wp\/v2\/media?parent=337"}],"curies":[{"name":"wp","href":"https:\/\/api.w.org\/{rel}","templated":true}]}}