{"id":342,"date":"2023-06-19T12:24:41","date_gmt":"2023-06-19T10:24:41","guid":{"rendered":"https:\/\/webs.uab.cat\/gemmacimitec\/?page_id=342"},"modified":"2026-02-20T12:20:23","modified_gmt":"2026-02-20T10:20:23","slug":"2019-2","status":"publish","type":"page","link":"https:\/\/webs.uab.cat\/cimitec\/articles-en-revistes\/2019-2\/","title":{"rendered":"2019"},"content":{"rendered":"\n<ul class=\"wp-block-list\">\n<li>Cristian Herrojo, Miquel Moras, Ferran Paredes, Alba N\u00fa\u00f1ez, Javier Mata-Contreras, Eloi Ramon, Ferran Mart\u00edn,&nbsp;&#8220;<a rel=\"noreferrer noopener\" href=\"https:\/\/doi.org\/10.1109\/MMM.2019.2941634\" data-type=\"URL\" target=\"_blank\">Time-Domain-Signature Chipless RFID Tags: Near-Field Chipless-RFID Systems With High Data Capacity<\/a>&#8220;,&nbsp; IEEE Microwave Magazine, Volume 20, Issue 12, pp. 87-101, December 2019. https:\/\/doi.org\/10.1109\/MMM.2019.2941634. <a rel=\"noreferrer noopener\" href=\"https:\/\/ddd.uab.cat\/record\/221404\" data-type=\"URL\" data-id=\"https:\/\/ddd.uab.cat\/record\/221404\" target=\"_blank\">Open Access Version<\/a><\/li>\n\n\n\n<li>Paris V\u00e9lez, Jonathan Mu\u00f1oz-Enano and Ferran Mart\u00edn,&nbsp;&#8220;<a rel=\"noreferrer noopener\" href=\"https:\/\/doi.org\/10.1109\/LMWC.2019.2939533\" data-type=\"URL\" target=\"_blank\">Differential Sensing Based on Quasi-Microstrip Mode to Slot-Mode Conversion<\/a>&#8220;,&nbsp; IEEE Microwave and Wireless Components Letters, vol. 29, no. 10, pp. 690-692, Oct. 2019. https:\/\/doi.org\/10.1109\/LMWC.2019.2939533. <a rel=\"noreferrer noopener\" href=\"https:\/\/ddd.uab.cat\/record\/258247\" data-type=\"URL\" data-id=\"https:\/\/ddd.uab.cat\/record\/258247\" target=\"_blank\">Open Access Version<\/a><\/li>\n\n\n\n<li>Cristian Herrojo, Ferran Paredes and Ferran Mart\u00edn,&nbsp;&#8220;<a rel=\"noreferrer noopener\" href=\"https:\/\/doi.org\/10.1109\/TMTT.2019.2929128\" data-type=\"URL\" target=\"_blank\">Double-Stub Loaded Microstrip Line Reader for Very High Data Density Microwave Encoders<\/a>&#8220;,&nbsp; IEEE Transactions on Microwave Theory and Techniques Volume 67, Issue 9, pp. 3527-3536, September 2019. https:\/\/doi.org\/10.1109\/TMTT.2019.2929128. <a rel=\"noreferrer noopener\" href=\"https:\/\/ddd.uab.cat\/record\/221405\" data-type=\"URL\" data-id=\"https:\/\/ddd.uab.cat\/record\/221405\" target=\"_blank\">Open Access Version<\/a><\/li>\n\n\n\n<li>Jonathan Mu\u00f1oz-Enano, Paris V\u00e9lez and Ferran Mart\u00edn,&nbsp;&#8220;<a rel=\"noreferrer noopener\" href=\"https:\/\/doi.org\/10.1109\/TMTT.2019.2922598\" data-type=\"URL\" target=\"_blank\">Signal Balancing in Unbalanced Transmission Lines<\/a>&#8220;,&nbsp; IEEE Transactions on Microwave Theory and Techniques Volume 67, Issue 8, pp. 3339-3349, August 2019. https:\/\/doi.org\/10.1109\/TMTT.2019.2922598. <a rel=\"noreferrer noopener\" href=\"https:\/\/ddd.uab.cat\/record\/221401\" data-type=\"URL\" data-id=\"https:\/\/ddd.uab.cat\/record\/221401\" target=\"_blank\">Open Access Version<\/a><\/li>\n\n\n\n<li>Cristian Herrojo, Ferran Paredes, Javier Mata-Contreras and Ferran Mart\u00edn,&nbsp;&#8220;<a rel=\"noreferrer noopener\" href=\"https:\/\/doi.org\/10.3390\/s19153385\" data-type=\"URL\" target=\"_blank\">Chipless-RFID: A Review and Recent Developments<\/a>&#8220;,&nbsp; Sensors, Vol. 19, Isssue 15, 3385. https:\/\/doi.org\/10.3390\/s19153385. August 2019<\/li>\n\n\n\n<li>Jordi Selga, Jan Coromina. Paris V\u00e9lez, Armando Fern\u00e1ndez-Prieto, Jordi Bonache, Ferran Mart\u00edn,&nbsp;&#8220;<a rel=\"noreferrer noopener\" href=\"https:\/\/ietresearch.onlinelibrary.wiley.com\/doi\/full\/10.1049\/iet-map.2018.5379\" data-type=\"URL\" data-id=\"https:\/\/ietresearch.onlinelibrary.wiley.com\/doi\/full\/10.1049\/iet-map.2018.5379\" target=\"_blank\">Miniaturised and harmonic-suppressed rat-race couplers based on slow-wave transmission lines<\/a>&#8220;,&nbsp; IET Microwaves, Antennas &amp; Propagation, vol. 13, no. 9, pp. 1293-1299. July 2019. https:\/\/doi.org\/10.1049\/iet-map.2018.5379. <a rel=\"noreferrer noopener\" href=\"https:\/\/ddd.uab.cat\/record\/221394\" data-type=\"URL\" data-id=\"https:\/\/ddd.uab.cat\/record\/221394\" target=\"_blank\">Open Access Version<\/a><\/li>\n\n\n\n<li>Paris V\u00e9lez, Jonathan Mu\u00f1oz-Enano, Marta Gil, Javier Mata-Contreras and Ferran Mart\u00edn,&nbsp;&#8220;<a rel=\"noreferrer noopener\" href=\"https:\/\/doi.org\/10.3390\/s19143189\" data-type=\"URL\" target=\"_blank\">Differential Microfluidic Sensors Based on Dumbbell-Shaped Defect Ground Structures in Microstrip Technology: Analysis, Optimization, and Applications<\/a>&#8220;,&nbsp; Sensors, Vol. 19, Isssue 14, 3189. July 2019. https:\/\/doi.org\/10.3390\/s19143189<\/li>\n\n\n\n<li>Jan Coromina, Paris V\u00e9lez, Jordi Bonache, Francisco Aznar-Ballesta, Armando Fern\u00e1ndez-Prieto, Ferran Mart\u00edn,&nbsp;&#8220;<a rel=\"noreferrer noopener\" href=\"https:\/\/doi.org\/10.1017\/S1759078719000321\" data-type=\"URL\" target=\"_blank\">Reactively-loaded non-periodic slow-wave artificial transmission lines for stop band bandwidth enhancement: Application to power splitters<\/a>&#8220;,&nbsp; International Journal of Microwaves and Wireless Technologies, vol. 11 (5-6), pp. 475-481, June 2019. https:\/\/doi.org\/10.1017\/S1759078719000321. <a rel=\"noreferrer noopener\" href=\"https:\/\/ddd.uab.cat\/record\/221396\" data-type=\"URL\" data-id=\"https:\/\/ddd.uab.cat\/record\/221396\" target=\"_blank\">Open Access Version<\/a><\/li>\n\n\n\n<li>Cristian Herrojo, Francisco Javier Muela, Javier Mata-Contreras, Ferran Paredes and Ferran Mart\u00edn,&nbsp;&#8220;<a rel=\"noreferrer noopener\" href=\"https:\/\/ieeexplore.ieee.org\/document\/8625558\" data-type=\"URL\" data-id=\"https:\/\/ieeexplore.ieee.org\/document\/8625558\" target=\"_blank\">High-density microwave encoders for motion control and near-field chipless-RFID<\/a>&#8220;,&nbsp; IEEE Sensors Journal, vol. 19, pp. 3673-3682, May 2019. DOI: 10.1109\/JSEN.2019.2895015. <a rel=\"noreferrer noopener\" href=\"https:\/\/ddd.uab.cat\/record\/221406\" data-type=\"URL\" data-id=\"https:\/\/ddd.uab.cat\/record\/221406\" target=\"_blank\">Open Access Version<\/a><\/li>\n\n\n\n<li>Paris V\u00e9lez, Francisco Aznar-Ballesta, Jan Coromina, Jordi Bonache, Ferran Mart\u00edn,&nbsp;&#8220;<a rel=\"noreferrer noopener\" href=\"https:\/\/doi.org\/10.1002\/mop.31671\" data-type=\"URL\" target=\"_blank\">Compact coplanar waveguide power splitter with filtering capability based on slow-wave structures<\/a>&#8220;,&nbsp; Microwave and Optical Technology Letters, Volume 61, Issue 5, pp. 1143-1148, May 2019. https:\/\/doi.org\/10.1002\/mop.31671. <a rel=\"noreferrer noopener\" href=\"https:\/\/ddd.uab.cat\/record\/221244\" data-type=\"URL\" data-id=\"https:\/\/ddd.uab.cat\/record\/221244\" target=\"_blank\">Open Access Version<\/a><\/li>\n\n\n\n<li>P. V\u00e9lez, J. Mu\u00f1oz-Enano, K. Grenier, J. Mata-Contreras, D. Dubuc and F. Mart\u00edn,&nbsp;&#8220;<a rel=\"noreferrer noopener\" href=\"https:\/\/doi.org\/10.1109\/JSEN.2018.2890089\" data-type=\"URL\" target=\"_blank\">Split Ring Resonator-Based Microwave Fluidic Sensors for Electrolyte Concentration Measurements<\/a>&#8220;,&nbsp; IEEE Sensors Journal, Vol. 19, no. 7, pp. 2562-2569, April, 2019. https:\/\/doi.org\/10.1109\/JSEN.2018.2890089. <a rel=\"noreferrer noopener\" href=\"https:\/\/ddd.uab.cat\/record\/221242\" data-type=\"URL\" data-id=\"https:\/\/ddd.uab.cat\/record\/221242\" target=\"_blank\">Open Access Version<\/a><\/li>\n\n\n\n<li>Armando Fern\u00e1ndez-Prieto, Jesus Martel, Pedro Jose Ugarte-Parrado, Aintzane Lujambio, Alejandro Javier Martinez-Ros, Ferran Mart\u00edn, Francisco Medina, Rafael R. Boix,&nbsp;&#8220;<a rel=\"noreferrer noopener\" href=\"https:\/\/doi.org\/10.1049\/iet-map.2018.5573\" data-type=\"URL\" target=\"_blank\">Compact balanced dual-band bandpass filter with magnetically coupled embedded resonators<\/a>&#8220;,&nbsp; IET Microwaves Antennas and Propagation, vol. 13, Issue 4, pp. 492-497, March 2019. https:\/\/doi.org\/10.1049\/iet-map.2018.5573. <\/li>\n\n\n\n<li>Hengyi Sun, Changqing Gu, Zhuo Li, Qian Xu, Mengmeng Wei, Jiajia Song, Baijie Xu, Xiaohang Dong, Kuan Wang and Ferran Mart\u00edn,&nbsp;&#8220;<a rel=\"noreferrer noopener\" href=\"https:\/\/doi.org\/10.3390\/s19040976\" data-type=\"URL\" target=\"_blank\">Parametric Testing of Metasurface Stirrers for Metasurfaced Reverberation Chambers<\/a>&#8220;,&nbsp; Sensors, Vol. 19, Isssue 4. 976. February 2019. https:\/\/doi.org\/10.3390\/s19040976<\/li>\n\n\n\n<li>J. Havlicek, C. Herrojo, F. Paredes, J. Mata-Contreras and F. Mart\u00edn,&nbsp;&#8220;<a rel=\"noreferrer noopener\" href=\"https:\/\/doi.org\/10.1109\/LAWP.2018.2881356\" data-type=\"URL\" target=\"_blank\">Enhancing the Per-Unit-Length Data Density in Near-Field Chipless-RFID Systems With Sequential Bit Reading<\/a>&#8220;,&nbsp; IEEE Antennas and Wireless Propagation Letters Volume 18, Issue 1, pp. 89-92, January 2019. https:\/\/doi.org\/10.1109\/LAWP.2018.2881356. <a rel=\"noreferrer noopener\" href=\"https:\/\/ddd.uab.cat\/record\/258464\" data-type=\"URL\" data-id=\"https:\/\/ddd.uab.cat\/record\/258464\" target=\"_blank\">Open Access Version<\/a><\/li>\n<\/ul>\n\n\n\n<div class=\"wp-block-columns is-layout-flex wp-container-core-columns-is-layout-9d6595d7 wp-block-columns-is-layout-flex\">\n<div class=\"wp-block-column is-layout-flow wp-block-column-is-layout-flow\" style=\"flex-basis:25%\">\n<div class=\"wp-block-buttons is-layout-flex wp-block-buttons-is-layout-flex\">\n<div class=\"wp-block-button has-custom-width wp-block-button__width-100\"><a class=\"wp-block-button__link wp-element-button\" href=\"https:\/\/webs.uab.cat\/cimitec\/articles-en-revistes\/2020-2\/\">&lt;&lt; 2020<\/a><\/div>\n<\/div>\n<\/div>\n\n\n\n<div class=\"wp-block-column is-layout-flow wp-block-column-is-layout-flow\" style=\"flex-basis:50%\">\n<div class=\"wp-block-buttons is-layout-flex wp-block-buttons-is-layout-flex\">\n<div class=\"wp-block-button has-custom-width wp-block-button__width-100 is-style-outline is-style-outline--1\"><a class=\"wp-block-button__link wp-element-button\" href=\"https:\/\/webs.uab.cat\/cimitec\/articles-en-revistes\/\">\u00edndex<\/a><\/div>\n<\/div>\n<\/div>\n\n\n\n<div class=\"wp-block-column is-layout-flow wp-block-column-is-layout-flow\" style=\"flex-basis:25%\">\n<div class=\"wp-block-buttons is-layout-flex wp-block-buttons-is-layout-flex\">\n<div class=\"wp-block-button has-custom-width wp-block-button__width-100\"><a class=\"wp-block-button__link wp-element-button\" href=\"https:\/\/webs.uab.cat\/cimitec\/articles-en-revistes\/2018-2\/\">2018 &gt;&gt;<\/a><\/div>\n<\/div>\n<\/div>\n<\/div>\n","protected":false},"excerpt":{"rendered":"","protected":false},"author":2651,"featured_media":0,"parent":28,"menu_order":4,"comment_status":"closed","ping_status":"closed","template":"","meta":{"footnotes":""},"class_list":["post-342","page","type-page","status-publish","hentry"],"_links":{"self":[{"href":"https:\/\/webs.uab.cat\/cimitec\/wp-json\/wp\/v2\/pages\/342","targetHints":{"allow":["GET"]}}],"collection":[{"href":"https:\/\/webs.uab.cat\/cimitec\/wp-json\/wp\/v2\/pages"}],"about":[{"href":"https:\/\/webs.uab.cat\/cimitec\/wp-json\/wp\/v2\/types\/page"}],"author":[{"embeddable":true,"href":"https:\/\/webs.uab.cat\/cimitec\/wp-json\/wp\/v2\/users\/2651"}],"replies":[{"embeddable":true,"href":"https:\/\/webs.uab.cat\/cimitec\/wp-json\/wp\/v2\/comments?post=342"}],"version-history":[{"count":11,"href":"https:\/\/webs.uab.cat\/cimitec\/wp-json\/wp\/v2\/pages\/342\/revisions"}],"predecessor-version":[{"id":2702,"href":"https:\/\/webs.uab.cat\/cimitec\/wp-json\/wp\/v2\/pages\/342\/revisions\/2702"}],"up":[{"embeddable":true,"href":"https:\/\/webs.uab.cat\/cimitec\/wp-json\/wp\/v2\/pages\/28"}],"wp:attachment":[{"href":"https:\/\/webs.uab.cat\/cimitec\/wp-json\/wp\/v2\/media?parent=342"}],"curies":[{"name":"wp","href":"https:\/\/api.w.org\/{rel}","templated":true}]}}