{"id":350,"date":"2023-06-19T13:10:01","date_gmt":"2023-06-19T11:10:01","guid":{"rendered":"https:\/\/webs.uab.cat\/gemmacimitec\/?page_id=350"},"modified":"2026-02-20T12:23:00","modified_gmt":"2026-02-20T10:23:00","slug":"2018-2","status":"publish","type":"page","link":"https:\/\/webs.uab.cat\/cimitec\/articles-en-revistes\/2018-2\/","title":{"rendered":"2018"},"content":{"rendered":"\n<ul class=\"wp-block-list\">\n<li>J. Selga, P. V\u00e9lez, J. Coromina, A. Fern\u00e1ndez-Prieto, J. Bonache, F. Mart\u00edn,&nbsp;&#8220;<a rel=\"noreferrer noopener\" href=\"https:\/\/onlinelibrary.wiley.com\/doi\/10.1002\/mop.31377\" data-type=\"URL\" data-id=\"https:\/\/onlinelibrary.wiley.com\/doi\/10.1002\/mop.31377\" target=\"_blank\">Harmonic suppression in branch-line couplers based on slow-wave transmission lines with simultaneous inductive and capacitive loading<\/a>&#8220;,&nbsp; Microwave and Optical Technology Letters, Volume 60, Issue 10, pp. 2374-2384, October 2018. https:\/\/doi.org\/10.1002\/mop.31377<\/li>\n\n\n\n<li>Hengyi Sun, Changqing Gu, Zhuo Li, Qian Xu, Jiajia Song, Baijie Xu, Xiaohang Dong, Kuan Wang and Ferran Mart\u00edn,&nbsp;&#8220;<a rel=\"noreferrer noopener\" href=\"https:\/\/doi.org\/10.3390\/s18103301\" data-type=\"URL\" target=\"_blank\">Enhancing the Number of Modes in Metasurfaced Reverberation Chambers for Field Uniformity Improvement<\/a>&#8220;,&nbsp; Sensors, Volume 18, Issue 10, 3301, October 2018. https:\/\/doi.org\/10.3390\/s18103301<\/li>\n\n\n\n<li>Javier Mata-Contreras, Cristian Herrojo, Ferran Mart\u00edn,&nbsp;&#8220;<a rel=\"noreferrer noopener\" href=\"https:\/\/doi.org\/10.1109\/JSEN.2018.2853643\" data-type=\"URL\" target=\"_blank\">Detecting the Rotation Direction in Contactless Angular Velocity Sensors Implemented With Rotors Loaded With Multiple Chains of Resonators<\/a>&#8220;,&nbsp; IEEE Sensors Journal, Volume 18, Issue 17, pp. 7055-7065, September 2018. https:\/\/doi.org\/10.1109\/JSEN.2018.2853643<\/li>\n\n\n\n<li>P. V\u00e9lez, K. Grenier, J. Mata-Contreras, D. Dubuc and F. Mart\u00edn,&nbsp;&#8220;<a rel=\"noreferrer noopener\" href=\"https:\/\/doi.org\/10.1109\/ACCESS.2018.2867077\" data-type=\"URL\" target=\"_blank\">Highly-Sensitive Microwave Sensors Based on Open Complementary Split Ring Resonators (OCSRRs) for Dielectric Characterization and Solute Concentration Measurement in Liquids<\/a>&#8220;,&nbsp; IEEE Access, vol. 6, pp. 48324-48338, August 2018. https:\/\/doi.org\/10.1109\/ACCESS.2018.2867077<\/li>\n\n\n\n<li>Cristian Herrojo, Javier Mata-Contreras, Ferran Paredes, Alba N\u00fa\u00f1ez, Eloi Ramon, Ferran Mart\u00edn,&nbsp;&#8220;<a rel=\"noreferrer noopener\" href=\"https:\/\/doi.org\/10.1016\/j.jmmm.2017.10.005\" data-type=\"URL\" target=\"_blank\">Near-\ufb01eld chipless-RFID tags with sequential bit reading implemented in plastic substrates<\/a>&#8220;,&nbsp; Journal of Magnetism and Magnetic Materials, Volume 459, pp. 322-327, August 2018. https:\/\/doi.org\/10.1016\/j.jmmm.2017.10.005. <a rel=\"noreferrer noopener\" href=\"https:\/\/ddd.uab.cat\/record\/221257\" data-type=\"URL\" data-id=\"https:\/\/ddd.uab.cat\/record\/221257\" target=\"_blank\">Open Access Version<\/a><\/li>\n\n\n\n<li>J. Selga, J. Coromina, P. V\u00e9lez, A. Fern\u00e1ndez-Prieto, A. J. Martinez-Ros, J. Bonache, F. Aznar-Ballesta, F. Mart\u00edn,&nbsp;&#8220;<a rel=\"noreferrer noopener\" href=\"https:\/\/doi.org\/10.1002\/mop.31181\" data-type=\"URL\" target=\"_blank\">Compact power splitter with harmonic suppression based on inductively loaded slow-wave transmission lines<\/a>&#8220;,&nbsp; Microwave and Optical Technology Letters, Volume 60, Issue 6, pp. 1464-1468, June 2018. https:\/\/doi.org\/10.1002\/mop.31181<\/li>\n\n\n\n<li>F. Aznar-Ballesta, J. Selga, P. V\u00e9lez, A. Fern\u00e1ndez-Prieto, J. Coromina, J. Bonache, F. Mart\u00edn,&nbsp;&#8220;<a rel=\"noreferrer noopener\" href=\"https:\/\/doi.org\/10.1017\/S1759078717001350\" data-type=\"URL\" target=\"_blank\">Slow-wave coplanar waveguides based on inductive and capacitive loading and application to compact and harmonic suppressed power splitters<\/a>&#8220;,&nbsp; International Journal of Microwave and Wireless Technologies, Volume 10, Special Issue 5-6 (EuMW 2017 Special Issue) pp. 530-537, June 2018. https:\/\/doi.org\/10.1017\/S1759078717001350<\/li>\n\n\n\n<li>Cristian Herrojo, Miquel Moras, Ferran Paredes, Alba N\u00fa\u00f1ez, Eloi Ramon, Javier Mata-Contreras, Ferran Mart\u00edn,&nbsp;&#8220;<a rel=\"noreferrer noopener\" href=\"https:\/\/doi.org\/10.3390\/technologies6020052\" data-type=\"URL\" target=\"_blank\">Very Low-Cost 80-Bit Chipless-RFID Tags Inkjet Printed on Ordinary Paper<\/a>&#8220;,&nbsp; Technologies, Volume 6, Issue 2 (Special Issue Chipless RFID Technologies), 52, May 2018. https:\/\/doi.org\/10.3390\/technologies6020052<\/li>\n\n\n\n<li>Armando Fern\u00e1ndez-Prieto, Aintzane Lujambio, Jes\u00fas Martel, Francisco Medina, Ferran Mart\u00edn, Rafael R. Boix,&nbsp;&#8220;<a rel=\"noreferrer noopener\" href=\"https:\/\/doi.org\/10.1109\/ACCESS.2018.2820073\" data-type=\"URL\" target=\"_blank\">Balanced-to-Balanced Microstrip Diplexer Based on Magnetically Coupled Resonators<\/a>&#8220;,&nbsp; IEEE Access, vol. 6, pp. 18536-18547, 2018. https:\/\/doi.org\/10.1109\/ACCESS.2018.2820073<\/li>\n\n\n\n<li>G. Zamora, S. Zuffanelli, P. Aguil\u00e0, F. Paredes, F. Mart\u00edn, J. Bonache,&nbsp;&#8220;<a rel=\"noreferrer noopener\" href=\"https:\/\/doi.org\/10.1109\/TAP.2018.2800802\" data-type=\"URL\" target=\"_blank\">Upper Bounds on the Bandwidth of Electrically Small Single-Resonant UHF-RFID Tags<\/a>&#8220;,&nbsp; IEEE Transactions on Antennas and Propagation, vol. 66, no. 4, pp. 2101-2106, April 2018. https:\/\/doi.org\/10.1109\/TAP.2018.2800802. <a rel=\"noreferrer noopener\" href=\"https:\/\/ddd.uab.cat\/record\/199665\" data-type=\"URL\" data-id=\"https:\/\/ddd.uab.cat\/record\/199665\" target=\"_blank\">Open Access Version<\/a><\/li>\n\n\n\n<li>Ferran Paredes, Cristian Herrojo, Javier Mata-Contreras, Miquel Moras, Alba N\u00fa\u00f1ez, Eloi Ramon, Ferran Mart\u00edn,&nbsp;&#8220;<a rel=\"noreferrer noopener\" href=\"https:\/\/doi.org\/10.3390\/s18041148\" data-type=\"URL\" target=\"_blank\">Near-Field Chipless Radio-Frequency Identification (RFID) Sensing and Identification System with Switching Reading<\/a>&#8220;,&nbsp; Sensors, 18, no. 4, 1148, April 2018. https:\/\/doi.org\/10.3390\/s18041148<\/li>\n\n\n\n<li>Lijuan Su, Javier Mata-Contreras, Paris V\u00e9lez, Armando Fern\u00e1ndez-Prieto, Ferran Mart\u00edn,&nbsp;&#8220;<a rel=\"noreferrer noopener\" href=\"https:\/\/doi.org\/10.3390\/s18040984\" data-type=\"URL\" target=\"_blank\">Analytical Method to Estimate the Complex Permittivity of Oil Samples<\/a>&#8220;,&nbsp; Sensors, 18, no. 4, 984, April 2018. https:\/\/doi.org\/10.3390\/s18040984<\/li>\n\n\n\n<li>Josep-Ignasi Cair\u00f3, Jordi Bonache, Ferran Paredes, Ferran Mart\u00edn,&nbsp;&#8220;<a rel=\"noreferrer noopener\" href=\"https:\/\/doi.org\/10.1109\/JRFID.2018.2806738\" data-type=\"URL\" target=\"_blank\">Interference Sources in Congested Environments and its Effects in UHF-RFID Systems: A Review<\/a>&#8220;,&nbsp; IEEE Journal of Radio Frequency Identification, vol. 2, no. 1, pp. 1 &#8211; 8, March 2018. https:\/\/doi.org\/10.1109\/JRFID.2018.2806738. <a rel=\"noreferrer noopener\" href=\"https:\/\/ddd.uab.cat\/record\/199666\" data-type=\"URL\" data-id=\"https:\/\/ddd.uab.cat\/record\/199666\" target=\"_blank\">Open Access Version<\/a><\/li>\n\n\n\n<li>Cristian Herrojo, Javier Mata-Contreras, Ferran Paredes, Alba N\u00fa\u00f1ez, Eloi Ramon, Ferran Mart\u00edn,&nbsp;&#8220;<a rel=\"noreferrer noopener\" href=\"https:\/\/doi.org\/10.1109\/LMWC.2018.2802718\" data-type=\"URL\" target=\"_blank\">Near-Field Chipless-RFID System With Erasable\/Programmable 40-bit Tags Inkjet Printed on Paper Substrates<\/a>&#8220;,&nbsp; IEEE Microwave and Wireless Components Letters, vol. 28, no. 3, pp. 272 &#8211; 274, March 2018. https:\/\/doi.org\/10.1109\/LMWC.2018.2802718. <a rel=\"noreferrer noopener\" href=\"https:\/\/ddd.uab.cat\/record\/221255\" data-type=\"URL\" data-id=\"https:\/\/ddd.uab.cat\/record\/221255\" target=\"_blank\">Open Access Version<\/a><\/li>\n\n\n\n<li>Armando Fern\u00e1ndez-Prieto, Aintzane Lujambio, Ferran Mart\u00edn, Jes\u00fas Martel, Francisco Medina, Rafael R. Boix,&nbsp;&#8220;<a rel=\"noreferrer noopener\" href=\"https:\/\/doi.org\/10.1109\/LMWC.2018.2794824\" data-type=\"URL\" target=\"_blank\">Compact Balanced-to-Balanced Diplexer Based on Split-Ring Resonators Balanced Bandpass Filters<\/a>&#8220;,&nbsp; IEEE Microwave and Wireless Components Letters, vol. 28, no. 3, pp. 218 &#8211; 220, March 2018. https:\/\/doi.org\/10.1109\/LMWC.2018.2794824. <a rel=\"noreferrer noopener\" href=\"https:\/\/hdl.handle.net\/11441\/97090\" data-type=\"URL\" target=\"_blank\">Open Access Version<\/a><\/li>\n\n\n\n<li>Gerard Zamora, Simone Zuffanelli, Pau Aguil\u00e0, Ferran Paredes, Ferran Mart\u00edn, Jordi Bonache,&nbsp;&#8220;<a rel=\"noreferrer noopener\" href=\"https:\/\/doi.org\/10.1109\/LAWP.2018.2800166\" data-type=\"URL\" target=\"_blank\">Broadband UHF-RFID Passive Tag Based on Split-Ring Resonator (SRR) and T-Match Network<\/a>&#8220;,&nbsp; IEEE Antennas and Wireless Propagation Letters, vol. 17, no. 3, pp. 517 &#8211; 520, March 2018. https:\/\/doi.org\/10.1109\/LAWP.2018.2800166. <a rel=\"noreferrer noopener\" href=\"https:\/\/ddd.uab.cat\/record\/188644\" data-type=\"URL\" data-id=\"https:\/\/ddd.uab.cat\/record\/188644\" target=\"_blank\">Open Access Version<\/a><\/li>\n\n\n\n<li>Marc Sans, Jordi Selga, Paris V\u00e9lez, Jordi Bonache, Ana Rodr\u00edguez, Vicente E. Boria, Ferran Mart\u00edn,&nbsp;&#8220;<a rel=\"noreferrer noopener\" href=\"https:\/\/doi.org\/10.1109\/TMTT.2017.2785246\" data-type=\"URL\" target=\"_blank\">Compact Wideband Balanced Bandpass Filters With Very Broad Common-Mode and Differential-Mode Stopbands<\/a>&#8220;,&nbsp; IEEE Transactions on Microwave Theory and Techniques, vol. 66, no. 2, pp. 737 &#8211; 750, Feb. 2018. https:\/\/doi.org\/10.1109\/TMTT.2017.2785246. <a rel=\"noreferrer noopener\" href=\"https:\/\/riunet.upv.es\/handle\/10251\/141956\" data-type=\"URL\" data-id=\"https:\/\/riunet.upv.es\/handle\/10251\/141956\" target=\"_blank\">Open Access Version<\/a><\/li>\n<\/ul>\n\n\n\n<div class=\"wp-block-columns is-layout-flex wp-container-core-columns-is-layout-9d6595d7 wp-block-columns-is-layout-flex\">\n<div class=\"wp-block-column is-layout-flow wp-block-column-is-layout-flow\" style=\"flex-basis:25%\">\n<div class=\"wp-block-buttons is-layout-flex wp-block-buttons-is-layout-flex\">\n<div class=\"wp-block-button has-custom-width wp-block-button__width-100\"><a class=\"wp-block-button__link wp-element-button\" href=\"https:\/\/webs.uab.cat\/cimitec\/articles-en-revistes\/2019-2\/\">&lt;&lt; 2019<\/a><\/div>\n<\/div>\n<\/div>\n\n\n\n<div class=\"wp-block-column is-layout-flow wp-block-column-is-layout-flow\" style=\"flex-basis:50%\">\n<div class=\"wp-block-buttons is-layout-flex wp-block-buttons-is-layout-flex\">\n<div class=\"wp-block-button has-custom-width wp-block-button__width-100 is-style-outline is-style-outline--1\"><a class=\"wp-block-button__link wp-element-button\" href=\"https:\/\/webs.uab.cat\/cimitec\/articles-en-revistes\/\">\u00edndex<\/a><\/div>\n<\/div>\n<\/div>\n\n\n\n<div class=\"wp-block-column is-layout-flow wp-block-column-is-layout-flow\" style=\"flex-basis:25%\">\n<div class=\"wp-block-buttons is-layout-flex wp-block-buttons-is-layout-flex\">\n<div class=\"wp-block-button has-custom-width wp-block-button__width-100\"><a class=\"wp-block-button__link wp-element-button\" href=\"https:\/\/webs.uab.cat\/cimitec\/articles-en-revistes\/2017-2\/\">2017 &gt;&gt;<\/a><\/div>\n<\/div>\n<\/div>\n<\/div>\n","protected":false},"excerpt":{"rendered":"","protected":false},"author":2651,"featured_media":0,"parent":28,"menu_order":5,"comment_status":"closed","ping_status":"closed","template":"","meta":{"footnotes":""},"class_list":["post-350","page","type-page","status-publish","hentry"],"_links":{"self":[{"href":"https:\/\/webs.uab.cat\/cimitec\/wp-json\/wp\/v2\/pages\/350","targetHints":{"allow":["GET"]}}],"collection":[{"href":"https:\/\/webs.uab.cat\/cimitec\/wp-json\/wp\/v2\/pages"}],"about":[{"href":"https:\/\/webs.uab.cat\/cimitec\/wp-json\/wp\/v2\/types\/page"}],"author":[{"embeddable":true,"href":"https:\/\/webs.uab.cat\/cimitec\/wp-json\/wp\/v2\/users\/2651"}],"replies":[{"embeddable":true,"href":"https:\/\/webs.uab.cat\/cimitec\/wp-json\/wp\/v2\/comments?post=350"}],"version-history":[{"count":7,"href":"https:\/\/webs.uab.cat\/cimitec\/wp-json\/wp\/v2\/pages\/350\/revisions"}],"predecessor-version":[{"id":2705,"href":"https:\/\/webs.uab.cat\/cimitec\/wp-json\/wp\/v2\/pages\/350\/revisions\/2705"}],"up":[{"embeddable":true,"href":"https:\/\/webs.uab.cat\/cimitec\/wp-json\/wp\/v2\/pages\/28"}],"wp:attachment":[{"href":"https:\/\/webs.uab.cat\/cimitec\/wp-json\/wp\/v2\/media?parent=350"}],"curies":[{"name":"wp","href":"https:\/\/api.w.org\/{rel}","templated":true}]}}