{"id":388,"date":"2023-06-20T09:38:35","date_gmt":"2023-06-20T07:38:35","guid":{"rendered":"https:\/\/webs.uab.cat\/gemmacimitec\/?page_id=388"},"modified":"2026-02-20T12:25:38","modified_gmt":"2026-02-20T10:25:38","slug":"2017-2","status":"publish","type":"page","link":"https:\/\/webs.uab.cat\/cimitec\/articles-en-revistes\/2017-2\/","title":{"rendered":"2017"},"content":{"rendered":"\n<ul class=\"wp-block-list\">\n<li>J. I. Cair\u00f3, J. Bonache, F. Paredes and F. Mart\u00edn,&nbsp;&#8220;<a rel=\"noreferrer noopener\" href=\"https:\/\/doi.org\/10.1109\/JRFID.2018.2801120\" data-type=\"URL\" target=\"_blank\">Reconfigurable System for Wireless Power Transfer (WPT) and Near Field Communications (NFC)<\/a>&#8220;,&nbsp; IEEE Journal of Radio Frequency Identification, vol. 1, no. 4, pp. 253-259, Dec. 2017. https:\/\/doi.org\/10.1109\/JRFID.2018.2801120. <a rel=\"noreferrer noopener\" href=\"https:\/\/ddd.uab.cat\/record\/187985\" data-type=\"URL\" data-id=\"https:\/\/ddd.uab.cat\/record\/187985\" target=\"_blank\">Open Access Version<\/a><\/li>\n\n\n\n<li>C. Herrojo, J. Mata-Contreras, A. N\u00fa\u00f1ez, F. Paredes, E. Ramon and F. Mart\u00edn,&nbsp;&#8220;<a rel=\"noreferrer noopener\" href=\"https:\/\/doi.org\/10.1109\/TMTT.2017.2768029\" data-type=\"URL\" data-id=\"https:\/\/doi.org\/10.1109\/TMTT.2017.2768029\" target=\"_blank\">Near-Field Chipless-RFID System With High Data Capacity for Security and Authentication Applications<\/a>&#8220;,&nbsp; IEEE Transactions on Microwave Theory and Techniques, vol. 65, no. 12, pp. 5298-5308, December 2017. https:\/\/doi.org\/10.1109\/TMTT.2017.2768029. <a rel=\"noreferrer noopener\" href=\"https:\/\/ddd.uab.cat\/record\/187954\" data-type=\"URL\" data-id=\"https:\/\/ddd.uab.cat\/record\/187954\" target=\"_blank\">Open Access Version<\/a><\/li>\n\n\n\n<li>Javier Mata-Contreras, Cristian Herrojo, Ferran Mart\u00edn,&nbsp;&#8220;<a rel=\"noreferrer noopener\" href=\"https:\/\/doi.org\/10.1109\/TMTT.2017.2693981\" data-type=\"URL\" data-id=\"https:\/\/doi.org\/10.1109\/TMTT.2017.2693981\" target=\"_blank\">Application of Split Ring Resonator (SRR) Loaded Transmission Lines to the Design of Angular Displacement and Velocity Sensors for Space Applications<\/a>&#8220;,&nbsp; IEEE Transactions on Microwave Theory and Techniques, vol. 65, no. 11, pp. 4450-4460, November 2017. https:\/\/doi.org\/10.1109\/TMTT.2017.2693981. <a rel=\"noreferrer noopener\" href=\"https:\/\/ddd.uab.cat\/record\/187955\" data-type=\"URL\" data-id=\"https:\/\/ddd.uab.cat\/record\/187955\" target=\"_blank\">Open Access Version<\/a><\/li>\n\n\n\n<li>Paris V\u00e9lez, Lijuan Su, Katia Grenier, Javier Mata-Contreras, David Dubuc, Ferran Mart\u00edn,&nbsp;&#8220;<a rel=\"noreferrer noopener\" href=\"https:\/\/doi.org\/10.1109\/JSEN.2017.2747764\" data-type=\"URL\" data-id=\"https:\/\/doi.org\/10.1109\/JSEN.2017.2747764\" target=\"_blank\">Microwave Microfluidic Sensor Based on a Microstrip Splitter\/Combiner Configuration and Split Ring Resonators (SRRs) for Dielectric Characterization of Liquids<\/a>&#8220;,&nbsp; IEEE Sensors Journal, Volume 17, Issue 20, pp. 6589-6598 October 2017. https:\/\/doi.org\/10.1109\/JSEN.2017.2747764. <a rel=\"noreferrer noopener\" href=\"https:\/\/ddd.uab.cat\/record\/188171\" data-type=\"URL\" data-id=\"https:\/\/ddd.uab.cat\/record\/188171\" target=\"_blank\">Open Access Version <\/a><\/li>\n\n\n\n<li>Cristian Herrojo, Javier Mata-Contreras, Ferran Paredes, Ferran Mart\u00edn,&nbsp;&#8220;<a rel=\"noreferrer noopener\" href=\"https:\/\/doi.org\/10.1051\/epjam\/2017008\" data-type=\"URL\" data-id=\"https:\/\/doi.org\/10.1051\/epjam\/2017008\" target=\"_blank\">High data density and capacity in chipless radiofrequency identification (chipless-RFID) tags based on double-chains of S-shaped split ring resonators (S-SRRs)&#8221;<\/a>,&nbsp; EPJ Applied Metamaterials, Volume 4, Article 8, October 2017. https:\/\/doi.org\/10.1051\/epjam\/2017008<\/li>\n\n\n\n<li>Jan Coromina, Jordi Selga, Paris V\u00e9lez, Jordi Bonache, Ferran Mart\u00edn,&nbsp;&#8220;<a rel=\"noreferrer noopener\" href=\"https:\/\/doi.org\/10.1002\/mop.30837\" data-type=\"URL\" data-id=\"https:\/\/doi.org\/10.1002\/mop.30837\" target=\"_blank\">Size reduction and harmonic suppression in branch line couplers implemented by means of capacitively loaded slow-wave transmission lines<\/a>&#8220;,&nbsp; Microwave and Optical Technology Letters, Volume 59, Issue 11, pp. 2822\u20132830, November 2017. https:\/\/doi.org\/10.1002\/mop.30837<\/li>\n\n\n\n<li>Cristian Herrojo, Javier Mata-Contreras, Ferran Paredes, Ferran Martin,&nbsp;&#8220;<a rel=\"noreferrer noopener\" href=\"https:\/\/doi.org\/10.1109\/JSEN.2017.2715982\" data-type=\"URL\" data-id=\"https:\/\/doi.org\/10.1109\/JSEN.2017.2715982\" target=\"_blank\">Microwave Encoders for Chipless RFID and Angular Velocity Sensors Based on S-Shaped Split Ring Resonators<\/a>&#8220;,&nbsp; IEEE Sensors Journal, vol. 17, no. 15, pp. 4805-4813, Aug. 2017. https:\/\/doi.org\/10.1109\/JSEN.2017.2715982. <a rel=\"noreferrer noopener\" href=\"https:\/\/ddd.uab.cat\/record\/187956\" data-type=\"URL\" data-id=\"https:\/\/ddd.uab.cat\/record\/187956\" target=\"_blank\">Open Access Version<\/a><\/li>\n\n\n\n<li>Simone Zuffanelli, Gerard Zamora, Ferran Paredes, Pau Aguil\u00e0, Ferran Martin, Jordi Bonache,&nbsp;&#8220;<a rel=\"noreferrer noopener\" href=\"https:\/\/doi.org\/10.1049\/iet-map.2016.0782\" data-type=\"URL\" data-id=\"https:\/\/doi.org\/10.1049\/iet-map.2016.0782\" target=\"_blank\">On-Metal UHF-RFID Passive Tags based on Complementary Split-Ring Resonators<\/a>&#8220;,&nbsp; IET Microwaves, Antennas &amp; Propagation, vol. 11, no. 7, pp. 1040-1044, July 2017. https:\/\/doi.org\/10.1049\/iet-map.2016.0782. <a rel=\"noreferrer noopener\" href=\"https:\/\/ddd.uab.cat\/record\/187986\" data-type=\"URL\" data-id=\"https:\/\/ddd.uab.cat\/record\/187986\" target=\"_blank\">Open Access Version<\/a><\/li>\n\n\n\n<li>Ferran Paredes, Ignasi Cair\u00f3, Simone Zuffanelli, Gerard Zamora, Jordi Bonache, Ferran Martin,&nbsp;&#8220;<a rel=\"noreferrer noopener\" href=\"https:\/\/doi.org\/10.1049\/iet-map.2016.0794\" data-type=\"URL\" data-id=\"https:\/\/doi.org\/10.1049\/iet-map.2016.0794\" target=\"_blank\">Compact Design of UHF RFID and NFC Antennas for Mobile Phones<\/a>&#8220;,&nbsp; IET Microwaves, Antennas &amp; Propagation, vol. 11, no. 7, pp. 1016-1019, July 2017. https:\/\/doi.org\/10.1049\/iet-map.2016.0794. <a rel=\"noreferrer noopener\" href=\"https:\/\/ddd.uab.cat\/record\/187952\" data-type=\"URL\" data-id=\"https:\/\/ddd.uab.cat\/record\/187952\" target=\"_blank\">Open Access Version<\/a><\/li>\n\n\n\n<li>Cristian Herrojo, Ferran Paredes, Javier Mata-Contreras, Simone Zuffanelli, Ferran Martin,&nbsp;&#8220;<a rel=\"noreferrer noopener\" href=\"https:\/\/doi.org\/10.1109\/TMTT.2017.2672547\" data-type=\"URL\" data-id=\"https:\/\/doi.org\/10.1109\/TMTT.2017.2672547\" target=\"_blank\">Multistate Multiresonator Spectral Signature Barcodes Implemented by Means of S-Shaped Split Ring Resonators (S-SRR)<\/a>&#8220;,&nbsp; IEEE Transactions on Microwave Theory and Techniques, vol. 65, no. 7, pp. 2341-2352, July 2017. https:\/\/doi.org\/10.1109\/TMTT.2017.2672547. <a rel=\"noreferrer noopener\" href=\"https:\/\/ddd.uab.cat\/record\/187957\" data-type=\"URL\" data-id=\"https:\/\/ddd.uab.cat\/record\/187957\" target=\"_blank\">Open Access Version<\/a><\/li>\n\n\n\n<li>Lijuan Su, Javier Mata-Contreras, Paris V\u00e9lez, and Ferran Mart\u00edn,&nbsp;&#8220;<a rel=\"noreferrer noopener\" href=\"https:\/\/doi.org\/10.1155\/2017\/5619728\" data-type=\"URL\" data-id=\"https:\/\/doi.org\/10.1155\/2017\/5619728\" target=\"_blank\">A Review of Sensing Strategies for Microwave Sensors Based on Metamaterial-Inspired Resonators: Dielectric Characterization, Displacement, and Angular Velocity Measurements for Health Diagnosis, Telecommunication, and Space Applications<\/a>&#8220;,&nbsp; International Journal of Antennas and Propagation, vol. 2017, Article ID 5619728, 13 pages, May 2017. https:\/\/doi.org\/10.1155\/2017\/5619728<\/li>\n\n\n\n<li>A. Rodr\u00edguez, J. Selga, M. Sans, F. Mart\u00edn, V.E. Boria,&nbsp;&#8220;<a rel=\"noreferrer noopener\" href=\"https:\/\/doi.org\/10.1002\/jnm.2121\" data-type=\"URL\" data-id=\"https:\/\/doi.org\/10.1002\/jnm.2121\" target=\"_blank\">Automated design of bandpass filters based on open complementary split ring resonators (OCSRRs) using aggressive space mapping (ASM) optimization<\/a>&#8220;,&nbsp; International Journal of Numerical Modelling: Electronic Networks, Devices and Fields, vol. 33, Issue 3-4, May-August 2017. https:\/\/doi.org\/10.1002\/jnm.2121<\/li>\n\n\n\n<li>Pau Aguil\u00e0, Simone Zuffanelli, Gerard Zamora, Ferran Paredes, Ferran Martin, Jordi Bonache,&nbsp;&#8220;<a rel=\"noreferrer noopener\" href=\"https:\/\/doi.org\/10.1109\/LAWP.2016.2629079\" data-type=\"URL\" data-id=\"https:\/\/doi.org\/10.1109\/LAWP.2016.2629079\" target=\"_blank\">Planar Yagi Antenna Array based on Electrically Small Resonators for WLAN Applications<\/a>&#8220;,&nbsp; IEEE Antennas and Wireless Propagation Letters, vol. 16, pp. 1233-1236, May 2017. https:\/\/doi.org\/10.1109\/LAWP.2016.2629079. <a rel=\"noreferrer noopener\" href=\"https:\/\/ddd.uab.cat\/record\/187987\" data-type=\"URL\" data-id=\"https:\/\/ddd.uab.cat\/record\/187987\" target=\"_blank\">Open Access Version<\/a><\/li>\n\n\n\n<li>Hengyi Sun, Changqing Gu, Xinlei Chen, Zhuo Li, Liangliang Liu, and Ferran Mart\u00edn&nbsp;&#8220;<a rel=\"noreferrer noopener\" href=\"https:\/\/doi.org\/10.1063\/1.4982916\" data-type=\"URL\" data-id=\"https:\/\/doi.org\/10.1063\/1.4982916\" target=\"_blank\">Ultra-wideband and broad-angle linear polarization conversion metasurface<\/a>&#8220;,&nbsp; Journal of Applied Physics, vol. 121, Article 174902, May 2017. https:\/\/doi.org\/10.1063\/1.4982916<\/li>\n\n\n\n<li>M. Orellana, J. Selga, P. V\u00e9lez, M. Sans, A. Rodr\u00edguez, J. Bonache, V.E. Boria, F. Mart\u00edn&nbsp;&#8220;<a rel=\"noreferrer noopener\" href=\"https:\/\/doi.org\/10.1109\/TMTT.2016.2638843\" data-type=\"URL\" data-id=\"https:\/\/doi.org\/10.1109\/TMTT.2016.2638843\" target=\"_blank\">Design of Capacitively Loaded Coupled-Line Bandpass Filters With Compact Size and Spurious Suppression<\/a>&#8220;,&nbsp; IEEE Transactions on Microwave Theory and Techniques, vol. 65, no. 4, pp. 1235-1248, April 2017. https:\/\/doi.org\/10.1109\/TMTT.2016.2638843. <a rel=\"noreferrer noopener\" href=\"http:\/\/hdl.handle.net\/10251\/155129\" data-type=\"URL\" data-id=\"http:\/\/hdl.handle.net\/10251\/155129\" target=\"_blank\">Open Access Version<\/a><\/li>\n\n\n\n<li>F. Martin, J. Naqui, A. Fernandez-Prieto, P. Velez, J. Bonache, J. Martel, F. Medina&nbsp;&#8220;<a rel=\"noreferrer noopener\" href=\"https:\/\/doi.org\/10.1109\/MMM.2016.2616180\" data-type=\"URL\" data-id=\"https:\/\/doi.org\/10.1109\/MMM.2016.2616180\" target=\"_blank\">The Beauty of Symmetry: Common-Mode Rejection Filters for High-Speed Interconnects and Band Microwave Circuits<\/a>&#8220;,&nbsp; IEEE Microwave Magazine, vol. 18, no. 1, pp. 42-55, Jan. 2017. https:\/\/doi.org\/10.1109\/MMM.2016.2616180. <a rel=\"noreferrer noopener\" href=\"https:\/\/ddd.uab.cat\/record\/188211\" data-type=\"URL\" data-id=\"https:\/\/ddd.uab.cat\/record\/188211\" target=\"_blank\">Open Access Version<\/a><\/li>\n<\/ul>\n\n\n\n<div class=\"wp-block-columns is-layout-flex wp-container-core-columns-is-layout-9d6595d7 wp-block-columns-is-layout-flex\">\n<div class=\"wp-block-column is-layout-flow wp-block-column-is-layout-flow\" style=\"flex-basis:25%\">\n<div class=\"wp-block-buttons is-layout-flex wp-block-buttons-is-layout-flex\">\n<div class=\"wp-block-button has-custom-width wp-block-button__width-100\"><a class=\"wp-block-button__link wp-element-button\" href=\"https:\/\/webs.uab.cat\/cimitec\/articles-en-revistes\/2018-2\/\">&lt;&lt; 2018<\/a><\/div>\n<\/div>\n<\/div>\n\n\n\n<div class=\"wp-block-column is-layout-flow wp-block-column-is-layout-flow\" style=\"flex-basis:50%\">\n<div class=\"wp-block-buttons is-layout-flex wp-block-buttons-is-layout-flex\">\n<div class=\"wp-block-button has-custom-width wp-block-button__width-100 is-style-outline is-style-outline--1\"><a class=\"wp-block-button__link wp-element-button\" href=\"https:\/\/webs.uab.cat\/cimitec\/articles-en-revistes\/\">\u00edndex<\/a><\/div>\n<\/div>\n<\/div>\n\n\n\n<div class=\"wp-block-column is-layout-flow wp-block-column-is-layout-flow\" style=\"flex-basis:25%\">\n<div class=\"wp-block-buttons is-layout-flex wp-block-buttons-is-layout-flex\">\n<div class=\"wp-block-button has-custom-width wp-block-button__width-100\"><a class=\"wp-block-button__link wp-element-button\" href=\"https:\/\/webs.uab.cat\/cimitec\/articles-en-revistes\/2016-2\/\">2016 &gt;&gt;<\/a><\/div>\n<\/div>\n<\/div>\n<\/div>\n\n\n\n<p><\/p>\n","protected":false},"excerpt":{"rendered":"","protected":false},"author":2651,"featured_media":0,"parent":28,"menu_order":6,"comment_status":"closed","ping_status":"closed","template":"","meta":{"footnotes":""},"class_list":["post-388","page","type-page","status-publish","hentry"],"_links":{"self":[{"href":"https:\/\/webs.uab.cat\/cimitec\/wp-json\/wp\/v2\/pages\/388","targetHints":{"allow":["GET"]}}],"collection":[{"href":"https:\/\/webs.uab.cat\/cimitec\/wp-json\/wp\/v2\/pages"}],"about":[{"href":"https:\/\/webs.uab.cat\/cimitec\/wp-json\/wp\/v2\/types\/page"}],"author":[{"embeddable":true,"href":"https:\/\/webs.uab.cat\/cimitec\/wp-json\/wp\/v2\/users\/2651"}],"replies":[{"embeddable":true,"href":"https:\/\/webs.uab.cat\/cimitec\/wp-json\/wp\/v2\/comments?post=388"}],"version-history":[{"count":7,"href":"https:\/\/webs.uab.cat\/cimitec\/wp-json\/wp\/v2\/pages\/388\/revisions"}],"predecessor-version":[{"id":2708,"href":"https:\/\/webs.uab.cat\/cimitec\/wp-json\/wp\/v2\/pages\/388\/revisions\/2708"}],"up":[{"embeddable":true,"href":"https:\/\/webs.uab.cat\/cimitec\/wp-json\/wp\/v2\/pages\/28"}],"wp:attachment":[{"href":"https:\/\/webs.uab.cat\/cimitec\/wp-json\/wp\/v2\/media?parent=388"}],"curies":[{"name":"wp","href":"https:\/\/api.w.org\/{rel}","templated":true}]}}