{"id":406,"date":"2023-06-20T12:49:12","date_gmt":"2023-06-20T10:49:12","guid":{"rendered":"https:\/\/webs.uab.cat\/gemmacimitec\/?page_id=406"},"modified":"2026-02-20T12:28:07","modified_gmt":"2026-02-20T10:28:07","slug":"2016-2","status":"publish","type":"page","link":"https:\/\/webs.uab.cat\/cimitec\/articles-en-revistes\/2016-2\/","title":{"rendered":"2016"},"content":{"rendered":"\n<ul class=\"wp-block-list\">\n<li>Marco Orellana, Jordi Selga, Paris V\u00e9lez, Marc Sans, Ana Rodr\u00edguez, Vicente Boria, Ferran Mart\u00edn,&nbsp;&#8220;<a rel=\"noreferrer noopener\" href=\"https:\/\/doi.org\/10.3970\/cmc.2016.052.157\" data-type=\"URL\" data-id=\"https:\/\/doi.org\/10.3970\/cmc.2016.052.157\" target=\"_blank\">Automated Synthesis of Wideband Bandpass Filters Based on Slow-wave EBG Structures<\/a>&#8220;,&nbsp; Computers, Materials &amp; Continua, vol. 52, no. 3, pp. 157-172, 2016. https:\/\/doi.org\/10.3970\/cmc.2016.052.157<\/li>\n\n\n\n<li>L. Su, J. Mata-Contreras, P. V\u00e9lez and F. Mart\u00edn,&nbsp;&#8220;<a rel=\"noreferrer noopener\" href=\"https:\/\/doi.org\/10.3390\/s16122195\" data-type=\"URL\" data-id=\"https:\/\/doi.org\/10.3390\/s16122195\" target=\"_blank\">Configurations of Splitter\/Combiner Microstrip Sections Loaded with Stepped Impedance Resonators (SIRs) for Sensing Applications<\/a>&#8220;,&nbsp; Sensors, vol. 16, no. 12, Dec. 2016. https:\/\/doi.org\/10.3390\/s16122195<\/li>\n\n\n\n<li>L. Su, J. Mata-Contreras, P. V\u00e9lez and F. Mart\u00edn,&nbsp;&#8220;<a rel=\"noreferrer noopener\" href=\"https:\/\/doi.org\/10.1109\/TMTT.2016.2623311\" data-type=\"URL\" data-id=\"https:\/\/doi.org\/10.1109\/TMTT.2016.2623311\" target=\"_blank\">Splitter\/Combiner Microstrip Sections Loaded With Pairs of Complementary Split Ring Resonators (CSRRs): Modeling and Optimization for Differential Sensing Applications<\/a>&#8220;,&nbsp; IEEE Transactions on Microwave Theory and Techniques, vol. 64, no. 12, pp. 4362-4370, Dec. 2016. https:\/\/doi.org\/10.1109\/TMTT.2016.2623311. <a rel=\"noreferrer noopener\" href=\"https:\/\/ddd.uab.cat\/record\/188190\" data-type=\"URL\" data-id=\"https:\/\/ddd.uab.cat\/record\/188190\" target=\"_blank\">Open Access Version<\/a><\/li>\n\n\n\n<li>Jordi Bonache, Gerard Zamora, Ferran Paredes, Simone Zuffanelli, Pau Aguil\u00e0, Ferran Mart\u00edn,&nbsp;&#8220;<a rel=\"noreferrer noopener\" href=\"https:\/\/doi.org\/10.1038\/srep37739\" data-type=\"URL\" data-id=\"https:\/\/doi.org\/10.1038\/srep37739\" target=\"_blank\">Controlling the Electromagnetic Field Confinement with Metamaterials<\/a>&#8220;,&nbsp; Scientific Reports, vol. 6, Article number: 37739 Nov. 2016. https:\/\/doi.org\/10.1038\/srep37739<\/li>\n\n\n\n<li>J. Naqui, C. Damm, A. Wiens, R. Jakoby, L. Su, J. Mata-Contreras, F. Mart\u00edn,&nbsp;&#8220;<a rel=\"noreferrer noopener\" href=\"https:\/\/doi.org\/10.1109\/TMTT.2016.2610423\" data-type=\"URL\" data-id=\"https:\/\/doi.org\/10.1109\/TMTT.2016.2610423\" target=\"_blank\">Transmission Lines Loaded With Pairs of Stepped Impedance Resonators: Modeling and Application to Differential Permittivity Measurements<\/a>&#8220;,&nbsp; IEEE Transactions on Microwave Theory and Techniques, vol. 64, no. 11, pp. 3864-3877, Nov. 2016. https:\/\/doi.org\/10.1109\/TMTT.2016.2610423. <a rel=\"noreferrer noopener\" href=\"https:\/\/ddd.uab.cat\/record\/188210\" data-type=\"URL\" data-id=\"https:\/\/ddd.uab.cat\/record\/188210\" target=\"_blank\">Open Access Version<\/a><\/li>\n\n\n\n<li>Jordi Naqui, Lijuan Su, Javier Mata, Ferran Mart\u00edn,&nbsp;&#8220;<a rel=\"noreferrer noopener\" href=\"https:\/\/doi.org\/10.1002\/mop.30134\" data-type=\"URL\" data-id=\"https:\/\/doi.org\/10.1002\/mop.30134\" target=\"_blank\">Coplanar waveguides loaded with symmetric and asymmetric pairs of slotted stepped impedance resonators: Modeling, applications, and comparison to SIR-loaded CPWS<\/a>&#8220;,&nbsp; Microwave and Optical Technology Letters, vol. 58, no. 11, pp. 2741-2745, Nov. 2016. https:\/\/doi.org\/10.1002\/mop.30134. <a rel=\"noreferrer noopener\" href=\"https:\/\/ddd.uab.cat\/record\/188191\" data-type=\"URL\" data-id=\"https:\/\/ddd.uab.cat\/record\/188191\" target=\"_blank\">Open Access Version<\/a><\/li>\n\n\n\n<li>A. K. Horestani, Z. Shaterian, J. Naqui, F. Mart\u00edn and C. Fumeaux,&nbsp;&#8220;<a rel=\"noreferrer noopener\" href=\"https:\/\/doi.org\/10.1109\/TAP.2016.2585183\" data-type=\"URL\" data-id=\"https:\/\/doi.org\/10.1109\/TAP.2016.2585183\" target=\"_blank\">Reconfigurable and Tunable S-Shaped Split-Ring Resonators and Application in Band-Notched UWB Antennas<\/a>&#8220;,&nbsp; IEEE Transactions on Antennas and Propagation, vol. 64, no. 9, pp. 3766-3776, Sept. 2016. https:\/\/doi.org\/10.1109\/TAP.2016.2585183<\/li>\n\n\n\n<li>Marc Sans, Jordi Selga, Paris V\u00e9lez, Ana Rodr\u00edguez, Jordi Bonache, Vicente E. Boria, Ferran Mart\u00edn,&nbsp;&#8220;<a rel=\"noreferrer noopener\" href=\"https:\/\/doi.org\/10.1017\/S1759078716000672\" data-type=\"URL\" data-id=\"https:\/\/doi.org\/10.1017\/S1759078716000672\" target=\"_blank\">Automated design of balanced wideband bandpass filters based on mirrored stepped impedance resonators (SIRs) and interdigital capacitors<\/a>&#8220;,&nbsp; International Journal of Microwave and Wireless Technologies, Vol. 8, Issue 4-5, pp. 731-740. June 2016. https:\/\/doi.org\/10.1017\/S1759078716000672. <a rel=\"noreferrer noopener\" href=\"http:\/\/hdl.handle.net\/10251\/83762\" data-type=\"URL\" data-id=\"http:\/\/hdl.handle.net\/10251\/83762\" target=\"_blank\">Open Access Version<\/a><\/li>\n\n\n\n<li>S. Zuffanelli, P. Aguil\u00e0, G. Zamora, F. Paredes, F. Mart\u00edn, J. Bonache,&nbsp;&#8220;<a rel=\"noreferrer noopener\" href=\"https:\/\/doi.org\/10.3390\/s16071150\" data-type=\"URL\" data-id=\"https:\/\/doi.org\/10.3390\/s16071150\" target=\"_blank\">A High-Gain Passive UHF-RFID Tag with Increased Read Range<\/a>&#8220;,&nbsp;Sensors, Vol. 16, No. 7, July 2016. https:\/\/doi.org\/10.3390\/s16071150.<\/li>\n\n\n\n<li>C. Herrojo, J. Naqui, F. Paredes, F. Mart\u00edn,&nbsp;&#8220;<a rel=\"noreferrer noopener\" href=\"https:\/\/doi.org\/10.1051\/epjam\/2016002\" data-type=\"URL\" data-id=\"https:\/\/doi.org\/10.1051\/epjam\/2016002\" target=\"_blank\">Spectral signature barcodes based on S-shaped Split Ring Resonators (S-SRRs)<\/a>&#8220;,&nbsp;EPJ Applied Metamaterials, Vol. 3, Article 1, June 2016. https:\/\/doi.org\/10.1051\/epjam\/2016002<\/li>\n\n\n\n<li>F. Paredes, S. Zuffanelli, P. Aguil\u00e0, G. Zamora, F. Mart\u00edn, J. Bonache,&nbsp;&#8220;<a rel=\"noreferrer noopener\" href=\"https:\/\/doi.org\/10.1007\/s00339-016-9895-z\" data-type=\"URL\" data-id=\"https:\/\/doi.org\/10.1007\/s00339-016-9895-z\" target=\"_blank\">2-SR-based electrically small antenna for RFID applications<\/a>&#8220;,&nbsp;Applied Physics A, 122:324, April 2016. https:\/\/doi.org\/10.1007\/s00339-016-9895-z. <a rel=\"noreferrer noopener\" href=\"https:\/\/ddd.uab.cat\/record\/163133\" data-type=\"URL\" data-id=\"https:\/\/ddd.uab.cat\/record\/163133\" target=\"_blank\">Open Access Version<\/a><\/li>\n\n\n\n<li>S. Zuffanelli, G. Zamora, P. Aguil\u00e0, F. Paredes, F. Mart\u00edn, J. Bonache,&nbsp;&#8220;<a rel=\"noreferrer noopener\" href=\"https:\/\/doi.org\/10.1109\/TAP.2015.2513084\" data-type=\"URL\" data-id=\"https:\/\/doi.org\/10.1109\/TAP.2015.2513084\" target=\"_blank\">Analysis of the Split Ring Resonator (SRR) Antenna Applied to Passive UHF-RFID Tag Design<\/a>&#8220;,&nbsp;IEEE Transactions on Antennas and Propagation, Volume: 64, Issue: 3, pp. 856-864, 2016. https:\/\/doi.org\/10.1109\/TAP.2015.2513084. <a rel=\"noreferrer noopener\" href=\"https:\/\/ddd.uab.cat\/record\/163134\" data-type=\"URL\" data-id=\"https:\/\/ddd.uab.cat\/record\/163134\" target=\"_blank\">Open Access Version<\/a><\/li>\n\n\n\n<li>L. Su, J. Naqui, J. Mata-Contreras, F. Mart\u00edn,&nbsp;&#8220;<a rel=\"noreferrer noopener\" href=\"https:\/\/doi.org\/10.1002\/mop.29658\" data-type=\"URL\" data-id=\"https:\/\/doi.org\/10.1002\/mop.29658\" target=\"_blank\">Coplanar waveguides loaded with symmetric and asymmetric multisection stepped impedance resonators: Modeling and potential applications<\/a>&#8220;,&nbsp;Microwave and Optical Technology Letters, Volume 58, Issue 3, pages 722\u2013726, March 2016. https:\/\/doi.org\/10.1002\/mop.29658. <a rel=\"noreferrer noopener\" href=\"https:\/\/ddd.uab.cat\/record\/163135\" data-type=\"URL\" data-id=\"https:\/\/ddd.uab.cat\/record\/163135\" target=\"_blank\">Open Access Version<\/a><\/li>\n\n\n\n<li>L. Su, J. Naqui, J. Mata-Contreras, F. Mart\u00edn,&nbsp;&#8220;<a rel=\"noreferrer noopener\" href=\"https:\/\/doi.org\/10.1109\/LAWP.2015.2435656\" data-type=\"URL\" data-id=\"https:\/\/doi.org\/10.1109\/LAWP.2015.2435656\" target=\"_blank\">Modeling and applications of metamaterial transmission lines loaded with pairs of coupled complementary split ring resonators (CSRRs)<\/a>&#8220;,&nbsp;IEEE Antennas and Wireless Propagation Letters, vol. 15, pp. 154-157, 2016. https:\/\/doi.org\/10.1109\/LAWP.2015.2435656. <a rel=\"noreferrer noopener\" href=\"https:\/\/ddd.uab.cat\/record\/163136\" data-type=\"URL\" data-id=\"https:\/\/ddd.uab.cat\/record\/163136\" target=\"_blank\">Open Access Version<\/a><\/li>\n\n\n\n<li>P. V\u00e9lez, M. Valero, L. Su, J. Naqui, J. Mata-Contreras, J. Bonache and F. Mart\u00edn,&nbsp;&#8220;<a rel=\"noreferrer noopener\" href=\"https:\/\/doi.org\/10.1002\/mop.29552\" data-type=\"URL\" data-id=\"https:\/\/doi.org\/10.1002\/mop.29552\" target=\"_blank\">Enhancing common-mode suppression in microstrip differential lines by means of chirped and multi-tuned electromagnetic bandgaps<\/a>&#8220;,&nbsp;Microwave and Optical Technology Letters, Volume 58, Issue 2, pages 328\u2013332, February 2016. https:\/\/doi.org\/10.1002\/mop.29552. <a rel=\"noreferrer noopener\" href=\"https:\/\/ddd.uab.cat\/record\/163137\" data-type=\"URL\" data-id=\"https:\/\/ddd.uab.cat\/record\/163137\" target=\"_blank\">Open Access Version<\/a><\/li>\n\n\n\n<li>P. V\u00e9lez, J. Bonache, F. Mart\u00edn,&nbsp;&#8220;<a rel=\"noreferrer noopener\" href=\"https:\/\/doi.org\/10.1109\/LMWC.2015.2505636\" data-type=\"URL\" data-id=\"https:\/\/doi.org\/10.1109\/LMWC.2015.2505636\" target=\"_blank\">Dual-Band Balanced Bandpass Filter With Common-Mode Suppression Based on Electrically Small Planar Resonators<\/a>&#8220;,&nbsp;IEEE Microwave and Wireless Components Letters, Vol. 26, Issue 1, pp. 16-18, January 2016.  https:\/\/doi.org\/10.1109\/LMWC.2015.2505636. <a rel=\"noreferrer noopener\" href=\"https:\/\/ddd.uab.cat\/record\/163138\" data-type=\"URL\" data-id=\"https:\/\/ddd.uab.cat\/record\/163138\" target=\"_blank\">Open Access Version<\/a><\/li>\n\n\n\n<li>L. Su, J. Naqui, J. Mata-Contreras, F. Martin,&nbsp;&#8220;<a rel=\"noreferrer noopener\" href=\"https:\/\/doi.org\/10.3390\/mi7010001\" data-type=\"URL\" data-id=\"https:\/\/doi.org\/10.3390\/mi7010001\" target=\"_blank\">Miniature Microwave Notch Filters and Comparators Based on Transmission Lines Loaded with Stepped Impedance Resonators (SIRs)<\/a>&#8220;,&nbsp;Micromachines, vol.7, num. 1, January 2016 (Review article). https:\/\/doi.org\/10.3390\/mi7010001<\/li>\n<\/ul>\n\n\n\n<div class=\"wp-block-columns is-layout-flex wp-container-core-columns-is-layout-9d6595d7 wp-block-columns-is-layout-flex\">\n<div class=\"wp-block-column is-layout-flow wp-block-column-is-layout-flow\" style=\"flex-basis:25%\">\n<div class=\"wp-block-buttons is-layout-flex wp-block-buttons-is-layout-flex\">\n<div class=\"wp-block-button has-custom-width wp-block-button__width-100\"><a class=\"wp-block-button__link wp-element-button\" href=\"https:\/\/webs.uab.cat\/cimitec\/articles-en-revistes\/2017-2\/\">&lt;&lt; 2017<\/a><\/div>\n<\/div>\n<\/div>\n\n\n\n<div class=\"wp-block-column is-layout-flow wp-block-column-is-layout-flow\" style=\"flex-basis:50%\">\n<div class=\"wp-block-buttons is-layout-flex wp-block-buttons-is-layout-flex\">\n<div class=\"wp-block-button has-custom-width wp-block-button__width-100 is-style-outline is-style-outline--1\"><a class=\"wp-block-button__link wp-element-button\" href=\"https:\/\/webs.uab.cat\/cimitec\/articles-en-revistes\/\">\u00edndex<\/a><\/div>\n<\/div>\n<\/div>\n\n\n\n<div class=\"wp-block-column is-layout-flow wp-block-column-is-layout-flow\" style=\"flex-basis:25%\">\n<div class=\"wp-block-buttons is-layout-flex wp-block-buttons-is-layout-flex\">\n<div class=\"wp-block-button has-custom-width wp-block-button__width-100\"><a class=\"wp-block-button__link wp-element-button\" href=\"https:\/\/webs.uab.cat\/cimitec\/articles-en-revistes\/2015-2\/\">2015 &gt;&gt;<\/a><\/div>\n<\/div>\n<\/div>\n<\/div>\n","protected":false},"excerpt":{"rendered":"","protected":false},"author":2651,"featured_media":0,"parent":28,"menu_order":7,"comment_status":"closed","ping_status":"closed","template":"","meta":{"footnotes":""},"class_list":["post-406","page","type-page","status-publish","hentry"],"_links":{"self":[{"href":"https:\/\/webs.uab.cat\/cimitec\/wp-json\/wp\/v2\/pages\/406","targetHints":{"allow":["GET"]}}],"collection":[{"href":"https:\/\/webs.uab.cat\/cimitec\/wp-json\/wp\/v2\/pages"}],"about":[{"href":"https:\/\/webs.uab.cat\/cimitec\/wp-json\/wp\/v2\/types\/page"}],"author":[{"embeddable":true,"href":"https:\/\/webs.uab.cat\/cimitec\/wp-json\/wp\/v2\/users\/2651"}],"replies":[{"embeddable":true,"href":"https:\/\/webs.uab.cat\/cimitec\/wp-json\/wp\/v2\/comments?post=406"}],"version-history":[{"count":5,"href":"https:\/\/webs.uab.cat\/cimitec\/wp-json\/wp\/v2\/pages\/406\/revisions"}],"predecessor-version":[{"id":2711,"href":"https:\/\/webs.uab.cat\/cimitec\/wp-json\/wp\/v2\/pages\/406\/revisions\/2711"}],"up":[{"embeddable":true,"href":"https:\/\/webs.uab.cat\/cimitec\/wp-json\/wp\/v2\/pages\/28"}],"wp:attachment":[{"href":"https:\/\/webs.uab.cat\/cimitec\/wp-json\/wp\/v2\/media?parent=406"}],"curies":[{"name":"wp","href":"https:\/\/api.w.org\/{rel}","templated":true}]}}