{"id":412,"date":"2023-06-20T13:40:32","date_gmt":"2023-06-20T11:40:32","guid":{"rendered":"https:\/\/webs.uab.cat\/gemmacimitec\/?page_id=412"},"modified":"2026-02-20T12:45:03","modified_gmt":"2026-02-20T10:45:03","slug":"2014-2","status":"publish","type":"page","link":"https:\/\/webs.uab.cat\/cimitec\/articles-en-revistes\/2014-2\/","title":{"rendered":"2014"},"content":{"rendered":"\n<ul class=\"wp-block-list\">\n<li>F. Mart\u00edn, J. Bonache,&nbsp;&#8220;<a rel=\"noreferrer noopener\" href=\"https:\/\/doi.org\/10.3390\/s141222848\" data-type=\"URL\" data-id=\"https:\/\/doi.org\/10.3390\/s141222848\" target=\"_blank\">Application of RF-MEMS-Based Split Ring Resonators (SRRs) to the Implementation of Reconfigurable Stopband Filters: A Review<\/a>&#8220;,&nbsp;Sensors, vol. 14, n\u00ba 12, 22848-22863, December 2014. https:\/\/doi.org\/10.3390\/s141222848<\/li>\n\n\n\n<li>M. Sans, J. Selga, A. Rodr\u00edguez, J. Bonache, V. E. Boria, F. Mart\u00edn,&nbsp;&#8220;<a rel=\"noreferrer noopener\" href=\"https:\/\/doi.org\/10.1109\/TMTT.2014.2365477\" data-type=\"URL\" data-id=\"https:\/\/doi.org\/10.1109\/TMTT.2014.2365477\" target=\"_blank\">Design of Planar Wideband Bandpass Filters From Specifications Using a Two-Step Aggressive Space Mapping (ASM) Optimization Algorithm<\/a>&#8220;,&nbsp;IEEE Transactions on Microwave Theory and Techniques, vol.62, no.12, pp.3341-3350, December 2014. https:\/\/doi.org\/10.1109\/TMTT.2014.2365477. <a rel=\"noreferrer noopener\" href=\"https:\/\/ddd.uab.cat\/record\/163068\" data-type=\"URL\" data-id=\"https:\/\/ddd.uab.cat\/record\/163068\" target=\"_blank\">Open Access Version<\/a><\/li>\n\n\n\n<li>J. Naqui and F. Mart\u00edn,&nbsp;&#8220;<a rel=\"noreferrer noopener\" href=\"https:\/\/doi.org\/10.3970\/cmc.2014.039.267\" data-type=\"URL\" data-id=\"https:\/\/doi.org\/10.3970\/cmc.2014.039.267\" target=\"_blank\">Some Applications of Metamaterial Resonators Based on Symmetry Properties<\/a>&#8220;,&nbsp;Computers, Materials and Continua (CMC), vol.39, no.3, pp.267-288, 2014. https:\/\/doi.org\/10.3970\/cmc.2014.039.267<\/li>\n\n\n\n<li>J. Selga, A. Rodr\u00edguez, M. Orellana, V. Boria, F. Mart\u00edn,&nbsp;&#8220;<a rel=\"noreferrer noopener\" href=\"https:\/\/doi.org\/10.1007\/s00339-014-8703-x\" data-type=\"URL\" data-id=\"https:\/\/doi.org\/10.1007\/s00339-014-8703-x\" target=\"_blank\">Automated synthesis of transmission lines loaded with complementary split ring resonators (CSRRs) and open complementary split ring resonators (OCSRRs) through aggressive space mapping (ASM)<\/a>&#8220;,&nbsp;Applied Physics A, Volume 117, Issue 2, pp 557-565, November 2014.https:\/\/doi.org\/10.1007\/s00339-014-8703-x. <a rel=\"noreferrer noopener\" href=\"https:\/\/ddd.uab.cat\/record\/163071\" data-type=\"URL\" data-id=\"https:\/\/ddd.uab.cat\/record\/163071\" target=\"_blank\">Open Access Version<\/a> <\/li>\n\n\n\n<li>P. V\u00e9lez, J. Bonache, F. Mart\u00edn,&nbsp;&#8220;<a rel=\"noreferrer noopener\" href=\"https:\/\/doi.org\/10.1016\/j.photonics.2014.05.006\" data-type=\"URL\" data-id=\"https:\/\/doi.org\/10.1016\/j.photonics.2014.05.006\" target=\"_blank\">Dual and broadband power dividers at microwave frequencies based on composite right\/left handed (CRLH) lattice networks<\/a>&#8220;,&nbsp;Photonics and Nanostructures &#8211; Fundamentals and Applications, vol.12, Issue 4, pp.269-278, August 2014. https:\/\/doi.org\/10.1016\/j.photonics.2014.05.006. <a rel=\"noreferrer noopener\" href=\"https:\/\/ddd.uab.cat\/record\/163072\" data-type=\"URL\" data-id=\"https:\/\/ddd.uab.cat\/record\/163072\" target=\"_blank\">Open Access Version<\/a><\/li>\n\n\n\n<li>J. Naqui, A. Fern\u00e1ndez-Prieto, F. Mesa, F. Medina, F. Mart\u00edn,&nbsp;&#8220;<a rel=\"noreferrer noopener\" href=\"https:\/\/doi.org\/10.1063\/1.4876444\" data-type=\"URL\" data-id=\"https:\/\/doi.org\/10.1063\/1.4876444\" target=\"_blank\">Effects of inter-resonator coupling in split ring resonator loaded metamaterial transmission lines<\/a>&#8220;,&nbsp;Journal of Applied Physics, Vol. 115, Issue 19, 194903, 2014. https:\/\/doi.org\/10.1063\/1.4876444. <a rel=\"noreferrer noopener\" href=\"https:\/\/ddd.uab.cat\/record\/163073\" data-type=\"URL\" data-id=\"https:\/\/ddd.uab.cat\/record\/163073\" target=\"_blank\">Open Access Version<\/a><\/li>\n\n\n\n<li>J. Naqui, M. Dur\u00e1n-Sindreu, F. Mart\u00edn,&nbsp;&#8220;<a rel=\"noreferrer noopener\" href=\"https:\/\/doi.org\/10.1007\/s00339-013-8031-6\" data-type=\"URL\" data-id=\"https:\/\/doi.org\/10.1007\/s00339-013-8031-6\" target=\"_blank\">Selective mode suppression in microstrip differential lines by means of electric-LC (ELC) and magnetic-LC (MLC) resonators<\/a>&#8220;,&nbsp;Applied Physics A, vol. 115, no.2, pp 637-643, May 2014. https:\/\/doi.org\/10.1007\/s00339-013-8031-6. <a rel=\"noreferrer noopener\" href=\"https:\/\/ddd.uab.cat\/record\/163076\" data-type=\"URL\" data-id=\"https:\/\/ddd.uab.cat\/record\/163076\" target=\"_blank\">Open Access Version<\/a><\/li>\n\n\n\n<li>A. K. Horestani, J. Naqui, D. Abbott, C. Fumeaux, and F. Mart\u00edn,&nbsp;\u201c<a rel=\"noreferrer noopener\" href=\"https:\/\/doi.org\/10.1049\/el.2014.0572\" data-type=\"URL\" data-id=\"https:\/\/doi.org\/10.1049\/el.2014.0572\" target=\"_blank\">Two-dimensional displacement and alignment sensor based on reflection coefficients of open microstrip lines loaded with split ring resonators<\/a>\u201d,&nbsp;Electronics Letters, vol. 50, pp. 620-622, April 2014. https:\/\/doi.org\/10.1049\/el.2014.0572. <a rel=\"noreferrer noopener\" href=\"https:\/\/ddd.uab.cat\/record\/163077\" data-type=\"URL\" data-id=\"https:\/\/ddd.uab.cat\/record\/163077\" target=\"_blank\">Open Access Version<\/a><\/li>\n\n\n\n<li>P. V\u00e9lez, M. Dur\u00e1n-Sindreu, A. Fern\u00e1ndez-Prieto, J. Bonache, F. Medina, F. Mart\u00edn,&nbsp;&#8220;<a rel=\"noreferrer noopener\" href=\"https:\/\/doi.org\/10.1109\/LAWP.2014.2311654\" data-type=\"URL\" data-id=\"https:\/\/doi.org\/10.1109\/LAWP.2014.2311654\" target=\"_blank\">Compact Dual-Band Differential Power Splitter With Common-Mode Suppression and Filtering Capability Based on Differential-Mode Composite Right\/Left-Handed Transmission-Line Metamaterials<\/a>&#8220;,&nbsp;IEEE Antennas and Wireless Propagation Letters, vol.13, pp.536-539, April 2014. https:\/\/doi.org\/10.1109\/LAWP.2014.2311654. <a rel=\"noreferrer noopener\" href=\"https:\/\/ddd.uab.cat\/record\/163078\" data-type=\"URL\" data-id=\"https:\/\/ddd.uab.cat\/record\/163078\" target=\"_blank\">Open Access Version<\/a><\/li>\n\n\n\n<li>A. K. Horestani, J. Naqui, Z. Shaterian, D. Abbott, C. Fumeaux, and F. Mart\u00edn,&nbsp;\u201c<a rel=\"noreferrer noopener\" href=\"https:\/\/doi.org\/10.1016\/j.sna.2014.01.030\" data-type=\"URL\" data-id=\"https:\/\/doi.org\/10.1016\/j.sna.2014.01.030\" target=\"_blank\">Two-Dimensional Alignment and Displacement Sensor based on Movable Broadside-coupled Split Ring Resonators<\/a>\u201d,&nbsp;Sensors and Actuators A, vol. 210, pp. 18-24, April 2014. https:\/\/doi.org\/10.1016\/j.sna.2014.01.030. <a rel=\"noreferrer noopener\" href=\"https:\/\/ddd.uab.cat\/record\/163080\" data-type=\"URL\" data-id=\"https:\/\/ddd.uab.cat\/record\/163080\" target=\"_blank\">Open Access Version<\/a><\/li>\n\n\n\n<li>P. V\u00e9lez, M. Dur\u00e1n-Sindreu, J. Naqui, J. Bonache, F. Mart\u00edn,&nbsp;&#8220;<a rel=\"noreferrer noopener\" href=\"https:\/\/doi.org\/10.1002\/mop.28211\" data-type=\"URL\" data-id=\"https:\/\/doi.org\/10.1002\/mop.28211\" target=\"_blank\">Common-mode suppressed differential bandpass filter based on open complementary split ring resonators fabricated in microstrip technology without ground plane etching<\/a>&#8220;,&nbsp;Microwave and Optical Technology Letters, Vol. 56, Issue 4, pp. 910-916, April 2014. https:\/\/doi.org\/10.1002\/mop.28211. <a rel=\"noreferrer noopener\" href=\"https:\/\/ddd.uab.cat\/record\/163102\" data-type=\"URL\" data-id=\"https:\/\/ddd.uab.cat\/record\/163102\" target=\"_blank\">Open Access Version<\/a><\/li>\n\n\n\n<li>J. Naqui, F. Mart\u00edn,&nbsp;&#8220;<a rel=\"noreferrer noopener\" href=\"https:\/\/doi.org\/10.1109\/JSEN.2013.2295518\" data-type=\"URL\" data-id=\"https:\/\/doi.org\/10.1109\/JSEN.2013.2295518\" target=\"_blank\">Angular Displacement and Velocity Sensors Based on Electric-LC (ELC) Loaded Microstrip Lines<\/a>&#8220;,&nbsp;IEEE Sensors Journal, vol.14, no.4, pp.939-940, April 2014. https:\/\/doi.org\/10.1109\/JSEN.2013.2295518. <a rel=\"noreferrer noopener\" href=\"https:\/\/ddd.uab.cat\/record\/163103\" data-type=\"URL\" data-id=\"https:\/\/ddd.uab.cat\/record\/163103\" target=\"_blank\">Open Access Version<\/a><\/li>\n\n\n\n<li>A. K. Horestani, M. Dur\u00e1n-Sindreu, J. Naqui, C. Fumeaux, and F. Mart\u00edn,&nbsp;\u201c<a rel=\"noreferrer noopener\" href=\"https:\/\/doi.org\/10.1109\/LMWC.2013.2291853\" data-type=\"URL\" data-id=\"https:\/\/doi.org\/10.1109\/LMWC.2013.2291853\" target=\"_blank\">S-Shaped Complementary Split Ring Resonators and Their Application to compact Differential Bandpass Filters with Common-Mode Suppression<\/a>\u201d,&nbsp;IEEE Microwave and Wireless Components Letters, vol. 24, no. 3, pp. 150-152, March 2014. https:\/\/doi.org\/10.1109\/LMWC.2013.2291853. <a rel=\"noreferrer noopener\" href=\"https:\/\/ddd.uab.cat\/record\/163105\" data-type=\"URL\" data-id=\"https:\/\/ddd.uab.cat\/record\/163105\" target=\"_blank\">Open Access Version<\/a><\/li>\n\n\n\n<li>J. Naqui, F. Mart\u00edn,&nbsp;&#8220;<a rel=\"noreferrer noopener\" href=\"https:\/\/doi.org\/10.1155\/2014\/346838\" data-type=\"URL\" data-id=\"https:\/\/doi.org\/10.1155\/2014\/346838\" target=\"_blank\">Mechanically Reconfigurable Microstrip Lines Loaded with Stepped Impedance Resonators and Potential Applications<\/a>&#8220;,&nbsp;International Journal of Antennas and Propagation, vol. 2014, Article ID 346838, 8 pages, February 2014. https:\/\/doi.org\/10.1155\/2014\/346838<\/li>\n\n\n\n<li>K. Afrooz, A. Abdipour, F. Mart\u00edn,&nbsp;&#8220;<a rel=\"noreferrer noopener\" href=\"https:\/\/doi.org\/10.1002\/mmce.20715\" data-type=\"URL\" data-id=\"https:\/\/doi.org\/10.1002\/mmce.20715\" target=\"_blank\">Finite difference time domain analysis of extended composite right\/left-handed transmission line equations<\/a>&#8220;,&nbsp;International Journal of RF and Microwave Computer-Aided Engineering, Volume 24, Issue 1, pp. 68-76, January 2014. https:\/\/doi.org\/10.1002\/mmce.20715. <\/li>\n<\/ul>\n\n\n\n<div class=\"wp-block-columns is-layout-flex wp-container-core-columns-is-layout-9d6595d7 wp-block-columns-is-layout-flex\">\n<div class=\"wp-block-column is-layout-flow wp-block-column-is-layout-flow\" style=\"flex-basis:25%\">\n<div class=\"wp-block-buttons is-layout-flex wp-block-buttons-is-layout-flex\">\n<div class=\"wp-block-button has-custom-width wp-block-button__width-100\"><a class=\"wp-block-button__link wp-element-button\" href=\"https:\/\/webs.uab.cat\/cimitec\/articles-en-revistes\/2015-2\/\">&lt;&lt; 2015<\/a><\/div>\n<\/div>\n<\/div>\n\n\n\n<div class=\"wp-block-column is-layout-flow wp-block-column-is-layout-flow\" style=\"flex-basis:50%\">\n<div class=\"wp-block-buttons is-layout-flex wp-block-buttons-is-layout-flex\">\n<div class=\"wp-block-button has-custom-width wp-block-button__width-100 is-style-outline is-style-outline--1\"><a class=\"wp-block-button__link wp-element-button\" href=\"https:\/\/webs.uab.cat\/cimitec\/articles-en-revistes\/\">\u00edndex<\/a><\/div>\n<\/div>\n<\/div>\n\n\n\n<div class=\"wp-block-column is-layout-flow wp-block-column-is-layout-flow\" style=\"flex-basis:25%\">\n<div class=\"wp-block-buttons is-layout-flex wp-block-buttons-is-layout-flex\">\n<div class=\"wp-block-button has-custom-width wp-block-button__width-100\"><a class=\"wp-block-button__link wp-element-button\" href=\"https:\/\/webs.uab.cat\/cimitec\/articles-en-revistes\/2013-2\/\">2013 &gt;&gt;<\/a><\/div>\n<\/div>\n<\/div>\n<\/div>\n\n\n\n<p><\/p>\n","protected":false},"excerpt":{"rendered":"","protected":false},"author":2651,"featured_media":0,"parent":28,"menu_order":9,"comment_status":"closed","ping_status":"closed","template":"","meta":{"footnotes":""},"class_list":["post-412","page","type-page","status-publish","hentry"],"_links":{"self":[{"href":"https:\/\/webs.uab.cat\/cimitec\/wp-json\/wp\/v2\/pages\/412","targetHints":{"allow":["GET"]}}],"collection":[{"href":"https:\/\/webs.uab.cat\/cimitec\/wp-json\/wp\/v2\/pages"}],"about":[{"href":"https:\/\/webs.uab.cat\/cimitec\/wp-json\/wp\/v2\/types\/page"}],"author":[{"embeddable":true,"href":"https:\/\/webs.uab.cat\/cimitec\/wp-json\/wp\/v2\/users\/2651"}],"replies":[{"embeddable":true,"href":"https:\/\/webs.uab.cat\/cimitec\/wp-json\/wp\/v2\/comments?post=412"}],"version-history":[{"count":6,"href":"https:\/\/webs.uab.cat\/cimitec\/wp-json\/wp\/v2\/pages\/412\/revisions"}],"predecessor-version":[{"id":2717,"href":"https:\/\/webs.uab.cat\/cimitec\/wp-json\/wp\/v2\/pages\/412\/revisions\/2717"}],"up":[{"embeddable":true,"href":"https:\/\/webs.uab.cat\/cimitec\/wp-json\/wp\/v2\/pages\/28"}],"wp:attachment":[{"href":"https:\/\/webs.uab.cat\/cimitec\/wp-json\/wp\/v2\/media?parent=412"}],"curies":[{"name":"wp","href":"https:\/\/api.w.org\/{rel}","templated":true}]}}