{"id":419,"date":"2023-06-21T09:05:16","date_gmt":"2023-06-21T07:05:16","guid":{"rendered":"https:\/\/webs.uab.cat\/gemmacimitec\/?page_id=419"},"modified":"2026-02-20T12:54:46","modified_gmt":"2026-02-20T10:54:46","slug":"2013-2","status":"publish","type":"page","link":"https:\/\/webs.uab.cat\/cimitec\/articles-en-revistes\/2013-2\/","title":{"rendered":"2013"},"content":{"rendered":"\n<ul class=\"wp-block-list\">\n<li>G. Zamora, S. Zuffanelli, F. Paredes, F. Javier Herraiz-Mart\u00ednez, F. Mart\u00edn, J. Bonache,&nbsp;\u201c<a rel=\"noreferrer noopener\" href=\"https:\/\/doi.org\/10.1109\/LAWP.2013.2287525\" data-type=\"URL\" data-id=\"https:\/\/doi.org\/10.1109\/LAWP.2013.2287525\" target=\"_blank\">Fundamental mode leaky-wave-antenna (LWA) using slotline and split-ring-resonator (SRR) based metamaterials<\/a>\u201d,&nbsp;IEEE Antennas and Wireless Propagation Letters, vol. 12, pp. 1424-1427, 2013. https:\/\/doi.org\/10.1109\/LAWP.2013.2287525<\/li>\n\n\n\n<li>G. Zamora, F. Paredes, S. Zuffanelli, F. Mart\u00edn, and J. Bonache,&nbsp;\u201c<a rel=\"noreferrer noopener\" href=\"https:\/\/doi.org\/10.1109\/TMTT.2013.2287856\" data-type=\"URL\" data-id=\"https:\/\/doi.org\/10.1109\/TMTT.2013.2287856\" target=\"_blank\">Design and Synthesis Methodology for UHF-RFID Tags Based on the T-match Network<\/a>\u201d,&nbsp;IEEE Transactions on Microwave Theory and Techniques, vol 61(12), pp, 4090-4098, Dec. 2013. https:\/\/doi.org\/10.1109\/TMTT.2013.2287856<\/li>\n\n\n\n<li>S. Zuffanelli, G. Zamora, F. Paredes, F. Mart\u00edn, and J. Bonache,&nbsp;\u201c<a rel=\"noreferrer noopener\" href=\"https:\/\/doi.org\/10.1109\/TAP.2013.2282277\" data-type=\"URL\" data-id=\"https:\/\/doi.org\/10.1109\/TAP.2013.2282277\" target=\"_blank\">An approach for the design of passive UHF-RFID tags mounted on optical discs<\/a>\u201d,&nbsp;IEEE Transactons on Antennas and Propagation, vol. 61(12), pp. 5860-5867, Dec. 2013.https:\/\/doi.org\/10.1109\/TAP.2013.2282277 <\/li>\n\n\n\n<li>J. Naqui, and F. Mart\u00edn,&nbsp;\u201c<a rel=\"noreferrer noopener\" href=\"https:\/\/doi.org\/10.1109\/TMTT.2013.2285356\" data-type=\"URL\" data-id=\"https:\/\/doi.org\/10.1109\/TMTT.2013.2285356\" target=\"_blank\">Transmission Lines Loaded with Bisymmetric Resonators and Their Application to Angular Displacement and Velocity Sensors<\/a>\u201d,&nbsp;IEEE Transactions on Microwave Theory and Techniques, vol. 61(12), pp. 4700-4713, Dec. 2013. https:\/\/doi.org\/10.1109\/TMTT.2013.2285356<\/li>\n\n\n\n<li>F. Paredes, G. Zamora, S. Zuffanelli, F. J. Herraiz-Martinez, F. Martin, and J. Bonache,&nbsp;&#8220;<a rel=\"noreferrer noopener\" href=\"http:\/\/dx.doi.org\/10.2528\/PIER13051312\" data-type=\"URL\" data-id=\"http:\/\/dx.doi.org\/10.2528\/PIER13051312\" target=\"_blank\">Free-Space and on-Metal Dual-Band Tag for UHF-RFID Applications in Europe and USA<\/a>&#8220;,&nbsp;Progress In Electromagnetics Research, Vol. 141, 577-590, August 2013. http:\/\/dx.doi.org\/10.2528\/PIER13051312<\/li>\n\n\n\n<li>G. Zamora, F. Paredes, F. Javier Herraiz-Mart\u00ednez, F. Mart\u00edn, J. Bonache,&nbsp;\u201c<a rel=\"noreferrer noopener\" href=\"https:\/\/doi.org\/10.1049\/iet-map.2013.0158\" data-type=\"URL\" data-id=\"https:\/\/doi.org\/10.1049\/iet-map.2013.0158\" target=\"_blank\">Bandwidth limitations of ultra high frequency\u2013radio frequency identification tags<\/a>\u201d,&nbsp;IET Microwaves, Antennas &amp; Propagation, vol.7, no.10, pp.788-794, July 2013. https:\/\/doi.org\/10.1049\/iet-map.2013.0158<\/li>\n\n\n\n<li>J. Selga, A. Rodr\u00edguez, V. E. Boria, F. Mart\u00edn,&nbsp;&#8220;<a rel=\"noreferrer noopener\" href=\"https:\/\/doi.org\/10.1109\/TMTT.2013.2259254\" data-type=\"URL\" data-id=\"https:\/\/doi.org\/10.1109\/TMTT.2013.2259254\" target=\"_blank\">Synthesis of Split-Rings-Based Arti\ufb01cial Transmission Lines Through a New Two-Step, Fast Converging, and Robust Aggressive Space Mapping (ASM) Algorithm<\/a>&#8220;,&nbsp;IEEE Transactions on Microwave Theory and Techniques, Vol. 61, Issue 6, pp. 2295-2308, June 2013. https:\/\/doi.org\/10.1109\/TMTT.2013.2259254. <a rel=\"noreferrer noopener\" href=\"http:\/\/hdl.handle.net\/10251\/55795\" data-type=\"URL\" data-id=\"http:\/\/hdl.handle.net\/10251\/55795\" target=\"_blank\">Open Access Version<\/a><\/li>\n\n\n\n<li>Miguel Dur\u00e1n-Sindreu, Jordi Bonache, Ferran Mart\u00edn and Tatsuo Itoh,&nbsp;&#8220;<a rel=\"noreferrer noopener\" href=\"https:\/\/doi.org\/10.1017\/S1759078713000433\" data-type=\"URL\" data-id=\"https:\/\/doi.org\/10.1017\/S1759078713000433\" target=\"_blank\">Single-layer fully-planar extended-composite right-\/left-handed transmission lines based on substrate integrated waveguides for dual-band and quad-band applications<\/a>&#8220;,&nbsp;International Journal of Microwave and Wireless Technologies, Volume 5, Special Issue 03, pp 213-220, June 2013. https:\/\/doi.org\/10.1017\/S1759078713000433<\/li>\n\n\n\n<li>J. Naqui, M. Dur\u00e1n-Sindreu, F. Mart\u00edn,&nbsp;&#8220;<a rel=\"noreferrer noopener\" href=\"https:\/\/doi.org\/10.1155\/2013\/640514\" data-type=\"URL\" data-id=\"https:\/\/doi.org\/10.1155\/2013\/640514\" target=\"_blank\">Differential and Single-Ended Microstrip Lines Loaded with Slotted Magnetic-LC Resonators<\/a>&#8220;,&nbsp;International Journal of Antennas and Propagation, Volume 2013, Article ID 640514, May 2013. https:\/\/doi.org\/10.1155\/2013\/640514<\/li>\n\n\n\n<li>A. Fern\u00e1ndez-Prieto, J. Martel, F. Medina, F. Mesa, S. Qian, J.-S. Hong, J. Naqui, and F. Martin,&nbsp;&#8220;<a rel=\"noreferrer noopener\" href=\"http:\/\/dx.doi.org\/10.2528\/PIER13041405\" data-type=\"URL\" data-id=\"http:\/\/dx.doi.org\/10.2528\/PIER13041405\" target=\"_blank\">Dual-band differential filter using broadband common-mode rejection artificial transmission line<\/a>&#8220;,&nbsp;Progress In Electromagnetics Research, Vol. 139, 779-797, May 2013. http:\/\/dx.doi.org\/10.2528\/PIER13041405<\/li>\n\n\n\n<li>M. Dur\u00e1n-Sindreu, C. Damm, M. Sazegar, J. Bonache, R. Jakoby, F. Mart\u00edn,&nbsp;&#8220;<a rel=\"noreferrer noopener\" href=\"https:\/\/doi.org\/10.1049\/iet-map.2012.0184\" data-type=\"URL\" data-id=\"https:\/\/doi.org\/10.1049\/iet-map.2012.0184\" target=\"_blank\">Applications of electrically tunable composite right\/left handed transmission lines based on barium\u2013strontium\u2013titanate thick films and open resonators<\/a>&#8220;,&nbsp;IET Microwaves, Antennas &amp; Propagation, doi: 10.1049\/iet-map.2012.0184, 2013. https:\/\/doi.org\/10.1049\/iet-map.2012.0184<\/li>\n\n\n\n<li>J. Naqui, M. Dur\u00e1n-Sindreu, F. Mart\u00edn,&nbsp;&#8220;<a rel=\"noreferrer noopener\" href=\"https:\/\/doi.org\/10.1109\/LAWP.2013.2245095\" data-type=\"URL\" data-id=\"https:\/\/doi.org\/10.1109\/LAWP.2013.2245095\" target=\"_blank\">Modeling Split-Ring Resonator (SRR) and Complementary Split-Ring Resonator (CSRR) Loaded Transmission Lines Exhibiting Cross-Polarization Effects<\/a>&#8220;,&nbsp;IEEE Antennas and Wireless Propagation Letters, vol. 12, pp. 178-181, March 2013. https:\/\/doi.org\/10.1109\/LAWP.2013.2245095<\/li>\n\n\n\n<li>P. V\u00e9lez, J. Naqui, A. Fern\u00e1ndez-Prieto, M. Dur\u00e1n-Sindreu, J. Bonache, J. Martel, F. Medina, F. Mart\u00edn,&nbsp;&#8220;<a rel=\"noreferrer noopener\" href=\"https:\/\/doi.org\/10.1109\/LMWC.2012.2236083\" data-type=\"URL\" data-id=\"https:\/\/doi.org\/10.1109\/LMWC.2012.2236083\" target=\"_blank\">Differential Bandpass Filter With Common-Mode Suppression Based on Open Split Ring Resonators and Open Complementary Split Ring Resonators<\/a>&#8220;,&nbsp;IEEE Microwave and Wireless Components Letters, vol. 23, Issue 1, pp. 22-24, January 2013. https:\/\/doi.org\/10.1109\/LMWC.2012.2236083<\/li>\n<\/ul>\n\n\n\n<div class=\"wp-block-columns is-layout-flex wp-container-core-columns-is-layout-9d6595d7 wp-block-columns-is-layout-flex\">\n<div class=\"wp-block-column is-layout-flow wp-block-column-is-layout-flow\" style=\"flex-basis:25%\">\n<div class=\"wp-block-buttons is-layout-flex wp-block-buttons-is-layout-flex\">\n<div class=\"wp-block-button has-custom-width wp-block-button__width-100\"><a class=\"wp-block-button__link wp-element-button\" href=\"https:\/\/webs.uab.cat\/cimitec\/articles-en-revistes\/2014-2\/\">&lt;&lt; 2014<\/a><\/div>\n<\/div>\n<\/div>\n\n\n\n<div class=\"wp-block-column is-layout-flow wp-block-column-is-layout-flow\" style=\"flex-basis:50%\">\n<div class=\"wp-block-buttons is-layout-flex wp-block-buttons-is-layout-flex\">\n<div class=\"wp-block-button has-custom-width wp-block-button__width-100 is-style-outline is-style-outline--1\"><a class=\"wp-block-button__link wp-element-button\" href=\"https:\/\/webs.uab.cat\/cimitec\/articles-en-revistes\/\">\u00edndex<\/a><\/div>\n<\/div>\n<\/div>\n\n\n\n<div class=\"wp-block-column is-layout-flow wp-block-column-is-layout-flow\" style=\"flex-basis:25%\">\n<div class=\"wp-block-buttons is-layout-flex wp-block-buttons-is-layout-flex\">\n<div class=\"wp-block-button has-custom-width wp-block-button__width-100\"><a class=\"wp-block-button__link wp-element-button\" href=\"https:\/\/webs.uab.cat\/cimitec\/articles-en-revistes\/2012-2\/\">2012 &gt;&gt;<\/a><\/div>\n<\/div>\n<\/div>\n<\/div>\n","protected":false},"excerpt":{"rendered":"","protected":false},"author":2651,"featured_media":0,"parent":28,"menu_order":10,"comment_status":"closed","ping_status":"closed","template":"","meta":{"footnotes":""},"class_list":["post-419","page","type-page","status-publish","hentry"],"_links":{"self":[{"href":"https:\/\/webs.uab.cat\/cimitec\/wp-json\/wp\/v2\/pages\/419","targetHints":{"allow":["GET"]}}],"collection":[{"href":"https:\/\/webs.uab.cat\/cimitec\/wp-json\/wp\/v2\/pages"}],"about":[{"href":"https:\/\/webs.uab.cat\/cimitec\/wp-json\/wp\/v2\/types\/page"}],"author":[{"embeddable":true,"href":"https:\/\/webs.uab.cat\/cimitec\/wp-json\/wp\/v2\/users\/2651"}],"replies":[{"embeddable":true,"href":"https:\/\/webs.uab.cat\/cimitec\/wp-json\/wp\/v2\/comments?post=419"}],"version-history":[{"count":7,"href":"https:\/\/webs.uab.cat\/cimitec\/wp-json\/wp\/v2\/pages\/419\/revisions"}],"predecessor-version":[{"id":2721,"href":"https:\/\/webs.uab.cat\/cimitec\/wp-json\/wp\/v2\/pages\/419\/revisions\/2721"}],"up":[{"embeddable":true,"href":"https:\/\/webs.uab.cat\/cimitec\/wp-json\/wp\/v2\/pages\/28"}],"wp:attachment":[{"href":"https:\/\/webs.uab.cat\/cimitec\/wp-json\/wp\/v2\/media?parent=419"}],"curies":[{"name":"wp","href":"https:\/\/api.w.org\/{rel}","templated":true}]}}