{"id":424,"date":"2023-06-21T09:57:41","date_gmt":"2023-06-21T07:57:41","guid":{"rendered":"https:\/\/webs.uab.cat\/gemmacimitec\/?page_id=424"},"modified":"2026-02-20T12:59:30","modified_gmt":"2026-02-20T10:59:30","slug":"2011-2","status":"publish","type":"page","link":"https:\/\/webs.uab.cat\/cimitec\/articles-en-revistes\/2011-2\/","title":{"rendered":"2011"},"content":{"rendered":"\n<ul class=\"wp-block-list\">\n<li>F.J. Herraiz-Mart\u00ednez, G. Zamora, F. Paredes, F. Mart\u00edn, and J. Bonache,&nbsp;\u201c<a rel=\"noreferrer noopener\" href=\"https:\/\/doi.org\/10.1109\/LAWP.2011.2181309\" data-type=\"URL\" data-id=\"https:\/\/doi.org\/10.1109\/LAWP.2011.2181309\" target=\"_blank\">Multiband Printed Monopole Antennas Loaded With OCSRRs for PANs and WLANs<\/a>\u201d,&nbsp;IEEE Antennas and Wireless Propagation Letters, vol. 10, pp. 1528 &#8211; 1531, December 2011. https:\/\/doi.org\/10.1109\/LAWP.2011.2181309<\/li>\n\n\n\n<li>M. Dur\u00e1n-Sindreu, P. V\u00e9lez, J. Bonache, F. Mart\u00edn,&nbsp;&#8220;<a rel=\"noreferrer noopener\" href=\"https:\/\/www.radioeng.cz\/fulltexts\/2011\/11_04_775_784.pdf\" data-type=\"URL\" data-id=\"https:\/\/www.radioeng.cz\/fulltexts\/2011\/11_04_775_784.pdf\" target=\"_blank\">Broadband Microwave Filters Based on Open Split Ring Resonators (OSRRs) and Open Complementary Split Ring Resonators (OCSRRs): Improved Models and Design Optimization<\/a>&#8220;,&nbsp;Radioengineering , vol. 20, no. 4, pp. 775 &#8211; 783, December 2011<\/li>\n\n\n\n<li>M. Dur\u00e1n-Sindreu, J. Bonache, F. Mart\u00edn,&nbsp;&#8220;<a rel=\"noreferrer noopener\" href=\"https:\/\/doi.org\/10.1109\/LMWC.2011.2170671\" data-type=\"URL\" data-id=\"https:\/\/doi.org\/10.1109\/LMWC.2011.2170671\" target=\"_blank\">Compact Wideband CPW Bandpass Filters With Transmission Zeros Based on Stepped Impedance Resonators (SIR)<\/a>&#8220;,&nbsp;IEEE Microwave and Wireless Components Letters , vol. 21, no. 12, pp. 664 &#8211; 666, December 2011. https:\/\/doi.org\/10.1109\/LMWC.2011.2170671<\/li>\n\n\n\n<li>M. Dur\u00e1n-Sindreu, A. V\u00e9lez, G. Sis\u00f3, P. V\u00e9lez, J. Selga, J. Bonache, F. Mart\u00edn,&nbsp;&#8220;<a rel=\"noreferrer noopener\" href=\"https:\/\/doi.org\/10.1109\/JPROC.2011.2114870\" data-type=\"URL\" data-id=\"https:\/\/doi.org\/10.1109\/JPROC.2011.2114870\" target=\"_blank\">Recent Advances in Metamaterial Transmission Lines Based on Split Rings<\/a>&#8220;,&nbsp;Proceedings of the IEEE, vol.99, no. 10, pp. 1701 &#8211; 1710, October 2011. https:\/\/doi.org\/10.1109\/JPROC.2011.2114870<\/li>\n\n\n\n<li>M. Dur\u00e1n-Sindreu, P. V\u00e9lez, J. Bonache, F. Mart\u00edn,&nbsp;&#8220;<a rel=\"noreferrer noopener\" href=\"https:\/\/doi.org\/10.1016\/j.metmat.2011.03.002\" data-type=\"URL\" data-id=\"https:\/\/doi.org\/10.1016\/j.metmat.2011.03.002\" target=\"_blank\">High-order coplanar waveguide (CPW) filters implemented by means of open split ring resonators (OSRRs) and open complementary split ring resonators (OCSRRs)<\/a>&#8220;,&nbsp;Metamaterials, vol.5, no. 2-3, pp. 51-55, June\/September 2011. https:\/\/doi.org\/10.1016\/j.metmat.2011.03.002<\/li>\n\n\n\n<li>F. Paredes, G. Zamora, F.J. Herraiz-Mart\u00ednez, F. Mart\u00edn, and J. Bonache,&nbsp;\u201c<a rel=\"noreferrer noopener\" href=\"https:\/\/doi.org\/10.1109\/LAWP.2011.2162716\" data-type=\"URL\" data-id=\"https:\/\/doi.org\/10.1109\/LAWP.2011.2162716\" target=\"_blank\">Dual-band UHF-RFID tags based on meander line antennas loaded with spiral resonators<\/a>\u201d,&nbsp;IEEE Antennas and Wireless Propagation Letters, vol. 10, pp. 768-771, August 2011. https:\/\/doi.org\/10.1109\/LAWP.2011.2162716<\/li>\n\n\n\n<li>J. Naqui, M. Dur\u00e1n-Sindreu, J. Bonache and F. Mart\u00edn,&nbsp;\u201c<a rel=\"noreferrer noopener\" href=\"https:\/\/doi.org\/10.1049\/iet-map.2010.0612\" data-type=\"URL\" data-id=\"https:\/\/doi.org\/10.1049\/iet-map.2010.0612\" target=\"_blank\">Implementation of shunt connected series resonators through stepped-impedance shunt stubs: analysis and limitations<\/a>\u201d,&nbsp;IET Microwaves Antennas and Propagation, vol. 5, pp. 1336-1342, August 2011. https:\/\/doi.org\/10.1049\/iet-map.2010.0612<\/li>\n\n\n\n<li>J. Naqui, M. Dur\u00e1n-Sindreu, F. Mart\u00edn,&nbsp;&#8220;<a rel=\"noreferrer noopener\" href=\"https:\/\/doi.org\/10.3390\/s110807545\" data-type=\"URL\" data-id=\"https:\/\/doi.org\/10.3390\/s110807545\" target=\"_blank\">Novel Sensors Based on the Symmetry Properties of Split Ring Resonators (SRRs)<\/a>&#8220;,&nbsp;Sensors, vol.11, no.8, pp.7545-7553, July 2011. https:\/\/doi.org\/10.3390\/s110807545<\/li>\n\n\n\n<li>D. Bouyge, D. Mardivirin, J. Bonache, A. Crunteanu, A. Pothier, M. Dur\u00e1n-Sindreu, P. Blondy, F. Mart\u00edn,&nbsp;&#8220;<a rel=\"noreferrer noopener\" href=\"https:\/\/doi.org\/10.1109\/LMWC.2011.2124450\" data-type=\"URL\" data-id=\"https:\/\/doi.org\/10.1109\/LMWC.2011.2124450\" target=\"_blank\">Split Ring Resonators (SRRs) Based on Micro-Electro-Mechanical Deflectable Cantilever-Type Rings: Application to Tunable Stopband Filters<\/a>&#8220;,&nbsp;IEEE Microwaves and Wireless Components Letters, vol.21, no.5, pp.243-245, May 2011. https:\/\/doi.org\/10.1109\/LMWC.2011.2124450<\/li>\n\n\n\n<li>M. Gil, C. Damm, M. Maasch, M. Sazegar, A. Giere, F. Aznar, A. V\u00e9lez, J. Bonache, R. Jakoby, F. Mart\u00edn,&nbsp;\u201c<a rel=\"noreferrer noopener\" href=\"https:\/\/doi.org\/10.1049\/iet-map.2010.0087\" data-type=\"URL\" data-id=\"https:\/\/doi.org\/10.1049\/iet-map.2010.0087\" target=\"_blank\">Tunable Sub-wavelength Resonators based on Barium-Strontium-Titanate Thick-film Technology<\/a>\u201d,&nbsp;IET Microwaves Antennas and Propagation, vol. 5, pp. 316-323, February 2011. https:\/\/doi.org\/10.1049\/iet-map.2010.0087<\/li>\n\n\n\n<li>A. V\u00e9lez, F. Aznar, M. Dur\u00e1n-Sindreu, J. Bonache, F. Mart\u00edn,&nbsp;&#8220;<a rel=\"noreferrer noopener\" href=\"https:\/\/doi.org\/10.1049\/iet-map.2009.0547\" data-type=\"URL\" data-id=\"https:\/\/doi.org\/10.1049\/iet-map.2009.0547\" target=\"_blank\">Tunable coplanar waveguide band-stop and band-pass filters based on open split ring resonators and open complementary split ring resonators<\/a>&#8220;,&nbsp;IET Microwaves, Antennas &amp; Propagation, vol.5, no.3, pp.277-281, February 2011. https:\/\/doi.org\/10.1049\/iet-map.2009.0547<\/li>\n\n\n\n<li>A. V\u00e9lez, G. Sis\u00f3, A. Campo, M. Dur\u00e1n-Sindreu, J. Bonache and F. Mart\u00edn,&nbsp;\u201c<a rel=\"noreferrer noopener\" href=\"https:\/\/doi.org\/10.1007\/s00339-011-6253-z\" data-type=\"URL\" data-id=\"https:\/\/doi.org\/10.1007\/s00339-011-6253-z\" target=\"_blank\">Dual-band microwave duplexer based on spiral resonators (SR) and complementary split ring resonators (CSRR)<\/a>&#8220;,&nbsp;Applied Physics A, vol. 103, pp. 911-914, January 2011. https:\/\/doi.org\/10.1007\/s00339-011-6253-z<\/li>\n<\/ul>\n\n\n\n<div class=\"wp-block-columns is-layout-flex wp-container-core-columns-is-layout-9d6595d7 wp-block-columns-is-layout-flex\">\n<div class=\"wp-block-column is-layout-flow wp-block-column-is-layout-flow\" style=\"flex-basis:25%\">\n<div class=\"wp-block-buttons is-layout-flex wp-block-buttons-is-layout-flex\">\n<div class=\"wp-block-button has-custom-width wp-block-button__width-100\"><a class=\"wp-block-button__link wp-element-button\" href=\"https:\/\/webs.uab.cat\/cimitec\/articles-en-revistes\/2012-2\/\">&lt;&lt; 2012<\/a><\/div>\n<\/div>\n<\/div>\n\n\n\n<div class=\"wp-block-column is-layout-flow wp-block-column-is-layout-flow\" style=\"flex-basis:50%\">\n<div class=\"wp-block-buttons is-layout-flex wp-block-buttons-is-layout-flex\">\n<div class=\"wp-block-button has-custom-width wp-block-button__width-100 is-style-outline is-style-outline--1\"><a class=\"wp-block-button__link wp-element-button\" href=\"https:\/\/webs.uab.cat\/cimitec\/articles-en-revistes\/\">\u00edndex<\/a><\/div>\n<\/div>\n<\/div>\n\n\n\n<div class=\"wp-block-column is-layout-flow wp-block-column-is-layout-flow\" style=\"flex-basis:25%\">\n<div class=\"wp-block-buttons is-layout-flex wp-block-buttons-is-layout-flex\">\n<div class=\"wp-block-button has-custom-width wp-block-button__width-100\"><a class=\"wp-block-button__link wp-element-button\" href=\"https:\/\/webs.uab.cat\/cimitec\/articles-en-revistes\/2010-2\/\">2010 &gt;&gt;<\/a><\/div>\n<\/div>\n<\/div>\n<\/div>\n","protected":false},"excerpt":{"rendered":"","protected":false},"author":2651,"featured_media":0,"parent":28,"menu_order":12,"comment_status":"closed","ping_status":"closed","template":"","meta":{"footnotes":""},"class_list":["post-424","page","type-page","status-publish","hentry"],"_links":{"self":[{"href":"https:\/\/webs.uab.cat\/cimitec\/wp-json\/wp\/v2\/pages\/424","targetHints":{"allow":["GET"]}}],"collection":[{"href":"https:\/\/webs.uab.cat\/cimitec\/wp-json\/wp\/v2\/pages"}],"about":[{"href":"https:\/\/webs.uab.cat\/cimitec\/wp-json\/wp\/v2\/types\/page"}],"author":[{"embeddable":true,"href":"https:\/\/webs.uab.cat\/cimitec\/wp-json\/wp\/v2\/users\/2651"}],"replies":[{"embeddable":true,"href":"https:\/\/webs.uab.cat\/cimitec\/wp-json\/wp\/v2\/comments?post=424"}],"version-history":[{"count":6,"href":"https:\/\/webs.uab.cat\/cimitec\/wp-json\/wp\/v2\/pages\/424\/revisions"}],"predecessor-version":[{"id":2727,"href":"https:\/\/webs.uab.cat\/cimitec\/wp-json\/wp\/v2\/pages\/424\/revisions\/2727"}],"up":[{"embeddable":true,"href":"https:\/\/webs.uab.cat\/cimitec\/wp-json\/wp\/v2\/pages\/28"}],"wp:attachment":[{"href":"https:\/\/webs.uab.cat\/cimitec\/wp-json\/wp\/v2\/media?parent=424"}],"curies":[{"name":"wp","href":"https:\/\/api.w.org\/{rel}","templated":true}]}}