{"id":427,"date":"2023-06-21T10:09:42","date_gmt":"2023-06-21T08:09:42","guid":{"rendered":"https:\/\/webs.uab.cat\/gemmacimitec\/?page_id=427"},"modified":"2026-02-20T13:01:43","modified_gmt":"2026-02-20T11:01:43","slug":"2010-2","status":"publish","type":"page","link":"https:\/\/webs.uab.cat\/cimitec\/articles-en-revistes\/2010-2\/","title":{"rendered":"2010"},"content":{"rendered":"\n<ul class=\"wp-block-list\">\n<li>M. Dur\u00e1n-Sindreu, G. Sis\u00f3, J. Bonache, F. Mart\u00edn,&nbsp;&#8220;<a rel=\"noreferrer noopener\" href=\"https:\/\/doi.org\/10.1109\/TMTT.2010.2084586\" data-type=\"URL\" data-id=\"https:\/\/doi.org\/10.1109\/TMTT.2010.2084586\" target=\"_blank\">Planar Multi-Band Microwave Components Based on the Generalized Composite Right\/Left Handed Transmission Line Concept<\/a>&#8220;,&nbsp;IEEE Transactions on Microwave Theory and Techniques, Vol. 58, No. 12, pp. 3882-3891, December 2010. https:\/\/doi.org\/10.1109\/TMTT.2010.2084586<\/li>\n\n\n\n<li>M. Dur\u00e1n-Sindreu, J. Bonache, F. Mart\u00edn,&nbsp;\u201c<a rel=\"noreferrer noopener\" href=\"https:\/\/doi.org\/10.1109\/LMWC.2010.2066961\" data-type=\"URL\" data-id=\"https:\/\/doi.org\/10.1109\/LMWC.2010.2066961\" target=\"_blank\">Compact Elliptic-Function Coplanar Waveguide Low-Pass Filters Using Backside Metallic Patterns<\/a>\u201d,&nbsp;IEEE Microwave and Wireless Components Letters, vol. 20, pp. 601-603, November 2010. https:\/\/doi.org\/10.1109\/LMWC.2010.2066961<\/li>\n\n\n\n<li>J. Selga, A. Rodr\u00edguez, M. Gil, J. Carbonell, V.E. Boria, F. Mart\u00edn,&nbsp;&#8220;<a rel=\"noreferrer noopener\" href=\"https:\/\/doi.org\/10.1002\/mmce.20458\" data-type=\"URL\" data-id=\"https:\/\/doi.org\/10.1002\/mmce.20458\" target=\"_blank\">Synthesis of Planar Microwave Circuits Through Aggressive Space Mapping Using Commercially Available Software Packages<\/a>&#8220;,&nbsp;International Journal of RF and Microwave Computer-Aided Engineering Vol. 20, No. 5, pp.527-534, September 2010. https:\/\/doi.org\/10.1002\/mmce.20458<\/li>\n\n\n\n<li>M. Dur\u00e1n-Sindreu, F. Aznar, A. V\u00e9lez, J. Bonache, F. Mart\u00edn,&nbsp;&#8220;<a rel=\"noreferrer noopener\" href=\"https:\/\/doi.org\/10.1016\/j.metmat.2010.03.004\" data-type=\"URL\" data-id=\"https:\/\/doi.org\/10.1016\/j.metmat.2010.03.004\" target=\"_blank\">Analysis and Applications of OSRR- and OCSRR-Loaded Transmission Lines: a New Path for the Design of Compact Transmission Line Metamaterials<\/a>&#8220;,&nbsp;Metamaterials, Vol. 4, Issue 2-3, pp. 139-148, August\/September 2010. https:\/\/doi.org\/10.1016\/j.metmat.2010.03.004<\/li>\n\n\n\n<li>F. Martin and R. Ziolkowski,&nbsp;\u201c<a rel=\"noreferrer noopener\" href=\"https:\/\/doi.org\/10.1049\/iet-map.2010.9076\" data-type=\"URL\" data-id=\"https:\/\/doi.org\/10.1049\/iet-map.2010.9076\" target=\"_blank\">Microwave Metamaterials: Application to Devices, Circuits and Antennas<\/a>\u201d, (Guest Editorial Special Issue)&nbsp;IET Microwaves Antennas and Propagation, vol. 4(8), pp. 975-976, August 2010. https:\/\/doi.org\/10.1049\/iet-map.2010.9076<\/li>\n\n\n\n<li>J.Selga, A. Rodr\u00edguez, M. Gil, J. Carbonell, V.E. Boria, F. Mart\u00edn,&nbsp;&#8220;<a rel=\"noreferrer noopener\" href=\"https:\/\/doi.org\/10.1049\/iet-map.2009.0551\" data-type=\"URL\" data-id=\"https:\/\/doi.org\/10.1049\/iet-map.2009.0551\" target=\"_blank\">Towards the automatic layout synthesis in resonant-type metamaterial transmission lines<\/a>&#8220;,&nbsp;IET microwaves, antennas &amp; propagation, vol.4, num.8, pp. 1007-1015, August 2010. https:\/\/doi.org\/10.1049\/iet-map.2009.0551<\/li>\n\n\n\n<li>J. Selga, M. Gil, F. Aznar, J. Bonache and F. Mart\u00edn,&nbsp;&#8220;<a rel=\"noreferrer noopener\" href=\"https:\/\/doi.org\/10.1049\/iet-map.2009.0297\" data-type=\"URL\" data-id=\"https:\/\/doi.org\/10.1049\/iet-map.2009.0297\" target=\"_blank\">Composite right-\/left-handed coplanar waveguides loaded with split ring resonators and their application to high-pass filters<\/a>\u201d,&nbsp;IET Microwaves, Antennas &amp; Propagation, Vol. 4, No. 7, pp. 822-827, July 2010. https:\/\/doi.org\/10.1049\/iet-map.2009.0297<\/li>\n\n\n\n<li>F. Aznar, M. Gil, J. Bonache and F. Mart\u00edn,&nbsp;&#8220;<a rel=\"noreferrer noopener\" href=\"https:\/\/doi.org\/10.1002\/mop.25232\" data-type=\"URL\" data-id=\"https:\/\/doi.org\/10.1002\/mop.25232\" target=\"_blank\">On the effects of resonator&#8217;s electrical size on bandwidth in resonant-type metamaterial transmission lines<\/a>&#8220;,&nbsp;Microwave and Optical Technology Letters, Vol. 52, Issue 7, pp. 1526-1530, July 2010. https:\/\/doi.org\/10.1002\/mop.25232<\/li>\n\n\n\n<li>F. Aznar, A. V\u00e9lez, M. Dur\u00e1n-Sindreu, J. Bonache and F. Mart\u00edn,&nbsp;&#8220;<a rel=\"noreferrer noopener\" href=\"https:\/\/doi.org\/10.1002\/mop.25282\" data-type=\"URL\" data-id=\"https:\/\/doi.org\/10.1002\/mop.25282\" target=\"_blank\">Open complementary split ring resonators: physics, modelling and analysis<\/a>&#8220;,&nbsp;Microwave and Optical Technology Letters, Vol. 52, Issue 7, pp. 1520-1526, July 2010. https:\/\/doi.org\/10.1002\/mop.25282<\/li>\n\n\n\n<li>A. V\u00e9lez, F. Aznar, M. Dur\u00e1n-Sindreu, J. Bonache, F. Mart\u00edn,&nbsp;&#8220;<a rel=\"noreferrer noopener\" href=\"https:\/\/doi.org\/10.1049\/iet-map.2009.0291\" data-type=\"URL\" data-id=\"https:\/\/doi.org\/10.1049\/iet-map.2009.0291\" target=\"_blank\">Stop-band and pass-band filters in coplanar waveguide technology implemented by means of electrically small metamaterial-inspired open resonators<\/a>&#8220;,&nbsp;IET Microwaves, Antennas &amp; Propagation, Vol. 4, Issue 6, pp. 712-716, June 2010. https:\/\/doi.org\/10.1049\/iet-map.2009.0291<\/li>\n\n\n\n<li>F. Paredes, G. Zamora, J. Bonache and F. Mart\u00edn,&nbsp;\u201c<a rel=\"noreferrer noopener\" href=\"https:\/\/doi.org\/10.1109\/TMTT.2010.2045449\" data-type=\"URL\" data-id=\"https:\/\/doi.org\/10.1109\/TMTT.2010.2045449\" target=\"_blank\">Dual-band impedance matching networks based on split ring resonators for applications in radiofrequency identification (RFID)<\/a>\u201d,&nbsp;IEEE Transactions on Microwave Theory and Techniques, vol. 58, pp. 1159-1166, May 2010. https:\/\/doi.org\/10.1109\/TMTT.2010.2045449<\/li>\n\n\n\n<li>G. Sis\u00f3, J. Bonache, F. Mart\u00edn,&nbsp;\u201c<a rel=\"noreferrer noopener\" href=\"https:\/\/doi.org\/10.1002\/mop.25077\" data-type=\"URL\" data-id=\"https:\/\/doi.org\/10.1002\/mop.25077\" target=\"_blank\">Composite right\/left-handed metamaterial transmission lines with unconventional dispersion and applications<\/a>&#8220;,&nbsp;Microwave and Optical Technology Letters, Vol. 52, Issue 4, pp. 904-909, April 2010. https:\/\/doi.org\/10.1002\/mop.25077<\/li>\n<\/ul>\n\n\n\n<div class=\"wp-block-columns is-layout-flex wp-container-core-columns-is-layout-9d6595d7 wp-block-columns-is-layout-flex\">\n<div class=\"wp-block-column is-layout-flow wp-block-column-is-layout-flow\" style=\"flex-basis:25%\">\n<div class=\"wp-block-buttons is-layout-flex wp-block-buttons-is-layout-flex\">\n<div class=\"wp-block-button has-custom-width wp-block-button__width-100\"><a class=\"wp-block-button__link wp-element-button\" href=\"https:\/\/webs.uab.cat\/cimitec\/articles-en-revistes\/2011-2\/\">&lt;&lt; 2011<\/a><\/div>\n<\/div>\n<\/div>\n\n\n\n<div class=\"wp-block-column is-layout-flow wp-block-column-is-layout-flow\" style=\"flex-basis:50%\">\n<div class=\"wp-block-buttons is-layout-flex wp-block-buttons-is-layout-flex\">\n<div class=\"wp-block-button has-custom-width wp-block-button__width-100 is-style-outline is-style-outline--1\"><a class=\"wp-block-button__link wp-element-button\" href=\"https:\/\/webs.uab.cat\/cimitec\/articles-en-revistes\/\">\u00edndex<\/a><\/div>\n<\/div>\n<\/div>\n\n\n\n<div class=\"wp-block-column is-layout-flow wp-block-column-is-layout-flow\" style=\"flex-basis:25%\">\n<div class=\"wp-block-buttons is-layout-flex wp-block-buttons-is-layout-flex\">\n<div class=\"wp-block-button has-custom-width wp-block-button__width-100\"><a class=\"wp-block-button__link wp-element-button\" href=\"https:\/\/webs.uab.cat\/cimitec\/articles-en-revistes\/2009-2\/\">2009 &gt;&gt;<\/a><\/div>\n<\/div>\n<\/div>\n<\/div>\n","protected":false},"excerpt":{"rendered":"","protected":false},"author":2651,"featured_media":0,"parent":28,"menu_order":13,"comment_status":"closed","ping_status":"closed","template":"","meta":{"footnotes":""},"class_list":["post-427","page","type-page","status-publish","hentry"],"_links":{"self":[{"href":"https:\/\/webs.uab.cat\/cimitec\/wp-json\/wp\/v2\/pages\/427","targetHints":{"allow":["GET"]}}],"collection":[{"href":"https:\/\/webs.uab.cat\/cimitec\/wp-json\/wp\/v2\/pages"}],"about":[{"href":"https:\/\/webs.uab.cat\/cimitec\/wp-json\/wp\/v2\/types\/page"}],"author":[{"embeddable":true,"href":"https:\/\/webs.uab.cat\/cimitec\/wp-json\/wp\/v2\/users\/2651"}],"replies":[{"embeddable":true,"href":"https:\/\/webs.uab.cat\/cimitec\/wp-json\/wp\/v2\/comments?post=427"}],"version-history":[{"count":6,"href":"https:\/\/webs.uab.cat\/cimitec\/wp-json\/wp\/v2\/pages\/427\/revisions"}],"predecessor-version":[{"id":2730,"href":"https:\/\/webs.uab.cat\/cimitec\/wp-json\/wp\/v2\/pages\/427\/revisions\/2730"}],"up":[{"embeddable":true,"href":"https:\/\/webs.uab.cat\/cimitec\/wp-json\/wp\/v2\/pages\/28"}],"wp:attachment":[{"href":"https:\/\/webs.uab.cat\/cimitec\/wp-json\/wp\/v2\/media?parent=427"}],"curies":[{"name":"wp","href":"https:\/\/api.w.org\/{rel}","templated":true}]}}