{"id":430,"date":"2023-06-21T10:22:49","date_gmt":"2023-06-21T08:22:49","guid":{"rendered":"https:\/\/webs.uab.cat\/gemmacimitec\/?page_id=430"},"modified":"2026-02-20T13:03:41","modified_gmt":"2026-02-20T11:03:41","slug":"2009-2","status":"publish","type":"page","link":"https:\/\/webs.uab.cat\/cimitec\/articles-en-revistes\/2009-2\/","title":{"rendered":"2009"},"content":{"rendered":"\n<ul class=\"wp-block-list\">\n<li>M. Dur\u00e1n-Sindreu, A. V\u00e9lez, F. Aznar, G. Sis\u00f3, J. Bonache, F. Mart\u00edn,&nbsp;&#8220;<a rel=\"noreferrer noopener\" href=\"https:\/\/doi.org\/10.1109\/TMTT.2009.2033867\" data-type=\"URL\" data-id=\"https:\/\/doi.org\/10.1109\/TMTT.2009.2033867\" target=\"_blank\">Applications of Open Split Ring Resonators and Open Complementary Split Ring Resonators to the Synthesis of Artificial Transmission Lines and Microwave Passive Components<\/a>&#8220;,&nbsp;IEEE Transactions on Microwave Theory and Techniques. Vol. 57, No. 12, pp. 3395-3403, December 2009. https:\/\/doi.org\/10.1109\/TMTT.2009.2033867<\/li>\n\n\n\n<li>F. Aznar, A. V\u00e9lez, M. Dur\u00e1n-Sindreu, J. Bonache, F. Mart\u00edn,&nbsp;&#8220;<a rel=\"noreferrer noopener\" href=\"https:\/\/doi.org\/10.1109\/LMWC.2009.2032000\" data-type=\"URL\" data-id=\"https:\/\/doi.org\/10.1109\/LMWC.2009.2032000\" target=\"_blank\">Elliptic-Function CPW Low-Pass Filters Implemented by Means of Open Complementary Split Ring Resonators (OCSRRs)<\/a>&#8220;,&nbsp;IEEE Microwave and Wireless Components Letters. Vol. 19, No. 11, pp. 689-691, November 2009. https:\/\/doi.org\/10.1109\/LMWC.2009.2032000<\/li>\n\n\n\n<li>J. Selga, G. Sis\u00f3, M. Gil, J. Bonache, F. Mart\u00edn,&nbsp;&#8220;<a rel=\"noreferrer noopener\" href=\"https:\/\/doi.org\/10.1002\/mop.24715\" data-type=\"URL\" data-id=\"https:\/\/doi.org\/10.1002\/mop.24715\" target=\"_blank\">Microwave Circuit Miniaturazation With Complementary Spiral Resonators: Application to High-pass Filters and Dual-Band Components<\/a>&#8220;,&nbsp;Microwave and Optical Technology Letters, Vol. 51 Issue 11, pp. 2741-2745, November 2009. https:\/\/doi.org\/10.1002\/mop.24715<\/li>\n\n\n\n<li>A. V\u00e9lez, J. Bonache, F. Mart\u00edn,&nbsp;&#8220;<a rel=\"noreferrer noopener\" href=\"https:\/\/doi.org\/10.1002\/mop.24480\" data-type=\"URL\" data-id=\"https:\/\/doi.org\/10.1002\/mop.24480\" target=\"_blank\">Metamaterial transmission lines with tunable phase and characteristic impedance based on complementary split ring resonators<\/a>&#8220;,&nbsp;Microwave and Optical Technology Letters, Vol. 51 Issue 8, pp. 1966-1970, August 2009. https:\/\/doi.org\/10.1002\/mop.24480<\/li>\n\n\n\n<li>G. Sis\u00f3, M. Gil, M. Aranda, J. Bonache, F. Mart\u00edn,&nbsp;\u201c<a rel=\"noreferrer noopener\" href=\"https:\/\/www.radioeng.cz\/fulltexts\/2009\/09_02_144_148.pdf\" data-type=\"URL\" data-id=\"https:\/\/www.radioeng.cz\/fulltexts\/2009\/09_02_144_148.pdf\" target=\"_blank\">Miniaturization of Planar Microwave Devices by Means of Complementary Spiral Resonators (CSRs): Design of Quadrature Phase Shifters<\/a>\u201c,&nbsp;Radioengineering, Vol. 18. Num. 2, pp. 144-148, June 2009.<\/li>\n\n\n\n<li>A. V\u00e9lez, F. Aznar, J. Bonache, M. C. Vel\u00e1zquez-Ahumada, J. Martel, F. Mart\u00edn,&nbsp;&#8220;<a rel=\"noreferrer noopener\" href=\"https:\/\/doi.org\/10.1109\/LMWC.2009.2015490\" data-type=\"URL\" data-id=\"https:\/\/doi.org\/10.1109\/LMWC.2009.2015490\" target=\"_blank\">Open Complementary Split Ring Resonators (OCSRRs) and Their Application to Wideband CPW Band Pass Filters<\/a>&#8220;,&nbsp;IEEE Microwave and Wireless Components Letters, Vol. 19, No. 4, pp. 197-199, April 2009. https:\/\/doi.org\/10.1109\/LMWC.2009.2015490<\/li>\n\n\n\n<li>M. Gil, C. Damm, A. Giere, M. Sazegar, J. Bonache, R. Jakoby, F. Martin,&nbsp;&#8220;<a rel=\"noreferrer noopener\" href=\"https:\/\/doi.org\/10.1049\/el.2009.3055\" data-type=\"URL\" data-id=\"https:\/\/doi.org\/10.1049\/el.2009.3055\" target=\"_blank\">Electrically tunable split-ring resonators at microwave frequencies based on barium-strontium-titanate thick films<\/a>&#8220;,&nbsp;Electronics Letters, Vol. 45, No. 8, pp. 417-418, April 2009. https:\/\/doi.org\/10.1049\/el.2009.3055<\/li>\n\n\n\n<li>F. Aznar, J. Bonache, A. Valcarcel and F. Mart\u00edn,&nbsp;\u201c<a rel=\"noreferrer noopener\" href=\"https:\/\/doi.org\/10.1002\/mop.24195\" data-type=\"URL\" data-id=\"https:\/\/doi.org\/10.1002\/mop.24195\" target=\"_blank\">Miniaturization of narrow-band power dividers by using CPW metamaterial transmission lines<\/a>\u201d,&nbsp;Electronics Letters, Vol. 45, No. 6, pp. 316-317, March 2009. https:\/\/doi.org\/10.1002\/mop.24195<\/li>\n\n\n\n<li>G. Sis\u00f3, M. Gil, F. Aznar, J. Bonache, F. Mart\u00edn,&nbsp;&#8220;<a rel=\"noreferrer noopener\" href=\"https:\/\/doi.org\/10.1002\/lpor.200810026\" data-type=\"URL\" data-id=\"https:\/\/doi.org\/10.1002\/lpor.200810026\" target=\"_blank\">Dispersion engineering with resonant-type metamaterial transmission lines<\/a>&#8220;,&nbsp;Laser &amp; Photonics Reviews, Vol. 3 (Issue 1-2), pp. 12-29, February 2009. (Invited paper). https:\/\/doi.org\/10.1002\/lpor.200810026<\/li>\n<\/ul>\n\n\n\n<div class=\"wp-block-columns is-layout-flex wp-container-core-columns-is-layout-9d6595d7 wp-block-columns-is-layout-flex\">\n<div class=\"wp-block-column is-layout-flow wp-block-column-is-layout-flow\" style=\"flex-basis:25%\">\n<div class=\"wp-block-buttons is-layout-flex wp-block-buttons-is-layout-flex\">\n<div class=\"wp-block-button has-custom-width wp-block-button__width-100\"><a class=\"wp-block-button__link wp-element-button\" href=\"https:\/\/webs.uab.cat\/cimitec\/articles-en-revistes\/2010-2\/\">&lt;&lt; 2010<\/a><\/div>\n<\/div>\n<\/div>\n\n\n\n<div class=\"wp-block-column is-layout-flow wp-block-column-is-layout-flow\" style=\"flex-basis:50%\">\n<div class=\"wp-block-buttons is-layout-flex wp-block-buttons-is-layout-flex\">\n<div class=\"wp-block-button has-custom-width wp-block-button__width-100 is-style-outline is-style-outline--1\"><a class=\"wp-block-button__link wp-element-button\" href=\"https:\/\/webs.uab.cat\/cimitec\/articles-en-revistes\/\">\u00edndex<\/a><\/div>\n<\/div>\n<\/div>\n\n\n\n<div class=\"wp-block-column is-layout-flow wp-block-column-is-layout-flow\" style=\"flex-basis:25%\">\n<div class=\"wp-block-buttons is-layout-flex wp-block-buttons-is-layout-flex\">\n<div class=\"wp-block-button has-custom-width wp-block-button__width-100\"><a class=\"wp-block-button__link wp-element-button\" href=\"https:\/\/webs.uab.cat\/cimitec\/articles-en-revistes\/2008-2\/\">2008 &gt;&gt;<\/a><\/div>\n<\/div>\n<\/div>\n<\/div>\n","protected":false},"excerpt":{"rendered":"","protected":false},"author":2651,"featured_media":0,"parent":28,"menu_order":14,"comment_status":"closed","ping_status":"closed","template":"","meta":{"footnotes":""},"class_list":["post-430","page","type-page","status-publish","hentry"],"_links":{"self":[{"href":"https:\/\/webs.uab.cat\/cimitec\/wp-json\/wp\/v2\/pages\/430","targetHints":{"allow":["GET"]}}],"collection":[{"href":"https:\/\/webs.uab.cat\/cimitec\/wp-json\/wp\/v2\/pages"}],"about":[{"href":"https:\/\/webs.uab.cat\/cimitec\/wp-json\/wp\/v2\/types\/page"}],"author":[{"embeddable":true,"href":"https:\/\/webs.uab.cat\/cimitec\/wp-json\/wp\/v2\/users\/2651"}],"replies":[{"embeddable":true,"href":"https:\/\/webs.uab.cat\/cimitec\/wp-json\/wp\/v2\/comments?post=430"}],"version-history":[{"count":5,"href":"https:\/\/webs.uab.cat\/cimitec\/wp-json\/wp\/v2\/pages\/430\/revisions"}],"predecessor-version":[{"id":2733,"href":"https:\/\/webs.uab.cat\/cimitec\/wp-json\/wp\/v2\/pages\/430\/revisions\/2733"}],"up":[{"embeddable":true,"href":"https:\/\/webs.uab.cat\/cimitec\/wp-json\/wp\/v2\/pages\/28"}],"wp:attachment":[{"href":"https:\/\/webs.uab.cat\/cimitec\/wp-json\/wp\/v2\/media?parent=430"}],"curies":[{"name":"wp","href":"https:\/\/api.w.org\/{rel}","templated":true}]}}