{"id":438,"date":"2023-06-21T13:24:32","date_gmt":"2023-06-21T11:24:32","guid":{"rendered":"https:\/\/webs.uab.cat\/gemmacimitec\/?page_id=438"},"modified":"2026-02-20T13:10:54","modified_gmt":"2026-02-20T11:10:54","slug":"2006-2","status":"publish","type":"page","link":"https:\/\/webs.uab.cat\/cimitec\/articles-en-revistes\/2006-2\/","title":{"rendered":"2006"},"content":{"rendered":"\n<ul class=\"wp-block-list\">\n<li>F. Mart\u00edn, A. Toscano,&nbsp;\u201c<a rel=\"noreferrer noopener\" href=\"https:\/\/doi.org\/10.1002\/mop.22021\" data-type=\"URL\" data-id=\"https:\/\/doi.org\/10.1002\/mop.22021\" target=\"_blank\">Guest Editorial<\/a>\u201d,&nbsp;Microwave and Optical Technology Letters, vol. 48, pp. 2481-2482, December 2006, Special Issue on Metamaterials and Special Materials for Electromagnetic Applications and Telecommunications. https:\/\/doi.org\/10.1002\/mop.22021<\/li>\n\n\n\n<li>M. Gil, J. Bonache, I. Gil, J. Garc\u00eda-Garc\u00eda and F. Mart\u00edn,&nbsp;\u201c<a rel=\"noreferrer noopener\" href=\"https:\/\/doi.org\/10.1002\/jnm.601\" data-type=\"URL\" data-id=\"https:\/\/doi.org\/10.1002\/jnm.601\" target=\"_blank\">On the transmission properties of left handed microstrip lines implemented by complementary split rings resonators<\/a>\u201d,&nbsp;Int. Journal Numerical Modelling: Electronic Networks, Devices and Fields, vol. 19, pp 87-103, 2006. https:\/\/doi.org\/10.1002\/jnm.601<\/li>\n\n\n\n<li>J. Garc\u00eda-Garc\u00eda J. Bonache and F. Mart\u00edn,&nbsp;\u201c<a rel=\"noreferrer noopener\" href=\"https:\/\/doi.org\/10.1109\/TMTT.2006.886155\" data-type=\"URL\" data-id=\"https:\/\/doi.org\/10.1109\/TMTT.2006.886155\" target=\"_blank\">Application of electromagnetic bandgaps (EBGs) to the design of ultra wide band pass filters (UWBPFs) with good out-of-band performance<\/a>\u201d,&nbsp;IEEE Transactions on Microwave Theory and Techniques, Volume 54, Issue 12, Part 1, Page(s):4136 &#8211; 4140 , Dec. 2006. https:\/\/doi.org\/10.1109\/TMTT.2006.886155<\/li>\n\n\n\n<li>I. Gil, J. Bonache, M. Gil, J. Garc\u00eda-Garc\u00eda, F. Mart\u00edn,&nbsp;\u201c<a rel=\"noreferrer noopener\" href=\"https:\/\/doi.org\/10.1002\/mop.22011\" data-type=\"URL\" data-id=\"https:\/\/doi.org\/10.1002\/mop.22011\" target=\"_blank\">Left handed and right handed transmission properties of microstrip lines loaded with complementary split rings resonators<\/a>\u201d,&nbsp;Microwave and Optical Technology Letters, vol. 48, pp. 2508-2511, December 2006. https:\/\/doi.org\/10.1002\/mop.22011<\/li>\n\n\n\n<li>M. Gil, I. Gil, J. Bonache, J. Garc\u00eda-Garc\u00eda and F. Mart\u00edn,&nbsp;\u201c<a rel=\"noreferrer noopener\" href=\"https:\/\/doi.org\/10.1002\/mop.22013\" data-type=\"URL\" data-id=\"https:\/\/doi.org\/10.1002\/mop.22013\" target=\"_blank\">Metamaterial transmission lines with extreme impedance values<\/a>\u201d,&nbsp;Microwave and Optical Technology Letters, vol. 48, pp. 2499-2505, December 2006. https:\/\/doi.org\/10.1002\/mop.22013<\/li>\n\n\n\n<li>I. Gil, J. Bonache, J. Garc\u00eda-Garc\u00eda, F. Mart\u00edn,&nbsp;\u201c<a rel=\"noreferrer noopener\" href=\"https:\/\/doi.org\/10.1109\/TMTT.2006.872949\" data-type=\"URL\" data-id=\"https:\/\/doi.org\/10.1109\/TMTT.2006.872949\" target=\"_blank\">Tunable Metamaterial Transmission Lines Based on Varactor Loaded Split Rings Resonators<\/a>\u201d,&nbsp;IEEE Transactions on Microwave Theory and Techniques, vol. 54, pp. 2665-2674, June 2006. https:\/\/doi.org\/10.1109\/TMTT.2006.872949<\/li>\n\n\n\n<li>J. Bonache, M. Gil, I. Gil, J. Garcia-Garc\u00eda and F. Mart\u00edn,&nbsp;\u201c<a rel=\"noreferrer noopener\" href=\"https:\/\/doi.org\/10.1109\/LMWC.2006.882400\" data-type=\"URL\" data-id=\"https:\/\/doi.org\/10.1109\/LMWC.2006.882400\" target=\"_blank\">On the electrical characteristics of complementary metamaterial resonators<\/a>\u201d,&nbsp;IEEE Microwave and Wireless Components Letters, vol. 16, pp. 543.545, October 2006. https:\/\/doi.org\/10.1109\/LMWC.2006.882400<\/li>\n\n\n\n<li>I Gil, J. Bonache, M. Gil, J. Garc\u00eda-Garc\u00eda, F. Mart\u00edn and R. Marqu\u00e9s,&nbsp;\u201c<a rel=\"noreferrer noopener\" href=\"https:\/\/doi.org\/10.1063\/1.2353174\" data-type=\"URL\" data-id=\"https:\/\/doi.org\/10.1063\/1.2353174\" target=\"_blank\">Accurate circuit analysis of resonant type left handed transmission lines with inter-resonator\u2019s coupling<\/a>\u201d,&nbsp;J. Appl. Phys., vol. 100, paper 074908-1-10, October 2006. https:\/\/doi.org\/10.1063\/1.2353174<\/li>\n\n\n\n<li>J. Garc\u00eda-Garc\u00eda, J. Bonache, I. Gil, F. Mart\u00edn, M.C. Velazquez-Ahumada and J. Martel,&nbsp;\u201c<a rel=\"noreferrer noopener\" href=\"https:\/\/doi.org\/10.1109\/TMTT.2006.872934\" data-type=\"URL\" data-id=\"https:\/\/doi.org\/10.1109\/TMTT.2006.872934\" target=\"_blank\">Miniaturized microstrip and CPW filters using coupled metamaterial resonators<\/a>\u201d,&nbsp;IEEE Transactions on Microwave Theory and Techniques, vol. 54, pp. 2628-2635, June 2006. https:\/\/doi.org\/10.1109\/TMTT.2006.872934<\/li>\n\n\n\n<li>J. Bonache, I. Gil, J. Garc\u00eda-Garc\u00eda and F.Mart\u00edn,&nbsp;\u201c<a rel=\"noreferrer noopener\" href=\"https:\/\/doi.org\/10.1007\/s10825-006-8843-0\" data-type=\"URL\" data-id=\"https:\/\/doi.org\/10.1007\/s10825-006-8843-0\" target=\"_blank\">Complementary Split Rings Resonators (CSRRs): towards the miniaturization of microwave device design<\/a>\u201d,&nbsp;Journal Computational Electronics, vol. 5, pp. 193-197, (2006). https:\/\/doi.org\/10.1007\/s10825-006-8843-0<\/li>\n\n\n\n<li>E. Jarauta, M.A.G. Laso, T. Lopetegi, F. Falcone, M. Beruete, J.D. Baena, A. Marcotegui, J. Bonache, J. Garc\u00eda, R. Marqu\u00e9s and F. Mart\u00edn,&nbsp;\u201c<a rel=\"noreferrer noopener\" href=\"https:\/\/doi.org\/10.1002\/mop.21579\" data-type=\"URL\" data-id=\"https:\/\/doi.org\/10.1002\/mop.21579\" target=\"_blank\">Novel microstrip backward coupler with metamaterial cells for fully planar fabrication techniques<\/a>\u201d,&nbsp;Microwave and Optical Technology Letters, vol. 48, pp. 1205-1209, June 2006. https:\/\/doi.org\/10.1002\/mop.21579<\/li>\n\n\n\n<li>F. Mart\u00edn,&nbsp;\u201cGuest Editorial\u201d,&nbsp;Proceedings of the European Microwave Association, Special Issue on Metamaterials, vol. 2, pp. 1-2, March 2006.<\/li>\n\n\n\n<li>F. Mart\u00edn, F. Bilotti, I. Vendik, V. Podlozny and S.A. Tretyakov,&nbsp;\u201cA vision of metamaterials in Europe: the Network of Excellence Metamorphose\u201d,Proceeding of the European Microwave Association, Special Issue on Metamaterials, vol. 2, pp. 100-106, March 2006<\/li>\n\n\n\n<li>J. Bonache, I. Gil, J. Garc\u00eda-Garc\u00eda, F. Mart\u00edn,&nbsp;\u201c<a rel=\"noreferrer noopener\" href=\"https:\/\/doi.org\/10.1109\/TMTT.2005.861664\" data-type=\"URL\" data-id=\"https:\/\/doi.org\/10.1109\/TMTT.2005.861664\" target=\"_blank\">Novel Microstrip Band Pass Filters Based on Complementary Split Rings Resonators<\/a>\u201d,&nbsp;IEEE Transactions on Microwave Theory and Techniques, vol. 54, pp. 265-271, January 2006.<\/li>\n<\/ul>\n\n\n\n<div class=\"wp-block-columns is-layout-flex wp-container-core-columns-is-layout-9d6595d7 wp-block-columns-is-layout-flex\">\n<div class=\"wp-block-column is-layout-flow wp-block-column-is-layout-flow\" style=\"flex-basis:25%\">\n<div class=\"wp-block-buttons is-layout-flex wp-block-buttons-is-layout-flex\">\n<div class=\"wp-block-button has-custom-width wp-block-button__width-100\"><a class=\"wp-block-button__link wp-element-button\" href=\"https:\/\/webs.uab.cat\/cimitec\/articles-en-revistes\/2007-2\/\">&lt;&lt; 2007<\/a><\/div>\n<\/div>\n<\/div>\n\n\n\n<div class=\"wp-block-column is-layout-flow wp-block-column-is-layout-flow\" style=\"flex-basis:50%\">\n<div class=\"wp-block-buttons is-layout-flex wp-block-buttons-is-layout-flex\">\n<div class=\"wp-block-button has-custom-width wp-block-button__width-100 is-style-outline is-style-outline--1\"><a class=\"wp-block-button__link wp-element-button\" href=\"https:\/\/webs.uab.cat\/cimitec\/articles-en-revistes\/\">\u00edndex<\/a><\/div>\n<\/div>\n<\/div>\n\n\n\n<div class=\"wp-block-column is-layout-flow wp-block-column-is-layout-flow\" style=\"flex-basis:25%\">\n<div class=\"wp-block-buttons is-layout-flex wp-block-buttons-is-layout-flex\">\n<div class=\"wp-block-button has-custom-width wp-block-button__width-100\"><a class=\"wp-block-button__link wp-element-button\" href=\"https:\/\/webs.uab.cat\/cimitec\/articles-en-revistes\/2005-2\/\">2005 &gt;&gt;<\/a><\/div>\n<\/div>\n<\/div>\n<\/div>\n","protected":false},"excerpt":{"rendered":"","protected":false},"author":2651,"featured_media":0,"parent":28,"menu_order":17,"comment_status":"closed","ping_status":"closed","template":"","meta":{"footnotes":""},"class_list":["post-438","page","type-page","status-publish","hentry"],"_links":{"self":[{"href":"https:\/\/webs.uab.cat\/cimitec\/wp-json\/wp\/v2\/pages\/438","targetHints":{"allow":["GET"]}}],"collection":[{"href":"https:\/\/webs.uab.cat\/cimitec\/wp-json\/wp\/v2\/pages"}],"about":[{"href":"https:\/\/webs.uab.cat\/cimitec\/wp-json\/wp\/v2\/types\/page"}],"author":[{"embeddable":true,"href":"https:\/\/webs.uab.cat\/cimitec\/wp-json\/wp\/v2\/users\/2651"}],"replies":[{"embeddable":true,"href":"https:\/\/webs.uab.cat\/cimitec\/wp-json\/wp\/v2\/comments?post=438"}],"version-history":[{"count":6,"href":"https:\/\/webs.uab.cat\/cimitec\/wp-json\/wp\/v2\/pages\/438\/revisions"}],"predecessor-version":[{"id":2742,"href":"https:\/\/webs.uab.cat\/cimitec\/wp-json\/wp\/v2\/pages\/438\/revisions\/2742"}],"up":[{"embeddable":true,"href":"https:\/\/webs.uab.cat\/cimitec\/wp-json\/wp\/v2\/pages\/28"}],"wp:attachment":[{"href":"https:\/\/webs.uab.cat\/cimitec\/wp-json\/wp\/v2\/media?parent=438"}],"curies":[{"name":"wp","href":"https:\/\/api.w.org\/{rel}","templated":true}]}}