{"id":441,"date":"2023-06-22T09:26:07","date_gmt":"2023-06-22T07:26:07","guid":{"rendered":"https:\/\/webs.uab.cat\/gemmacimitec\/?page_id=441"},"modified":"2026-02-20T13:12:58","modified_gmt":"2026-02-20T11:12:58","slug":"2005-2","status":"publish","type":"page","link":"https:\/\/webs.uab.cat\/cimitec\/articles-en-revistes\/2005-2\/","title":{"rendered":"2005"},"content":{"rendered":"\n<ul class=\"wp-block-list\">\n<li>J. Garc\u00eda-Garc\u00eda, F. Mart\u00edn, J.D. Baena, R.Marques, L. Jelinek, &nbsp;\u201c<a rel=\"noreferrer noopener\" href=\"https:\/\/doi.org\/10.1063\/1.2006224\" data-type=\"URL\" data-id=\"https:\/\/doi.org\/10.1063\/1.2006224\" target=\"_blank\">On the resonances and polarizabilities of split rings resonators<\/a>\u201d,&nbsp;J. Applied Physics, vol. 98, pp. 033103-1-9, September 2005. https:\/\/doi.org\/10.1063\/1.2006224<\/li>\n\n\n\n<li>Jordi Bonache, Ferran Mart\u00edn, Francisco Falcone, Juan D. Baena, Txema Lopetegi, Joan Garc\u00eda-Garc\u00eda, Miguel A.G. Laso, Ignacio Gil, Antonio Marcotegui, Ricardo Marqu\u00e9s and Mario Sorolla,&nbsp;&#8220;<a rel=\"noreferrer noopener\" href=\"https:\/\/doi.org\/10.1002\/mop.21031\" data-type=\"URL\" data-id=\"https:\/\/doi.org\/10.1002\/mop.21031\" target=\"_blank\">Application of Complentary Split Rings Resonators to the Design of Compact Narrow Band Pass Structures in Microstrip Technology<\/a>&#8220;,&nbsp;Microwave and Optical Technology Letters, vol.46, pp. 508-512, September 2005. https:\/\/doi.org\/10.1002\/mop.21031<\/li>\n\n\n\n<li>Jordi Bonache, Ferran Mart\u00edn, Ignacio Gil, Joan Garc\u00eda-Garc\u00eda, Ricardo Marqu\u00e9s and Mario Sorolla,&nbsp;&#8220;<a rel=\"noreferrer noopener\" href=\"https:\/\/doi.org\/10.1002\/mop.20982\" data-type=\"URL\" data-id=\"https:\/\/doi.org\/10.1002\/mop.20982\" target=\"_blank\">Microstrip Bandpass Filters with Wide Bandwidth and Compact Dimensions<\/a>&#8220;,&nbsp;Microwave and Optical Technology Letters, vol. 46, pp. 343-346, August 2005. https:\/\/doi.org\/10.1002\/mop.20982<\/li>\n\n\n\n<li>J. Bonache, F. Mart\u00edn, F. Falcone, J. Garc\u00eda-Garc\u00eda, I. Gil, T. Lopetegi, M.A.G. Laso, R. Marqu\u00e9s, F. Medina, M. Sorolla,&nbsp;&#8220;<a rel=\"noreferrer noopener\" href=\"https:\/\/doi.org\/10.1002\/mop.20893\" data-type=\"URL\" data-id=\"https:\/\/doi.org\/10.1002\/mop.20893\" target=\"_blank\">Compact Coplanar Waveguide Band Pass Filter at S-Band<\/a>&#8220;,&nbsp;Microwave and Optical Technology Letters, vol. 46, pp. 33-35, July 2005. https:\/\/doi.org\/10.1002\/mop.20893<\/li>\n\n\n\n<li>N. Ortiz, J. D. Baena, M. Beruete, F. Falcone, M.A.G.Laso , T. Lopetegi, R. Marqu\u00e9s, F. Mart\u00edn, J.Garc\u00eda-Garc\u00eda and M. Sorolla,&nbsp;&#8220;<a rel=\"noreferrer noopener\" href=\"https:\/\/doi.org\/10.1002\/mop.20909\" data-type=\"URL\" data-id=\"https:\/\/doi.org\/10.1002\/mop.20909\" target=\"_blank\">Complementary Split-Ring Resonator for Compact Waveguide Filter Design<\/a>&#8220;,&nbsp;Microwave Opt. Technology letters, Vol. 46, pp. 88-92, July 2005. https:\/\/doi.org\/10.1002\/mop.20909<\/li>\n\n\n\n<li>I. Gil, J. Bonache, J. Garc\u00eda-Garc\u00eda and F. Mart\u00edn,&nbsp;&#8220;<a rel=\"noreferrer noopener\" href=\"https:\/\/doi.org\/10.1002\/mop.20779\" data-type=\"URL\" data-id=\"https:\/\/doi.org\/10.1002\/mop.20779\" target=\"_blank\">Application of Active Electromagnetic Bandgaps to the Design of Tunable Resonators in CPW Technology<\/a>&#8220;,&nbsp;Microwave and Optical Technology Letters, vol. 45, pp. 229-232, May 2005. https:\/\/doi.org\/10.1002\/mop.20779<\/li>\n\n\n\n<li>J. Garc\u00eda-Garc\u00eda, J. Bonache, I. Gil, F. Mart\u00edn, R. Marqu\u00e9s, F. Falcone, T. Lopetegi, M.A.G. Laso, and M. Sorolla,&nbsp;&#8220;<a rel=\"noreferrer noopener\" href=\"https:\/\/doi.org\/10.1002\/mop.20640\" data-type=\"URL\" data-id=\"https:\/\/doi.org\/10.1002\/mop.20640\" target=\"_blank\">Comparison of Electromagnetic Band Gap and Split-Ring-Resonator Microstrip Lines as Stop Band Structures<\/a>&#8220;,&nbsp;Microwave and Optical Technology Letters. Vol. 44, No. 4, pp. 337-379, February 20 2005. https:\/\/doi.org\/10.1002\/mop.20640<\/li>\n\n\n\n<li>J.D. Baena, J. Bonache, F. Mart\u00edn, R. Marqu\u00e9s, F. Falcone, T. Lopetegi, M.A.G. Laso, J. Garc\u00eda, I Gil and M. Sorolla,&nbsp;\u201c<a rel=\"noreferrer noopener\" href=\"https:\/\/doi.org\/10.1109\/TMTT.2005.845211\" data-type=\"URL\" data-id=\"https:\/\/doi.org\/10.1109\/TMTT.2005.845211\" target=\"_blank\">Equivalent circuit models for split ring resonators and complementary split rings resonators coupled to planar transmission lines<\/a>\u201d,&nbsp;IEEE Transactions on Microwave Theory and Techniques, vol. 53, pp. 1451-1461, April 2005. https:\/\/doi.org\/10.1109\/TMTT.2005.845211 <\/li>\n\n\n\n<li>R. Marqu\u00e9s, J.D. Baena, M. Beruete, F. Falcone, T. Lopetegi, M. Sorolla, F. Mart\u00edn and J. Garc\u00eda-Garc\u00eda,&nbsp;\u201c<a rel=\"noreferrer noopener\" href=\"https:\/\/doi.org\/10.1088\/1464-4258\/7\/2\/005\" data-type=\"URL\" data-id=\"https:\/\/doi.org\/10.1088\/1464-4258\/7\/2\/005\" target=\"_blank\">Ab initio analysis of frequency selective surfaces based on conventional and complementary split rings resonators<\/a>\u201d,&nbsp;Journal of Optics A, vol. 7, pp. S38-S43, 2005. Invited paper. https:\/\/doi.org\/10.1088\/1464-4258\/7\/2\/005<\/li>\n\n\n\n<li>J. Garc\u00eda-Garc\u00eda, F. Mart\u00edn, E. Amat, F. Falcone, J. Bonache, I. Gil, T. Lopetegi, Miguel A.G. Laso, A. Marcotegui, M. Sorolla,and Ricardo Marqu\u00e9s,&nbsp;\u201c<a rel=\"noreferrer noopener\" href=\"https:\/\/doi.org\/10.1109\/TMTT.2005.848828\" data-type=\"URL\" data-id=\"https:\/\/doi.org\/10.1109\/TMTT.2005.848828\" target=\"_blank\">Microwave Filters with Improved Stop Band based on Sub-wavelength Resonators<\/a>\u201d,&nbsp;IEEE Transactions on Microwave Theory and Techniques, vol. 53, pp. 1997-2006, June 2005. https:\/\/doi.org\/10.1109\/TMTT.2005.848828<\/li>\n\n\n\n<li>J. Bonache, I. Gil, J. Garc\u00eda-Garc\u00eda and F. Mart\u00edn,&nbsp;\u201c<a rel=\"noreferrer noopener\" href=\"https:\/\/doi.org\/10.1049\/el:20050895\" data-type=\"URL\" data-id=\"https:\/\/doi.org\/10.1049\/el:20050895\" target=\"_blank\">Complementary split rings resonator for microstrip diplexer design<\/a>\u201d,&nbsp;Electronics Letters, vol. 41, pp. 810-811, July 2005. https:\/\/doi.org\/10.1049\/el:20050895<\/li>\n\n\n\n<li>J. Bonache, F. Mart\u00edn, J. Garc\u00eda-Garc\u00eda, I. Gil, R. Marqu\u00e9s and M. Sorolla,&nbsp;\u201c<a rel=\"noreferrer noopener\" href=\"https:\/\/doi.org\/10.1002\/mop.20966\" data-type=\"URL\" data-id=\"https:\/\/doi.org\/10.1002\/mop.20966\" target=\"_blank\">Ultra wide band pass filters (UWBPF) based on complementary split rings resonators<\/a>\u201d,&nbsp;Microwave and Optical Technology Letters, vol. 46, pp.283-286, August 2005. https:\/\/doi.org\/10.1002\/mop.20966<\/li>\n<\/ul>\n\n\n\n<div class=\"wp-block-columns is-layout-flex wp-container-core-columns-is-layout-9d6595d7 wp-block-columns-is-layout-flex\">\n<div class=\"wp-block-column is-layout-flow wp-block-column-is-layout-flow\" style=\"flex-basis:25%\">\n<div class=\"wp-block-buttons is-layout-flex wp-block-buttons-is-layout-flex\">\n<div class=\"wp-block-button has-custom-width wp-block-button__width-100\"><a class=\"wp-block-button__link wp-element-button\" href=\"https:\/\/webs.uab.cat\/cimitec\/articles-en-revistes\/2006-2\/\">&lt;&lt; 2006<\/a><\/div>\n<\/div>\n<\/div>\n\n\n\n<div class=\"wp-block-column is-layout-flow wp-block-column-is-layout-flow\" style=\"flex-basis:50%\">\n<div class=\"wp-block-buttons is-layout-flex wp-block-buttons-is-layout-flex\">\n<div class=\"wp-block-button has-custom-width wp-block-button__width-100 is-style-outline is-style-outline--1\"><a class=\"wp-block-button__link wp-element-button\" href=\"https:\/\/webs.uab.cat\/cimitec\/articles-en-revistes\/\">\u00edndex<\/a><\/div>\n<\/div>\n<\/div>\n\n\n\n<div class=\"wp-block-column is-layout-flow wp-block-column-is-layout-flow\" style=\"flex-basis:25%\">\n<div class=\"wp-block-buttons is-layout-flex wp-block-buttons-is-layout-flex\">\n<div class=\"wp-block-button has-custom-width wp-block-button__width-100\"><a class=\"wp-block-button__link wp-element-button\" href=\"https:\/\/webs.uab.cat\/cimitec\/articles-en-revistes\/2004-2\/\">2004 &gt;&gt;<\/a><\/div>\n<\/div>\n<\/div>\n<\/div>\n","protected":false},"excerpt":{"rendered":"","protected":false},"author":2651,"featured_media":0,"parent":28,"menu_order":18,"comment_status":"closed","ping_status":"closed","template":"","meta":{"footnotes":""},"class_list":["post-441","page","type-page","status-publish","hentry"],"_links":{"self":[{"href":"https:\/\/webs.uab.cat\/cimitec\/wp-json\/wp\/v2\/pages\/441","targetHints":{"allow":["GET"]}}],"collection":[{"href":"https:\/\/webs.uab.cat\/cimitec\/wp-json\/wp\/v2\/pages"}],"about":[{"href":"https:\/\/webs.uab.cat\/cimitec\/wp-json\/wp\/v2\/types\/page"}],"author":[{"embeddable":true,"href":"https:\/\/webs.uab.cat\/cimitec\/wp-json\/wp\/v2\/users\/2651"}],"replies":[{"embeddable":true,"href":"https:\/\/webs.uab.cat\/cimitec\/wp-json\/wp\/v2\/comments?post=441"}],"version-history":[{"count":7,"href":"https:\/\/webs.uab.cat\/cimitec\/wp-json\/wp\/v2\/pages\/441\/revisions"}],"predecessor-version":[{"id":2745,"href":"https:\/\/webs.uab.cat\/cimitec\/wp-json\/wp\/v2\/pages\/441\/revisions\/2745"}],"up":[{"embeddable":true,"href":"https:\/\/webs.uab.cat\/cimitec\/wp-json\/wp\/v2\/pages\/28"}],"wp:attachment":[{"href":"https:\/\/webs.uab.cat\/cimitec\/wp-json\/wp\/v2\/media?parent=441"}],"curies":[{"name":"wp","href":"https:\/\/api.w.org\/{rel}","templated":true}]}}