{"id":450,"date":"2023-06-22T09:52:55","date_gmt":"2023-06-22T07:52:55","guid":{"rendered":"https:\/\/webs.uab.cat\/gemmacimitec\/?page_id=450"},"modified":"2026-02-20T13:19:40","modified_gmt":"2026-02-20T11:19:40","slug":"2002-2","status":"publish","type":"page","link":"https:\/\/webs.uab.cat\/cimitec\/articles-en-revistes\/2002-2\/","title":{"rendered":"2002"},"content":{"rendered":"\n<ul class=\"wp-block-list\">\n<li>F. Mart\u00edn, X. Oriols, J.A. Gil and J. Garc\u00eda-Garc\u00eda,&nbsp;\u201c<a rel=\"noreferrer noopener\" href=\"https:\/\/doi.org\/10.1023\/A:1015090118910\" data-type=\"URL\" data-id=\"https:\/\/doi.org\/10.1023\/A:1015090118910\" target=\"_blank\">Optimization of nonlinear transmission lines for harmonic generation: the role of the capacitance voltage characteristic and the area effect<\/a>\u201d,&nbsp;Int. Journal of Infrared and Millimeter Waves, vol. 23, p. 95, january 2002. https:\/\/doi.org\/10.1023\/A:1015090118910<\/li>\n\n\n\n<li>M. Fern\u00e1ndez, F. Mart\u00edn, P. Steenson, X. Melique, A. Oistein, X. Oriols, O. Vanbesien, J. Garc\u00eda-Garc\u00eda, R. Miles and D. Lippens,&nbsp;\u201c<a rel=\"noreferrer noopener\" href=\"https:\/\/doi.org\/10.1002\/mop.10253\" data-type=\"URL\" data-id=\"https:\/\/doi.org\/10.1002\/mop.10253\" target=\"_blank\">A comparison of different approaches for the simulation of nonlinear transmission lines<\/a>\u201d,&nbsp;Microwave and Optical Technology Lett, vol. 33 (2), 134-136 (April 2002). https:\/\/doi.org\/10.1002\/mop.10253<\/li>\n\n\n\n<li>J. Garc\u00eda-Garc\u00eda, F. Mart\u00edn, R.E. Miles, D.P. Steenson, J.M. Chamberlain, J.R. Fletcher and J.R. Thorpe,&nbsp;\u201c<a rel=\"noreferrer noopener\" href=\"https:\/\/doi.org\/10.1063\/1.1519955\" data-type=\"URL\" data-id=\"https:\/\/doi.org\/10.1063\/1.1519955\" target=\"_blank\">Parametric analysis of micromachined reflex klystrons for operation at millimeter and submillimeter wavelengths<\/a>\u201d,&nbsp;J. Appl. Phys., vol. 92, pp. 6900-04, (2002). https:\/\/doi.org\/10.1063\/1.1519955<\/li>\n\n\n\n<li>F. Martin, X. Oriols and J. Garc\u00eda-Garc\u00eda,&nbsp;\u201c<a rel=\"noreferrer noopener\" href=\"https:\/\/doi.org\/10.1002\/mmce.10050\" data-type=\"URL\" data-id=\"https:\/\/doi.org\/10.1002\/mmce.10050\" target=\"_blank\">Comparison of distributed and lumped element models for the analysis of the filtering properties of nonlinear transmission lines<\/a>\u201d,&nbsp;Int. J. RF and Microwaves Computer Aided Engineering, vol. 12, pp. 503-507, November 2002. https:\/\/doi.org\/10.1002\/mmce.10050<\/li>\n\n\n\n<li>F. Mart\u00edn, F. Falcone, J. Bonache, T. Lopetegi, M.A.G. Laso, M. Sorolla,&nbsp;\u201c<a rel=\"noreferrer noopener\" href=\"https:\/\/doi.org\/10.1109\/LMWC.2002.805536\" data-type=\"URL\" data-id=\"https:\/\/doi.org\/10.1109\/LMWC.2002.805536\" target=\"_blank\">New periodic-loaded electromagnetic bandgap coplanar waveguide with complete spurious passband suppression<\/a>\u201d,&nbsp;IEEE Microwave and Wireless Components Lett., vol. 12 (11), pp. 435-437 (2002). https:\/\/doi.org\/10.1109\/LMWC.2002.805536<\/li>\n\n\n\n<li>Xavier Oriols, Ferran Martin and Jordi Su\u00f1\u00e9,&nbsp;&#8220;<a rel=\"noreferrer noopener\" href=\"https:\/\/doi.org\/10.1063\/1.1482136\" data-type=\"URL\" data-id=\"https:\/\/doi.org\/10.1063\/1.1482136\" target=\"_blank\">High frequency components of current fluctuations in semiconductor tunneling barriers<\/a>&#8220;,&nbsp;Applied Physics letters, vol. 80(21), 4048 (2002). https:\/\/doi.org\/10.1063\/1.1482136<\/li>\n\n\n\n<li>Xavier Oriols, Ferran Martin and Jordi Su\u00f1\u00e9,&nbsp;&#8220;<a rel=\"noreferrer noopener\" href=\"https:\/\/doi.org\/10.1023\/A:1020755509089\" data-type=\"URL\" data-id=\"https:\/\/doi.org\/10.1023\/A:1020755509089\" target=\"_blank\">Study of noise properties in nanoscale electronic devices using quantum trajectories<\/a>&#8220;,&nbsp;Journal of Computational Electronics, vol. 1, pp. 43-48 (2002).<\/li>\n<\/ul>\n\n\n\n<div class=\"wp-block-columns is-layout-flex wp-container-core-columns-is-layout-9d6595d7 wp-block-columns-is-layout-flex\">\n<div class=\"wp-block-column is-layout-flow wp-block-column-is-layout-flow\" style=\"flex-basis:25%\">\n<div class=\"wp-block-buttons is-layout-flex wp-block-buttons-is-layout-flex\">\n<div class=\"wp-block-button has-custom-width wp-block-button__width-100\"><a class=\"wp-block-button__link wp-element-button\" href=\"https:\/\/webs.uab.cat\/cimitec\/articles-en-revistes\/2003-2\/\">&lt;&lt; 2003<\/a><\/div>\n<\/div>\n<\/div>\n\n\n\n<div class=\"wp-block-column is-layout-flow wp-block-column-is-layout-flow\" style=\"flex-basis:50%\">\n<div class=\"wp-block-buttons is-layout-flex wp-block-buttons-is-layout-flex\">\n<div class=\"wp-block-button has-custom-width wp-block-button__width-100 is-style-outline is-style-outline--1\"><a class=\"wp-block-button__link wp-element-button\" href=\"https:\/\/webs.uab.cat\/cimitec\/articles-en-revistes\/\">\u00edndex<\/a><\/div>\n<\/div>\n<\/div>\n\n\n\n<div class=\"wp-block-column is-layout-flow wp-block-column-is-layout-flow\" style=\"flex-basis:25%\">\n<div class=\"wp-block-buttons is-layout-flex wp-block-buttons-is-layout-flex\">\n<div class=\"wp-block-button has-custom-width wp-block-button__width-100\"><a class=\"wp-block-button__link wp-element-button\" href=\"https:\/\/webs.uab.cat\/cimitec\/articles-en-revistes\/2001-2\/\">2001 &gt;&gt;<\/a><\/div>\n<\/div>\n<\/div>\n<\/div>\n","protected":false},"excerpt":{"rendered":"","protected":false},"author":2651,"featured_media":0,"parent":28,"menu_order":21,"comment_status":"closed","ping_status":"closed","template":"","meta":{"footnotes":""},"class_list":["post-450","page","type-page","status-publish","hentry"],"_links":{"self":[{"href":"https:\/\/webs.uab.cat\/cimitec\/wp-json\/wp\/v2\/pages\/450","targetHints":{"allow":["GET"]}}],"collection":[{"href":"https:\/\/webs.uab.cat\/cimitec\/wp-json\/wp\/v2\/pages"}],"about":[{"href":"https:\/\/webs.uab.cat\/cimitec\/wp-json\/wp\/v2\/types\/page"}],"author":[{"embeddable":true,"href":"https:\/\/webs.uab.cat\/cimitec\/wp-json\/wp\/v2\/users\/2651"}],"replies":[{"embeddable":true,"href":"https:\/\/webs.uab.cat\/cimitec\/wp-json\/wp\/v2\/comments?post=450"}],"version-history":[{"count":6,"href":"https:\/\/webs.uab.cat\/cimitec\/wp-json\/wp\/v2\/pages\/450\/revisions"}],"predecessor-version":[{"id":2754,"href":"https:\/\/webs.uab.cat\/cimitec\/wp-json\/wp\/v2\/pages\/450\/revisions\/2754"}],"up":[{"embeddable":true,"href":"https:\/\/webs.uab.cat\/cimitec\/wp-json\/wp\/v2\/pages\/28"}],"wp:attachment":[{"href":"https:\/\/webs.uab.cat\/cimitec\/wp-json\/wp\/v2\/media?parent=450"}],"curies":[{"name":"wp","href":"https:\/\/api.w.org\/{rel}","templated":true}]}}