{"id":481,"date":"2023-06-26T15:29:34","date_gmt":"2023-06-26T13:29:34","guid":{"rendered":"https:\/\/webs.uab.cat\/gemmacimitec\/?page_id=481"},"modified":"2026-02-25T13:20:44","modified_gmt":"2026-02-25T11:20:44","slug":"tesis-doctorals","status":"publish","type":"page","link":"https:\/\/webs.uab.cat\/cimitec\/tesis-doctorals\/","title":{"rendered":"Tesis Doctorals"},"content":{"rendered":"\n<p>03\/12\/2025. <a href=\"http:\/\/hdl.handle.net\/10803\/696426\" data-type=\"link\" data-id=\"http:\/\/hdl.handle.net\/10803\/696426\" target=\"_blank\" rel=\"noreferrer noopener\">REFLECTIVE-MODE PLANAR MICROWAVE SENSORS: SENSITIVITY AND SELECTIVITY OPTIMIZATION USING ADVANCED TECHNIQUES AND ARTIFICIAL INTELLIGENCE<\/a>, Pau Casacuberta Orta. UAB. Director: F. Mart\u00edn.<\/p>\n\n\n\n<p>25\/04\/2025. <a href=\"https:\/\/www.tdx.cat\/handle\/10803\/694339\" data-type=\"link\" data-id=\"https:\/\/www.tdx.cat\/handle\/10803\/694339\" target=\"_blank\" rel=\"noreferrer noopener\">NEW STRATEGIES AND APPLICATIONS IN ELECTROMAGNETIC ENCODERS AND PLANAR PHASE-VARIATION MICROWAVE SENSORS<\/a>, Amirhossein Karami Horestani. UAB. Directors: F. Mart\u00edn, F. Paredes<\/p>\n\n\n\n<p>25\/07\/2022. HIGHLY SENSITIVE PLANAR MICROWAVE SENSORS FOR DIELECTRIC CHARACTERIZATION OF SOLIDS, LIQUIDS, AND BIOSAMPLES, Jonathan Mu\u00f1oz Enano. UAB. Director: F. Mart\u00edn, P. V\u00e9lez.<\/p>\n\n\n\n<p>29\/07\/2020. <a rel=\"noreferrer noopener\" href=\"http:\/\/hdl.handle.net\/10803\/672389\" target=\"_blank\">SHORT RANGE DEVICE PLATFORM FOR NFC AND RFID WIRELESS TELECOMMUNICATIONS<\/a>, Josep Ignasi Cair\u00f3 Molins. UAB. Director: F. Mart\u00edn, J.Bonache<\/p>\n\n\n\n<p>15\/06\/2020.&nbsp;RESEARCH ON THE CODING METASURFACED REVERBERATION CHAMBER, Hengyi Sun. Nanjing University of Aeronautics and Astronautics. Director: F. Mart\u00edn, Changqing Gu<\/p>\n\n\n\n<p>27\/07\/2018. <a href=\"https:\/\/www.educacion.gob.es\/teseo\/mostrarRef.do?ref=1677255\" data-type=\"URL\" data-id=\"https:\/\/www.educacion.gob.es\/teseo\/mostrarRef.do?ref=1677255\" target=\"_blank\" rel=\"noreferrer noopener\">UNATTENDED DESIGN OF WIDEBAND PLANAR FILTERS BASED ON STEPPED IMPEDANCE RESONATORS (SIRS) THROUGH AGGRESSIVE SPACE MAPPING (ASM)<\/a>, Marc Sans Soler. UAB. Director: F. Mart\u00edn.<\/p>\n\n\n\n<p>25\/05\/2018.&nbsp;<a rel=\"noreferrer noopener\" href=\"https:\/\/www.educacion.gob.es\/teseo\/mostrarRef.do?ref=1640385\" target=\"_blank\">NUEVAS ESTRATEGIAS PARA EL DISE\u00d1O DE SISTEMAS CHIPLESS-RFID Y APLICACIONES<\/a>, Cristian Herrojo Prieto. UAB. Director: F. Mart\u00edn.<\/p>\n\n\n\n<p>29\/09\/2017.&nbsp;<a rel=\"noreferrer noopener\" href=\"https:\/\/www.educacion.gob.es\/teseo\/mostrarRef.do?ref=1511040\" target=\"_blank\">TRANSMISSION LINES LOADED WITH ELECTRICALLY SMALL RESONATORS: MODELING, ANALYSIS AND APPLICATIONS TO MICROWAVE SENSORS<\/a>, Lijuan Su. UAB. Director: F. Mart\u00edn.<\/p>\n\n\n\n<p>10\/03\/2017.&nbsp;<a rel=\"noreferrer noopener\" href=\"https:\/\/www.educacion.gob.es\/teseo\/mostrarRef.do?ref=1373295\" target=\"_blank\">ESTUDIO DE LAS PROPIEDADES DE RADIACI\u00d3N DE PART\u00cdCULAS RESONANTES CON APLICACIONES EN SISTEMAS DE COMUNICACIONES<\/a>, Pau Aguil\u00e0 Moliner. UAB. UAB. Director: J.Bonache, G. Zamora.<\/p>\n\n\n\n<p>16\/11\/2016.&nbsp;<a rel=\"noreferrer noopener\" href=\"https:\/\/www.educacion.gob.es\/teseo\/mostrarRef.do?ref=1316256\" target=\"_blank\">DISE\u00d1O DE FILTROS DE MICROONDAS BASADOS EN L\u00cdNEAS DE TRANSMISI\u00d3N DE ONDA LENTA MEDIANTE T\u00c9CNICAS DE SPACE MAPPING<\/a>, Marco Antonio Orellana Guti\u00e9rrez. UAB. Director: F. Mart\u00edn.<\/p>\n\n\n\n<p>15\/10\/2015. <a rel=\"noreferrer noopener\" href=\"https:\/\/www.educacion.gob.es\/teseo\/mostrarRef.do?ref=1180347\" data-type=\"URL\" data-id=\"https:\/\/www.educacion.gob.es\/teseo\/mostrarRef.do?ref=1180347\" target=\"_blank\">ANTENNA DESIGN SOLUTIONS FOR RADIO FREQUENCY IDENTIFICATION (RFID) TAGS BASED ON METAMATERIAL-INSPIRED RESONATORS AND OTHER RESONANT STRUCTURES<\/a>, Simone Zuffanelli. UAB. Director: J.Bonache, F. Mart\u00edn.<\/p>\n\n\n\n<p>17\/10\/2014.&nbsp;<a rel=\"noreferrer noopener\" href=\"https:\/\/www.educacion.gob.es\/teseo\/mostrarRef.do?ref=1113096\" target=\"_blank\">SYMMETRY PROPERTIES IN TRANSMISSION LINES LOADED WITH ELECTRICALLY SMALL RESONATORS: CIRCUIT MODELING AND APPLICATION TO COMMON-MODE SUPPRESSED DIFFERENTIAL LINES, MICROWAVE SENSORS, AND SPECTRAL SIGNATURE BARCODES<\/a>, Jordi Naqui Garolera. UAB. Director: F. Mart\u00edn.<\/p>\n\n\n\n<p>03\/10\/2014. <a rel=\"noreferrer noopener\" href=\"https:\/\/www.educacion.gob.es\/teseo\/mostrarRef.do?ref=1106259\" data-type=\"URL\" data-id=\"https:\/\/www.educacion.gob.es\/teseo\/mostrarRef.do?ref=1106259\" target=\"_blank\">CIRCUITOS DIFERENCIALES DE MICROONDAS CON RECHAZO DEL MODO COM\u00daN BASADOS EN CONCEPTOS DE METAMATERIALES Y EN RESONADORES SEMIDISCRETOS<\/a>, Paris V\u00e9lez Rasero. UAB. Director: J.Bonache, F. Mart\u00edn. <\/p>\n\n\n\n<p>02\/10\/2013.&nbsp;<a rel=\"noreferrer noopener\" href=\"https:\/\/www.educacion.gob.es\/teseo\/mostrarRef.do?ref=1052595\" target=\"_blank\">RADIO FREQUENCY IDENTIFICATION (RFID) TAGS AND READER ANTENNAS BASED ON CONJUGATE MATCHING AND METAMATERIAL CONCEPTS<\/a>, Gerard Zamora Gonz\u00e1lez. UAB. Director: F. Mart\u00edn, J.Bonache.<\/p>\n\n\n\n<p>08\/11\/2013.&nbsp;<a rel=\"noreferrer noopener\" href=\"https:\/\/www.educacion.gob.es\/teseo\/mostrarRef.do?ref=1051785\" target=\"_blank\">SYNTHESIS OF MICROWAVE CIRCUITS BASED ON METAMATERIALS USING AGGRESSIVE SPACE MAPPING ALGORITHMS<\/a>, Jordi Selga Ruiz. UAB. Director: F. Mart\u00edn.<\/p>\n\n\n\n<p>08\/06\/2012. <a href=\"https:\/\/www.educacion.gob.es\/teseo\/mostrarRef.do?ref=974562\" data-type=\"URL\" data-id=\"https:\/\/www.educacion.gob.es\/teseo\/mostrarRef.do?ref=974562\" target=\"_blank\" rel=\"noreferrer noopener\">DISSENY I CARACTERITZACI\u00d3 D&#8217;ETIQUETES D&#8217;IDENTIFICACI\u00d3 PER RADIOFREQ\u00dc\u00c8NCIA (RFID) DE DOBLE BANDA BASADES EN CONCEPTES DE METAMATERIALS<\/a>, Ferran Paredes Marco. UAB. Director: F. Mart\u00edn, J.Bonache.<\/p>\n\n\n\n<p>26\/07\/2011.&nbsp;<a rel=\"noreferrer noopener\" href=\"https:\/\/www.educacion.gob.es\/teseo\/mostrarRef.do?ref=934977\" target=\"_blank\">MINIATURIZATION OF PLANAR MICROWAVE COMPONENTS BASED ON SEMI-LUMPED ELEMENTS AND ARTIFICIAL TRANSMISSION LINES: APPLICATION TO MULTI-BAND DEVICES AND FILTERS<\/a>, Miguel Dur\u00e1n-Sindreu Viader. UAB. Director: F. Mart\u00edn, J.Bonache.<\/p>\n\n\n\n<p>18\/06\/2010. <a rel=\"noreferrer noopener\" href=\"https:\/\/www.educacion.gob.es\/teseo\/mostrarRef.do?ref=878310\" data-type=\"URL\" data-id=\"https:\/\/www.educacion.gob.es\/teseo\/mostrarRef.do?ref=878310\" target=\"_blank\">ENGINYERIA DE DISPERSI\u00d3 AMB L\u00cdNIES DE TRANSMISSI\u00d3 METAMATERIAL: APLICACI\u00d3 AL DISSENY DE COMPONENTS MULTIBANDA I D&#8217;AMPLE DE BANDA MILLORAT<\/a>, Gerard Sis\u00f3 Cuadrado. UAB. Director: J.Bonache, F. Mart\u00edn.<\/p>\n\n\n\n<p>07\/05\/2010.&nbsp;<a rel=\"noreferrer noopener\" href=\"https:\/\/www.educacion.gob.es\/teseo\/mostrarRef.do?ref=872061\" target=\"_blank\">DESIGN OF TUNABLE MICROWAVE CIRCUITS BASED ON METAMATERIAL CONCEPTS<\/a>, Adolfo V\u00e9lez Saiz. UAB. Director: J.Bonache, F. Mart\u00edn.<\/p>\n\n\n\n<p>17\/07\/2009.&nbsp;<a rel=\"noreferrer noopener\" href=\"https:\/\/www.educacion.gob.es\/teseo\/mostrarRef.do?ref=763086\" target=\"_blank\">CARACTERIZACI\u00d3N DE NUEVOS RESONADORES METAMATERIAL, L\u00cdNEAS DE TRANSMISI\u00d3N ARTIFICIALES Y APLICACIONES EN EL DISE\u00d1O DE CIRCUITOS DE COMUNICACIONES<\/a>, Francisco Aznar Ballesta. UAB. Director: F. Mart\u00edn, J.Bonache.<\/p>\n\n\n\n<p>12\/02\/2009.&nbsp;<a rel=\"noreferrer noopener\" href=\"https:\/\/www.educacion.gob.es\/teseo\/mostrarRef.do?ref=571323\" target=\"_blank\">RESONANT-TYPE METAMATERIAL TRANSMISSION LINES AND THEIR APPLICATION TO MICROWAVE DEVICE DESIGN<\/a>, Marta Gil Barba. UAB. Director: F. Mart\u00edn, J.Bonache.<\/p>\n\n\n\n<p>25\/06\/2007. <a href=\"https:\/\/www.educacion.gob.es\/teseo\/mostrarRef.do?ref=412947\" data-type=\"URL\" data-id=\"https:\/\/www.educacion.gob.es\/teseo\/mostrarRef.do?ref=412947\" target=\"_blank\" rel=\"noreferrer noopener\">DISE\u00d1O, MODELADO Y CARACTERIZACI\u00d3N DE ESTRUCTURAS RECONFIGURABLES BASADAS EN METAMATERIALES<\/a>, Ignacio Gil Gal\u00ed. UAB. Director: F. Mart\u00edn.<\/p>\n\n\n\n<p>26\/01\/2007.&nbsp;<a rel=\"noreferrer noopener\" href=\"https:\/\/www.educacion.gob.es\/teseo\/mostrarRef.do?ref=412671\" target=\"_blank\">FILTROS DE MICROONDAS BASADOS EN METAMATERIALES Y EN RESONADORES CONCENTRADOS<\/a>, Jordi Bonache Albacete. UAB. Director: F. Mart\u00edn.<\/p>\n\n\n\n<p><\/p>\n","protected":false},"excerpt":{"rendered":"<p>03\/12\/2025. REFLECTIVE-MODE PLANAR MICROWAVE SENSORS: SENSITIVITY AND SELECTIVITY OPTIMIZATION USING ADVANCED TECHNIQUES AND ARTIFICIAL INTELLIGENCE, Pau Casacuberta Orta. UAB. Director: F. Mart\u00edn. 25\/04\/2025. NEW STRATEGIES AND APPLICATIONS IN ELECTROMAGNETIC ENCODERS AND PLANAR PHASE-VARIATION MICROWAVE SENSORS, Amirhossein Karami Horestani. UAB. Directors: F. Mart\u00edn, F. Paredes 25\/07\/2022. HIGHLY SENSITIVE PLANAR MICROWAVE SENSORS FOR DIELECTRIC CHARACTERIZATION OF SOLIDS, [&hellip;]<\/p>\n","protected":false},"author":2651,"featured_media":0,"parent":0,"menu_order":0,"comment_status":"closed","ping_status":"closed","template":"","meta":{"footnotes":""},"class_list":["post-481","page","type-page","status-publish","hentry"],"_links":{"self":[{"href":"https:\/\/webs.uab.cat\/cimitec\/wp-json\/wp\/v2\/pages\/481","targetHints":{"allow":["GET"]}}],"collection":[{"href":"https:\/\/webs.uab.cat\/cimitec\/wp-json\/wp\/v2\/pages"}],"about":[{"href":"https:\/\/webs.uab.cat\/cimitec\/wp-json\/wp\/v2\/types\/page"}],"author":[{"embeddable":true,"href":"https:\/\/webs.uab.cat\/cimitec\/wp-json\/wp\/v2\/users\/2651"}],"replies":[{"embeddable":true,"href":"https:\/\/webs.uab.cat\/cimitec\/wp-json\/wp\/v2\/comments?post=481"}],"version-history":[{"count":8,"href":"https:\/\/webs.uab.cat\/cimitec\/wp-json\/wp\/v2\/pages\/481\/revisions"}],"predecessor-version":[{"id":2878,"href":"https:\/\/webs.uab.cat\/cimitec\/wp-json\/wp\/v2\/pages\/481\/revisions\/2878"}],"wp:attachment":[{"href":"https:\/\/webs.uab.cat\/cimitec\/wp-json\/wp\/v2\/media?parent=481"}],"curies":[{"name":"wp","href":"https:\/\/api.w.org\/{rel}","templated":true}]}}