{"id":890,"date":"2023-06-21T11:00:50","date_gmt":"2023-06-21T09:00:50","guid":{"rendered":"https:\/\/webs.uab.cat\/gemmacimitec\/articles-en-revistes\/2007-2\/"},"modified":"2026-02-20T13:09:36","modified_gmt":"2026-02-20T11:09:36","slug":"2007-2","status":"publish","type":"page","link":"https:\/\/webs.uab.cat\/cimitec\/articles-en-revistes\/2007-2\/?lang=es","title":{"rendered":"2007"},"content":{"rendered":"\n<ul class=\"wp-block-list\">\n<li>M. Gil, J. Bonache, F. Mart\u00edn, \u201c<a rel=\"noreferrer noopener\" href=\"https:\/\/doi.org\/10.1002\/mop.22901\" data-type=\"URL\" data-id=\"https:\/\/doi.org\/10.1002\/mop.22901\" target=\"_blank\">Metamaterial Filters with Attenuation Poles in the Pass Band for Ultra Wide Band Applications<\/a>\u201c, Microwave and Optical Technology Letters, Vol. 49, Issue 12, pp 2909-2913. December 2007. https:\/\/doi.org\/10.1002\/mop.22901<\/li>\n\n\n\n<li>I. Gil, F. Mart\u00edn, X. Rottenberg and W. De Raedt, \u201c<a rel=\"noreferrer noopener\" href=\"https:\/\/doi.org\/10.1049\/el:20072164\" data-type=\"URL\" data-id=\"https:\/\/doi.org\/10.1049\/el:20072164\" target=\"_blank\">Tunable stop-band filter at Q-band based on RF-MEMS metamaterials<\/a>\u201d, Electronics Letters, Vol. 43, Issue 21. October 2007. https:\/\/doi.org\/10.1049\/el:20072164<\/li>\n\n\n\n<li>G. Sis\u00f3, M. Gil, J. Bonache, F. Mart\u00edn, \u201c<a rel=\"noreferrer noopener\" href=\"https:\/\/doi.org\/10.1063\/1.2787168\" data-type=\"URL\" data-id=\"https:\/\/doi.org\/10.1063\/1.2787168\" target=\"_blank\">On the dispersion characteristics of metamaterial transmission lines<\/a>\u201c, Journal of Applied Physics, Vol. 102, Issue 7. October 2007. https:\/\/doi.org\/10.1063\/1.2787168<\/li>\n\n\n\n<li>G. Sis\u00f3, M. Gil, J. Bonache, F. Mart\u00edn, \u201c<a rel=\"noreferrer noopener\" href=\"https:\/\/doi.org\/10.1049\/el:20071755\" data-type=\"URL\" data-id=\"https:\/\/doi.org\/10.1049\/el:20071755\" target=\"_blank\">Application of metamaterial transmission lines to design of quadrature phase shifters<\/a>\u201c, Electronics Letters, Vol. 43, Issue 20. September 2007. https:\/\/doi.org\/10.1049\/el:20071755<\/li>\n\n\n\n<li>A. Velez, J. Bonache, F.Mart\u00edn, \u201c<a rel=\"noreferrer noopener\" href=\"https:\/\/doi.org\/10.1002\/mop.22651\" data-type=\"URL\" data-id=\"https:\/\/doi.org\/10.1002\/mop.22651\" target=\"_blank\">Effects of varying the series capacitance in CSRR-loaded metamaterial transmission lines<\/a>\u201d, Microwave and Optical Technology Letters, Vol. 49, No. 9, pp. 2245-2248, September 2007. https:\/\/doi.org\/10.1002\/mop.22651<\/li>\n\n\n\n<li>Jordi Bonache, Ignacio Gil, Joan Garc\u00eda-Garc\u00eda and Ferran Mart\u00edn, \u201c<a rel=\"noreferrer noopener\" href=\"https:\/\/doi.org\/10.1049\/iet-map:20060157\" data-type=\"URL\" data-id=\"https:\/\/doi.org\/10.1049\/iet-map:20060157\" target=\"_blank\">Compact Microstrip Band-pass Filters based on Semi-lumped Resonators<\/a>\u201d, IET Microwaves antennas and propagation, vol. 1, pp. 932-936, August 2007. https:\/\/doi.org\/10.1049\/iet-map:20060157<\/li>\n\n\n\n<li>M. Gil, J. Bonache, J. Garc\u00eda-Garc\u00eda, J. Martel and F. Mart\u00edn, \u201c<a rel=\"noreferrer noopener\" href=\"https:\/\/doi.org\/10.1109\/TMTT.2007.897755\" data-type=\"URL\" data-id=\"https:\/\/doi.org\/10.1109\/TMTT.2007.897755\" target=\"_blank\">Composite Right\/Left-Handed Metamaterial Transmission Lines Based on Complementary Split-Rings Resonators and Their Applications to Very Wideband and Compact Filter Design<\/a>\u201d, IEEE Transactions on Microwave Theory and Techniques, Vol. 55, No. 6, pp. 1296-1304, June 2007. https:\/\/doi.org\/10.1109\/TMTT.2007.897755<\/li>\n\n\n\n<li>F. Aznar, M. Gil, J. Bonache, J. Garc\u00eda-Garc\u00eda and F. Mart\u00edn, \u201d<a rel=\"noreferrer noopener\" href=\"https:\/\/doi.org\/10.1049\/el:20073839\" data-type=\"URL\" data-id=\"https:\/\/doi.org\/10.1049\/el:20073839\" target=\"_blank\">Metamaterial transmission lines based on broad-side coupled spiral resonators<\/a>\u201d, Electronics Letters, Vol. 43, No. 9, pp. 530-532, April 2007. https:\/\/doi.org\/10.1049\/el:20073839<\/li>\n\n\n\n<li>G. Sis\u00f3, J. Bonache, M. Gil, I. Gil, J. Garc\u00eda-Garc\u00eda and F. Martin, \u201c<a rel=\"noreferrer noopener\" href=\"http:\/\/dx.doi.org\/10.2529\/PIERS060802073619\" data-type=\"URL\" data-id=\"http:\/\/dx.doi.org\/10.2529\/PIERS060802073619\" target=\"_blank\">Compact Rat-Race Hybrid based on Complementary Split Rings Resonators<\/a>\u201d, PIERS Online, Vol. 3, No. 3, 248-250, 2007. http:\/\/dx.doi.org\/10.2529\/PIERS060802073619<\/li>\n\n\n\n<li>M. Gil, J. Bonache, J. Selga, J. Garc\u00eda-Garc\u00eda and F. Mart\u00edn, \u201c<a rel=\"noreferrer noopener\" href=\"http:\/\/dx.doi.org\/10.2529\/PIERS060802072849\" data-type=\"URL\" data-id=\"http:\/\/dx.doi.org\/10.2529\/PIERS060802072849\" target=\"_blank\">High-pass filters implemented by composite right\/left handed (CRLH) transmission lines based on complementary split rings resonators (CSRRs)<\/a>\u201d, PIERS Online, Vol. 3, No. 3, 251-253, 2007. http:\/\/dx.doi.org\/10.2529\/PIERS060802072849<\/li>\n\n\n\n<li>J. Garc\u00eda-Garc\u00eda, F. Aznar, M. Gil, J. Bonache and F. Mart\u00edn, \u201c<a rel=\"noreferrer noopener\" href=\"http:\/\/dx.doi.org\/10.2529\/PIERS060727140931\" data-type=\"URL\" data-id=\"http:\/\/dx.doi.org\/10.2529\/PIERS060727140931\" target=\"_blank\">Size reduction of SRRs for metamaterial and left handed media design<\/a>\u201d, PIERS Online, Vol. 3, No. 3, 266-269, 2007. http:\/\/dx.doi.org\/10.2529\/PIERS060727140931<\/li>\n\n\n\n<li>J. Bonache, G. Posada, G. Garchon, W. De Raedt, F. Mart\u00edn, \u201c<a rel=\"noreferrer noopener\" href=\"https:\/\/doi.org\/10.1049\/el:20073891\" data-type=\"URL\" data-id=\"https:\/\/doi.org\/10.1049\/el:20073891\" target=\"_blank\">Compact (&lt;0.5mm<sup>2<\/sup>) K-band metamaterial band pass filter in MCM-D technology<\/a>\u201d, Electronics Letters, vol.43, No. 5, pp.288-290, March 2007. https:\/\/doi.org\/10.1049\/el:20073891<\/li>\n\n\n\n<li>Marta Gil, Jordi Bonache, Ignacio Gil, Joan Garc\u00eda-Garc\u00eda and Ferran Mart\u00edn, \u201c<a rel=\"noreferrer noopener\" href=\"https:\/\/doi.org\/10.1049\/iet-map:20050302\" data-type=\"URL\" data-id=\"https:\/\/doi.org\/10.1049\/iet-map:20050302\" target=\"_blank\">Miniaturisation of planar microwave circuits by using resonant-type left handed transmission lines<\/a>\u201d, IET Microwave Antennas and Propagation, Vol.1, pp. 73-79, February 2007. https:\/\/doi.org\/10.1049\/iet-map:20050302<\/li>\n\n\n\n<li>M. Gil, J. Bonache, J. Selga, J. Garc\u00eda-Garc\u00eda, F. Mart\u00edn, \u201c<a rel=\"noreferrer noopener\" href=\"https:\/\/doi.org\/10.1109\/LMWC.2006.890327\" data-type=\"URL\" data-id=\"https:\/\/doi.org\/10.1109\/LMWC.2006.890327\" target=\"_blank\">Broadband resonant type metamaterial transmission lines<\/a>\u201d, IEEE Microwave and Wireless Components Letters, vol. 17, pp. 97-99, February 2007. https:\/\/doi.org\/10.1109\/LMWC.2006.890327<\/li>\n\n\n\n<li>I. Arnedo, J. Illescas, M. Flores, T. Lopetegi, M.A.G. Laso, F. Falcone, J. Bonache, J. Garc\u00eda &#8211; Garc\u00eda, F. Mart\u00edn, J.A. Marcotegui, R. Marqu\u00e9s and M. Sorolla, \u201c<a rel=\"noreferrer noopener\" href=\"https:\/\/doi.org\/10.1049\/iet-map:20050320\" data-type=\"URL\" data-id=\"https:\/\/doi.org\/10.1049\/iet-map:20050320\" target=\"_blank\">Forward and backward leaky wave radiation in split-ring-resonator-based metamaterials<\/a>\u201d, IET Microwave Antennas and Propagation, Vol. 1, No. 1, pp. 65-68, February 2007. https:\/\/doi.org\/10.1049\/iet-map:20050320<\/li>\n\n\n\n<li>J. Martel, J. Bonache, R. Marqu\u00e9s, F. Mart\u00edn and F. Medina, \u201c<a rel=\"noreferrer noopener\" href=\"https:\/\/doi.org\/10.1109\/LMWC.2006.887246\" data-type=\"URL\" data-id=\"https:\/\/doi.org\/10.1109\/LMWC.2006.887246\" target=\"_blank\">Design of Wide-band Semi-lumped Bandpass Filters Using Open Split Ring Resonators<\/a>\u201d, IEEE Microwave and Wireless Components Letters, vol. 17, pp. 28-30, January 2007. https:\/\/doi.org\/10.1109\/LMWC.2006.887246<\/li>\n<\/ul>\n\n\n\n<div class=\"wp-block-columns is-layout-flex wp-container-core-columns-is-layout-9d6595d7 wp-block-columns-is-layout-flex\">\n<div class=\"wp-block-column is-layout-flow wp-block-column-is-layout-flow\" style=\"flex-basis:25%\">\n<div class=\"wp-block-buttons is-layout-flex wp-block-buttons-is-layout-flex\">\n<div class=\"wp-block-button has-custom-width wp-block-button__width-100\"><a class=\"wp-block-button__link wp-element-button\" href=\"https:\/\/webs.uab.cat\/cimitec\/articles-en-revistes\/2008-2\/?lang=es\">&lt;&lt; 2008<\/a><\/div>\n<\/div>\n<\/div>\n\n\n\n<div class=\"wp-block-column is-layout-flow wp-block-column-is-layout-flow\" style=\"flex-basis:50%\">\n<div class=\"wp-block-buttons is-layout-flex wp-block-buttons-is-layout-flex\">\n<div class=\"wp-block-button has-custom-width wp-block-button__width-100 is-style-outline is-style-outline--1\"><a class=\"wp-block-button__link wp-element-button\" href=\"https:\/\/webs.uab.cat\/cimitec\/articles-en-revistes\/?lang=es\">\u00edndice<\/a><\/div>\n<\/div>\n<\/div>\n\n\n\n<div class=\"wp-block-column is-layout-flow wp-block-column-is-layout-flow\" style=\"flex-basis:25%\">\n<div class=\"wp-block-buttons is-layout-flex wp-block-buttons-is-layout-flex\">\n<div class=\"wp-block-button has-custom-width wp-block-button__width-100\"><a class=\"wp-block-button__link wp-element-button\" href=\"https:\/\/webs.uab.cat\/cimitec\/articles-en-revistes\/2006-2\/?lang=es\">2006 &gt;&gt;<\/a><\/div>\n<\/div>\n<\/div>\n<\/div>\n","protected":false},"excerpt":{"rendered":"","protected":false},"author":2651,"featured_media":0,"parent":168,"menu_order":16,"comment_status":"closed","ping_status":"closed","template":"","meta":{"footnotes":""},"class_list":["post-890","page","type-page","status-publish","hentry"],"_links":{"self":[{"href":"https:\/\/webs.uab.cat\/cimitec\/wp-json\/wp\/v2\/pages\/890","targetHints":{"allow":["GET"]}}],"collection":[{"href":"https:\/\/webs.uab.cat\/cimitec\/wp-json\/wp\/v2\/pages"}],"about":[{"href":"https:\/\/webs.uab.cat\/cimitec\/wp-json\/wp\/v2\/types\/page"}],"author":[{"embeddable":true,"href":"https:\/\/webs.uab.cat\/cimitec\/wp-json\/wp\/v2\/users\/2651"}],"replies":[{"embeddable":true,"href":"https:\/\/webs.uab.cat\/cimitec\/wp-json\/wp\/v2\/comments?post=890"}],"version-history":[{"count":3,"href":"https:\/\/webs.uab.cat\/cimitec\/wp-json\/wp\/v2\/pages\/890\/revisions"}],"predecessor-version":[{"id":2740,"href":"https:\/\/webs.uab.cat\/cimitec\/wp-json\/wp\/v2\/pages\/890\/revisions\/2740"}],"up":[{"embeddable":true,"href":"https:\/\/webs.uab.cat\/cimitec\/wp-json\/wp\/v2\/pages\/168"}],"wp:attachment":[{"href":"https:\/\/webs.uab.cat\/cimitec\/wp-json\/wp\/v2\/media?parent=890"}],"curies":[{"name":"wp","href":"https:\/\/api.w.org\/{rel}","templated":true}]}}