{"id":25,"date":"2024-11-13T10:57:38","date_gmt":"2024-11-13T08:57:38","guid":{"rendered":"https:\/\/webs.uab.cat\/cognicion-genero-psicosis\/?page_id=25"},"modified":"2024-11-13T11:14:20","modified_gmt":"2024-11-13T09:14:20","slug":"contacte","status":"publish","type":"page","link":"https:\/\/webs.uab.cat\/cognicion-genero-psicosis\/contacte\/","title":{"rendered":"Contacte"},"content":{"rendered":"\n<div class=\"wp-block-columns is-layout-flex wp-container-core-columns-is-layout-9d6595d7 wp-block-columns-is-layout-flex\">\n<div class=\"wp-block-column is-layout-flow wp-block-column-is-layout-flow\" style=\"flex-basis:100%\">\n<ul class=\"wp-block-list\"><\/ul>\n<\/div>\n<\/div>\n\n\n\n<p><strong>Tens qualsevol dubte o t&#8217;agradaria con\u00e8ixer millor el grup i les investigacions que es realitzen? <\/strong><\/p>\n\n\n\n<div class=\"wp-block-columns is-layout-flex wp-container-core-columns-is-layout-9d6595d7 wp-block-columns-is-layout-flex\">\n<div class=\"wp-block-column is-layout-flow wp-block-column-is-layout-flow\" style=\"flex-basis:100%\">\n<p>Pots contactar amb nosaltres per correu electr\u00f2nic, ens posarem en contacte amb tu el m\u00e9s aviat possible:<\/p>\n<\/div>\n<\/div>\n\n\n\n<ul class=\"wp-block-list\">\n<li>Ana Barajas V\u00e9lez <a href=\"ana.barajas@uab.cat\" data-type=\"page\" data-id=\"25\">ana.barajas@uab.cat<\/a><\/li>\n<\/ul>\n\n\n\n<ul class=\"wp-block-list\">\n<li>Marta Korniyenko Korzhylova <a href=\"marta.korniyenko@uab.cat\" data-type=\"page\" data-id=\"25\">marta.korniyenko@uab.cat<\/a><\/li>\n<\/ul>\n\n\n\n<p><\/p>\n","protected":false},"excerpt":{"rendered":"<p>Tens qualsevol dubte o t&#8217;agradaria con\u00e8ixer millor el grup i les investigacions que es realitzen? Pots contactar amb nosaltres per correu electr\u00f2nic, ens posarem en contacte amb tu el m\u00e9s aviat possible:<\/p>\n","protected":false},"author":2981,"featured_media":0,"parent":0,"menu_order":0,"comment_status":"closed","ping_status":"closed","template":"","meta":{"footnotes":""},"class_list":["post-25","page","type-page","status-publish","hentry"],"_links":{"self":[{"href":"https:\/\/webs.uab.cat\/cognicion-genero-psicosis\/wp-json\/wp\/v2\/pages\/25","targetHints":{"allow":["GET"]}}],"collection":[{"href":"https:\/\/webs.uab.cat\/cognicion-genero-psicosis\/wp-json\/wp\/v2\/pages"}],"about":[{"href":"https:\/\/webs.uab.cat\/cognicion-genero-psicosis\/wp-json\/wp\/v2\/types\/page"}],"author":[{"embeddable":true,"href":"https:\/\/webs.uab.cat\/cognicion-genero-psicosis\/wp-json\/wp\/v2\/users\/2981"}],"replies":[{"embeddable":true,"href":"https:\/\/webs.uab.cat\/cognicion-genero-psicosis\/wp-json\/wp\/v2\/comments?post=25"}],"version-history":[{"count":3,"href":"https:\/\/webs.uab.cat\/cognicion-genero-psicosis\/wp-json\/wp\/v2\/pages\/25\/revisions"}],"predecessor-version":[{"id":45,"href":"https:\/\/webs.uab.cat\/cognicion-genero-psicosis\/wp-json\/wp\/v2\/pages\/25\/revisions\/45"}],"wp:attachment":[{"href":"https:\/\/webs.uab.cat\/cognicion-genero-psicosis\/wp-json\/wp\/v2\/media?parent=25"}],"curies":[{"name":"wp","href":"https:\/\/api.w.org\/{rel}","templated":true}]}}