{"id":1175,"date":"2024-01-30T16:56:10","date_gmt":"2024-01-30T14:56:10","guid":{"rendered":"https:\/\/webs.uab.cat\/comitepas\/?page_id=1175"},"modified":"2024-01-31T10:03:17","modified_gmt":"2024-01-31T08:03:17","slug":"inici","status":"publish","type":"page","link":"https:\/\/webs.uab.cat\/comitepas\/","title":{"rendered":"Inici"},"content":{"rendered":"\n<p>El Comit\u00e8 d&#8217;Empresa del Personal T\u00e8cnic, de Gesti\u00f3 i d&#8217;Administraci\u00f3 i Serveis (PTGAS) \u00e9s l&#8217;\u00f2rgan representatiu i col\u00b7legiat del conjunt del PTGAS laboral de la Universitat per a la defensa dels seus interessos. (<a href=\"https:\/\/webs.uab.cat\/comitepas\/comite-empresa\/\">+info<\/a>)<\/p>\n\n\n\n<ul class=\"wp-block-list\">\n<li><a href=\"https:\/\/webs.uab.cat\/comitepas\/documentacio\/normativa\/\">Documentaci\u00f3 (normativa i acords)<\/a><\/li>\n\n\n\n<li><a href=\"https:\/\/uab-my.sharepoint.com\/:f:\/g\/personal\/1103839_uab_cat\/EnkXnRAsxjNIugF2s7XNKzQBnJXBLwYTAZ1saJVDQekGEQ?e=0m63C6\" target=\"_blank\" rel=\"noreferrer noopener\">Arxiu actes del plenari del Comit\u00e8 a disposici\u00f3 en .pdf<\/a> (des del 2014&#8230;)<\/li>\n\n\n\n<li><a href=\"https:\/\/webs.uab.cat\/comitepas\/comite-empresa\/comissions\/\">Comissions del Comit\u00e8 d&#8217;empresa<\/a><\/li>\n\n\n\n<li><a href=\"https:\/\/webs.uab.cat\/comitepas\/entrades\/\">Entrades web del Comit\u00e8 d&#8217;empresa del PTGAS<\/a> (fins a febrer del 2023)<\/li>\n<\/ul>\n","protected":false},"excerpt":{"rendered":"<p>El Comit\u00e8 d&#8217;Empresa del Personal T\u00e8cnic, de Gesti\u00f3 i d&#8217;Administraci\u00f3 i Serveis (PTGAS) \u00e9s l&#8217;\u00f2rgan representatiu i col\u00b7legiat del conjunt del PTGAS laboral de la Universitat per a la defensa dels seus interessos. (+info)<\/p>\n","protected":false},"author":2852,"featured_media":0,"parent":0,"menu_order":0,"comment_status":"closed","ping_status":"closed","template":"","meta":{"footnotes":""},"class_list":["post-1175","page","type-page","status-publish","hentry"],"_links":{"self":[{"href":"https:\/\/webs.uab.cat\/comitepas\/wp-json\/wp\/v2\/pages\/1175","targetHints":{"allow":["GET"]}}],"collection":[{"href":"https:\/\/webs.uab.cat\/comitepas\/wp-json\/wp\/v2\/pages"}],"about":[{"href":"https:\/\/webs.uab.cat\/comitepas\/wp-json\/wp\/v2\/types\/page"}],"author":[{"embeddable":true,"href":"https:\/\/webs.uab.cat\/comitepas\/wp-json\/wp\/v2\/users\/2852"}],"replies":[{"embeddable":true,"href":"https:\/\/webs.uab.cat\/comitepas\/wp-json\/wp\/v2\/comments?post=1175"}],"version-history":[{"count":9,"href":"https:\/\/webs.uab.cat\/comitepas\/wp-json\/wp\/v2\/pages\/1175\/revisions"}],"predecessor-version":[{"id":1202,"href":"https:\/\/webs.uab.cat\/comitepas\/wp-json\/wp\/v2\/pages\/1175\/revisions\/1202"}],"wp:attachment":[{"href":"https:\/\/webs.uab.cat\/comitepas\/wp-json\/wp\/v2\/media?parent=1175"}],"curies":[{"name":"wp","href":"https:\/\/api.w.org\/{rel}","templated":true}]}}