{"id":20,"date":"2016-02-25T08:51:16","date_gmt":"2016-02-25T08:51:16","guid":{"rendered":"http:\/\/blogs.uab.cat\/comitepas\/?page_id=20"},"modified":"2016-02-25T08:51:16","modified_gmt":"2016-02-25T08:51:16","slug":"membres","status":"publish","type":"page","link":"https:\/\/webs.uab.cat\/comitepas\/comite-empresa\/membres\/","title":{"rendered":"Delegades i delegats electes"},"content":{"rendered":"<p style=\"text-align: justify\">Llistat de les representants legals de les treballadores i treballadors, escollits per la resta de companyes i companys:<\/p>\n<ul>\n<li style=\"text-align: justify\"><a href=\"https:\/\/siastd.uab.es\/pcde\/fitxa_persona.jsf?id=fda61df9e3599bb0&amp;entitat=671&amp;colectiu=PAS\" target=\"_blank\" rel=\"noopener\">Adolfo Amo La\u00ednez<\/a><\/li>\n<li style=\"text-align: justify\"><a href=\"https:\/\/siastd.uab.es\/pcde\/fitxa_persona.jsf?id=8ac00d516bf578ab&amp;entitat=712&amp;colectiu=PAS\" target=\"_blank\" rel=\"noopener\">Juan Jos\u00e9 Bravo San Jos\u00e9<\/a><\/li>\n<li style=\"text-align: justify\"><a href=\"https:\/\/siastd.uab.es\/pcde\/fitxa_persona.jsf?id=fe6468c93e8f37ae&amp;entitat=1061&amp;colectiu=PAS\" target=\"_blank\" rel=\"noopener\">Marc Roger Bria Ramirez<\/a><\/li>\n<li style=\"text-align: justify\"><a href=\"https:\/\/siastd.uab.es\/pcde\/fitxa_persona.jsf?id=9e0b0ba2248415f2&amp;entitat=670&amp;colectiu=PAS\" target=\"_blank\" rel=\"noopener\">Trini Exp\u00f3sito Rico<\/a><\/li>\n<li style=\"text-align: justify\"><a href=\"https:\/\/siastd.uab.es\/pcde\/fitxa_persona.jsf?id=7070a24e915fe867&amp;entitat=660&amp;colectiu=PAS\" target=\"_blank\" rel=\"noopener\">Alberto Antonio Garcia Puertas<\/a><\/li>\n<li style=\"text-align: justify\"><a href=\"https:\/\/siastd.uab.es\/pcde\/fitxa_persona.jsf?id=ac9097774fcf180b&amp;entitat=1707&amp;colectiu=PAS\" target=\"_blank\" rel=\"noopener\">Adri\u00e0 Herbera Luna<\/a><\/li>\n<li style=\"text-align: justify\"><a href=\"https:\/\/siastd.uab.es\/pcde\/fitxa_persona.jsf?id=95c241c67efa539e&amp;entitat=459&amp;colectiu=PAS\" target=\"_blank\" rel=\"noopener\">Mercedes M\u00e1rquez Mart\u00ednez<\/a><\/li>\n<li style=\"text-align: justify\"><a href=\"https:\/\/siastd.uab.es\/pcde\/fitxa_persona.jsf?id=66ee00e0189d0d9b&amp;entitat=1066&amp;colectiu=PAS\" target=\"_blank\" rel=\"noopener\">Dom\u00e8nec Mart\u00edn Gamb\u00edn<\/a><\/li>\n<li style=\"text-align: justify\"><a href=\"https:\/\/siastd.uab.es\/pcde\/fitxa_persona.jsf?id=be0e77bc557c54b1&amp;entitat=740&amp;colectiu=PAS\" target=\"_blank\" rel=\"noopener\">Juan Montesinos Andrade<\/a><\/li>\n<li style=\"text-align: justify\"><a href=\"https:\/\/siastd.uab.es\/pcde\/fitxa_persona.jsf?id=307bbf08740ef588&amp;entitat=404&amp;colectiu=PAS\" target=\"_blank\" rel=\"noopener\">Rafael Moraira Reina<\/a><\/li>\n<li style=\"text-align: justify\"><a href=\"https:\/\/siastd.uab.es\/pcde\/fitxa_persona.jsf?id=6e2311d67dcaf477&amp;entitat=681&amp;colectiu=PAS\" target=\"_blank\" rel=\"noopener\">Marc Peral Canalda<\/a><\/li>\n<li style=\"text-align: justify\"><a href=\"https:\/\/siastd.uab.es\/pcde\/fitxa_persona.jsf?id=e35b3009c6e7fe40&amp;entitat=1956&amp;colectiu=PAS\" target=\"_blank\" rel=\"noopener\">Sergi Perall\u00f3n Sopena<\/a><\/li>\n<li style=\"text-align: justify\"><a href=\"https:\/\/siastd.uab.es\/pcde\/fitxa_persona.jsf?id=ec4523ae837acdfa&amp;entitat=994&amp;colectiu=PAS\" target=\"_blank\" rel=\"noopener\">A\u00edda Pinazo Guti\u00e9rrez<\/a><\/li>\n<li style=\"text-align: justify\"><a href=\"https:\/\/siastd.uab.es\/pcde\/fitxa_persona.jsf?id=bfa716de22be0840&amp;entitat=682&amp;colectiu=PAS\" target=\"_blank\" rel=\"noopener\">Andreu Pompas Alcaraz<\/a><\/li>\n<li style=\"text-align: justify\"><a href=\"https:\/\/siastd.uab.es\/pcde\/fitxa_persona.jsf?id=07bc664d924b3a4f&amp;entitat=2782&amp;colectiu=PAS\" target=\"_blank\" rel=\"noopener\">Marta Ram\u00edrez Hidalgo<\/a><\/li>\n<li style=\"text-align: justify\"><a href=\"https:\/\/siastd.uab.es\/pcde\/fitxa_persona.jsf?id=e71e6c670d454011&amp;entitat=712&amp;colectiu=PAS\" target=\"_blank\" rel=\"noopener\">Nuria Ros Rovira<\/a><\/li>\n<li style=\"text-align: justify\"><a href=\"https:\/\/siastd.uab.es\/pcde\/fitxa_persona.jsf?id=b1c1389f58201882&amp;entitat=2491&amp;colectiu=PAS\" target=\"_blank\" rel=\"noopener\">Sarai Sabate Diaz<\/a><\/li>\n<li style=\"text-align: justify\"><a href=\"https:\/\/siastd.uab.es\/pcde\/fitxa_persona.jsf?id=509a79072220d865&amp;entitat=702&amp;colectiu=PAS\" target=\"_blank\" rel=\"noopener\">David Sanchez Solbes<\/a><\/li>\n<li style=\"text-align: justify\"><a href=\"https:\/\/siastd.uab.es\/pcde\/fitxa_persona.jsf?id=dd3190b915dfb072&amp;entitat=720&amp;colectiu=PAS\" target=\"_blank\" rel=\"noopener\">Annabel Segura Torres<\/a><\/li>\n<li style=\"text-align: justify\"><a href=\"https:\/\/siastd.uab.es\/pcde\/fitxa_persona.jsf?id=3f37f613004f8081&amp;entitat=2453&amp;colectiu=PAS\" target=\"_blank\" rel=\"noopener\">Iv\u00e1n Sibill\u00e0 Garc\u00eda<\/a><\/li>\n<li style=\"text-align: justify\"><a href=\"https:\/\/siastd.uab.es\/pcde\/fitxa_persona.jsf?id=8e515c6c4db415de&amp;entitat=739&amp;colectiu=PAS\" target=\"_blank\" rel=\"noopener\">Ivanna Sole Gil<\/a><\/li>\n<li style=\"text-align: justify\"><a href=\"https:\/\/siastd.uab.es\/pcde\/fitxa_persona.jsf?id=2967d8a91aa12ecd&amp;entitat=951&amp;colectiu=PAS\" target=\"_blank\" rel=\"noopener\">Albert Teixid\u00f3 Palaz\u00f3n<\/a><\/li>\n<li style=\"text-align: justify\"><a href=\"https:\/\/siastd.uab.es\/pcde\/fitxa_persona.jsf?id=a00e7945810aa7c2&amp;entitat=1068&amp;colectiu=PAS\" target=\"_blank\" rel=\"noopener\">David Yeste Mu\u00f1oz<\/a><\/li>\n<\/ul>\n","protected":false},"excerpt":{"rendered":"<p>Llistat de les representants legals de les treballadores i treballadors, escollits per la resta de companyes i companys: Adolfo Amo La\u00ednez Juan Jos\u00e9 Bravo San Jos\u00e9 Marc Roger Bria Ramirez Trini Exp\u00f3sito Rico Alberto Antonio Garcia Puertas Adri\u00e0 Herbera Luna Mercedes M\u00e1rquez Mart\u00ednez Dom\u00e8nec Mart\u00edn Gamb\u00edn Juan Montesinos Andrade Rafael Moraira Reina Marc Peral Canalda [&hellip;]<\/p>\n","protected":false},"author":57,"featured_media":0,"parent":9,"menu_order":0,"comment_status":"closed","ping_status":"closed","template":"","meta":{"footnotes":""},"class_list":["post-20","page","type-page","status-publish","hentry"],"_links":{"self":[{"href":"https:\/\/webs.uab.cat\/comitepas\/wp-json\/wp\/v2\/pages\/20","targetHints":{"allow":["GET"]}}],"collection":[{"href":"https:\/\/webs.uab.cat\/comitepas\/wp-json\/wp\/v2\/pages"}],"about":[{"href":"https:\/\/webs.uab.cat\/comitepas\/wp-json\/wp\/v2\/types\/page"}],"author":[{"embeddable":true,"href":"https:\/\/webs.uab.cat\/comitepas\/wp-json\/wp\/v2\/users\/57"}],"replies":[{"embeddable":true,"href":"https:\/\/webs.uab.cat\/comitepas\/wp-json\/wp\/v2\/comments?post=20"}],"version-history":[{"count":0,"href":"https:\/\/webs.uab.cat\/comitepas\/wp-json\/wp\/v2\/pages\/20\/revisions"}],"up":[{"embeddable":true,"href":"https:\/\/webs.uab.cat\/comitepas\/wp-json\/wp\/v2\/pages\/9"}],"wp:attachment":[{"href":"https:\/\/webs.uab.cat\/comitepas\/wp-json\/wp\/v2\/media?parent=20"}],"curies":[{"name":"wp","href":"https:\/\/api.w.org\/{rel}","templated":true}]}}