{"id":22,"date":"2016-02-25T08:51:32","date_gmt":"2016-02-25T08:51:32","guid":{"rendered":"http:\/\/blogs.uab.cat\/comitepas\/?page_id=22"},"modified":"2016-02-25T08:51:32","modified_gmt":"2016-02-25T08:51:32","slug":"comissions","status":"publish","type":"page","link":"https:\/\/webs.uab.cat\/comitepas\/comite-empresa\/comissions\/","title":{"rendered":"Comissions"},"content":{"rendered":"<p style=\"text-align: justify\">El Comit\u00e8 d&#8217;Empresa s&#8217;organitza en comissions:<\/p>\n<h3 style=\"text-align: justify\"><span style=\"text-decoration: underline\">PAS Laboral<\/span><\/h3>\n<ul style=\"text-align: justify\">\n<li><strong>An\u00e0lisi de Cap\u00edtol VI. <\/strong>Revisi\u00f3 de la situaci\u00f3 contractual del col\u00b7lectiu del PAS de suport a la recerca finan\u00e7at pel Cap\u00edtol VI.<\/li>\n<li><strong>Comissi\u00f3 de Selecci\u00f3. <\/strong>Desenvolupament del cap\u00edtol 4 del VI\u00e8 Conveni del PAS-L.<\/li>\n<li><strong>Comissi\u00f3 de SID&#8217;s. <\/strong>Seguiment \u00b7 Acord carrera professional SID&#8217;s.<\/li>\n<li><strong>Comunicaci\u00f3 de Places. <\/strong>Seguiment de la convocat\u00f2ria de places del PAS-L.<\/li>\n<li><strong>Informativa. <\/strong>Informaci\u00f3 sobre q\u00fcestions del PAS-L.<\/li>\n<li><strong>Negociadora. <\/strong>Negociaci\u00f3 de q\u00fcestions referents a les condicions de treball del PAS-L.<\/li>\n<li><strong>Negociadora Reorganitzaci\u00f3 Estructures de Suport dels Centres. <\/strong>Negociaci\u00f3 de la implementaci\u00f3 de la reorganitzaci\u00f3 de les estructures de suport.<\/li>\n<li><strong>RLT i Plantilla. <\/strong>Revisi\u00f3 i seguiment de l&#8217;RLT i la plantilla del PAS-L.<\/li>\n<li><strong>Seguiment Jubilacions Parcials. <\/strong>Informaci\u00f3 dels processos de jubilaci\u00f3 parcial i canvis normatius que els afecten.<\/li>\n<\/ul>\n<p>&nbsp;<\/p>\n<h3 style=\"text-align: justify\"><span style=\"text-decoration: underline\">PAS Laboral i PAS Funcionari<\/span><\/h3>\n<ul style=\"text-align: justify\">\n<li><strong>Calendari laboral.<\/strong> Negociaci\u00f3 del calendari laboral de l&#8217;any entrant.<\/li>\n<li><strong>General de Formaci\u00f3.<\/strong> Pla anual de formaci\u00f3.<\/li>\n<li><strong>Iniciatives de Millora.<\/strong> Seguiment\u00a0 i presa de decisions sobre les incid\u00e8ncies del programa d&#8217;Iniciatives de Millora.<\/li>\n<li><strong>Manual de Gesti\u00f3 Hor\u00e0ria.<\/strong> Elaboraci\u00f3 del Manual de Gesti\u00f3 Hor\u00e0ria i establiment de criteris a seguir en la seva aplicaci\u00f3.<\/li>\n<li><strong>Seguiment Programa Teletreball.<\/strong> Seguiment del correcte desenvolupament del programa de teletreball i resoluci\u00f3 de problemes.<\/li>\n<li><strong>T\u00e8cnica Reorganitzaci\u00f3 Estructures de Suport dels Centres.<\/strong> Seguiment de la implementaci\u00f3 del pla de reorganitzaci\u00f3 d&#8217;estructures i serveis del Campus de Sabadell.<\/li>\n<li><strong>Tractament per al pas de les matr\u00edcules dels estudis universitaris.<\/strong> Elaboraci\u00f3 d&#8217;un procediment que permeti la subvenci\u00f3 dels estudis universitaris per al PAS i els seus familiars.<\/li>\n<\/ul>\n<p>&nbsp;<\/p>\n<h3 style=\"text-align: justify\"><span style=\"text-decoration: underline\">PAS Laboral i PAS Funcionari<\/span> (externa UAB)<\/h3>\n<ul>\n<li style=\"text-align: justify\"><strong>Drets Sindicals (Mesa Universitats).<\/strong> Seguiment i negociaci\u00f3 de les condicions laborals a les universitats catalanes.<\/li>\n<li style=\"text-align: justify\"><strong>Seguiment Acord CONCILIA.<\/strong> Seguiment i negociaci\u00f3 \u00b7 Acord interuniversitari CONCILIA.<\/li>\n<\/ul>\n","protected":false},"excerpt":{"rendered":"<p>El Comit\u00e8 d&#8217;Empresa s&#8217;organitza en comissions: PAS Laboral An\u00e0lisi de Cap\u00edtol VI. Revisi\u00f3 de la situaci\u00f3 contractual del col\u00b7lectiu del PAS de suport a la recerca finan\u00e7at pel Cap\u00edtol VI. Comissi\u00f3 de Selecci\u00f3. Desenvolupament del cap\u00edtol 4 del VI\u00e8 Conveni del PAS-L. Comissi\u00f3 de SID&#8217;s. Seguiment \u00b7 Acord carrera professional SID&#8217;s. Comunicaci\u00f3 de Places. Seguiment [&hellip;]<\/p>\n","protected":false},"author":57,"featured_media":0,"parent":9,"menu_order":0,"comment_status":"closed","ping_status":"closed","template":"","meta":{"footnotes":""},"class_list":["post-22","page","type-page","status-publish","hentry"],"_links":{"self":[{"href":"https:\/\/webs.uab.cat\/comitepas\/wp-json\/wp\/v2\/pages\/22","targetHints":{"allow":["GET"]}}],"collection":[{"href":"https:\/\/webs.uab.cat\/comitepas\/wp-json\/wp\/v2\/pages"}],"about":[{"href":"https:\/\/webs.uab.cat\/comitepas\/wp-json\/wp\/v2\/types\/page"}],"author":[{"embeddable":true,"href":"https:\/\/webs.uab.cat\/comitepas\/wp-json\/wp\/v2\/users\/57"}],"replies":[{"embeddable":true,"href":"https:\/\/webs.uab.cat\/comitepas\/wp-json\/wp\/v2\/comments?post=22"}],"version-history":[{"count":0,"href":"https:\/\/webs.uab.cat\/comitepas\/wp-json\/wp\/v2\/pages\/22\/revisions"}],"up":[{"embeddable":true,"href":"https:\/\/webs.uab.cat\/comitepas\/wp-json\/wp\/v2\/pages\/9"}],"wp:attachment":[{"href":"https:\/\/webs.uab.cat\/comitepas\/wp-json\/wp\/v2\/media?parent=22"}],"curies":[{"name":"wp","href":"https:\/\/api.w.org\/{rel}","templated":true}]}}