{"id":46,"date":"2016-09-20T07:58:32","date_gmt":"2016-09-20T07:58:32","guid":{"rendered":"http:\/\/blogs.uab.cat\/comitepas\/?page_id=46"},"modified":"2024-01-31T10:01:55","modified_gmt":"2024-01-31T08:01:55","slug":"normativa","status":"publish","type":"page","link":"https:\/\/webs.uab.cat\/comitepas\/documentacio\/normativa\/","title":{"rendered":"Normativa d&#8217;aplicaci\u00f3"},"content":{"rendered":"\n<h3 class=\"wp-block-heading\"><span style=\"text-decoration: underline\">\u00c0MBIT ESTATAL<\/span><\/h3>\n\n\n\n<ul class=\"wp-block-list\">\n<li>23\/10\/2015 &#8211;<strong> <a href=\"https:\/\/webs.uab.cat\/comitepas\/wp-content\/uploads\/sites\/183\/2016\/09\/BOE-A-2015-11430-C.pdf\" target=\"_blank\" rel=\"noopener\">Estatut dels treballadors<\/a><\/strong> \u00b7 [<a href=\"https:\/\/www.boe.es\/diario_boe\/txt.php?id=BOE-A-2015-11430\" target=\"_blank\" rel=\"noopener\">fitxa<\/a>]<\/li>\n\n\n\n<li>30\/10\/2015 &#8211;<a href=\"https:\/\/webs.uab.cat\/comitepas\/wp-content\/uploads\/sites\/183\/2016\/09\/BOE-A-2015-11719-C.pdf\" target=\"_blank\" rel=\"noopener\"><strong> Estatut B\u00e0sic de l\u2019Empleat P\u00fablic<\/strong><\/a> \u00b7 [<a href=\"http:\/\/www.boe.es\/diario_boe\/txt.php?id=BOE-A-2015-11719\" target=\"_blank\" rel=\"noopener\">fitxa<\/a>]<\/li>\n<\/ul>\n\n\n\n<h3 class=\"wp-block-heading\"><span style=\"text-decoration: underline\">\u00c0MBIT AUTON\u00d2MIC<\/span><\/h3>\n\n\n\n<ul class=\"wp-block-list\">\n<li>23\/12\/2015 &#8211;<a href=\"https:\/\/webs.uab.cat\/comitepas\/wp-content\/uploads\/sites\/183\/2016\/09\/1467552.pdf\" target=\"_blank\" rel=\"noopener\"><strong> VI Conveni col\u00b7lectiu del PAS laboral de les universitats p\u00fabliques de Catalunya<\/strong><\/a> \u00b7 [<a href=\"http:\/\/dogc.gencat.cat\/ca\/pdogc_canals_interns\/pdogc_resultats_fitxa\/?action=fitxa&amp;documentId=713827\" target=\"_blank\" rel=\"noopener\">fitxa<\/a>]\n<ul class=\"wp-block-list\">\n<li>[I] \u00b7 [II] \u00b7 [III] \u00b7 [IV] \u00b7 [V] \u00b7 [VI]<\/li>\n<\/ul>\n<\/li>\n<\/ul>\n\n\n\n<h3 class=\"wp-block-heading\"><span style=\"text-decoration: underline\">\u00c0MBIT UAB<\/span><\/h3>\n\n\n\n<ul class=\"wp-block-list\">\n<li>08\/10\/2003 &#8211;<a href=\"https:\/\/webs.uab.cat\/comitepas\/wp-content\/uploads\/sites\/183\/2016\/09\/342254.pdf\" target=\"_blank\" rel=\"noopener\"><strong> Estatuts de la Universitat Aut\u00f2noma de Barcelona<\/strong><\/a> \u00b7 [<a href=\"http:\/\/dogc.gencat.cat\/ca\/pdogc_canals_interns\/pdogc_resultats_fitxa\/?action=fitxa&amp;documentId=321873\" target=\"_blank\" rel=\"noopener\">fitxa<\/a>]<\/li>\n\n\n\n<li>Juny 2023 &#8211; <strong><a href=\"https:\/\/webs.uab.cat\/comitepas\/wp-content\/uploads\/sites\/183\/2024\/01\/ManualGHversioJuny2023_UAB.pdf\" target=\"_blank\" rel=\"noreferrer noopener\">Manual d&#8217;aplicaci\u00f3 de la Normativa sobre la Jornada laboral, horaris i permisos del PAS de la UAB<\/a><\/strong><\/li>\n\n\n\n<li><\/li>\n\n\n\n<li><strong>Relacions laborals &#8211; Normativa UAB<\/strong>\n<ul class=\"wp-block-list\">\n<li><a href=\"https:\/\/www.uab.cat\/web\/relacions-laborals-acords-pas-1345695440567.html\" target=\"_blank\" rel=\"noopener\"><strong>PAS Funcionari i PAS Laboral<\/strong><\/a><\/li>\n\n\n\n<li><a href=\"https:\/\/www.uab.cat\/web\/relacions-laborals-acords-pas-laboral-1345695440713.html\" target=\"_blank\" rel=\"noopener\"><strong>PAS Laboral<\/strong><\/a><\/li>\n<\/ul>\n<\/li>\n\n\n\n<li><strong>Comit\u00e8 d&#8217;Empresa<\/strong>\n<ul class=\"wp-block-list\">\n<li>09\/07\/2015 &#8211;<strong> <a href=\"https:\/\/webs.uab.cat\/comitepas\/wp-content\/uploads\/sites\/183\/2016\/09\/Reglament-CE-09-07-2015.pdf\" target=\"_blank\" rel=\"noopener\">Reglament del Comit\u00e8 d\u2019Empresa del PAS laboral de la UAB<\/a><\/strong><\/li>\n<\/ul>\n<\/li>\n<\/ul>\n\n\n\n<p><\/p>\n","protected":false},"excerpt":{"rendered":"<p>\u00c0MBIT ESTATAL \u00c0MBIT AUTON\u00d2MIC \u00c0MBIT UAB<\/p>\n","protected":false},"author":57,"featured_media":0,"parent":12,"menu_order":0,"comment_status":"closed","ping_status":"closed","template":"","meta":{"footnotes":""},"class_list":["post-46","page","type-page","status-publish","hentry"],"_links":{"self":[{"href":"https:\/\/webs.uab.cat\/comitepas\/wp-json\/wp\/v2\/pages\/46","targetHints":{"allow":["GET"]}}],"collection":[{"href":"https:\/\/webs.uab.cat\/comitepas\/wp-json\/wp\/v2\/pages"}],"about":[{"href":"https:\/\/webs.uab.cat\/comitepas\/wp-json\/wp\/v2\/types\/page"}],"author":[{"embeddable":true,"href":"https:\/\/webs.uab.cat\/comitepas\/wp-json\/wp\/v2\/users\/57"}],"replies":[{"embeddable":true,"href":"https:\/\/webs.uab.cat\/comitepas\/wp-json\/wp\/v2\/comments?post=46"}],"version-history":[{"count":4,"href":"https:\/\/webs.uab.cat\/comitepas\/wp-json\/wp\/v2\/pages\/46\/revisions"}],"predecessor-version":[{"id":1201,"href":"https:\/\/webs.uab.cat\/comitepas\/wp-json\/wp\/v2\/pages\/46\/revisions\/1201"}],"up":[{"embeddable":true,"href":"https:\/\/webs.uab.cat\/comitepas\/wp-json\/wp\/v2\/pages\/12"}],"wp:attachment":[{"href":"https:\/\/webs.uab.cat\/comitepas\/wp-json\/wp\/v2\/media?parent=46"}],"curies":[{"name":"wp","href":"https:\/\/api.w.org\/{rel}","templated":true}]}}