{"id":9,"date":"2016-02-25T08:28:59","date_gmt":"2016-02-25T08:28:59","guid":{"rendered":"http:\/\/blogs.uab.cat\/comitepas\/?page_id=9"},"modified":"2024-01-31T09:53:28","modified_gmt":"2024-01-31T07:53:28","slug":"comite-empresa","status":"publish","type":"page","link":"https:\/\/webs.uab.cat\/comitepas\/comite-empresa\/","title":{"rendered":"Comit\u00e8 d&#8217;Empresa"},"content":{"rendered":"\n<p>El Comit\u00e8 d&#8217;Empresa del Personal T\u00e8cnic, de Gesti\u00f3 i d&#8217;Administraci\u00f3 i Serveis (PTGAS) \u00e9s l&#8217;\u00f2rgan representatiu i col\u00b7legiat del conjunt del PTGAS laboral de la Universitat per a la defensa dels seus interessos.\u00a0La resta de companyes i companys del PTGAS (\u00e9s a dir, el PTGAS funcionari o amb contracte administratiu) est\u00e0 representada per la Junta de PTGAS.<\/p>\n\n\n\n<p>La funci\u00f3 del Comit\u00e8 d&#8217;Empresa \u00e9s vetllar pels interessos del personal que representa i negociar amb l&#8217;empresa que el contracta, en aquest cas la Universitat Aut\u00f2noma de Barcelona.<\/p>\n\n\n\n<p>D&#8217;acord amb l&#8217;Estatut dels Treballadors (article 64), el Comit\u00e8 d&#8217;Empresa del PTGAS t\u00e9 les compet\u00e8ncies seg\u00fcents:<\/p>\n\n\n\n<ul class=\"wp-block-list\">\n<li>Rebre informaci\u00f3 sobre la pol\u00edtica de contractaci\u00f3 del PTGAS, les modalitats i els tipus de contractes previstos.<\/li>\n\n\n\n<li>Negociar amb la Universitat les modificacions de les condicions de treball col\u00b7lectives, i concretament els canvis que afectin a l&#8217;activitat del PTGAS-L.<\/li>\n\n\n\n<li>Vetllar pel compliment de les normes vigents en mat\u00e8ria laboral, de Seguretat Social, i de les condicions de seguretat i higiene en el treball.<\/li>\n\n\n\n<li>Negociar l&#8217;aplicaci\u00f3 a la Universitat de les mat\u00e8ries previstes en el Conveni Col\u00b7lectiu del PAS de les universitats p\u00fabliques catalanes.<\/li>\n<\/ul>\n","protected":false},"excerpt":{"rendered":"<p>El Comit\u00e8 d&#8217;Empresa del Personal T\u00e8cnic, de Gesti\u00f3 i d&#8217;Administraci\u00f3 i Serveis (PTGAS) \u00e9s l&#8217;\u00f2rgan representatiu i col\u00b7legiat del conjunt del PTGAS laboral de la Universitat per a la defensa dels seus interessos.\u00a0La resta de companyes i companys del PTGAS (\u00e9s a dir, el PTGAS funcionari o amb contracte administratiu) est\u00e0 representada per la Junta [&hellip;]<\/p>\n","protected":false},"author":57,"featured_media":0,"parent":0,"menu_order":0,"comment_status":"closed","ping_status":"closed","template":"","meta":{"footnotes":""},"class_list":["post-9","page","type-page","status-publish","hentry"],"_links":{"self":[{"href":"https:\/\/webs.uab.cat\/comitepas\/wp-json\/wp\/v2\/pages\/9","targetHints":{"allow":["GET"]}}],"collection":[{"href":"https:\/\/webs.uab.cat\/comitepas\/wp-json\/wp\/v2\/pages"}],"about":[{"href":"https:\/\/webs.uab.cat\/comitepas\/wp-json\/wp\/v2\/types\/page"}],"author":[{"embeddable":true,"href":"https:\/\/webs.uab.cat\/comitepas\/wp-json\/wp\/v2\/users\/57"}],"replies":[{"embeddable":true,"href":"https:\/\/webs.uab.cat\/comitepas\/wp-json\/wp\/v2\/comments?post=9"}],"version-history":[{"count":3,"href":"https:\/\/webs.uab.cat\/comitepas\/wp-json\/wp\/v2\/pages\/9\/revisions"}],"predecessor-version":[{"id":1195,"href":"https:\/\/webs.uab.cat\/comitepas\/wp-json\/wp\/v2\/pages\/9\/revisions\/1195"}],"wp:attachment":[{"href":"https:\/\/webs.uab.cat\/comitepas\/wp-json\/wp\/v2\/media?parent=9"}],"curies":[{"name":"wp","href":"https:\/\/api.w.org\/{rel}","templated":true}]}}