{"id":397,"date":"2023-07-26T12:19:52","date_gmt":"2023-07-26T10:19:52","guid":{"rendered":"https:\/\/webs.uab.cat\/compbionanocat\/agusti-lledos-falco\/"},"modified":"2023-07-26T13:22:13","modified_gmt":"2023-07-26T11:22:13","slug":"agusti-lledos-falco","status":"publish","type":"page","link":"https:\/\/webs.uab.cat\/compbionanocat\/en\/agusti-lledos-falco\/","title":{"rendered":"Agust\u00ed Lled\u00f3s Falc\u00f3"},"content":{"rendered":"\n<div class=\"wp-block-columns alignwide is-layout-flex wp-container-core-columns-is-layout-9d6595d7 wp-block-columns-is-layout-flex\">\n<div class=\"wp-block-column is-layout-flow wp-block-column-is-layout-flow\">\n<figure class=\"wp-block-image size-full is-resized is-style-rounded\"><img loading=\"lazy\" decoding=\"async\" src=\"https:\/\/webs.uab.cat\/compbionanocat\/wp-content\/uploads\/sites\/452\/2023\/07\/agusti.jpg\" alt=\"\" class=\"wp-image-394\" width=\"427\" height=\"427\" srcset=\"https:\/\/webs.uab.cat\/compbionanocat\/wp-content\/uploads\/sites\/452\/2023\/07\/agusti.jpg 200w, https:\/\/webs.uab.cat\/compbionanocat\/wp-content\/uploads\/sites\/452\/2023\/07\/agusti-150x150.jpg 150w\" sizes=\"auto, (max-width: 427px) 100vw, 427px\" \/><\/figure>\n<\/div>\n\n\n\n<div class=\"wp-block-column is-layout-flow wp-block-column-is-layout-flow\"><p><a href=\"https:\/\/orcid.org\/0000-0001-7909-422X\" target=\"_blank\" rel=\"noopener\"><img decoding=\"async\" src=\"https:\/\/orcid.figshare.com\/ndownloader\/files\/8439047\/preview\/8439047\/preview.jpg\" title=\"ORCID\" alt=\"ORCID logo\" width=\"30px\" border=\"20\" align=\"right\"><\/a><span style=\"width:100px\">&nbsp; &nbsp;<a href=\"https:\/\/www.researchgate.net\/profile\/Agusti-Lledos\" target=\"_blank\" rel=\"noopener\"><img decoding=\"async\" src=\"https:\/\/upload.wikimedia.org\/wikipedia\/commons\/thumb\/5\/5e\/ResearchGate_icon_SVG.svg\/1920px-ResearchGate_icon_SVG.svg.png?20201217223315\" title=\"ResearchGate\" alt=\"RG\" width=\"30px\" border=\"20\" align=\"right\"><\/a><\/span>&nbsp; &nbsp;<a href=\"https:\/\/www.linkedin.com\/in\/agust%C3%AD-lled%C3%B3s-2b49678\/\" target=\"_blank\" rel=\"noopener\"><img decoding=\"async\" src=\"https:\/\/content.linkedin.com\/content\/dam\/me\/business\/en-us\/amp\/brand-site\/v2\/bg\/LI-Bug.svg.original.svg\" title=\"LINKEDIN\" alt=\"LINKEDIN logo\" width=\"35px\" border=\"20\" align=\"right\"><\/a><span style=\"width:100px\"><\/span><\/p>\n\n\n\n<p class=\"has-text-align-right\"><strong>Agust\u00ed Lled\u00f3s<\/strong> was born in Barcelona (Spain) in 1955. He obtained a PhD in Chemistry from the Universitat Aut\u00f2noma de Barcelona (UAB) in 1984. After a postdoctoral stay at the Universit\u00e9 de Paris-Sud, he returned to UAB where he started a research group devoted to the computational study of organometallic reactivity. He has been Full Professor of Physical Chemistry at UAB since 1994 and Group Leader of the \u2018\u2018Molecular Modeling of Transition Metal Systems\u2019\u2019 group. His research focuses on the computational modeling of the organometallic reactivity and homogeneous catalysis processes, with emphasis on reaction mechanisms. He received the \u2018\u2018RSEQ-Bruker Award for Physical Chemistry\u2019\u2019 in 2008. Since 2012 he has been the vice-president of the Spanish Chemical Society (RSEQ).<\/p>\n<\/div>\n<\/div>\n","protected":false},"excerpt":{"rendered":"<p>Agust\u00ed Lled\u00f3s was born in Barcelona (Spain) in 1955. He obtained a PhD in Chemistry from the Universitat Aut\u00f2noma de Barcelona (UAB) in 1984. After a postdoctoral stay at the Universit\u00e9 de Paris-Sud, he returned to UAB where he started a research group devoted to the computational study of organometallic reactivity. He has been Full [&hellip;]<\/p>\n","protected":false},"author":2705,"featured_media":0,"parent":0,"menu_order":0,"comment_status":"closed","ping_status":"closed","template":"","meta":{"footnotes":""},"class_list":["post-397","page","type-page","status-publish","hentry"],"_links":{"self":[{"href":"https:\/\/webs.uab.cat\/compbionanocat\/en\/wp-json\/wp\/v2\/pages\/397","targetHints":{"allow":["GET"]}}],"collection":[{"href":"https:\/\/webs.uab.cat\/compbionanocat\/en\/wp-json\/wp\/v2\/pages"}],"about":[{"href":"https:\/\/webs.uab.cat\/compbionanocat\/en\/wp-json\/wp\/v2\/types\/page"}],"author":[{"embeddable":true,"href":"https:\/\/webs.uab.cat\/compbionanocat\/en\/wp-json\/wp\/v2\/users\/2705"}],"replies":[{"embeddable":true,"href":"https:\/\/webs.uab.cat\/compbionanocat\/en\/wp-json\/wp\/v2\/comments?post=397"}],"version-history":[{"count":3,"href":"https:\/\/webs.uab.cat\/compbionanocat\/en\/wp-json\/wp\/v2\/pages\/397\/revisions"}],"predecessor-version":[{"id":444,"href":"https:\/\/webs.uab.cat\/compbionanocat\/en\/wp-json\/wp\/v2\/pages\/397\/revisions\/444"}],"wp:attachment":[{"href":"https:\/\/webs.uab.cat\/compbionanocat\/en\/wp-json\/wp\/v2\/media?parent=397"}],"curies":[{"name":"wp","href":"https:\/\/api.w.org\/{rel}","templated":true}]}}