{"id":304,"date":"2023-07-20T10:56:48","date_gmt":"2023-07-20T08:56:48","guid":{"rendered":"https:\/\/webs.uab.cat\/compbionanocat\/mariona-sodupe-roure\/"},"modified":"2023-07-26T13:23:31","modified_gmt":"2023-07-26T11:23:31","slug":"mariona-sodupe-roure","status":"publish","type":"page","link":"https:\/\/webs.uab.cat\/compbionanocat\/es\/mariona-sodupe-roure\/","title":{"rendered":"Mariona Sodupe Roure"},"content":{"rendered":"\n<p class=\"has-text-align-left\"><\/p>\n\n<div class=\"wp-block-columns alignwide is-layout-flex wp-container-core-columns-is-layout-9d6595d7 wp-block-columns-is-layout-flex\">\n<div class=\"wp-block-column is-vertically-aligned-top is-layout-flow wp-block-column-is-layout-flow\">\n<figure class=\"wp-block-image size-full is-resized is-style-rounded\"><img loading=\"lazy\" decoding=\"async\" src=\"https:\/\/webs.uab.cat\/compbionanocat\/wp-content\/uploads\/sites\/452\/2023\/07\/Msodupe.jpg\" alt=\"\" class=\"wp-image-436\" width=\"427\" height=\"427\" srcset=\"https:\/\/webs.uab.cat\/compbionanocat\/wp-content\/uploads\/sites\/452\/2023\/07\/Msodupe.jpg 200w, https:\/\/webs.uab.cat\/compbionanocat\/wp-content\/uploads\/sites\/452\/2023\/07\/Msodupe-150x150.jpg 150w\" sizes=\"auto, (max-width: 427px) 100vw, 427px\" \/><\/figure>\n<\/div>\n\n\n\n<div class=\"wp-block-column is-layout-flow wp-block-column-is-layout-flow\"><p><a href=\"https:\/\/orcid.org\/0000-0003-0276-0524\" target=\"_blank\" rel=\"noopener\"><img decoding=\"async\" src=\"https:\/\/orcid.figshare.com\/ndownloader\/files\/8439047\/preview\/8439047\/preview.jpg\" title=\"ORCID\" alt=\"ORCID logo\" width=\"30px\" border=\"20\" align=\"right\"><\/a><span style=\"width:100px\">&nbsp; &nbsp;<a href=\"https:\/\/www.researchgate.net\/profile\/Mariona-Sodupe\" target=\"_blank\" rel=\"noopener\"><img decoding=\"async\" src=\"https:\/\/upload.wikimedia.org\/wikipedia\/commons\/thumb\/5\/5e\/ResearchGate_icon_SVG.svg\/1920px-ResearchGate_icon_SVG.svg.png?20201217223315\" title=\"ResearchGate\" alt=\"RG\" width=\"30px\" border=\"20\" align=\"right\"><\/a><\/span>&nbsp; &nbsp;<a href=\"https:\/\/www.linkedin.com\/in\/mariona-sodupe-roure-94b83144\/\" target=\"_blank\" rel=\"noopener\"><img decoding=\"async\" src=\"https:\/\/content.linkedin.com\/content\/dam\/me\/business\/en-us\/amp\/brand-site\/v2\/bg\/LI-Bug.svg.original.svg\" title=\"LINKEDIN\" alt=\"LINKEDIN logo\" width=\"35px\" border=\"20\" align=\"right\"><\/a><span style=\"width:100px\"><\/p>\n\n\n\n<p class=\"has-text-align-right\"><strong>Mariona Sodupe<\/strong> se licenci\u00f3 en Qu\u00edmica por la Universitat Aut\u00f2noma Barcelona (UAB) en 1985 y se doctor\u00f3 en Qu\u00edmica por la misma universidad en 1990. Posteriormente, realiz\u00f3 una estancia postdoctoral (1990-92), como becaria Fulbright, en el Ames Research Center de la NASA (California). En 1992, regres\u00f3 a la UAB como Profesora Asociada. Desde 2008, es Profesora Titular del Departamento de Qu\u00edmica de la UAB. Ha recibido la Distinci\u00f3n de la Generalitat de Catalunya al Fomento de la Investigaci\u00f3n en la Universidad (2001) y el premio ICREA Academia en 2011. Es coautora de 200 art\u00edculos en revistas internacionales de qu\u00edmica computacional y te\u00f3rica y ha dirigido 12 tesis doctorales.<\/p>\n\n\n\n<p class=\"has-text-align-right\">Sus principales intereses de investigaci\u00f3n se centran en la estructura y reactividad de sistemas bioinorg\u00e1nicos utilizando t\u00e9cnicas de simulaci\u00f3n por ordenador basadas en m\u00e9todos de qu\u00edmica cu\u00e1ntica. Proyectos recientes se centran en i) la estructura y la actividad redox de sistemas de cationes met\u00e1licos-amiloides en el contexto de las enfermedades neurodegenerativas, ii) la adsorci\u00f3n, la reactividad y el autoensamblaje de biomol\u00e9culas en superficies basadas en s\u00edlice, en el contexto de la qu\u00edmica prebi\u00f3tica y iii) el mecanismo de reacci\u00f3n de procesos catalizados por complejos de metales de transici\u00f3n biocompatibles.<\/p>\n<\/div>\n<\/div>\n","protected":false},"excerpt":{"rendered":"<p>Mariona Sodupe se licenci\u00f3 en Qu\u00edmica por la Universitat Aut\u00f2noma Barcelona (UAB) en 1985 y se doctor\u00f3 en Qu\u00edmica por la misma universidad en 1990. Posteriormente, realiz\u00f3 una estancia postdoctoral (1990-92), como becaria Fulbright, en el Ames Research Center de la NASA (California). En 1992, regres\u00f3 a la UAB como Profesora Asociada. Desde 2008, es [&hellip;]<\/p>\n","protected":false},"author":2705,"featured_media":0,"parent":0,"menu_order":0,"comment_status":"closed","ping_status":"closed","template":"","meta":{"footnotes":""},"class_list":["post-304","page","type-page","status-publish","hentry"],"_links":{"self":[{"href":"https:\/\/webs.uab.cat\/compbionanocat\/es\/wp-json\/wp\/v2\/pages\/304","targetHints":{"allow":["GET"]}}],"collection":[{"href":"https:\/\/webs.uab.cat\/compbionanocat\/es\/wp-json\/wp\/v2\/pages"}],"about":[{"href":"https:\/\/webs.uab.cat\/compbionanocat\/es\/wp-json\/wp\/v2\/types\/page"}],"author":[{"embeddable":true,"href":"https:\/\/webs.uab.cat\/compbionanocat\/es\/wp-json\/wp\/v2\/users\/2705"}],"replies":[{"embeddable":true,"href":"https:\/\/webs.uab.cat\/compbionanocat\/es\/wp-json\/wp\/v2\/comments?post=304"}],"version-history":[{"count":21,"href":"https:\/\/webs.uab.cat\/compbionanocat\/es\/wp-json\/wp\/v2\/pages\/304\/revisions"}],"predecessor-version":[{"id":450,"href":"https:\/\/webs.uab.cat\/compbionanocat\/es\/wp-json\/wp\/v2\/pages\/304\/revisions\/450"}],"wp:attachment":[{"href":"https:\/\/webs.uab.cat\/compbionanocat\/es\/wp-json\/wp\/v2\/media?parent=304"}],"curies":[{"name":"wp","href":"https:\/\/api.w.org\/{rel}","templated":true}]}}