{"id":411,"date":"2023-07-26T12:45:07","date_gmt":"2023-07-26T10:45:07","guid":{"rendered":"https:\/\/webs.uab.cat\/compbionanocat\/luis-rodriguez-santiago\/"},"modified":"2023-07-26T12:48:55","modified_gmt":"2023-07-26T10:48:55","slug":"luis-rodriguez-santiago","status":"publish","type":"page","link":"https:\/\/webs.uab.cat\/compbionanocat\/es\/luis-rodriguez-santiago\/","title":{"rendered":"Luis Rodr\u00edguez Santiago"},"content":{"rendered":"\n<p><\/p>\n\n<div class=\"wp-block-columns alignwide is-layout-flex wp-container-core-columns-is-layout-9d6595d7 wp-block-columns-is-layout-flex\">\n<div class=\"wp-block-column is-layout-flow wp-block-column-is-layout-flow\">\n<figure class=\"wp-block-image size-full is-resized is-style-rounded\"><img loading=\"lazy\" decoding=\"async\" src=\"https:\/\/webs.uab.cat\/compbionanocat\/wp-content\/uploads\/sites\/452\/2023\/07\/luis.webp\" alt=\"\" class=\"wp-image-407\" width=\"320\" height=\"239\"\/><\/figure>\n<\/div>\n\n\n\n<div class=\"wp-block-column is-layout-flow wp-block-column-is-layout-flow\"><p><a href=\"https:\/\/orcid.org\/0000-0003-4983-4228\" target=\"_blank\" rel=\"noopener\"><img decoding=\"async\" src=\"https:\/\/orcid.figshare.com\/ndownloader\/files\/8439047\/preview\/8439047\/preview.jpg\" title=\"ORCID\" alt=\"ORCID logo\" width=\"30px\" border=\"20\" align=\"right\"><\/a><span style=\"width:100px\">&nbsp; &nbsp;<a href=\"http:\/\/www.researchgate.net\/profile\/Luis_Rodriguez-Santiago\" target=\"_blank\" rel=\"noopener\"><img decoding=\"async\" src=\"https:\/\/upload.wikimedia.org\/wikipedia\/commons\/thumb\/5\/5e\/ResearchGate_icon_SVG.svg\/1920px-ResearchGate_icon_SVG.svg.png?20201217223315\" title=\"ResearchGate\" alt=\"RG\" width=\"30px\" border=\"20\" align=\"right\"><\/a><\/span>&nbsp; &nbsp;<a href=\"https:\/\/www.linkedin.com\/in\/luis-rodr%C3%ADguez-santiago-0549775b\/\" target=\"_blank\" rel=\"noopener\"><img decoding=\"async\" src=\"https:\/\/content.linkedin.com\/content\/dam\/me\/business\/en-us\/amp\/brand-site\/v2\/bg\/LI-Bug.svg.original.svg\" title=\"LINKEDIN\" alt=\"LINKEDIN logo\" width=\"35px\" border=\"20\" align=\"right\"><\/a><span style=\"width:100px\"><\/span><\/p>\n\n\n\n<p class=\"has-text-align-right\"><strong>El Dr. Luis Rodr\u00edguez Santiago<\/strong> se doctor\u00f3 en Qu\u00edmica en 1998 por la Universitat Aut\u00f2noma de Barcelona (UAB) bajo la supervisi\u00f3n de la Dra. M. Sodupe y V. Branchadell sobre el estudio te\u00f3rico de la coordinaci\u00f3n de NO2 a metales en fase gaseosa y en la zeolita Cu-ZSM5. Tras una estancia postdoctoral en el \u00abLaboratoire d&#8217;analyse et environnement\u00bb de la \u00abUniversit\u00e9 d&#8217;Evry-Val-d&#8217;Essonne\u00bb en Francia se incorpor\u00f3 a la UAB como investigador Ram\u00f3n y Cajal. Su principal inter\u00e9s investigador se centra en la interacci\u00f3n de diferentes complejos de metales de transici\u00f3n de inter\u00e9s biol\u00f3gico. En particular, su investigaci\u00f3n actual se centra en varios aspectos relacionados con la enfermedad de Alzheimer, especialmente la interacci\u00f3n entre cationes met\u00e1licos y el p\u00e9ptido amiloide-b y su papel en la producci\u00f3n de especies reactivas de ox\u00edgeno y en los procesos de agregaci\u00f3n del p\u00e9ptido.<\/p>\n<\/div>\n<\/div>\n","protected":false},"excerpt":{"rendered":"<p>El Dr. Luis Rodr\u00edguez Santiago se doctor\u00f3 en Qu\u00edmica en 1998 por la Universitat Aut\u00f2noma de Barcelona (UAB) bajo la supervisi\u00f3n de la Dra. M. Sodupe y V. Branchadell sobre el estudio te\u00f3rico de la coordinaci\u00f3n de NO2 a metales en fase gaseosa y en la zeolita Cu-ZSM5. Tras una estancia postdoctoral en el \u00abLaboratoire [&hellip;]<\/p>\n","protected":false},"author":2705,"featured_media":0,"parent":0,"menu_order":0,"comment_status":"closed","ping_status":"closed","template":"","meta":{"footnotes":""},"class_list":["post-411","page","type-page","status-publish","hentry"],"_links":{"self":[{"href":"https:\/\/webs.uab.cat\/compbionanocat\/es\/wp-json\/wp\/v2\/pages\/411","targetHints":{"allow":["GET"]}}],"collection":[{"href":"https:\/\/webs.uab.cat\/compbionanocat\/es\/wp-json\/wp\/v2\/pages"}],"about":[{"href":"https:\/\/webs.uab.cat\/compbionanocat\/es\/wp-json\/wp\/v2\/types\/page"}],"author":[{"embeddable":true,"href":"https:\/\/webs.uab.cat\/compbionanocat\/es\/wp-json\/wp\/v2\/users\/2705"}],"replies":[{"embeddable":true,"href":"https:\/\/webs.uab.cat\/compbionanocat\/es\/wp-json\/wp\/v2\/comments?post=411"}],"version-history":[{"count":1,"href":"https:\/\/webs.uab.cat\/compbionanocat\/es\/wp-json\/wp\/v2\/pages\/411\/revisions"}],"predecessor-version":[{"id":412,"href":"https:\/\/webs.uab.cat\/compbionanocat\/es\/wp-json\/wp\/v2\/pages\/411\/revisions\/412"}],"wp:attachment":[{"href":"https:\/\/webs.uab.cat\/compbionanocat\/es\/wp-json\/wp\/v2\/media?parent=411"}],"curies":[{"name":"wp","href":"https:\/\/api.w.org\/{rel}","templated":true}]}}