{"id":426,"date":"2023-07-26T13:02:51","date_gmt":"2023-07-26T11:02:51","guid":{"rendered":"https:\/\/webs.uab.cat\/compbionanocat\/xavier-solans-monfort\/"},"modified":"2023-07-26T13:23:55","modified_gmt":"2023-07-26T11:23:55","slug":"xavier-solans-monfort","status":"publish","type":"page","link":"https:\/\/webs.uab.cat\/compbionanocat\/es\/xavier-solans-monfort\/","title":{"rendered":"Xavier Solans Monfort"},"content":{"rendered":"\n<p><\/p>\n\n<div class=\"wp-block-columns alignwide is-layout-flex wp-container-core-columns-is-layout-9d6595d7 wp-block-columns-is-layout-flex\">\n<div class=\"wp-block-column is-layout-flow wp-block-column-is-layout-flow\">\n<figure class=\"wp-block-image size-full is-resized is-style-rounded\"><img loading=\"lazy\" decoding=\"async\" src=\"https:\/\/webs.uab.cat\/compbionanocat\/wp-content\/uploads\/sites\/452\/2023\/07\/xavier-solans.jpg\" alt=\"\" class=\"wp-image-419\" width=\"427\" height=\"427\" srcset=\"https:\/\/webs.uab.cat\/compbionanocat\/wp-content\/uploads\/sites\/452\/2023\/07\/xavier-solans.jpg 337w, https:\/\/webs.uab.cat\/compbionanocat\/wp-content\/uploads\/sites\/452\/2023\/07\/xavier-solans-300x300.jpg 300w, https:\/\/webs.uab.cat\/compbionanocat\/wp-content\/uploads\/sites\/452\/2023\/07\/xavier-solans-150x150.jpg 150w\" sizes=\"auto, (max-width: 427px) 100vw, 427px\" \/><\/figure>\n<\/div>\n\n\n\n<div class=\"wp-block-column is-layout-flow wp-block-column-is-layout-flow\"><p><a href=\"https:\/\/orcid.org\/0000-0002-2172-3895\" target=\"_blank\" rel=\"noopener\"><img decoding=\"async\" src=\"https:\/\/orcid.figshare.com\/ndownloader\/files\/8439047\/preview\/8439047\/preview.jpg\" title=\"ORCID\" alt=\"ORCID logo\" width=\"30px\" border=\"20\" align=\"right\"><\/a><span style=\"width:100px\">&nbsp; &nbsp;<a href=\"https:\/\/www.researchgate.net\/profile\/Xavier-Solans-Monfort\" target=\"_blank\" rel=\"noopener\"><img decoding=\"async\" src=\"https:\/\/upload.wikimedia.org\/wikipedia\/commons\/thumb\/5\/5e\/ResearchGate_icon_SVG.svg\/1920px-ResearchGate_icon_SVG.svg.png?20201217223315\" title=\"ResearchGate\" alt=\"RG\" width=\"30px\" border=\"20\" align=\"right\"><\/a><\/span>&nbsp; &nbsp;<a href=\"https:\/\/www.linkedin.com\/in\/xavier-solans-monfort-23aa693b\/\" target=\"_blank\" rel=\"noopener\"><img decoding=\"async\" src=\"https:\/\/content.linkedin.com\/content\/dam\/me\/business\/en-us\/amp\/brand-site\/v2\/bg\/LI-Bug.svg.original.svg\" title=\"LINKEDIN\" alt=\"LINKEDIN logo\" width=\"35px\" border=\"20\" align=\"right\"><\/a><span style=\"width:100px\"><\/span><\/p>\n\n\n\n<p class=\"has-text-align-right\"><strong>Xavier Solans Monfort<\/strong> se doctor\u00f3 en Qu\u00edmica por la Universitat Aut\u00f2noma de Barcelona en octubre de 2003. Tras defender la tesis, realiz\u00f3 una estancia posdoctoral de casi 3 a\u00f1os en el grupo del Profesor O. Eisenstein (CNRS &#8211; Universidad de Montpellier II). En 2006, obtuvo una plaza Ram\u00f3n y Cajal y regres\u00f3 de nuevo al Departamento de Qu\u00edmica de la Universitat Aut\u00f2noma de Barcelona. Desde diciembre de 2014, es catedr\u00e1tico Agregat Serra H\u00fanter. Durante su carrera, Xavier Solans Monfort tambi\u00e9n realiz\u00f3 varias estancias cortas en laboratorios en el extranjero, incluyendo 3 meses en el grupo del Prof. J. Sauer (Universidad Humboldt de Berl\u00edn), 6 meses en el grupo del Prof. P. Ugliengo (Universidad de Tur\u00edn) y 8 meses en el grupo del Prof. C. Cop\u00e9ret (ETH Z\u00fcrich).<br \/>Sus principales intereses de investigaci\u00f3n se centran en la modelizaci\u00f3n de la reactividad qu\u00edmica catalizada por catalizadores heterog\u00e9neos bien definidos. En particular, los proyectos m\u00e1s recientes tratan de la modelizaci\u00f3n de:<\/p>\n\n\n\n<p class=\"has-text-align-right\"> i) catalizadores soportados en materiales a base de s\u00edlice <\/p>\n\n\n\n<p class=\"has-text-align-right\">ii) la reacci\u00f3n de met\u00e1tesis de olefinas <\/p>\n\n\n\n<p class=\"has-text-align-right\">iii) nanopart\u00edculas de \u00f3xidos met\u00e1licos.<\/p>\n<\/div>\n<\/div>\n","protected":false},"excerpt":{"rendered":"<p>Xavier Solans Monfort se doctor\u00f3 en Qu\u00edmica por la Universitat Aut\u00f2noma de Barcelona en octubre de 2003. Tras defender la tesis, realiz\u00f3 una estancia posdoctoral de casi 3 a\u00f1os en el grupo del Profesor O. Eisenstein (CNRS &#8211; Universidad de Montpellier II). En 2006, obtuvo una plaza Ram\u00f3n y Cajal y regres\u00f3 de nuevo al [&hellip;]<\/p>\n","protected":false},"author":2705,"featured_media":0,"parent":0,"menu_order":0,"comment_status":"closed","ping_status":"closed","template":"","meta":{"footnotes":""},"class_list":["post-426","page","type-page","status-publish","hentry"],"_links":{"self":[{"href":"https:\/\/webs.uab.cat\/compbionanocat\/es\/wp-json\/wp\/v2\/pages\/426","targetHints":{"allow":["GET"]}}],"collection":[{"href":"https:\/\/webs.uab.cat\/compbionanocat\/es\/wp-json\/wp\/v2\/pages"}],"about":[{"href":"https:\/\/webs.uab.cat\/compbionanocat\/es\/wp-json\/wp\/v2\/types\/page"}],"author":[{"embeddable":true,"href":"https:\/\/webs.uab.cat\/compbionanocat\/es\/wp-json\/wp\/v2\/users\/2705"}],"replies":[{"embeddable":true,"href":"https:\/\/webs.uab.cat\/compbionanocat\/es\/wp-json\/wp\/v2\/comments?post=426"}],"version-history":[{"count":2,"href":"https:\/\/webs.uab.cat\/compbionanocat\/es\/wp-json\/wp\/v2\/pages\/426\/revisions"}],"predecessor-version":[{"id":453,"href":"https:\/\/webs.uab.cat\/compbionanocat\/es\/wp-json\/wp\/v2\/pages\/426\/revisions\/453"}],"wp:attachment":[{"href":"https:\/\/webs.uab.cat\/compbionanocat\/es\/wp-json\/wp\/v2\/media?parent=426"}],"curies":[{"name":"wp","href":"https:\/\/api.w.org\/{rel}","templated":true}]}}