{"id":474,"date":"2023-07-26T13:48:34","date_gmt":"2023-07-26T11:48:34","guid":{"rendered":"https:\/\/webs.uab.cat\/compbionanocat\/laura-masgrau-fontanet\/"},"modified":"2025-11-26T17:06:22","modified_gmt":"2025-11-26T15:06:22","slug":"laura-masgrau-fontanet","status":"publish","type":"page","link":"https:\/\/webs.uab.cat\/compbionanocat\/es\/laura-masgrau-fontanet\/","title":{"rendered":"Laura Masgrau Fontanet"},"content":{"rendered":"\n<p><\/p>\n\n<div class=\"wp-block-columns alignwide is-layout-flex wp-container-core-columns-is-layout-9d6595d7 wp-block-columns-is-layout-flex\">\n<div class=\"wp-block-column is-layout-flow wp-block-column-is-layout-flow\">\n<figure class=\"wp-block-image size-full is-resized is-style-rounded\"><img loading=\"lazy\" decoding=\"async\" width=\"500\" height=\"500\" src=\"https:\/\/webs.uab.cat\/compbionanocat\/wp-content\/uploads\/sites\/452\/2023\/07\/laura-masgrau-fontanet.jpg\" alt=\"\" class=\"wp-image-466\" style=\"width:427px;height:427px\" srcset=\"https:\/\/webs.uab.cat\/compbionanocat\/wp-content\/uploads\/sites\/452\/2023\/07\/laura-masgrau-fontanet.jpg 500w, https:\/\/webs.uab.cat\/compbionanocat\/wp-content\/uploads\/sites\/452\/2023\/07\/laura-masgrau-fontanet-300x300.jpg 300w, https:\/\/webs.uab.cat\/compbionanocat\/wp-content\/uploads\/sites\/452\/2023\/07\/laura-masgrau-fontanet-150x150.jpg 150w\" sizes=\"auto, (max-width: 500px) 100vw, 500px\" \/><\/figure>\n<\/div>\n\n\n\n<div class=\"wp-block-column is-layout-flow wp-block-column-is-layout-flow\"><p><a href=\"https:\/\/orcid.org\/0000-0003-4495-508X\" target=\"_blank\" rel=\"noopener\"><img decoding=\"async\" src=\"https:\/\/orcid.figshare.com\/ndownloader\/files\/8439047\/preview\/8439047\/preview.jpg\" title=\"ORCID\" alt=\"ORCID logo\" width=\"30px\" border=\"20\" align=\"right\"><\/a><span style=\"width:100px\">&nbsp; &nbsp;<a href=\"https:\/\/www.researchgate.net\/profile\/Laura-Masgrau\" target=\"_blank\" rel=\"noopener\"><img decoding=\"async\" src=\"https:\/\/upload.wikimedia.org\/wikipedia\/commons\/thumb\/5\/5e\/ResearchGate_icon_SVG.svg\/1920px-ResearchGate_icon_SVG.svg.png?20201217223315\" title=\"ResearchGate\" alt=\"RG\" width=\"30px\" border=\"20\" align=\"right\"><\/a><\/span>&nbsp; &nbsp;<a href=\"https:\/\/www.linkedin.com\/in\/laura-masgrau-b0227814\/\" target=\"_blank\" rel=\"noopener\"><img decoding=\"async\" src=\"https:\/\/content.linkedin.com\/content\/dam\/me\/business\/en-us\/amp\/brand-site\/v2\/bg\/LI-Bug.svg.original.svg\" title=\"LINKEDIN\" alt=\"LINKEDIN logo\" width=\"35px\" border=\"20\" align=\"right\"><\/a><span style=\"width:100px\"><\/span><\/p>\n\n\n\n<p class=\"has-text-align-right\"><strong>Laura Masgrau<\/strong> es licenciada (1997) y doctora (2002) en Qu\u00edmica por la Universitat Aut\u00f2noma de Barcelona (UAB). Su tesis se centr\u00f3 en el estudio computacional de reacciones atmosf\u00e9ricas de inter\u00e9s medio-ambiental iniciadas por el radical hidroxilo y con contribuciones de efectos cu\u00e1nticos como el t\u00fanel.<\/p>\n\n\n\n<p class=\"has-text-align-right\">Tras la tesis, su investigaci\u00f3n se traslad\u00f3 al campo de la actividad enzim\u00e1tica. Hizo un primer postdoc de 3 a\u00f1os en el Department of Chemistry and Biochemistry de la University of Leicester, donde trabaj\u00f3 en un equipo multidisciplinar de modelizadores moleculares, enzim\u00f3logos y cristal\u00f3grafos en el estudio de efectos cu\u00e1nticos nucleares en algunas reacciones catalizadas por enzimas.<\/p>\n\n\n\n<p class=\"has-text-align-right\">Hizo un segundo postdoc (2 a\u00f1os) en el Institut Pasteur de Par\u00eds, donde inici\u00f3 sus estudios de enzimas que procesan hidratos de carbono.<\/p>\n\n\n\n<p class=\"has-text-align-right\">Regres\u00f3 a Catalu\u00f1a a principios de 2008 para trabajar en el Institut de Biotecnologia i de Biomedicina (IBB) de la UAB como investigadora Ramon y Cajal. Fue la secretaria del IBB durante casi 5 a\u00f1os En 2014 consigui\u00f3 un contrato competitivo Talento-Banco Santander y en 2018 un Talento de la UAB, que cofinanci\u00f3 con un contrato de investigaci\u00f3n con la empresa ZYMVOL. Desde 2022 es profesora agregada en el Departamento de Qu\u00edmica de la UAB.<\/p>\n\n\n\n<p class=\"has-text-align-right\">Su investigaci\u00f3n actual contin\u00faa centr\u00e1ndose en el estudio de las enzimas (reactividad, mecanismo especificidad, afinidad, estructura, ingenier\u00eda, etc.), con la visi\u00f3n de posibles aplicaciones biom\u00e9dicas y\/o biotecnol\u00f3gicas. Y de manera especial en enzimas que procesan hidratos de carbono, pero tambi\u00e9n algunas enzimas de tipo oxidativo. Tambi\u00e9n est\u00e1 particularmente interesada en el papel biol\u00f3gico y las posibles aplicaciones de las interacciones az\u00facar-receptor.<\/p>\n<\/div>\n<\/div>\n","protected":false},"excerpt":{"rendered":"<p>Laura Masgrau es licenciada (1997) y doctora (2002) en Qu\u00edmica por la Universitat Aut\u00f2noma de Barcelona (UAB). Su tesis se centr\u00f3 en el estudio computacional de reacciones atmosf\u00e9ricas de inter\u00e9s medio-ambiental iniciadas por el radical hidroxilo y con contribuciones de efectos cu\u00e1nticos como el t\u00fanel. Tras la tesis, su investigaci\u00f3n se traslad\u00f3 al campo de [&hellip;]<\/p>\n","protected":false},"author":2705,"featured_media":0,"parent":0,"menu_order":0,"comment_status":"closed","ping_status":"closed","template":"","meta":{"footnotes":""},"class_list":["post-474","page","type-page","status-publish","hentry"],"_links":{"self":[{"href":"https:\/\/webs.uab.cat\/compbionanocat\/es\/wp-json\/wp\/v2\/pages\/474","targetHints":{"allow":["GET"]}}],"collection":[{"href":"https:\/\/webs.uab.cat\/compbionanocat\/es\/wp-json\/wp\/v2\/pages"}],"about":[{"href":"https:\/\/webs.uab.cat\/compbionanocat\/es\/wp-json\/wp\/v2\/types\/page"}],"author":[{"embeddable":true,"href":"https:\/\/webs.uab.cat\/compbionanocat\/es\/wp-json\/wp\/v2\/users\/2705"}],"replies":[{"embeddable":true,"href":"https:\/\/webs.uab.cat\/compbionanocat\/es\/wp-json\/wp\/v2\/comments?post=474"}],"version-history":[{"count":3,"href":"https:\/\/webs.uab.cat\/compbionanocat\/es\/wp-json\/wp\/v2\/pages\/474\/revisions"}],"predecessor-version":[{"id":586,"href":"https:\/\/webs.uab.cat\/compbionanocat\/es\/wp-json\/wp\/v2\/pages\/474\/revisions\/586"}],"wp:attachment":[{"href":"https:\/\/webs.uab.cat\/compbionanocat\/es\/wp-json\/wp\/v2\/media?parent=474"}],"curies":[{"name":"wp","href":"https:\/\/api.w.org\/{rel}","templated":true}]}}