{"id":526,"date":"2023-07-27T13:00:34","date_gmt":"2023-07-27T11:00:34","guid":{"rendered":"https:\/\/webs.uab.cat\/compbionanocat\/albert-rimola-gibert\/"},"modified":"2023-07-27T13:24:12","modified_gmt":"2023-07-27T11:24:12","slug":"albert-rimola-gibert","status":"publish","type":"page","link":"https:\/\/webs.uab.cat\/compbionanocat\/es\/albert-rimola-gibert\/","title":{"rendered":"Albert Rimola Gibert"},"content":{"rendered":"\n<p><\/p>\n\n<div class=\"wp-block-columns alignwide is-layout-flex wp-container-core-columns-is-layout-9d6595d7 wp-block-columns-is-layout-flex\">\n<div class=\"wp-block-column is-layout-flow wp-block-column-is-layout-flow\">\n<figure class=\"wp-block-image size-full is-resized is-style-rounded\"><img loading=\"lazy\" decoding=\"async\" src=\"https:\/\/webs.uab.cat\/compbionanocat\/wp-content\/uploads\/sites\/452\/2023\/07\/rim.jpg\" alt=\"\" class=\"wp-image-522\" width=\"427\" height=\"427\" srcset=\"https:\/\/webs.uab.cat\/compbionanocat\/wp-content\/uploads\/sites\/452\/2023\/07\/rim.jpg 225w, https:\/\/webs.uab.cat\/compbionanocat\/wp-content\/uploads\/sites\/452\/2023\/07\/rim-150x150.jpg 150w\" sizes=\"auto, (max-width: 427px) 100vw, 427px\" \/><\/figure>\n<\/div>\n\n\n\n<div class=\"wp-block-column is-layout-flow wp-block-column-is-layout-flow\"><p><a href=\"https:\/\/orcid.org\/0000-0002-9637-4554\" target=\"_blank\" rel=\"noopener\"><img decoding=\"async\" src=\"https:\/\/orcid.figshare.com\/ndownloader\/files\/8439047\/preview\/8439047\/preview.jpg\" title=\"ORCID\" alt=\"ORCID logo\" width=\"30px\" border=\"20\" align=\"right\"><\/a><span style=\"width:100px\">&nbsp; &nbsp;<a href=\"https:\/\/www.researchgate.net\/profile\/Albert-Rimola\" target=\"_blank\" rel=\"noopener\"><img decoding=\"async\" src=\"https:\/\/upload.wikimedia.org\/wikipedia\/commons\/thumb\/5\/5e\/ResearchGate_icon_SVG.svg\/1920px-ResearchGate_icon_SVG.svg.png?20201217223315\" title=\"ResearchGate\" alt=\"RG\" width=\"30px\" border=\"20\" align=\"right\"><\/a><\/span>&nbsp; &nbsp;<a href=\"https:\/\/www.linkedin.com\/in\/albert-rimola-05697b58\/\" target=\"_blank\" rel=\"noopener\"><img decoding=\"async\" src=\"https:\/\/content.linkedin.com\/content\/dam\/me\/business\/en-us\/amp\/brand-site\/v2\/bg\/LI-Bug.svg.original.svg\" title=\"LINKEDIN\" alt=\"LINKEDIN logo\" width=\"35px\" border=\"20\" align=\"right\"><\/a><span style=\"width:100px\"><\/span><\/p>\n\n\n\n<p class=\"has-text-align-right\"><strong>El Dr. Albert Rimola Gibert<\/strong> se licenci\u00f3 en Qu\u00edmica en la Universitat Aut\u00f2noma de Barcelona (UAB, 2002) y se doctor\u00f3 en Qu\u00edmica Te\u00f3rica y Computacional (UAB, 2007) bajo la supervisi\u00f3n de la profesora M. Sodupe y el doctor L. Rodr\u00edguez-Santiago. Durante el periodo de doctorado hizo diferentes visitas en laboratorios extranjeros. Desarroll\u00f3 un trabajo postdoctoral en el grupo del profesor Piero Ugliengo (Univ. Tur\u00edn, 2007-2009), y el 2010 volvi\u00f3 a la UAB obteniendo varias ayudas y contratos a trav\u00e9s de convocatorias internacionales competitivas. Actualmente es investigador Ram\u00f3n y Cajal a la UAB. Ha sido invitado profesor a Univ. Cergy-Pontoise (Prof F Dulieu Group, 1 mes 2016) y a Univ. Grenoble Alpes (Prof. C. Ceccarelli group, 3 meses en 2017).<br \/>El foco de investigaci\u00f3n del Dr. A. Rimola siempre ha estado modelando procesos qu\u00edmicos mediante c\u00e1lculos cu\u00e1nticos precisos utilizando tanto aproximaciones moleculares como peri\u00f3dicas ab initio. Su doctorado se dedic\u00f3 a la qu\u00edmica de la fase de gas de iones met\u00e1licos \/ biomol\u00e9culas, en la cual los c\u00e1lculos de la qu\u00edmica cu\u00e1ntica eran esenciales para interpretar el resultado complejo de los experimentos de espectrometr\u00eda de masas. Durante este periodo, adquiri\u00f3 un buen conocimiento de diferentes m\u00e9todos de mec\u00e1nica cu\u00e1ntica para el tratamiento de sistemas de caparaz\u00f3n abierto y adquiri\u00f3 experiencia en la simulaci\u00f3n de la reactividad qu\u00edmica. A. Rimola estudi\u00f3 la estructura electr\u00f3nica de diferentes sistemas de estado s\u00f3lido extendido y de sus propiedades de reactividad adsortiva y qu\u00edmica, obteniendo experiencia profunda en el modelado de superficies de diferente naturaleza; por ejemplo, i\u00f3nico\/covalente, cristalino\/amorfo, defectivo, etc. La experiencia del Dr. Rimola se basa en la simulaci\u00f3n de la reactividad qu\u00edmica y el modelado de superficies complejas y su actividad de investigaci\u00f3n actual fusiona y explota estas dos habilidades, que son de gran inter\u00e9s en varios campos como la cat\u00e1lisis heterog\u00e9nea y nano-cat\u00e1lisis, ciencia de superficie o biomateriales. Sus l\u00edneas de investigaci\u00f3n actuales se centran en el modelado de procesos relacionados con la evoluci\u00f3n qu\u00edmica primordial (es decir, la astroqu\u00edmica y la qu\u00edmica prebi\u00f3tica), en que la materia de estado s\u00f3lido tiene un papel importante. A. Rimola es el PINO de un ERC 2019 Consolidator Grant (Quantum Chemistry donde Interstellar Grains, QUANTUMGRAIN, grant agreement number 865657), la UAB PI de un 2018 Marie-Curie ITN project (AstroChemical Origins, ACO, grant agreement number 811312), y co-PI de un proyecto de investigaci\u00f3n de plan nacional (CTQ2017-89132-P). Tiene acceso regularmente a los recursos supercomputacionales proporcionados por la RES.<br \/>Tiene varias colaboraciones internacionales con qu\u00edmicos cu\u00e1nticos (Prof. P. Ugliengo, Univ. Tur\u00edn; Prof. J. K.stner, Univ. Stuttgart), experimentalistas (Prof. F. Dulieu, Univ. Cergy-Pontoise, Dr. P. Theul\u00e9, Univ. Profesor de Marsella G. Martra, Univ. Tur\u00edn) y astr\u00f3nomos (Prof. C. Ceccarelli, Univ. Grenoble Alpes; Prof. P. Caselli, MPE-*MPI; Dr. J.M. Tardo-Rodr\u00edguez, ICE-CSIC).<br \/>Desde 2004, A. Rimola ha estado coautor de 83 art\u00edculos internacionales revisados por expertos, 5 revisiones y 6 cap\u00edtulos de libros, y ha dado 25 charlas invitadas en congresos internacionales y escuelas avanzadas. Tambi\u00e9n est\u00e1 involucrado en actividades de divulgaci\u00f3n de la ciencia dando conferencias de ciencia popular y coautoritzant art\u00edculos de ciencia popular.<br \/>A. Rimola recibi\u00f3 el premio de tesis doctoral destacada en el programa de doctorado de qu\u00edmica te\u00f3rica y computacional (curso 2006\/07), el premio europeo de atenci\u00f3n al doctorado, y ostenta la acreditaci\u00f3n de la investigaci\u00f3n avanzada proporcionada por AQU.<\/p>\n<\/div>\n<\/div>\n","protected":false},"excerpt":{"rendered":"<p>El Dr. Albert Rimola Gibert se licenci\u00f3 en Qu\u00edmica en la Universitat Aut\u00f2noma de Barcelona (UAB, 2002) y se doctor\u00f3 en Qu\u00edmica Te\u00f3rica y Computacional (UAB, 2007) bajo la supervisi\u00f3n de la profesora M. Sodupe y el doctor L. Rodr\u00edguez-Santiago. Durante el periodo de doctorado hizo diferentes visitas en laboratorios extranjeros. Desarroll\u00f3 un trabajo postdoctoral [&hellip;]<\/p>\n","protected":false},"author":2705,"featured_media":0,"parent":0,"menu_order":0,"comment_status":"closed","ping_status":"closed","template":"","meta":{"footnotes":""},"class_list":["post-526","page","type-page","status-publish","hentry"],"_links":{"self":[{"href":"https:\/\/webs.uab.cat\/compbionanocat\/es\/wp-json\/wp\/v2\/pages\/526","targetHints":{"allow":["GET"]}}],"collection":[{"href":"https:\/\/webs.uab.cat\/compbionanocat\/es\/wp-json\/wp\/v2\/pages"}],"about":[{"href":"https:\/\/webs.uab.cat\/compbionanocat\/es\/wp-json\/wp\/v2\/types\/page"}],"author":[{"embeddable":true,"href":"https:\/\/webs.uab.cat\/compbionanocat\/es\/wp-json\/wp\/v2\/users\/2705"}],"replies":[{"embeddable":true,"href":"https:\/\/webs.uab.cat\/compbionanocat\/es\/wp-json\/wp\/v2\/comments?post=526"}],"version-history":[{"count":2,"href":"https:\/\/webs.uab.cat\/compbionanocat\/es\/wp-json\/wp\/v2\/pages\/526\/revisions"}],"predecessor-version":[{"id":533,"href":"https:\/\/webs.uab.cat\/compbionanocat\/es\/wp-json\/wp\/v2\/pages\/526\/revisions\/533"}],"wp:attachment":[{"href":"https:\/\/webs.uab.cat\/compbionanocat\/es\/wp-json\/wp\/v2\/media?parent=526"}],"curies":[{"name":"wp","href":"https:\/\/api.w.org\/{rel}","templated":true}]}}