{"id":61,"date":"2023-07-11T14:03:03","date_gmt":"2023-07-11T12:03:03","guid":{"rendered":"https:\/\/webs.uab.cat\/compbionanocat\/investigacion\/"},"modified":"2023-07-13T12:52:40","modified_gmt":"2023-07-13T10:52:40","slug":"investigacion","status":"publish","type":"page","link":"https:\/\/webs.uab.cat\/compbionanocat\/es\/investigacion\/","title":{"rendered":"Investigaci\u00f3n"},"content":{"rendered":"\n<p>En el siglo XXI la cat\u00e1lisis ha iniciado una nueva era en la que se han barrido las fronteras entre los \u00e1mbitos cl\u00e1sicos de la cat\u00e1lisis (homog\u00e9nea, heterog\u00e9nea, biocat\u00e1lisis). La nanocat\u00e1lisis ha borrado los l\u00edmites entre cat\u00e1lisis homog\u00e9nea y heterog\u00e9nea, y se han dise\u00f1ado metaloenzimas artificiales, construidas mediante la introducci\u00f3n de un cofactor catal\u00edtico organomet\u00e1lico en un andamiaje biomolecular, para catalizar reacciones no presentes en la Naturaleza. Adem\u00e1s, se utilizan interacciones no covalentes para construir y modificar catalizadores homog\u00e9neos, dando lugar a la cat\u00e1lisis supramolecular. Incluso el campo de la cat\u00e1lisis homog\u00e9nea est\u00e1 cambiando r\u00e1pidamente, con un fuerte acento en el desarrollo de catalizadores eficientes con metales de transici\u00f3n de primera fila biocompatibles.<\/p>\n\n<p>Las simulaciones computacionales se han convertido en una metodolog\u00eda \u00fatil y potente en cada uno de los tres campos de la cat\u00e1lisis convencional. Sin embargo, la investigaci\u00f3n computacional de vanguardia en cat\u00e1lisis exige enfoques integradores, capaces de abordar la naturaleza polifac\u00e9tica de sus problemas.<\/p>\n\n<p>Los objetivos del grupo Computational BioNanoCat para los pr\u00f3ximos a\u00f1os incluyen desarrollos metodol\u00f3gicos y la aplicaci\u00f3n de dichos desarrollos a cuatro \u00e1reas de vanguardia (nanocat\u00e1lisis, metaloenzimas artificiales, cat\u00e1lisis supramolecular y nuevas v\u00edas en cat\u00e1lisis homog\u00e9nea).<\/p>\n<div class=\"wp-block-image\">\n<figure class=\"aligncenter\"><img decoding=\"async\" src=\"https:\/\/compbionanocat.files.wordpress.com\/2017\/07\/nanoparticle.png?w=300&amp;h=257\" alt=\"nanopart&#xED;culas\" class=\"wp-image-464\"\/><\/figure>\n<\/div>\n<p><strong>L\u00edneas de investigaci\u00f3n<\/strong><\/p>\n\n<ul class=\"wp-block-list\">\n<li><strong>&nbsp;Desenvolupaments metodol\u00f2gics<\/strong>\n<ul class=\"wp-block-list\">\n<li>Generaci\u00f3n de nanopart\u00edculas estoquiom\u00e9tricas tipo Wulf<\/li>\n\n\n\n<li>Generaci\u00f3n de novo de modelos 3D de sistemas bioinorg\u00e1nicos complejos<br\/><\/li>\n<\/ul>\n<\/li>\n<\/ul>\n\n<ul class=\"wp-block-list\">\n<li><strong>Nanocat\u00e1lisis<\/strong>\n<ul class=\"wp-block-list\">\n<li>Nanopart\u00edculas en la oxidaci\u00f3n del agua<\/li>\n\n\n\n<li>Nanopart\u00edculas en la evoluci\u00f3n qu\u00edmica<\/li>\n<\/ul>\n<\/li>\n\n\n\n<li><strong>Metaloenzimas artificiales<\/strong><\/li>\n\n\n\n<li><strong>Cat\u00e1lisis supramolecular<\/strong><\/li>\n\n\n\n<li><strong>Nuevas v\u00edas en cat\u00e1lisis homog\u00e9nea<\/strong><\/li>\n<\/ul>\n","protected":false},"excerpt":{"rendered":"<p>En el siglo XXI la cat\u00e1lisis ha iniciado una nueva era en la que se han barrido las fronteras entre los \u00e1mbitos cl\u00e1sicos de la cat\u00e1lisis (homog\u00e9nea, heterog\u00e9nea, biocat\u00e1lisis). La nanocat\u00e1lisis ha borrado los l\u00edmites entre cat\u00e1lisis homog\u00e9nea y heterog\u00e9nea, y se han dise\u00f1ado metaloenzimas artificiales, construidas mediante la introducci\u00f3n de un cofactor catal\u00edtico organomet\u00e1lico [&hellip;]<\/p>\n","protected":false},"author":2705,"featured_media":0,"parent":0,"menu_order":0,"comment_status":"closed","ping_status":"closed","template":"","meta":{"footnotes":""},"class_list":["post-61","page","type-page","status-publish","hentry"],"_links":{"self":[{"href":"https:\/\/webs.uab.cat\/compbionanocat\/es\/wp-json\/wp\/v2\/pages\/61","targetHints":{"allow":["GET"]}}],"collection":[{"href":"https:\/\/webs.uab.cat\/compbionanocat\/es\/wp-json\/wp\/v2\/pages"}],"about":[{"href":"https:\/\/webs.uab.cat\/compbionanocat\/es\/wp-json\/wp\/v2\/types\/page"}],"author":[{"embeddable":true,"href":"https:\/\/webs.uab.cat\/compbionanocat\/es\/wp-json\/wp\/v2\/users\/2705"}],"replies":[{"embeddable":true,"href":"https:\/\/webs.uab.cat\/compbionanocat\/es\/wp-json\/wp\/v2\/comments?post=61"}],"version-history":[{"count":3,"href":"https:\/\/webs.uab.cat\/compbionanocat\/es\/wp-json\/wp\/v2\/pages\/61\/revisions"}],"predecessor-version":[{"id":79,"href":"https:\/\/webs.uab.cat\/compbionanocat\/es\/wp-json\/wp\/v2\/pages\/61\/revisions\/79"}],"wp:attachment":[{"href":"https:\/\/webs.uab.cat\/compbionanocat\/es\/wp-json\/wp\/v2\/media?parent=61"}],"curies":[{"name":"wp","href":"https:\/\/api.w.org\/{rel}","templated":true}]}}