{"id":73,"date":"2023-07-12T13:28:54","date_gmt":"2023-07-12T11:28:54","guid":{"rendered":"https:\/\/webs.uab.cat\/compbionanocat\/os-damos-la-bienvenida-en-la-pagina-web-de-nuestro-grupo-sgr\/"},"modified":"2023-12-15T17:23:43","modified_gmt":"2023-12-15T15:23:43","slug":"os-damos-la-bienvenida-en-la-pagina-web-de-nuestro-grupo-sgr","status":"publish","type":"page","link":"https:\/\/webs.uab.cat\/compbionanocat\/es\/","title":{"rendered":"Os damos la bienvenida en la p\u00e1gina web de nuestro grupo SGR!"},"content":{"rendered":"\n<h2 class=\"wp-block-heading alignwide has-text-align-left\">\u00bfQu\u00e9 se hace en nuestro grupo?<\/h2>\n\n<div class=\"wp-block-group alignwide\"><div class=\"wp-block-group__inner-container is-layout-constrained wp-block-group-is-layout-constrained\">\n<div class=\"wp-block-columns alignwide is-layout-flex wp-container-core-columns-is-layout-9d6595d7 wp-block-columns-is-layout-flex\">\n<div class=\"wp-block-column has-verd-tropic-transparent-background-color has-background is-layout-flow wp-block-column-is-layout-flow\">\n<p>CompBioNanoCat es un equipo de investigaci\u00f3n interdisciplinario, a la frontera entre la Qu\u00edmica Organomet\u00e1lica, la Qu\u00edmica de Superficies, la Qu\u00edmica Biol\u00f3gica y la Qu\u00edmica Computacional, que lleva a cabo el modelado y simulaci\u00f3n de procesos catal\u00edticos complejos en estrecha colaboraci\u00f3n con grupos de reconocido prestigio internacional tanto experimentales como te\u00f3ricos.<\/p>\n<\/div>\n\n\n\n<div class=\"wp-block-column has-marro-stradivari-transparent-background-color has-background is-layout-flow wp-block-column-is-layout-flow\">\n<p>Los objetivos estrat\u00e9gicos para los pr\u00f3ximos a\u00f1os incluyen estudios en tres \u00e1reas de vanguardia (nanocat\u00e1lisi, qu\u00edmica biol\u00f3gica y nuevas v\u00edas en cat\u00e1lisis homog\u00e9nea) as\u00ed como los desarrollos metodol\u00f3gicos necesarios para generar modelos realistas de metaloenzimas y nanopart\u00edculas. Est\u00e1 formado por los subgrupos ChalHetCat, Insilichem, MolBioMed, NanoCat y QuantumGrain.<\/p>\n<\/div>\n<\/div>\n<\/div><\/div>\n<ul class=\"wp-block-latest-posts__list wp-block-latest-posts\"><\/ul>\n<hr class=\"wp-block-separator alignwide has-alpha-channel-opacity\" \/>\n\n<div class=\"wp-block-group alignwide\"><div class=\"wp-block-group__inner-container is-layout-constrained wp-block-group-is-layout-constrained\">\n<div class=\"wp-block-columns alignwide is-layout-flex wp-container-core-columns-is-layout-9d6595d7 wp-block-columns-is-layout-flex\">\n<div class=\"wp-block-column is-vertically-aligned-center has-blanc-coco-background-color has-background is-layout-flow wp-block-column-is-layout-flow\">\n<figure class=\"wp-block-image size-large\"><a href=\"https:\/\/www.uab.cat\/es\"><img loading=\"lazy\" decoding=\"async\" width=\"1024\" height=\"384\" src=\"https:\/\/webs.uab.cat\/compbionanocat\/wp-content\/uploads\/sites\/452\/2023\/07\/logotipuab-2-linies-verd-1024x384.png\" alt=\"\" class=\"wp-image-150\" srcset=\"https:\/\/webs.uab.cat\/compbionanocat\/wp-content\/uploads\/sites\/452\/2023\/07\/logotipuab-2-linies-verd-1024x384.png 1024w, https:\/\/webs.uab.cat\/compbionanocat\/wp-content\/uploads\/sites\/452\/2023\/07\/logotipuab-2-linies-verd-300x113.png 300w, https:\/\/webs.uab.cat\/compbionanocat\/wp-content\/uploads\/sites\/452\/2023\/07\/logotipuab-2-linies-verd-768x288.png 768w, https:\/\/webs.uab.cat\/compbionanocat\/wp-content\/uploads\/sites\/452\/2023\/07\/logotipuab-2-linies-verd-1536x577.png 1536w, https:\/\/webs.uab.cat\/compbionanocat\/wp-content\/uploads\/sites\/452\/2023\/07\/logotipuab-2-linies-verd-1200x450.png 1200w, https:\/\/webs.uab.cat\/compbionanocat\/wp-content\/uploads\/sites\/452\/2023\/07\/logotipuab-2-linies-verd.png 1881w\" sizes=\"auto, (max-width: 1024px) 100vw, 1024px\" \/><\/a><\/figure>\n<\/div>\n\n\n\n<div class=\"wp-block-column is-vertically-aligned-center is-layout-flow wp-block-column-is-layout-flow\">\n<figure class=\"wp-block-image size-large\"><a href=\"https:\/\/web.gencat.cat\/es\/inici\/\"><img loading=\"lazy\" decoding=\"async\" width=\"1024\" height=\"300\" src=\"https:\/\/webs.uab.cat\/compbionanocat\/wp-content\/uploads\/sites\/452\/2023\/07\/genera-1024x300.png\" alt=\"\" class=\"wp-image-155\" srcset=\"https:\/\/webs.uab.cat\/compbionanocat\/wp-content\/uploads\/sites\/452\/2023\/07\/genera-1024x300.png 1024w, https:\/\/webs.uab.cat\/compbionanocat\/wp-content\/uploads\/sites\/452\/2023\/07\/genera-300x88.png 300w, https:\/\/webs.uab.cat\/compbionanocat\/wp-content\/uploads\/sites\/452\/2023\/07\/genera-768x225.png 768w, https:\/\/webs.uab.cat\/compbionanocat\/wp-content\/uploads\/sites\/452\/2023\/07\/genera-1200x351.png 1200w, https:\/\/webs.uab.cat\/compbionanocat\/wp-content\/uploads\/sites\/452\/2023\/07\/genera.png 1453w\" sizes=\"auto, (max-width: 1024px) 100vw, 1024px\" \/><\/a><\/figure>\n<\/div>\n\n\n\n<div class=\"wp-block-column is-vertically-aligned-center is-layout-flow wp-block-column-is-layout-flow\">\n<figure class=\"wp-block-image size-large\"><a href=\"https:\/\/www.csuc.cat\/ca\"><img loading=\"lazy\" decoding=\"async\" width=\"1024\" height=\"197\" src=\"https:\/\/webs.uab.cat\/compbionanocat\/wp-content\/uploads\/sites\/452\/2023\/07\/CSUC_logo_corporatiu_0-1024x197.png\" alt=\"\" class=\"wp-image-160\" srcset=\"https:\/\/webs.uab.cat\/compbionanocat\/wp-content\/uploads\/sites\/452\/2023\/07\/CSUC_logo_corporatiu_0-1024x197.png 1024w, https:\/\/webs.uab.cat\/compbionanocat\/wp-content\/uploads\/sites\/452\/2023\/07\/CSUC_logo_corporatiu_0-300x58.png 300w, https:\/\/webs.uab.cat\/compbionanocat\/wp-content\/uploads\/sites\/452\/2023\/07\/CSUC_logo_corporatiu_0-768x147.png 768w, https:\/\/webs.uab.cat\/compbionanocat\/wp-content\/uploads\/sites\/452\/2023\/07\/CSUC_logo_corporatiu_0-1536x295.png 1536w, https:\/\/webs.uab.cat\/compbionanocat\/wp-content\/uploads\/sites\/452\/2023\/07\/CSUC_logo_corporatiu_0-2048x393.png 2048w, https:\/\/webs.uab.cat\/compbionanocat\/wp-content\/uploads\/sites\/452\/2023\/07\/CSUC_logo_corporatiu_0-1200x230.png 1200w, https:\/\/webs.uab.cat\/compbionanocat\/wp-content\/uploads\/sites\/452\/2023\/07\/CSUC_logo_corporatiu_0-1980x380.png 1980w\" sizes=\"auto, (max-width: 1024px) 100vw, 1024px\" \/><\/a><\/figure>\n<\/div>\n\n\n\n<div class=\"wp-block-column is-vertically-aligned-center is-layout-flow wp-block-column-is-layout-flow\">\n<figure class=\"wp-block-image size-large\"><a href=\"https:\/\/www.bsc.es\/ca\"><img loading=\"lazy\" decoding=\"async\" width=\"1024\" height=\"255\" src=\"https:\/\/webs.uab.cat\/compbionanocat\/wp-content\/uploads\/sites\/452\/2023\/07\/BSC-blue-large-1024x255.png\" alt=\"\" class=\"wp-image-168\" srcset=\"https:\/\/webs.uab.cat\/compbionanocat\/wp-content\/uploads\/sites\/452\/2023\/07\/BSC-blue-large-1024x255.png 1024w, https:\/\/webs.uab.cat\/compbionanocat\/wp-content\/uploads\/sites\/452\/2023\/07\/BSC-blue-large-300x75.png 300w, https:\/\/webs.uab.cat\/compbionanocat\/wp-content\/uploads\/sites\/452\/2023\/07\/BSC-blue-large-768x191.png 768w, https:\/\/webs.uab.cat\/compbionanocat\/wp-content\/uploads\/sites\/452\/2023\/07\/BSC-blue-large-1536x383.png 1536w, https:\/\/webs.uab.cat\/compbionanocat\/wp-content\/uploads\/sites\/452\/2023\/07\/BSC-blue-large-1200x299.png 1200w, https:\/\/webs.uab.cat\/compbionanocat\/wp-content\/uploads\/sites\/452\/2023\/07\/BSC-blue-large-1980x493.png 1980w, https:\/\/webs.uab.cat\/compbionanocat\/wp-content\/uploads\/sites\/452\/2023\/07\/BSC-blue-large.png 2048w\" sizes=\"auto, (max-width: 1024px) 100vw, 1024px\" \/><\/a><\/figure>\n<\/div>\n\n\n\n<div class=\"wp-block-column has-blanc-coco-background-color has-background is-layout-flow wp-block-column-is-layout-flow\">\n<figure class=\"wp-block-image size-full\"><a href=\"https:\/\/www.icrea.cat\/ca\"><img loading=\"lazy\" decoding=\"async\" width=\"480\" height=\"201\" src=\"https:\/\/webs.uab.cat\/compbionanocat\/wp-content\/uploads\/sites\/452\/2023\/07\/logo-icrea-1.png\" alt=\"\" class=\"wp-image-176\" srcset=\"https:\/\/webs.uab.cat\/compbionanocat\/wp-content\/uploads\/sites\/452\/2023\/07\/logo-icrea-1.png 480w, https:\/\/webs.uab.cat\/compbionanocat\/wp-content\/uploads\/sites\/452\/2023\/07\/logo-icrea-1-300x126.png 300w\" sizes=\"auto, (max-width: 480px) 100vw, 480px\" \/><\/a><\/figure>\n<\/div>\n<\/div>\n<\/div><\/div>\n","protected":false},"excerpt":{"rendered":"<p>\u00bfQu\u00e9 se hace en nuestro grupo? CompBioNanoCat es un equipo de investigaci\u00f3n interdisciplinario, a la frontera entre la Qu\u00edmica Organomet\u00e1lica, la Qu\u00edmica de Superficies, la Qu\u00edmica Biol\u00f3gica y la Qu\u00edmica Computacional, que lleva a cabo el modelado y simulaci\u00f3n de procesos catal\u00edticos complejos en estrecha colaboraci\u00f3n con grupos de reconocido prestigio internacional tanto experimentales como [&hellip;]<\/p>\n","protected":false},"author":2705,"featured_media":0,"parent":0,"menu_order":0,"comment_status":"closed","ping_status":"closed","template":"","meta":{"footnotes":""},"class_list":["post-73","page","type-page","status-publish","hentry"],"_links":{"self":[{"href":"https:\/\/webs.uab.cat\/compbionanocat\/es\/wp-json\/wp\/v2\/pages\/73","targetHints":{"allow":["GET"]}}],"collection":[{"href":"https:\/\/webs.uab.cat\/compbionanocat\/es\/wp-json\/wp\/v2\/pages"}],"about":[{"href":"https:\/\/webs.uab.cat\/compbionanocat\/es\/wp-json\/wp\/v2\/types\/page"}],"author":[{"embeddable":true,"href":"https:\/\/webs.uab.cat\/compbionanocat\/es\/wp-json\/wp\/v2\/users\/2705"}],"replies":[{"embeddable":true,"href":"https:\/\/webs.uab.cat\/compbionanocat\/es\/wp-json\/wp\/v2\/comments?post=73"}],"version-history":[{"count":26,"href":"https:\/\/webs.uab.cat\/compbionanocat\/es\/wp-json\/wp\/v2\/pages\/73\/revisions"}],"predecessor-version":[{"id":567,"href":"https:\/\/webs.uab.cat\/compbionanocat\/es\/wp-json\/wp\/v2\/pages\/73\/revisions\/567"}],"wp:attachment":[{"href":"https:\/\/webs.uab.cat\/compbionanocat\/es\/wp-json\/wp\/v2\/media?parent=73"}],"curies":[{"name":"wp","href":"https:\/\/api.w.org\/{rel}","templated":true}]}}