{"id":404,"date":"2023-07-26T12:45:07","date_gmt":"2023-07-26T10:45:07","guid":{"rendered":"https:\/\/webs.uab.cat\/compbionanocat\/?page_id=404"},"modified":"2023-07-26T12:45:08","modified_gmt":"2023-07-26T10:45:08","slug":"luis-rodriguez-santiago","status":"publish","type":"page","link":"https:\/\/webs.uab.cat\/compbionanocat\/luis-rodriguez-santiago\/","title":{"rendered":"Luis Rodr\u00edguez Santiago"},"content":{"rendered":"\n<p><\/p>\n\n\n\n<div class=\"wp-block-columns alignwide is-layout-flex wp-container-core-columns-is-layout-9d6595d7 wp-block-columns-is-layout-flex\">\n<div class=\"wp-block-column is-layout-flow wp-block-column-is-layout-flow\">\n<figure class=\"wp-block-image size-full is-resized is-style-rounded\"><img loading=\"lazy\" decoding=\"async\" src=\"https:\/\/webs.uab.cat\/compbionanocat\/wp-content\/uploads\/sites\/452\/2023\/07\/luis.webp\" alt=\"\" class=\"wp-image-405\" width=\"320\" height=\"239\" \/><\/figure>\n<\/div>\n\n\n\n<div class=\"wp-block-column is-layout-flow wp-block-column-is-layout-flow\"><p><a href=\"https:\/\/orcid.org\/0000-0003-4983-4228\" target=\"_blank\" rel=\"noopener\"><img decoding=\"async\" src=\"https:\/\/orcid.figshare.com\/ndownloader\/files\/8439047\/preview\/8439047\/preview.jpg\" title=\"ORCID\" alt=\"ORCID logo\" width=\"30px\" border=\"20\" align=\"right\"><\/a><span style=\"width:100px\">&nbsp; &nbsp;<a href=\"http:\/\/www.researchgate.net\/profile\/Luis_Rodriguez-Santiago\" target=\"_blank\" rel=\"noopener\"><img decoding=\"async\" src=\"https:\/\/upload.wikimedia.org\/wikipedia\/commons\/thumb\/5\/5e\/ResearchGate_icon_SVG.svg\/1920px-ResearchGate_icon_SVG.svg.png?20201217223315\" title=\"ResearchGate\" alt=\"RG\" width=\"30px\" border=\"20\" align=\"right\"><\/a><\/span>&nbsp; &nbsp;<a href=\"https:\/\/www.linkedin.com\/in\/luis-rodr%C3%ADguez-santiago-0549775b\/\" target=\"_blank\" rel=\"noopener\"><img decoding=\"async\" src=\"https:\/\/content.linkedin.com\/content\/dam\/me\/business\/en-us\/amp\/brand-site\/v2\/bg\/LI-Bug.svg.original.svg\" title=\"LINKEDIN\" alt=\"LINKEDIN logo\" width=\"35px\" border=\"20\" align=\"right\"><\/a><span style=\"width:100px\"><\/span><\/p>\n\n\n\n<p class=\"has-text-align-right\"><strong>Dr. Luis Rodr\u00edguez Santiago<\/strong> es va doctorar en Qu\u00edmica el 1998 per la Universitat Aut\u00f2noma de Barcelona (UAB) sota la supervisi\u00f3 de la Dra. M. Sodupe i V. Branchadell sobre l&#8217;estudi te\u00f2ric de la coordinaci\u00f3 de NO2 a metalls en fase gasosa i en la zeolita Cu-ZSM5. Despr\u00e9s d&#8217;una estada postdoctoral al &#8220;Laboratoire d&#8217;analyse et environnement&#8221; de la &#8220;Universit\u00e9 d&#8217;Evry-*Val-d&#8217;*Essonne&#8221; a Fran\u00e7a es va incorporar a la UAB com a investigador Ram\u00f3n y Cajal. El seu principal inter\u00e8s investigador se centra en la interacci\u00f3 de diferents complexos de metalls de transici\u00f3 d&#8217;inter\u00e8s biol\u00f2gic. En particular, la seva recerca actual es basa en diversos aspectes relacionats amb la malaltia d&#8217;Alzheimer, especialment la interacci\u00f3 entre cations met\u00e0l\u00b7lics i el p\u00e8ptid amiloide-b i el seu paper en la producci\u00f3 d&#8217;esp\u00e8cies reactives d&#8217;oxigen i en els processos d&#8217;agregaci\u00f3 del p\u00e8ptid.<\/p>\n<\/div>\n<\/div>\n","protected":false},"excerpt":{"rendered":"<p>Dr. Luis Rodr\u00edguez Santiago es va doctorar en Qu\u00edmica el 1998 per la Universitat Aut\u00f2noma de Barcelona (UAB) sota la supervisi\u00f3 de la Dra. M. Sodupe i V. Branchadell sobre l&#8217;estudi te\u00f2ric de la coordinaci\u00f3 de NO2 a metalls en fase gasosa i en la zeolita Cu-ZSM5. Despr\u00e9s d&#8217;una estada postdoctoral al &#8220;Laboratoire d&#8217;analyse et [&hellip;]<\/p>\n","protected":false},"author":2705,"featured_media":0,"parent":0,"menu_order":0,"comment_status":"closed","ping_status":"closed","template":"","meta":{"footnotes":""},"class_list":["post-404","page","type-page","status-publish","hentry"],"_links":{"self":[{"href":"https:\/\/webs.uab.cat\/compbionanocat\/wp-json\/wp\/v2\/pages\/404","targetHints":{"allow":["GET"]}}],"collection":[{"href":"https:\/\/webs.uab.cat\/compbionanocat\/wp-json\/wp\/v2\/pages"}],"about":[{"href":"https:\/\/webs.uab.cat\/compbionanocat\/wp-json\/wp\/v2\/types\/page"}],"author":[{"embeddable":true,"href":"https:\/\/webs.uab.cat\/compbionanocat\/wp-json\/wp\/v2\/users\/2705"}],"replies":[{"embeddable":true,"href":"https:\/\/webs.uab.cat\/compbionanocat\/wp-json\/wp\/v2\/comments?post=404"}],"version-history":[{"count":1,"href":"https:\/\/webs.uab.cat\/compbionanocat\/wp-json\/wp\/v2\/pages\/404\/revisions"}],"predecessor-version":[{"id":408,"href":"https:\/\/webs.uab.cat\/compbionanocat\/wp-json\/wp\/v2\/pages\/404\/revisions\/408"}],"wp:attachment":[{"href":"https:\/\/webs.uab.cat\/compbionanocat\/wp-json\/wp\/v2\/media?parent=404"}],"curies":[{"name":"wp","href":"https:\/\/api.w.org\/{rel}","templated":true}]}}