{"id":46,"date":"2023-07-12T13:28:54","date_gmt":"2023-07-12T11:28:54","guid":{"rendered":"https:\/\/webs.uab.cat\/compbionanocat\/?page_id=46"},"modified":"2023-12-15T17:36:27","modified_gmt":"2023-12-15T15:36:27","slug":"welcome-to-the-web-page-of-our-research-group","status":"publish","type":"page","link":"https:\/\/webs.uab.cat\/compbionanocat\/","title":{"rendered":"Us donem la benvinguda a la p\u00e0gina web del nostre grup SGR!"},"content":{"rendered":"\n<h2 class=\"wp-block-heading alignwide has-text-align-left\">Qu\u00e8 es fa al nostre grup?<\/h2>\n\n\n\n<div class=\"wp-block-group alignwide\"><div class=\"wp-block-group__inner-container is-layout-constrained wp-block-group-is-layout-constrained\">\n<div class=\"wp-block-columns alignwide is-layout-flex wp-container-core-columns-is-layout-9d6595d7 wp-block-columns-is-layout-flex\">\n<div class=\"wp-block-column has-verd-tropic-transparent-background-color has-background is-layout-flow wp-block-column-is-layout-flow\">\n<p>CompBioNanoCat \u00e9s un equip de recerca interdisciplinari, a la frontera entre la Qu\u00edmica Organomet\u00e0l\u00b7lica, la Qu\u00edmica de Superf\u00edcies, la Qu\u00edmica Biol\u00f2gica&nbsp; i la Qu\u00edmica Computacional, que du a terme el modelatge i simulaci\u00f3 de processos catal\u00edtics complexos en estreta col\u00b7laboraci\u00f3 amb grups de reconegut prestigi internacional tant experimentals com te\u00f2rics.<\/p>\n<\/div>\n\n\n\n<div class=\"wp-block-column has-marro-stradivari-transparent-background-color has-background is-layout-flow wp-block-column-is-layout-flow\">\n<p>Els objectius estrat\u00e8gics per als pr\u00f2xims anys inclouen estudis en tres \u00e0rees d&#8217;avantguarda (nanocat\u00e0lisi, qu\u00edmica biol\u00f2gica i noves vies en cat\u00e0lisi homog\u00e8nia) aix\u00ed com els desenvolupaments&nbsp; metodol\u00f2gics necessaris per a generar models realistes de metal\u00b7loenzims i nanopart\u00edcules. Est\u00e0 format pels subgrups ChalHetCat, Insilichem, MolBioMed, NanoCat i QuantumGrain.<\/p>\n<\/div>\n<\/div>\n<\/div><\/div>\n\n\n\n<h2 class=\"wp-block-heading alignwide has-text-align-left\">\u00daltimes not\u00edcies<\/h2>\n\n\n\n<hr class=\"wp-block-separator alignwide has-alpha-channel-opacity\" \/>\n\n\n\n<div class=\"wp-block-group alignwide\"><div class=\"wp-block-group__inner-container is-layout-constrained wp-block-group-is-layout-constrained\">\n<div class=\"wp-block-columns alignwide is-layout-flex wp-container-core-columns-is-layout-9d6595d7 wp-block-columns-is-layout-flex\">\n<div class=\"wp-block-column is-vertically-aligned-center has-blanc-coco-background-color has-background is-layout-flow wp-block-column-is-layout-flow\">\n<figure class=\"wp-block-image size-large\"><a href=\"https:\/\/www.uab.cat\/\"><img loading=\"lazy\" decoding=\"async\" width=\"1024\" height=\"384\" src=\"https:\/\/webs.uab.cat\/compbionanocat\/wp-content\/uploads\/sites\/452\/2023\/07\/logotipuab-2-linies-verd-1024x384.png\" alt=\"\" class=\"wp-image-148\" srcset=\"https:\/\/webs.uab.cat\/compbionanocat\/wp-content\/uploads\/sites\/452\/2023\/07\/logotipuab-2-linies-verd-1024x384.png 1024w, https:\/\/webs.uab.cat\/compbionanocat\/wp-content\/uploads\/sites\/452\/2023\/07\/logotipuab-2-linies-verd-300x113.png 300w, https:\/\/webs.uab.cat\/compbionanocat\/wp-content\/uploads\/sites\/452\/2023\/07\/logotipuab-2-linies-verd-768x288.png 768w, https:\/\/webs.uab.cat\/compbionanocat\/wp-content\/uploads\/sites\/452\/2023\/07\/logotipuab-2-linies-verd-1536x577.png 1536w, https:\/\/webs.uab.cat\/compbionanocat\/wp-content\/uploads\/sites\/452\/2023\/07\/logotipuab-2-linies-verd-1200x450.png 1200w, https:\/\/webs.uab.cat\/compbionanocat\/wp-content\/uploads\/sites\/452\/2023\/07\/logotipuab-2-linies-verd.png 1881w\" sizes=\"auto, (max-width: 1024px) 100vw, 1024px\" \/><\/a><\/figure>\n<\/div>\n\n\n\n<div class=\"wp-block-column is-vertically-aligned-center is-layout-flow wp-block-column-is-layout-flow\">\n<figure class=\"wp-block-image size-large\"><a href=\"https:\/\/web.gencat.cat\/ca\/inici\/\"><img loading=\"lazy\" decoding=\"async\" width=\"1024\" height=\"300\" src=\"https:\/\/webs.uab.cat\/compbionanocat\/wp-content\/uploads\/sites\/452\/2023\/07\/genera-1024x300.png\" alt=\"\" class=\"wp-image-153\" srcset=\"https:\/\/webs.uab.cat\/compbionanocat\/wp-content\/uploads\/sites\/452\/2023\/07\/genera-1024x300.png 1024w, https:\/\/webs.uab.cat\/compbionanocat\/wp-content\/uploads\/sites\/452\/2023\/07\/genera-300x88.png 300w, https:\/\/webs.uab.cat\/compbionanocat\/wp-content\/uploads\/sites\/452\/2023\/07\/genera-768x225.png 768w, https:\/\/webs.uab.cat\/compbionanocat\/wp-content\/uploads\/sites\/452\/2023\/07\/genera-1200x351.png 1200w, https:\/\/webs.uab.cat\/compbionanocat\/wp-content\/uploads\/sites\/452\/2023\/07\/genera.png 1453w\" sizes=\"auto, (max-width: 1024px) 100vw, 1024px\" \/><\/a><\/figure>\n<\/div>\n\n\n\n<div class=\"wp-block-column is-vertically-aligned-center is-layout-flow wp-block-column-is-layout-flow\">\n<figure class=\"wp-block-image size-large\"><a href=\"https:\/\/www.csuc.cat\/ca\"><img loading=\"lazy\" decoding=\"async\" width=\"1024\" height=\"197\" src=\"https:\/\/webs.uab.cat\/compbionanocat\/wp-content\/uploads\/sites\/452\/2023\/07\/CSUC_logo_corporatiu_0-1024x197.png\" alt=\"\" class=\"wp-image-158\" srcset=\"https:\/\/webs.uab.cat\/compbionanocat\/wp-content\/uploads\/sites\/452\/2023\/07\/CSUC_logo_corporatiu_0-1024x197.png 1024w, https:\/\/webs.uab.cat\/compbionanocat\/wp-content\/uploads\/sites\/452\/2023\/07\/CSUC_logo_corporatiu_0-300x58.png 300w, https:\/\/webs.uab.cat\/compbionanocat\/wp-content\/uploads\/sites\/452\/2023\/07\/CSUC_logo_corporatiu_0-768x147.png 768w, https:\/\/webs.uab.cat\/compbionanocat\/wp-content\/uploads\/sites\/452\/2023\/07\/CSUC_logo_corporatiu_0-1536x295.png 1536w, https:\/\/webs.uab.cat\/compbionanocat\/wp-content\/uploads\/sites\/452\/2023\/07\/CSUC_logo_corporatiu_0-2048x393.png 2048w, https:\/\/webs.uab.cat\/compbionanocat\/wp-content\/uploads\/sites\/452\/2023\/07\/CSUC_logo_corporatiu_0-1200x230.png 1200w, https:\/\/webs.uab.cat\/compbionanocat\/wp-content\/uploads\/sites\/452\/2023\/07\/CSUC_logo_corporatiu_0-1980x380.png 1980w\" sizes=\"auto, (max-width: 1024px) 100vw, 1024px\" \/><\/a><\/figure>\n<\/div>\n\n\n\n<div class=\"wp-block-column is-vertically-aligned-center is-layout-flow wp-block-column-is-layout-flow\">\n<figure class=\"wp-block-image size-large\"><a href=\"https:\/\/www.bsc.es\/ca\"><img loading=\"lazy\" decoding=\"async\" width=\"1024\" height=\"255\" src=\"https:\/\/webs.uab.cat\/compbionanocat\/wp-content\/uploads\/sites\/452\/2023\/07\/BSC-blue-large-1024x255.png\" alt=\"\" class=\"wp-image-166\" srcset=\"https:\/\/webs.uab.cat\/compbionanocat\/wp-content\/uploads\/sites\/452\/2023\/07\/BSC-blue-large-1024x255.png 1024w, https:\/\/webs.uab.cat\/compbionanocat\/wp-content\/uploads\/sites\/452\/2023\/07\/BSC-blue-large-300x75.png 300w, https:\/\/webs.uab.cat\/compbionanocat\/wp-content\/uploads\/sites\/452\/2023\/07\/BSC-blue-large-768x191.png 768w, https:\/\/webs.uab.cat\/compbionanocat\/wp-content\/uploads\/sites\/452\/2023\/07\/BSC-blue-large-1536x383.png 1536w, https:\/\/webs.uab.cat\/compbionanocat\/wp-content\/uploads\/sites\/452\/2023\/07\/BSC-blue-large-1200x299.png 1200w, https:\/\/webs.uab.cat\/compbionanocat\/wp-content\/uploads\/sites\/452\/2023\/07\/BSC-blue-large-1980x493.png 1980w, https:\/\/webs.uab.cat\/compbionanocat\/wp-content\/uploads\/sites\/452\/2023\/07\/BSC-blue-large.png 2048w\" sizes=\"auto, (max-width: 1024px) 100vw, 1024px\" \/><\/a><\/figure>\n<\/div>\n\n\n\n<div class=\"wp-block-column has-blanc-coco-background-color has-background is-layout-flow wp-block-column-is-layout-flow\">\n<figure class=\"wp-block-image size-full\"><a href=\"https:\/\/www.icrea.cat\/ca\"><img loading=\"lazy\" decoding=\"async\" width=\"480\" height=\"201\" src=\"https:\/\/webs.uab.cat\/compbionanocat\/wp-content\/uploads\/sites\/452\/2023\/07\/logo-icrea-1.png\" alt=\"\" class=\"wp-image-174\" srcset=\"https:\/\/webs.uab.cat\/compbionanocat\/wp-content\/uploads\/sites\/452\/2023\/07\/logo-icrea-1.png 480w, https:\/\/webs.uab.cat\/compbionanocat\/wp-content\/uploads\/sites\/452\/2023\/07\/logo-icrea-1-300x126.png 300w\" sizes=\"auto, (max-width: 480px) 100vw, 480px\" \/><\/a><\/figure>\n<\/div>\n<\/div>\n<\/div><\/div>\n","protected":false},"excerpt":{"rendered":"<p>Qu\u00e8 es fa al nostre grup? CompBioNanoCat \u00e9s un equip de recerca interdisciplinari, a la frontera entre la Qu\u00edmica Organomet\u00e0l\u00b7lica, la Qu\u00edmica de Superf\u00edcies, la Qu\u00edmica Biol\u00f2gica&nbsp; i la Qu\u00edmica Computacional, que du a terme el modelatge i simulaci\u00f3 de processos catal\u00edtics complexos en estreta col\u00b7laboraci\u00f3 amb grups de reconegut prestigi internacional tant experimentals com [&hellip;]<\/p>\n","protected":false},"author":2705,"featured_media":0,"parent":0,"menu_order":0,"comment_status":"closed","ping_status":"closed","template":"","meta":{"footnotes":""},"class_list":["post-46","page","type-page","status-publish","hentry"],"_links":{"self":[{"href":"https:\/\/webs.uab.cat\/compbionanocat\/wp-json\/wp\/v2\/pages\/46","targetHints":{"allow":["GET"]}}],"collection":[{"href":"https:\/\/webs.uab.cat\/compbionanocat\/wp-json\/wp\/v2\/pages"}],"about":[{"href":"https:\/\/webs.uab.cat\/compbionanocat\/wp-json\/wp\/v2\/types\/page"}],"author":[{"embeddable":true,"href":"https:\/\/webs.uab.cat\/compbionanocat\/wp-json\/wp\/v2\/users\/2705"}],"replies":[{"embeddable":true,"href":"https:\/\/webs.uab.cat\/compbionanocat\/wp-json\/wp\/v2\/comments?post=46"}],"version-history":[{"count":39,"href":"https:\/\/webs.uab.cat\/compbionanocat\/wp-json\/wp\/v2\/pages\/46\/revisions"}],"predecessor-version":[{"id":577,"href":"https:\/\/webs.uab.cat\/compbionanocat\/wp-json\/wp\/v2\/pages\/46\/revisions\/577"}],"wp:attachment":[{"href":"https:\/\/webs.uab.cat\/compbionanocat\/wp-json\/wp\/v2\/media?parent=46"}],"curies":[{"name":"wp","href":"https:\/\/api.w.org\/{rel}","templated":true}]}}