{"id":9,"date":"2023-10-31T12:25:05","date_gmt":"2023-10-31T10:25:05","guid":{"rendered":"https:\/\/webs.uab.cat\/compnanocat\/?page_id=9"},"modified":"2026-04-09T16:03:27","modified_gmt":"2026-04-09T15:03:27","slug":"publications","status":"publish","type":"page","link":"https:\/\/webs.uab.cat\/compnanocat\/publications\/","title":{"rendered":"Publications"},"content":{"rendered":"\n<h2 class=\"wp-block-heading alignwide\">2026<\/h2>\n\n\n\n<div class=\"wp-block-columns alignwide is-layout-flex wp-container-core-columns-is-layout-9d6595d7 wp-block-columns-is-layout-flex\">\n<div class=\"wp-block-column is-vertically-aligned-top is-layout-flow wp-block-column-is-layout-flow\">\n<div class=\"wp-block-columns is-layout-flex wp-container-core-columns-is-layout-9d6595d7 wp-block-columns-is-layout-flex\">\n<div class=\"wp-block-column is-layout-flow wp-block-column-is-layout-flow\" style=\"flex-basis:66.66%\">\n<h5 class=\"wp-block-heading alignwide has-normal-font-size\">Toward vanadium-mediated alkyne metathesis<\/h5>\n\n\n\n<p class=\"has-small-font-size\">S. Hernandez, V. Krivovicheva, A. Sousa-Silva, X. Solans-Monfort, K. V. Bukhryakov<\/p>\n\n\n\n<p class=\"has-small-font-size\"><a href=\"https:\/\/doi.org\/10.1039\/D6SC01683A\" target=\"_blank\" rel=\"noreferrer noopener\"><em><strong>Chem. Sci.<\/strong><\/em>, 2026, Advance Article<\/a><\/p>\n<\/div>\n<\/div>\n<\/div>\n<\/div>\n\n\n\n<div class=\"wp-block-columns alignwide is-layout-flex wp-container-core-columns-is-layout-9d6595d7 wp-block-columns-is-layout-flex\">\n<div class=\"wp-block-column is-layout-flow wp-block-column-is-layout-flow\" style=\"flex-basis:66.66%\">\n<h5 class=\"wp-block-heading has-normal-font-size\">Ru Nanoparticles Ligated by an N-Heterocyclic Carbene Derived from Uracil Nucleoside as Selective Antimicrobial Agents<\/h5>\n\n\n\n<p class=\"has-small-font-size\">A. S\u00e1nchez, L.A. M. Carrascosa, G. Romeo, G. Orsini, Y. Coppel, S. Santamarina, L. Rodr\u00edguez-Santiago, X. Solans-Monfort, A. Petronilho, L. M. Mart\u00ednez-Prieto<\/p>\n\n\n\n<p class=\"has-small-font-size\"><a href=\"https:\/\/doi.org\/10.1021\/acs.inorgchem.5c05649\" target=\"_blank\" rel=\"noreferrer noopener\"><em><strong>Inorg. Chem.<\/strong><\/em> 2026, 65, 8, 4580\u20134591<\/a><\/p>\n<\/div>\n\n\n\n<div class=\"wp-block-column is-layout-flow wp-block-column-is-layout-flow\" style=\"flex-basis:33.33%\">\n<figure class=\"wp-block-image size-full\"><a href=\"https:\/\/doi.org\/10.1021\/acs.inorgchem.5c05649\" target=\"_blank\" rel=\" noreferrer noopener\"><img loading=\"lazy\" decoding=\"async\" width=\"750\" height=\"337\" src=\"https:\/\/webs.uab.cat\/compnanocat\/wp-content\/uploads\/sites\/506\/2026\/04\/images_large_ic5c05649_0010.jpeg\" alt=\"\" class=\"wp-image-40\" srcset=\"https:\/\/webs.uab.cat\/compnanocat\/wp-content\/uploads\/sites\/506\/2026\/04\/images_large_ic5c05649_0010.jpeg 750w, https:\/\/webs.uab.cat\/compnanocat\/wp-content\/uploads\/sites\/506\/2026\/04\/images_large_ic5c05649_0010-300x135.jpeg 300w\" sizes=\"auto, (max-width: 750px) 100vw, 750px\" \/><\/a><\/figure>\n<\/div>\n<\/div>\n\n\n\n<div class=\"wp-block-columns alignwide is-layout-flex wp-container-core-columns-is-layout-9d6595d7 wp-block-columns-is-layout-flex\">\n<div class=\"wp-block-column is-layout-flow wp-block-column-is-layout-flow\" style=\"flex-basis:66.66%\">\n<h5 class=\"wp-block-heading has-normal-font-size\">Regulating Ni oxidation states through ruthenium incorporation in Ni based catalysts<\/h5>\n\n\n\n<p class=\"has-small-font-size\">L. Mall\u00f3n, L. Peres, N. Rivas, A. Garz\u00f3n Manj\u00f3n, C. Scheu, M. Gil-Sepulcre, O. R\u00fcdiger, S. DeBeer, N. Romero, J. Esvan, J. Garc\u00eda-Anton, L. Rodr\u00edguez-Santiago, X. Solans-Monfort, R. Bofill, K. Philippot, L. Franc\u00e0s, X. Sala<\/p>\n\n\n\n<p class=\"has-small-font-size\"><a href=\"https:\/\/doi.org\/10.1039\/D5TA08099A\" target=\"_blank\" rel=\"noreferrer noopener\"><em><strong>J. Mater. Chem. A<\/strong><\/em>, 2026,<strong>14<\/strong>, 11598-11613<\/a><\/p>\n<\/div>\n\n\n\n<div class=\"wp-block-column is-layout-flow wp-block-column-is-layout-flow\" style=\"flex-basis:33.33%\">\n<figure class=\"wp-block-image size-full\"><a href=\"https:\/\/doi.org\/10.1039\/D5TA08099A\" target=\"_blank\" rel=\" noreferrer noopener\"><img loading=\"lazy\" decoding=\"async\" width=\"342\" height=\"189\" src=\"https:\/\/webs.uab.cat\/compnanocat\/wp-content\/uploads\/sites\/506\/2026\/04\/Get-2.gif\" alt=\"\" class=\"wp-image-43\" \/><\/a><\/figure>\n<\/div>\n<\/div>\n\n\n\n<div class=\"wp-block-columns alignwide is-layout-flex wp-container-core-columns-is-layout-9d6595d7 wp-block-columns-is-layout-flex\">\n<div class=\"wp-block-column is-layout-flow wp-block-column-is-layout-flow\" style=\"flex-basis:66.66%\">\n<h5 class=\"wp-block-heading has-normal-font-size\">Photochemical Tungsten\u2013Carbon Bond Cleavage in Bicyclic Tungstacyclopentanes<\/h5>\n\n\n\n<p class=\"has-small-font-size\">R. Riedel, R. J. Dillon, L. Trowbridge, S. Ramaswamy, V. Vasudev, M. Sewell, V. Carta, M. Sodupe, X. Solans-Monfort, C. J. Bardeen, R. R. Schrock, M. P. Conley<\/p>\n\n\n\n<p class=\"has-small-font-size\"><a href=\"https:\/\/doi.org\/10.1021\/jacs.5c19313\" target=\"_blank\" rel=\"noreferrer noopener\"><em><strong>J. Am. Chem. Soc.<\/strong><\/em> 2026, 148, 2, 2108\u20132113<\/a><\/p>\n<\/div>\n\n\n\n<div class=\"wp-block-column is-layout-flow wp-block-column-is-layout-flow\"><\/div>\n\n\n\n<div class=\"wp-block-column is-layout-flow wp-block-column-is-layout-flow\" style=\"flex-basis:33.33%\">\n<figure class=\"wp-block-image size-full\"><a href=\"https:\/\/doi.org\/10.1021\/jacs.5c19313\" target=\"_blank\" rel=\" noreferrer noopener\"><img loading=\"lazy\" decoding=\"async\" width=\"500\" height=\"118\" src=\"https:\/\/webs.uab.cat\/compnanocat\/wp-content\/uploads\/sites\/506\/2026\/04\/ja5c19313_0008.webp\" alt=\"\" class=\"wp-image-70\" srcset=\"https:\/\/webs.uab.cat\/compnanocat\/wp-content\/uploads\/sites\/506\/2026\/04\/ja5c19313_0008.webp 500w, https:\/\/webs.uab.cat\/compnanocat\/wp-content\/uploads\/sites\/506\/2026\/04\/ja5c19313_0008-300x71.webp 300w\" sizes=\"auto, (max-width: 500px) 100vw, 500px\" \/><\/a><\/figure>\n<\/div>\n<\/div>\n\n\n\n<p><\/p>\n","protected":false},"excerpt":{"rendered":"<p>2026 Toward vanadium-mediated alkyne metathesis S. Hernandez, V. Krivovicheva, A. Sousa-Silva, X. Solans-Monfort, K. V. Bukhryakov Chem. Sci., 2026, Advance Article Ru Nanoparticles Ligated by an N-Heterocyclic Carbene Derived from Uracil Nucleoside as Selective Antimicrobial Agents A. S\u00e1nchez, L.A. M. Carrascosa, G. Romeo, G. Orsini, Y. Coppel, S. Santamarina, L. Rodr\u00edguez-Santiago, X. Solans-Monfort, A. Petronilho, [&hellip;]<\/p>\n","protected":false},"author":2705,"featured_media":0,"parent":0,"menu_order":0,"comment_status":"closed","ping_status":"closed","template":"","meta":{"footnotes":""},"class_list":["post-9","page","type-page","status-publish","hentry"],"_links":{"self":[{"href":"https:\/\/webs.uab.cat\/compnanocat\/wp-json\/wp\/v2\/pages\/9","targetHints":{"allow":["GET"]}}],"collection":[{"href":"https:\/\/webs.uab.cat\/compnanocat\/wp-json\/wp\/v2\/pages"}],"about":[{"href":"https:\/\/webs.uab.cat\/compnanocat\/wp-json\/wp\/v2\/types\/page"}],"author":[{"embeddable":true,"href":"https:\/\/webs.uab.cat\/compnanocat\/wp-json\/wp\/v2\/users\/2705"}],"replies":[{"embeddable":true,"href":"https:\/\/webs.uab.cat\/compnanocat\/wp-json\/wp\/v2\/comments?post=9"}],"version-history":[{"count":25,"href":"https:\/\/webs.uab.cat\/compnanocat\/wp-json\/wp\/v2\/pages\/9\/revisions"}],"predecessor-version":[{"id":194,"href":"https:\/\/webs.uab.cat\/compnanocat\/wp-json\/wp\/v2\/pages\/9\/revisions\/194"}],"wp:attachment":[{"href":"https:\/\/webs.uab.cat\/compnanocat\/wp-json\/wp\/v2\/media?parent=9"}],"curies":[{"name":"wp","href":"https:\/\/api.w.org\/{rel}","templated":true}]}}