{"id":331,"date":"2025-02-26T15:43:00","date_gmt":"2025-02-26T15:43:00","guid":{"rendered":"https:\/\/webs.uab.cat\/compred\/?page_id=331"},"modified":"2025-11-03T07:25:03","modified_gmt":"2025-11-03T07:25:03","slug":"que-es-compred","status":"publish","type":"page","link":"https:\/\/webs.uab.cat\/compred\/compred\/que-es-compred\/","title":{"rendered":"Qu\u00e8 \u00e9s CompREd?"},"content":{"rendered":"\n<p>Som un grup format per docents de la Facultat de Ci\u00e8ncies de l&#8217;Educaci\u00f3 de la Universitat Aut\u00f2noma de Barcelona, expertes en recerca, educaci\u00f3 i psicologia, que treballem de manera coordinada i col\u00b7laborativa per innovar, compartir i millorar l\u2019ensenyament i l\u2019aprenentatge de la recerca educativa.<\/p>\n\n\n\n<p>Com a grup, la nostra missi\u00f3 \u00e9s promoure la innovaci\u00f3 docent i l\u2019aprenentatge col\u00b7laboratiu, connectant la recerca amb l\u2019aula, des de l\u2019educaci\u00f3 prim\u00e0ria fins a la universit\u00e0ria. Apostem per projectes col\u00b7laboratius, la creaci\u00f3 de recursos oberts i l\u2019\u00fas de tecnologies que enriqueixen els processos d\u2019aprenentatge.<\/p>\n\n\n\n<p>Per aix\u00f2, gestionem <a href=\"https:\/\/test-repositori-compred.vercel.app\/\" data-type=\"link\" data-id=\"(https:\/\/test-repositori-compred.vercel.app\/\" target=\"_blank\" rel=\"noreferrer noopener\">un repositori digital obert<\/a>, que ofereix recursos sobre recerca en educaci\u00f3 per a estudiants, investigadores i professorat. Aquest espai facilita l\u2019aprenentatge informal, promovent l\u2019intercanvi i la col\u00b7laboraci\u00f3 en la comunitat universit\u00e0ria.<\/p>\n\n\n\n<div class=\"wp-block-columns alignfull has-gris-pubilla-background-color has-background is-layout-flex wp-container-core-columns-is-layout-9d6595d7 wp-block-columns-is-layout-flex\">\n<div class=\"wp-block-column is-layout-flow wp-block-column-is-layout-flow\">\n<div class=\"wp-block-group\"><div class=\"wp-block-group__inner-container is-layout-constrained wp-block-group-is-layout-constrained\">\n<div class=\"wp-block-columns are-vertically-aligned-center is-layout-flex wp-container-core-columns-is-layout-9d6595d7 wp-block-columns-is-layout-flex\">\n<div class=\"wp-block-column is-vertically-aligned-center is-layout-flow wp-block-column-is-layout-flow\">\n<figure class=\"wp-block-image size-large\"><img loading=\"lazy\" decoding=\"async\" width=\"1024\" height=\"749\" src=\"https:\/\/webs.uab.cat\/compred\/wp-content\/uploads\/sites\/135\/2025\/03\/repositorio-compred-1024x749.png\" alt=\"Repositori\" class=\"wp-image-577\" srcset=\"https:\/\/webs.uab.cat\/compred\/wp-content\/uploads\/sites\/135\/2025\/03\/repositorio-compred-1024x749.png 1024w, https:\/\/webs.uab.cat\/compred\/wp-content\/uploads\/sites\/135\/2025\/03\/repositorio-compred-300x220.png 300w, https:\/\/webs.uab.cat\/compred\/wp-content\/uploads\/sites\/135\/2025\/03\/repositorio-compred-768x562.png 768w, https:\/\/webs.uab.cat\/compred\/wp-content\/uploads\/sites\/135\/2025\/03\/repositorio-compred-1536x1124.png 1536w, https:\/\/webs.uab.cat\/compred\/wp-content\/uploads\/sites\/135\/2025\/03\/repositorio-compred-2048x1499.png 2048w, https:\/\/webs.uab.cat\/compred\/wp-content\/uploads\/sites\/135\/2025\/03\/repositorio-compred-1200x878.png 1200w, https:\/\/webs.uab.cat\/compred\/wp-content\/uploads\/sites\/135\/2025\/03\/repositorio-compred-1980x1449.png 1980w\" sizes=\"auto, (max-width: 1024px) 100vw, 1024px\" \/><\/figure>\n\n\n\n<div class=\"wp-block-buttons is-content-justification-center is-layout-flex wp-container-core-buttons-is-layout-16018d1d wp-block-buttons-is-layout-flex\">\n<div class=\"wp-block-button\"><a class=\"wp-block-button__link wp-element-button\" href=\"https:\/\/test-repositori-compred.vercel.app\/\" target=\"_blank\" rel=\"noreferrer noopener\">Repositori digital compred<\/a><\/div>\n<\/div>\n<\/div>\n<\/div>\n<\/div><\/div>\n<\/div>\n<\/div>\n\n\n\n<h2 class=\"wp-block-heading\">Objetius<\/h2>\n\n\n\n<ol class=\"wp-block-list\">\n<li>Desenvolupar la compet\u00e8ncia investigadora en l\u2019alumnat de diversos nivells educatius a partir de materials, formacions i acompanyament.<\/li>\n\n\n\n<li>Generar i implementar projectes innovadors en l\u2019\u00e0mbit de l\u2019educaci\u00f3 amb professorat i professionals interessats en la recerca educativa i social.<\/li>\n\n\n\n<li>Promoure l\u2019adquisici\u00f3 o el desenvolupament de la compet\u00e8ncia en recerca educativa en tots els nivells, fomentant la col\u00b7laboraci\u00f3 interdisciplin\u00e0ria entre docents i altres sectors educatius.<\/li>\n\n\n\n<li>Crear continguts oberts en diversos formats i compartir-los com a suport als processos de recerca i a la pr\u00e0ctica educativa.<\/li>\n<\/ol>\n\n\n\n<hr class=\"wp-block-separator has-alpha-channel-opacity\" \/>\n\n\n\n<div class=\"wp-block-buttons is-content-justification-center is-layout-flex wp-container-core-buttons-is-layout-16018d1d wp-block-buttons-is-layout-flex\">\n<div class=\"wp-block-button\"><a class=\"wp-block-button__link wp-element-button\" href=\"https:\/\/www.youtube.com\/@compreduab2752\/\" target=\"_blank\" rel=\"noreferrer noopener\">Visita el nostre canal de youtube<\/a><\/div>\n<\/div>\n\n\n\n<hr class=\"wp-block-separator has-alpha-channel-opacity\" \/>\n\n\n\n<div class=\"wp-block-columns alignwide has-blanc-coco-background-color has-background is-layout-flex wp-container-core-columns-is-layout-9d6595d7 wp-block-columns-is-layout-flex\">\n<div class=\"wp-block-column is-layout-flow wp-block-column-is-layout-flow\">\n<h4 class=\"wp-block-heading\">Col\u00b7laboradors<\/h4>\n\n\n\n<div class=\"wp-block-columns are-vertically-aligned-top is-layout-flex wp-container-core-columns-is-layout-9d6595d7 wp-block-columns-is-layout-flex\">\n<div class=\"wp-block-column is-vertically-aligned-top is-layout-flow wp-block-column-is-layout-flow\">\n<figure class=\"wp-block-image size-full\"><img loading=\"lazy\" decoding=\"async\" width=\"475\" height=\"168\" src=\"https:\/\/webs.uab.cat\/compred\/wp-content\/uploads\/sites\/135\/2025\/03\/logo-uab-facultat.jpg\" alt=\"\" class=\"wp-image-677\" srcset=\"https:\/\/webs.uab.cat\/compred\/wp-content\/uploads\/sites\/135\/2025\/03\/logo-uab-facultat.jpg 475w, https:\/\/webs.uab.cat\/compred\/wp-content\/uploads\/sites\/135\/2025\/03\/logo-uab-facultat-300x106.jpg 300w\" sizes=\"auto, (max-width: 475px) 100vw, 475px\" \/><\/figure>\n<\/div>\n\n\n\n<div class=\"wp-block-column is-vertically-aligned-top is-layout-flow wp-block-column-is-layout-flow\">\n<figure class=\"wp-block-image size-full\"><img loading=\"lazy\" decoding=\"async\" width=\"644\" height=\"231\" src=\"https:\/\/webs.uab.cat\/compred\/wp-content\/uploads\/sites\/135\/2025\/03\/fundacion-la-caixa.jpg\" alt=\"\" class=\"wp-image-682\" srcset=\"https:\/\/webs.uab.cat\/compred\/wp-content\/uploads\/sites\/135\/2025\/03\/fundacion-la-caixa.jpg 644w, https:\/\/webs.uab.cat\/compred\/wp-content\/uploads\/sites\/135\/2025\/03\/fundacion-la-caixa-300x108.jpg 300w\" sizes=\"auto, (max-width: 644px) 100vw, 644px\" \/><\/figure>\n<\/div>\n\n\n\n<div class=\"wp-block-column is-vertically-aligned-top is-layout-flow wp-block-column-is-layout-flow\">\n<figure class=\"wp-block-image size-full\"><img loading=\"lazy\" decoding=\"async\" width=\"388\" height=\"85\" src=\"https:\/\/webs.uab.cat\/compred\/wp-content\/uploads\/sites\/135\/2025\/03\/03-Generalitat-de-Catalunya-600x300px-ba1b2e15-1.png\" alt=\"\" class=\"wp-image-699\" srcset=\"https:\/\/webs.uab.cat\/compred\/wp-content\/uploads\/sites\/135\/2025\/03\/03-Generalitat-de-Catalunya-600x300px-ba1b2e15-1.png 388w, https:\/\/webs.uab.cat\/compred\/wp-content\/uploads\/sites\/135\/2025\/03\/03-Generalitat-de-Catalunya-600x300px-ba1b2e15-1-300x66.png 300w\" sizes=\"auto, (max-width: 388px) 100vw, 388px\" \/><\/figure>\n<\/div>\n\n\n\n<div class=\"wp-block-column is-vertically-aligned-top is-layout-flow wp-block-column-is-layout-flow\">\n<figure class=\"wp-block-image size-full\"><img loading=\"lazy\" decoding=\"async\" width=\"699\" height=\"169\" src=\"https:\/\/webs.uab.cat\/compred\/wp-content\/uploads\/sites\/135\/2020\/01\/institut-monturiol.jpg\" alt=\"\" class=\"wp-image-865\" srcset=\"https:\/\/webs.uab.cat\/compred\/wp-content\/uploads\/sites\/135\/2020\/01\/institut-monturiol.jpg 699w, https:\/\/webs.uab.cat\/compred\/wp-content\/uploads\/sites\/135\/2020\/01\/institut-monturiol-300x73.jpg 300w\" sizes=\"auto, (max-width: 699px) 100vw, 699px\" \/><\/figure>\n<\/div>\n<\/div>\n<\/div>\n<\/div>\n\n\n\n<p><\/p>\n","protected":false},"excerpt":{"rendered":"<p>Som un grup format per docents de la Facultat de Ci\u00e8ncies de l&#8217;Educaci\u00f3 de la Universitat Aut\u00f2noma de Barcelona, expertes en recerca, educaci\u00f3 i psicologia, que treballem de manera coordinada i col\u00b7laborativa per innovar, compartir i millorar l\u2019ensenyament i l\u2019aprenentatge de la recerca educativa. Com a grup, la nostra missi\u00f3 \u00e9s promoure la innovaci\u00f3 docent [&hellip;]<\/p>\n","protected":false},"author":3035,"featured_media":0,"parent":358,"menu_order":1,"comment_status":"closed","ping_status":"closed","template":"index.php","meta":{"footnotes":""},"class_list":["post-331","page","type-page","status-publish","hentry"],"_links":{"self":[{"href":"https:\/\/webs.uab.cat\/compred\/wp-json\/wp\/v2\/pages\/331","targetHints":{"allow":["GET"]}}],"collection":[{"href":"https:\/\/webs.uab.cat\/compred\/wp-json\/wp\/v2\/pages"}],"about":[{"href":"https:\/\/webs.uab.cat\/compred\/wp-json\/wp\/v2\/types\/page"}],"author":[{"embeddable":true,"href":"https:\/\/webs.uab.cat\/compred\/wp-json\/wp\/v2\/users\/3035"}],"replies":[{"embeddable":true,"href":"https:\/\/webs.uab.cat\/compred\/wp-json\/wp\/v2\/comments?post=331"}],"version-history":[{"count":26,"href":"https:\/\/webs.uab.cat\/compred\/wp-json\/wp\/v2\/pages\/331\/revisions"}],"predecessor-version":[{"id":1041,"href":"https:\/\/webs.uab.cat\/compred\/wp-json\/wp\/v2\/pages\/331\/revisions\/1041"}],"up":[{"embeddable":true,"href":"https:\/\/webs.uab.cat\/compred\/wp-json\/wp\/v2\/pages\/358"}],"wp:attachment":[{"href":"https:\/\/webs.uab.cat\/compred\/wp-json\/wp\/v2\/media?parent=331"}],"curies":[{"name":"wp","href":"https:\/\/api.w.org\/{rel}","templated":true}]}}