{"id":583,"date":"2025-03-06T11:54:50","date_gmt":"2025-03-06T11:54:50","guid":{"rendered":"https:\/\/webs.uab.cat\/compred\/?page_id=583"},"modified":"2025-09-04T05:00:34","modified_gmt":"2025-09-04T05:00:34","slug":"noticies","status":"publish","type":"page","link":"https:\/\/webs.uab.cat\/compred\/noticies\/","title":{"rendered":"Not\u00edcies"},"content":{"rendered":"\n<div class=\"wp-block-query alignwide is-layout-flow wp-block-query-is-layout-flow\"><ul class=\"wp-block-post-template is-layout-flow wp-block-post-template-is-layout-flow\"><li class=\"wp-block-post post-1087 post type-post status-publish format-standard has-post-thumbnail hentry category-uncategorized-ca\">\n\n<div class=\"wp-block-columns are-vertically-aligned-center is-layout-flex wp-container-core-columns-is-layout-9d6595d7 wp-block-columns-is-layout-flex\">\n<div class=\"wp-block-column is-vertically-aligned-center is-layout-flow wp-block-column-is-layout-flow\"><figure style=\"aspect-ratio:4\/3;\" class=\"wp-block-post-featured-image\"><a href=\"https:\/\/webs.uab.cat\/compred\/2026\/03\/10\/visita-a-tot-gris-sessio-gamificada-de-suport-als-tr\/\" target=\"_self\"  ><img loading=\"lazy\" decoding=\"async\" width=\"1200\" height=\"1600\" src=\"https:\/\/webs.uab.cat\/compred\/wp-content\/uploads\/sites\/135\/2026\/03\/WhatsApp-Image-2026-03-10-at-09.50.08_Anna-Ciraso.jpeg\" class=\"attachment-post-thumbnail size-post-thumbnail wp-post-image\" alt=\"&#8220;Visita a TOT GRIS &#8211; sessi\u00f3 gamificada de suport als TR&#8221;\" style=\"width:100%;height:100%;object-fit:cover;\" srcset=\"https:\/\/webs.uab.cat\/compred\/wp-content\/uploads\/sites\/135\/2026\/03\/WhatsApp-Image-2026-03-10-at-09.50.08_Anna-Ciraso.jpeg 1200w, https:\/\/webs.uab.cat\/compred\/wp-content\/uploads\/sites\/135\/2026\/03\/WhatsApp-Image-2026-03-10-at-09.50.08_Anna-Ciraso-225x300.jpeg 225w, https:\/\/webs.uab.cat\/compred\/wp-content\/uploads\/sites\/135\/2026\/03\/WhatsApp-Image-2026-03-10-at-09.50.08_Anna-Ciraso-768x1024.jpeg 768w, https:\/\/webs.uab.cat\/compred\/wp-content\/uploads\/sites\/135\/2026\/03\/WhatsApp-Image-2026-03-10-at-09.50.08_Anna-Ciraso-1152x1536.jpeg 1152w\" sizes=\"auto, (max-width: 1200px) 100vw, 1200px\" \/><\/a><\/figure><\/div>\n\n\n\n<div class=\"wp-block-column is-vertically-aligned-center is-layout-flow wp-block-column-is-layout-flow\"><h3 class=\"has-text-align-left has-link-color wp-elements-cd86077cec42ff9d682fd93d4360a0ba wp-block-post-title has-text-color has-verd-tropic-color\">&#8220;Visita a TOT GRIS &#8211; sessi\u00f3 gamificada de suport als TR&#8221;<\/h3>\n\n<div class=\"wp-block-post-excerpt\"><p class=\"wp-block-post-excerpt__excerpt\">Al desembre vam tenir la oportunitat de con\u00e8ixer TOT GRIS, una activitat ludificada pensada per alumnat de Batxillerat o CFGS que estiguin plantejant la tem\u00e0tica per al treball de recerca. L&#8217;activitat es va dinamitzar a L&#8217;Estaci\u00f3 Espai Jove, equipament municipal de Girona. Vam poder jugar, igual que ho van fer grups d&#8217;estudiants de Batxillerat participants;&hellip; <\/p><\/div>\n\n<a class=\"wp-elements-03c18f5cd130ac358e5b9c26f6127caf wp-block-read-more has-text-color has-verd-tropic-color has-small-font-size\" href=\"https:\/\/webs.uab.cat\/compred\/2026\/03\/10\/visita-a-tot-gris-sessio-gamificada-de-suport-als-tr\/\" target=\"_self\">Llegir la not\u00edcia \u2192<span class=\"screen-reader-text\">: &#8220;Visita a TOT GRIS &#8211; sessi\u00f3 gamificada de suport als TR&#8221;<\/span><\/a><\/div>\n<\/div>\n\n\n\n<hr class=\"wp-block-separator has-css-opacity\" \/>\n\n<\/li><li class=\"wp-block-post post-1063 post type-post status-publish format-standard has-post-thumbnail hentry category-uncategorized-ca\">\n\n<div class=\"wp-block-columns are-vertically-aligned-center is-layout-flex wp-container-core-columns-is-layout-9d6595d7 wp-block-columns-is-layout-flex\">\n<div class=\"wp-block-column is-vertically-aligned-center is-layout-flow wp-block-column-is-layout-flow\"><figure style=\"aspect-ratio:4\/3;\" class=\"wp-block-post-featured-image\"><a href=\"https:\/\/webs.uab.cat\/compred\/2026\/03\/10\/jornada-recercaula-26-de-febrer\/\" target=\"_self\"  ><img loading=\"lazy\" decoding=\"async\" width=\"1170\" height=\"869\" src=\"https:\/\/webs.uab.cat\/compred\/wp-content\/uploads\/sites\/135\/2026\/03\/IMG_8009.jpg\" class=\"attachment-post-thumbnail size-post-thumbnail wp-post-image\" alt=\"Jornada RecercAula 26 de febrer\" style=\"width:100%;height:100%;object-fit:cover;\" srcset=\"https:\/\/webs.uab.cat\/compred\/wp-content\/uploads\/sites\/135\/2026\/03\/IMG_8009.jpg 1170w, https:\/\/webs.uab.cat\/compred\/wp-content\/uploads\/sites\/135\/2026\/03\/IMG_8009-300x223.jpg 300w, https:\/\/webs.uab.cat\/compred\/wp-content\/uploads\/sites\/135\/2026\/03\/IMG_8009-1024x761.jpg 1024w, https:\/\/webs.uab.cat\/compred\/wp-content\/uploads\/sites\/135\/2026\/03\/IMG_8009-768x570.jpg 768w\" sizes=\"auto, (max-width: 1170px) 100vw, 1170px\" \/><\/a><\/figure><\/div>\n\n\n\n<div class=\"wp-block-column is-vertically-aligned-center is-layout-flow wp-block-column-is-layout-flow\"><h3 class=\"has-text-align-left has-link-color wp-elements-cd86077cec42ff9d682fd93d4360a0ba wp-block-post-title has-text-color has-verd-tropic-color\">Jornada RecercAula 26 de febrer<\/h3>\n\n<div class=\"wp-block-post-excerpt\"><p class=\"wp-block-post-excerpt__excerpt\">El passat 26 de febrer, l\u2019EOI Drassanes va acollir una nova jornada de&nbsp;RecercAula&nbsp;amb la participaci\u00f3 de 12 centres.&nbsp; Despr\u00e9s d\u2019haver dut a terme en el seu moment la revisi\u00f3 entre parells dels articles, els equips es troben ara en la fase final de redacci\u00f3 i s\u2019inicia la fase d\u2019expansi\u00f3 dels projectes de recerca-acci\u00f3 als centres.&nbsp;&hellip; <\/p><\/div>\n\n<a class=\"wp-elements-03c18f5cd130ac358e5b9c26f6127caf wp-block-read-more has-text-color has-verd-tropic-color has-small-font-size\" href=\"https:\/\/webs.uab.cat\/compred\/2026\/03\/10\/jornada-recercaula-26-de-febrer\/\" target=\"_self\">Llegir la not\u00edcia \u2192<span class=\"screen-reader-text\">: Jornada RecercAula 26 de febrer<\/span><\/a><\/div>\n<\/div>\n\n\n\n<hr class=\"wp-block-separator has-css-opacity\" \/>\n\n<\/li><li class=\"wp-block-post post-1058 post type-post status-publish format-standard has-post-thumbnail hentry category-uncategorized-ca\">\n\n<div class=\"wp-block-columns are-vertically-aligned-center is-layout-flex wp-container-core-columns-is-layout-9d6595d7 wp-block-columns-is-layout-flex\">\n<div class=\"wp-block-column is-vertically-aligned-center is-layout-flow wp-block-column-is-layout-flow\"><figure style=\"aspect-ratio:4\/3;\" class=\"wp-block-post-featured-image\"><a href=\"https:\/\/webs.uab.cat\/compred\/2026\/03\/10\/compred-reflexiona-sobre-lus-de-la-ia-en-la-competencia-de-recerca\/\" target=\"_self\"  ><img loading=\"lazy\" decoding=\"async\" width=\"744\" height=\"542\" src=\"https:\/\/webs.uab.cat\/compred\/wp-content\/uploads\/sites\/135\/2026\/03\/Captura-de-pantalla-2026-03-10-104407.png\" class=\"attachment-post-thumbnail size-post-thumbnail wp-post-image\" alt=\"CompREd\u00a0reflexiona sobre l\u2019\u00fas de la IA en la compet\u00e8ncia de recerca\u00a0\" style=\"width:100%;height:100%;object-fit:cover;\" srcset=\"https:\/\/webs.uab.cat\/compred\/wp-content\/uploads\/sites\/135\/2026\/03\/Captura-de-pantalla-2026-03-10-104407.png 744w, https:\/\/webs.uab.cat\/compred\/wp-content\/uploads\/sites\/135\/2026\/03\/Captura-de-pantalla-2026-03-10-104407-300x219.png 300w\" sizes=\"auto, (max-width: 744px) 100vw, 744px\" \/><\/a><\/figure><\/div>\n\n\n\n<div class=\"wp-block-column is-vertically-aligned-center is-layout-flow wp-block-column-is-layout-flow\"><h3 class=\"has-text-align-left has-link-color wp-elements-cd86077cec42ff9d682fd93d4360a0ba wp-block-post-title has-text-color has-verd-tropic-color\">CompREd\u00a0reflexiona sobre l\u2019\u00fas de la IA en la compet\u00e8ncia de recerca\u00a0<\/h3>\n\n<div class=\"wp-block-post-excerpt\"><p class=\"wp-block-post-excerpt__excerpt\">El passat 31 d\u2019octubre, el grup d\u2019innovaci\u00f3 docent&nbsp;CompREd&nbsp;va dur a terme una sessi\u00f3 de treball dedicada a reflexionar sobre el paper de la intel\u00b7lig\u00e8ncia artificial (IA) en el desenvolupament de la compet\u00e8ncia de recerca a l\u2019educaci\u00f3 superior.&nbsp; La trobada va permetre compartir&nbsp;diferents idees&nbsp;i perspectives&nbsp;sobre l\u2019impacte d\u2019aquestes eines en la doc\u00e8ncia i la investigaci\u00f3, aix\u00ed com&hellip; <\/p><\/div>\n\n<a class=\"wp-elements-03c18f5cd130ac358e5b9c26f6127caf wp-block-read-more has-text-color has-verd-tropic-color has-small-font-size\" href=\"https:\/\/webs.uab.cat\/compred\/2026\/03\/10\/compred-reflexiona-sobre-lus-de-la-ia-en-la-competencia-de-recerca\/\" target=\"_self\">Llegir la not\u00edcia \u2192<span class=\"screen-reader-text\">: CompREd\u00a0reflexiona sobre l\u2019\u00fas de la IA en la compet\u00e8ncia de recerca\u00a0<\/span><\/a><\/div>\n<\/div>\n\n\n\n<hr class=\"wp-block-separator has-css-opacity\" \/>\n\n<\/li><li class=\"wp-block-post post-591 post type-post status-publish format-standard has-post-thumbnail hentry category-el-nostre-projecte\">\n\n<div class=\"wp-block-columns are-vertically-aligned-center is-layout-flex wp-container-core-columns-is-layout-9d6595d7 wp-block-columns-is-layout-flex\">\n<div class=\"wp-block-column is-vertically-aligned-center is-layout-flow wp-block-column-is-layout-flow\"><figure style=\"aspect-ratio:4\/3;\" class=\"wp-block-post-featured-image\"><a href=\"https:\/\/webs.uab.cat\/compred\/2025\/03\/06\/un-equip-divers\/\" target=\"_self\"  ><img loading=\"lazy\" decoding=\"async\" width=\"1200\" height=\"1109\" src=\"https:\/\/webs.uab.cat\/compred\/wp-content\/uploads\/sites\/135\/2025\/06\/20250604_111359-1200x1109.jpg\" class=\"attachment-post-thumbnail size-post-thumbnail wp-post-image\" alt=\"Un equip divers\" style=\"width:100%;height:100%;object-fit:cover;\" srcset=\"https:\/\/webs.uab.cat\/compred\/wp-content\/uploads\/sites\/135\/2025\/06\/20250604_111359-1200x1109.jpg 1200w, https:\/\/webs.uab.cat\/compred\/wp-content\/uploads\/sites\/135\/2025\/06\/20250604_111359-300x277.jpg 300w, https:\/\/webs.uab.cat\/compred\/wp-content\/uploads\/sites\/135\/2025\/06\/20250604_111359-1024x946.jpg 1024w, https:\/\/webs.uab.cat\/compred\/wp-content\/uploads\/sites\/135\/2025\/06\/20250604_111359-768x709.jpg 768w, https:\/\/webs.uab.cat\/compred\/wp-content\/uploads\/sites\/135\/2025\/06\/20250604_111359-1536x1419.jpg 1536w, https:\/\/webs.uab.cat\/compred\/wp-content\/uploads\/sites\/135\/2025\/06\/20250604_111359-2048x1892.jpg 2048w, https:\/\/webs.uab.cat\/compred\/wp-content\/uploads\/sites\/135\/2025\/06\/20250604_111359-1980x1829.jpg 1980w\" sizes=\"auto, (max-width: 1200px) 100vw, 1200px\" \/><\/a><\/figure><\/div>\n\n\n\n<div class=\"wp-block-column is-vertically-aligned-center is-layout-flow wp-block-column-is-layout-flow\"><h3 class=\"has-text-align-left has-link-color wp-elements-cd86077cec42ff9d682fd93d4360a0ba wp-block-post-title has-text-color has-verd-tropic-color\">Un equip divers<\/h3>\n\n<div class=\"wp-block-post-excerpt\"><p class=\"wp-block-post-excerpt__excerpt\">Un equip divers al servei de la recerca educativa El projecte CompREd compta amb un equip multidisciplinari format per professionals de diferents \u00e0mbits del coneixement i amb una \u00e0mplia experi\u00e8ncia en recerca i educaci\u00f3. Investigadors i investigadores de la Universitat Aut\u00f2noma de Barcelona (UAB) amb formacions en pedagogia, psicologia, sociologia, educaci\u00f3 social i altres disciplines&hellip; <\/p><\/div>\n\n<a class=\"wp-elements-03c18f5cd130ac358e5b9c26f6127caf wp-block-read-more has-text-color has-verd-tropic-color has-small-font-size\" href=\"https:\/\/webs.uab.cat\/compred\/2025\/03\/06\/un-equip-divers\/\" target=\"_self\">Llegir la not\u00edcia \u2192<span class=\"screen-reader-text\">: Un equip divers<\/span><\/a><\/div>\n<\/div>\n\n\n\n<hr class=\"wp-block-separator has-css-opacity\" \/>\n\n<\/li><li class=\"wp-block-post post-576 post type-post status-publish format-standard has-post-thumbnail hentry category-repositori\">\n\n<div class=\"wp-block-columns are-vertically-aligned-center is-layout-flex wp-container-core-columns-is-layout-9d6595d7 wp-block-columns-is-layout-flex\">\n<div class=\"wp-block-column is-vertically-aligned-center is-layout-flow wp-block-column-is-layout-flow\"><figure style=\"aspect-ratio:4\/3;\" class=\"wp-block-post-featured-image\"><a href=\"https:\/\/webs.uab.cat\/compred\/2025\/03\/06\/compred-un-espai-obert-per-a-la-recerca-en-educacio\/\" target=\"_self\"  ><img loading=\"lazy\" decoding=\"async\" width=\"1200\" height=\"878\" src=\"https:\/\/webs.uab.cat\/compred\/wp-content\/uploads\/sites\/135\/2025\/03\/repositorio-compred-1200x878.png\" class=\"attachment-post-thumbnail size-post-thumbnail wp-post-image\" alt=\"Un espai obert\" style=\"width:100%;height:100%;object-fit:cover;\" srcset=\"https:\/\/webs.uab.cat\/compred\/wp-content\/uploads\/sites\/135\/2025\/03\/repositorio-compred-1200x878.png 1200w, https:\/\/webs.uab.cat\/compred\/wp-content\/uploads\/sites\/135\/2025\/03\/repositorio-compred-300x220.png 300w, https:\/\/webs.uab.cat\/compred\/wp-content\/uploads\/sites\/135\/2025\/03\/repositorio-compred-1024x749.png 1024w, https:\/\/webs.uab.cat\/compred\/wp-content\/uploads\/sites\/135\/2025\/03\/repositorio-compred-768x562.png 768w, https:\/\/webs.uab.cat\/compred\/wp-content\/uploads\/sites\/135\/2025\/03\/repositorio-compred-1536x1124.png 1536w, https:\/\/webs.uab.cat\/compred\/wp-content\/uploads\/sites\/135\/2025\/03\/repositorio-compred-2048x1499.png 2048w, https:\/\/webs.uab.cat\/compred\/wp-content\/uploads\/sites\/135\/2025\/03\/repositorio-compred-1980x1449.png 1980w\" sizes=\"auto, (max-width: 1200px) 100vw, 1200px\" \/><\/a><\/figure><\/div>\n\n\n\n<div class=\"wp-block-column is-vertically-aligned-center is-layout-flow wp-block-column-is-layout-flow\"><h3 class=\"has-text-align-left has-link-color wp-elements-cd86077cec42ff9d682fd93d4360a0ba wp-block-post-title has-text-color has-verd-tropic-color\">Un espai obert<\/h3>\n\n<div class=\"wp-block-post-excerpt\"><p class=\"wp-block-post-excerpt__excerpt\">CompREd \u00e9s un repositori digital obert i gratu\u00eft desenvolupat per la Universitat Aut\u00f2noma de Barcelona (UAB) amb l\u2019objectiu de facilitar recursos, eines i instruments per a la recerca en ci\u00e8ncies de l&#8217;educaci\u00f3. Aquest projecte est\u00e0 pensat per a estudiants de grau, m\u00e0ster i doctorat, investigadors novells i consolidats, professorat d\u2019educaci\u00f3 superior i qualsevol persona interessada&hellip; <\/p><\/div>\n\n<a class=\"wp-elements-03c18f5cd130ac358e5b9c26f6127caf wp-block-read-more has-text-color has-verd-tropic-color has-small-font-size\" href=\"https:\/\/webs.uab.cat\/compred\/2025\/03\/06\/compred-un-espai-obert-per-a-la-recerca-en-educacio\/\" target=\"_self\">Llegir la not\u00edcia \u2192<span class=\"screen-reader-text\">: Un espai obert<\/span><\/a><\/div>\n<\/div>\n\n\n\n<hr class=\"wp-block-separator has-css-opacity\" \/>\n\n<\/li><\/ul><\/div>\n\n\n\n<div class=\"wp-block-columns alignwide has-blanc-coco-background-color has-background is-layout-flex wp-container-core-columns-is-layout-9d6595d7 wp-block-columns-is-layout-flex\">\n<div class=\"wp-block-column is-layout-flow wp-block-column-is-layout-flow\">\n<h4 class=\"wp-block-heading\">Col\u00b7laboradors<\/h4>\n\n\n\n<div class=\"wp-block-columns are-vertically-aligned-top is-layout-flex wp-container-core-columns-is-layout-9d6595d7 wp-block-columns-is-layout-flex\">\n<div class=\"wp-block-column is-vertically-aligned-top is-layout-flow wp-block-column-is-layout-flow\">\n<figure class=\"wp-block-image size-full\"><img loading=\"lazy\" decoding=\"async\" width=\"475\" height=\"168\" src=\"https:\/\/webs.uab.cat\/compred\/wp-content\/uploads\/sites\/135\/2025\/03\/logo-uab-facultat.jpg\" alt=\"\" class=\"wp-image-677\" srcset=\"https:\/\/webs.uab.cat\/compred\/wp-content\/uploads\/sites\/135\/2025\/03\/logo-uab-facultat.jpg 475w, https:\/\/webs.uab.cat\/compred\/wp-content\/uploads\/sites\/135\/2025\/03\/logo-uab-facultat-300x106.jpg 300w\" sizes=\"auto, (max-width: 475px) 100vw, 475px\" \/><\/figure>\n<\/div>\n\n\n\n<div class=\"wp-block-column is-vertically-aligned-top is-layout-flow wp-block-column-is-layout-flow\">\n<figure class=\"wp-block-image size-full\"><img loading=\"lazy\" decoding=\"async\" width=\"644\" height=\"231\" src=\"https:\/\/webs.uab.cat\/compred\/wp-content\/uploads\/sites\/135\/2025\/03\/fundacion-la-caixa.jpg\" alt=\"\" class=\"wp-image-682\" srcset=\"https:\/\/webs.uab.cat\/compred\/wp-content\/uploads\/sites\/135\/2025\/03\/fundacion-la-caixa.jpg 644w, https:\/\/webs.uab.cat\/compred\/wp-content\/uploads\/sites\/135\/2025\/03\/fundacion-la-caixa-300x108.jpg 300w\" sizes=\"auto, (max-width: 644px) 100vw, 644px\" \/><\/figure>\n<\/div>\n\n\n\n<div class=\"wp-block-column is-vertically-aligned-top is-layout-flow wp-block-column-is-layout-flow\">\n<figure class=\"wp-block-image size-full\"><img loading=\"lazy\" decoding=\"async\" width=\"388\" height=\"85\" src=\"https:\/\/webs.uab.cat\/compred\/wp-content\/uploads\/sites\/135\/2025\/03\/03-Generalitat-de-Catalunya-600x300px-ba1b2e15-1.png\" alt=\"\" class=\"wp-image-699\" srcset=\"https:\/\/webs.uab.cat\/compred\/wp-content\/uploads\/sites\/135\/2025\/03\/03-Generalitat-de-Catalunya-600x300px-ba1b2e15-1.png 388w, https:\/\/webs.uab.cat\/compred\/wp-content\/uploads\/sites\/135\/2025\/03\/03-Generalitat-de-Catalunya-600x300px-ba1b2e15-1-300x66.png 300w\" sizes=\"auto, (max-width: 388px) 100vw, 388px\" \/><\/figure>\n<\/div>\n\n\n\n<div class=\"wp-block-column is-vertically-aligned-top is-layout-flow wp-block-column-is-layout-flow\">\n<figure class=\"wp-block-image size-full\"><img loading=\"lazy\" decoding=\"async\" width=\"699\" height=\"169\" src=\"https:\/\/webs.uab.cat\/compred\/wp-content\/uploads\/sites\/135\/2020\/01\/institut-monturiol.jpg\" alt=\"\" class=\"wp-image-865\" srcset=\"https:\/\/webs.uab.cat\/compred\/wp-content\/uploads\/sites\/135\/2020\/01\/institut-monturiol.jpg 699w, https:\/\/webs.uab.cat\/compred\/wp-content\/uploads\/sites\/135\/2020\/01\/institut-monturiol-300x73.jpg 300w\" sizes=\"auto, (max-width: 699px) 100vw, 699px\" \/><\/figure>\n<\/div>\n<\/div>\n<\/div>\n<\/div>\n","protected":false},"excerpt":{"rendered":"","protected":false},"author":3035,"featured_media":0,"parent":0,"menu_order":0,"comment_status":"closed","ping_status":"closed","template":"index.php","meta":{"footnotes":""},"class_list":["post-583","page","type-page","status-publish","hentry"],"_links":{"self":[{"href":"https:\/\/webs.uab.cat\/compred\/wp-json\/wp\/v2\/pages\/583","targetHints":{"allow":["GET"]}}],"collection":[{"href":"https:\/\/webs.uab.cat\/compred\/wp-json\/wp\/v2\/pages"}],"about":[{"href":"https:\/\/webs.uab.cat\/compred\/wp-json\/wp\/v2\/types\/page"}],"author":[{"embeddable":true,"href":"https:\/\/webs.uab.cat\/compred\/wp-json\/wp\/v2\/users\/3035"}],"replies":[{"embeddable":true,"href":"https:\/\/webs.uab.cat\/compred\/wp-json\/wp\/v2\/comments?post=583"}],"version-history":[{"count":11,"href":"https:\/\/webs.uab.cat\/compred\/wp-json\/wp\/v2\/pages\/583\/revisions"}],"predecessor-version":[{"id":1028,"href":"https:\/\/webs.uab.cat\/compred\/wp-json\/wp\/v2\/pages\/583\/revisions\/1028"}],"wp:attachment":[{"href":"https:\/\/webs.uab.cat\/compred\/wp-json\/wp\/v2\/media?parent=583"}],"curies":[{"name":"wp","href":"https:\/\/api.w.org\/{rel}","templated":true}]}}