{"id":629,"date":"2025-03-11T13:45:50","date_gmt":"2025-03-11T13:45:50","guid":{"rendered":"https:\/\/webs.uab.cat\/compred\/?page_id=629"},"modified":"2025-09-04T04:58:42","modified_gmt":"2025-09-04T04:58:42","slug":"projectes-en-curs","status":"publish","type":"page","link":"https:\/\/webs.uab.cat\/compred\/projectes-compred\/projectes-en-curs\/","title":{"rendered":"Projectes en curs"},"content":{"rendered":"\n<div class=\"wp-block-query alignwide is-layout-flow wp-block-query-is-layout-flow\"><ul class=\"wp-block-post-template is-layout-flow wp-block-post-template-is-layout-flow\"><li class=\"wp-block-post post-680 projecte type-projecte status-publish format-standard has-post-thumbnail hentry estat_del_projecte-en-curs\">\n\n<div class=\"wp-block-columns alignwide are-vertically-aligned-center is-layout-flex wp-container-core-columns-is-layout-9d6595d7 wp-block-columns-is-layout-flex\">\n<div class=\"wp-block-column is-vertically-aligned-center is-layout-flow wp-block-column-is-layout-flow\"><figure class=\"wp-block-post-featured-image\"><a href=\"https:\/\/webs.uab.cat\/compred\/projecte\/repositori-de-recursos-de-recerca\/\" target=\"_self\"  ><img loading=\"lazy\" decoding=\"async\" width=\"1200\" height=\"878\" src=\"https:\/\/webs.uab.cat\/compred\/wp-content\/uploads\/sites\/135\/2025\/03\/repositorio-compred-1200x878.png\" class=\"attachment-post-thumbnail size-post-thumbnail wp-post-image\" alt=\"Repositori de recursos de recerca\" style=\"object-fit:cover;\" srcset=\"https:\/\/webs.uab.cat\/compred\/wp-content\/uploads\/sites\/135\/2025\/03\/repositorio-compred-1200x878.png 1200w, https:\/\/webs.uab.cat\/compred\/wp-content\/uploads\/sites\/135\/2025\/03\/repositorio-compred-300x220.png 300w, https:\/\/webs.uab.cat\/compred\/wp-content\/uploads\/sites\/135\/2025\/03\/repositorio-compred-1024x749.png 1024w, https:\/\/webs.uab.cat\/compred\/wp-content\/uploads\/sites\/135\/2025\/03\/repositorio-compred-768x562.png 768w, https:\/\/webs.uab.cat\/compred\/wp-content\/uploads\/sites\/135\/2025\/03\/repositorio-compred-1536x1124.png 1536w, https:\/\/webs.uab.cat\/compred\/wp-content\/uploads\/sites\/135\/2025\/03\/repositorio-compred-2048x1499.png 2048w, https:\/\/webs.uab.cat\/compred\/wp-content\/uploads\/sites\/135\/2025\/03\/repositorio-compred-1980x1449.png 1980w\" sizes=\"auto, (max-width: 1200px) 100vw, 1200px\" \/><\/a><\/figure><\/div>\n\n\n\n<div class=\"wp-block-column is-vertically-aligned-center is-layout-flow wp-block-column-is-layout-flow\"><h3 class=\"has-link-color wp-elements-18a7b97efb7c2ac9c6ab54a5858cfa33 wp-block-post-title has-text-color has-verd-tropic-color\"><a href=\"https:\/\/webs.uab.cat\/compred\/projecte\/repositori-de-recursos-de-recerca\/\" target=\"_self\" >Repositori de recursos de recerca<\/a><\/h3>\n\n<div class=\"wp-block-post-excerpt\"><p class=\"wp-block-post-excerpt__excerpt\">&#8211; Inici del projecte &#8211; Data de finalitzaci\u00f3 &#8211; EQUIP del projecte L\u00edder del projecte: Membres: entitat finan\u00e7adora &#8211; <\/p><\/div>\n\n<a class=\"wp-elements-64369db012f9269745f038b9f462de1d wp-block-read-more has-text-color has-verd-tropic-color has-small-font-size\" href=\"https:\/\/webs.uab.cat\/compred\/projecte\/repositori-de-recursos-de-recerca\/\" target=\"_self\">Veure projecte \u2192<span class=\"screen-reader-text\">: Repositori de recursos de recerca<\/span><\/a><\/div>\n<\/div>\n\n\n\n<hr class=\"wp-block-separator has-css-opacity\" \/>\n\n<\/li><li class=\"wp-block-post post-695 projecte type-projecte status-publish format-standard has-post-thumbnail hentry estat_del_projecte-en-curs\">\n\n<div class=\"wp-block-columns alignwide are-vertically-aligned-center is-layout-flex wp-container-core-columns-is-layout-9d6595d7 wp-block-columns-is-layout-flex\">\n<div class=\"wp-block-column is-vertically-aligned-center is-layout-flow wp-block-column-is-layout-flow\"><figure class=\"wp-block-post-featured-image\"><a href=\"https:\/\/webs.uab.cat\/compred\/projecte\/reestructuracio-de-formacions-inre-inve\/\" target=\"_self\"  ><img loading=\"lazy\" decoding=\"async\" width=\"1200\" height=\"896\" src=\"https:\/\/webs.uab.cat\/compred\/wp-content\/uploads\/sites\/135\/2025\/03\/monturiol-on-line-tutors-1-e1748581919257-1200x896.jpg\" class=\"attachment-post-thumbnail size-post-thumbnail wp-post-image\" alt=\"Reestructuraci\u00f3 de formacions INRE INVE\" style=\"object-fit:cover;\" srcset=\"https:\/\/webs.uab.cat\/compred\/wp-content\/uploads\/sites\/135\/2025\/03\/monturiol-on-line-tutors-1-e1748581919257-1200x896.jpg 1200w, https:\/\/webs.uab.cat\/compred\/wp-content\/uploads\/sites\/135\/2025\/03\/monturiol-on-line-tutors-1-e1748581919257-300x224.jpg 300w, https:\/\/webs.uab.cat\/compred\/wp-content\/uploads\/sites\/135\/2025\/03\/monturiol-on-line-tutors-1-e1748581919257-1024x765.jpg 1024w, https:\/\/webs.uab.cat\/compred\/wp-content\/uploads\/sites\/135\/2025\/03\/monturiol-on-line-tutors-1-e1748581919257-768x574.jpg 768w, https:\/\/webs.uab.cat\/compred\/wp-content\/uploads\/sites\/135\/2025\/03\/monturiol-on-line-tutors-1-e1748581919257-1536x1147.jpg 1536w, https:\/\/webs.uab.cat\/compred\/wp-content\/uploads\/sites\/135\/2025\/03\/monturiol-on-line-tutors-1-e1748581919257.jpg 1577w\" sizes=\"auto, (max-width: 1200px) 100vw, 1200px\" \/><\/a><\/figure><\/div>\n\n\n\n<div class=\"wp-block-column is-vertically-aligned-center is-layout-flow wp-block-column-is-layout-flow\"><h3 class=\"has-link-color wp-elements-18a7b97efb7c2ac9c6ab54a5858cfa33 wp-block-post-title has-text-color has-verd-tropic-color\"><a href=\"https:\/\/webs.uab.cat\/compred\/projecte\/reestructuracio-de-formacions-inre-inve\/\" target=\"_self\" >Reestructuraci\u00f3 de formacions INRE INVE<\/a><\/h3>\n\n<div class=\"wp-block-post-excerpt\"><p class=\"wp-block-post-excerpt__excerpt\">Formaci\u00f3 Online per al Departament d\u2019Educaci\u00f3 sobre Projectes d\u2019Innovaci\u00f3 Basada en Evid\u00e8ncia Dissenyar i redissenyar dues accions formatives sobre el desenvolupament de la compet\u00e8ncia investigadora i la pr\u00e0ctica basada en l\u2019evid\u00e8ncia per al professorat d\u2019educaci\u00f3. En aquest projecte es conjuguen dues accions importants. La primera est\u00e0 centrada en el disseny i redisseny de dues accions&hellip; <\/p><\/div>\n\n<a class=\"wp-elements-64369db012f9269745f038b9f462de1d wp-block-read-more has-text-color has-verd-tropic-color has-small-font-size\" href=\"https:\/\/webs.uab.cat\/compred\/projecte\/reestructuracio-de-formacions-inre-inve\/\" target=\"_self\">Veure projecte \u2192<span class=\"screen-reader-text\">: Reestructuraci\u00f3 de formacions INRE INVE<\/span><\/a><\/div>\n<\/div>\n\n\n\n<hr class=\"wp-block-separator has-css-opacity\" \/>\n\n<\/li><li class=\"wp-block-post post-702 projecte type-projecte status-publish format-standard has-post-thumbnail hentry estat_del_projecte-en-curs\">\n\n<div class=\"wp-block-columns alignwide are-vertically-aligned-center is-layout-flex wp-container-core-columns-is-layout-9d6595d7 wp-block-columns-is-layout-flex\">\n<div class=\"wp-block-column is-vertically-aligned-center is-layout-flow wp-block-column-is-layout-flow\"><figure class=\"wp-block-post-featured-image\"><a href=\"https:\/\/webs.uab.cat\/compred\/projecte\/creacio-destudis-de-cas-amb-ia\/\" target=\"_self\"  ><img loading=\"lazy\" decoding=\"async\" width=\"1200\" height=\"900\" src=\"https:\/\/webs.uab.cat\/compred\/wp-content\/uploads\/sites\/135\/2025\/03\/monturiol-bachilleraro-tuores-1200x900.jpg\" class=\"attachment-post-thumbnail size-post-thumbnail wp-post-image\" alt=\"Creaci\u00f3 d\u2019estudis de cas amb IA\" style=\"object-fit:cover;\" srcset=\"https:\/\/webs.uab.cat\/compred\/wp-content\/uploads\/sites\/135\/2025\/03\/monturiol-bachilleraro-tuores-1200x900.jpg 1200w, https:\/\/webs.uab.cat\/compred\/wp-content\/uploads\/sites\/135\/2025\/03\/monturiol-bachilleraro-tuores-300x225.jpg 300w, https:\/\/webs.uab.cat\/compred\/wp-content\/uploads\/sites\/135\/2025\/03\/monturiol-bachilleraro-tuores-1024x768.jpg 1024w, https:\/\/webs.uab.cat\/compred\/wp-content\/uploads\/sites\/135\/2025\/03\/monturiol-bachilleraro-tuores-768x576.jpg 768w, https:\/\/webs.uab.cat\/compred\/wp-content\/uploads\/sites\/135\/2025\/03\/monturiol-bachilleraro-tuores-1536x1152.jpg 1536w, https:\/\/webs.uab.cat\/compred\/wp-content\/uploads\/sites\/135\/2025\/03\/monturiol-bachilleraro-tuores-1980x1485.jpg 1980w, https:\/\/webs.uab.cat\/compred\/wp-content\/uploads\/sites\/135\/2025\/03\/monturiol-bachilleraro-tuores.jpg 2040w\" sizes=\"auto, (max-width: 1200px) 100vw, 1200px\" \/><\/a><\/figure><\/div>\n\n\n\n<div class=\"wp-block-column is-vertically-aligned-center is-layout-flow wp-block-column-is-layout-flow\"><h3 class=\"has-link-color wp-elements-18a7b97efb7c2ac9c6ab54a5858cfa33 wp-block-post-title has-text-color has-verd-tropic-color\"><a href=\"https:\/\/webs.uab.cat\/compred\/projecte\/creacio-destudis-de-cas-amb-ia\/\" target=\"_self\" >Creaci\u00f3 d\u2019estudis de cas amb IA<\/a><\/h3>\n\n<div class=\"wp-block-post-excerpt\"><p class=\"wp-block-post-excerpt__excerpt\">\u00das de tecnologies de llenguatge massiu i generaci\u00f3 d\u2019imatges (IA) en la creaci\u00f3 d\u2019estudis de cas Facilitar el desenvolupament de compet\u00e8ncies digitals en l\u2019\u00fas d\u2019eines d\u2019intel\u00b7lig\u00e8ncia artificial (IA), promovent la creaci\u00f3 de casos d\u2019estudi aplicats com a recursos educatius per a l\u2019aula. Aquest projecte t\u00e9 com a finalitat capacitar estudiants universitaris en l\u2019\u00fas de la&hellip; <\/p><\/div>\n\n<a class=\"wp-elements-64369db012f9269745f038b9f462de1d wp-block-read-more has-text-color has-verd-tropic-color has-small-font-size\" href=\"https:\/\/webs.uab.cat\/compred\/projecte\/creacio-destudis-de-cas-amb-ia\/\" target=\"_self\">Veure projecte \u2192<span class=\"screen-reader-text\">: Creaci\u00f3 d\u2019estudis de cas amb IA<\/span><\/a><\/div>\n<\/div>\n\n\n\n<hr class=\"wp-block-separator has-css-opacity\" \/>\n\n<\/li><li class=\"wp-block-post post-681 projecte type-projecte status-publish format-standard has-post-thumbnail hentry estat_del_projecte-en-curs\">\n\n<div class=\"wp-block-columns alignwide are-vertically-aligned-center is-layout-flex wp-container-core-columns-is-layout-9d6595d7 wp-block-columns-is-layout-flex\">\n<div class=\"wp-block-column is-vertically-aligned-center is-layout-flow wp-block-column-is-layout-flow\"><figure class=\"wp-block-post-featured-image\"><a href=\"https:\/\/webs.uab.cat\/compred\/projecte\/joc-de-cartes-conecta\/\" target=\"_self\"  ><img loading=\"lazy\" decoding=\"async\" width=\"768\" height=\"608\" src=\"https:\/\/webs.uab.cat\/compred\/wp-content\/uploads\/sites\/135\/2025\/03\/fundacion-la-caixa-1-e1748498235317.jpg\" class=\"attachment-post-thumbnail size-post-thumbnail wp-post-image\" alt=\"Joc de cartes Conecta\" style=\"object-fit:cover;\" srcset=\"https:\/\/webs.uab.cat\/compred\/wp-content\/uploads\/sites\/135\/2025\/03\/fundacion-la-caixa-1-e1748498235317.jpg 768w, https:\/\/webs.uab.cat\/compred\/wp-content\/uploads\/sites\/135\/2025\/03\/fundacion-la-caixa-1-e1748498235317-300x238.jpg 300w\" sizes=\"auto, (max-width: 768px) 100vw, 768px\" \/><\/a><\/figure><\/div>\n\n\n\n<div class=\"wp-block-column is-vertically-aligned-center is-layout-flow wp-block-column-is-layout-flow\"><h3 class=\"has-link-color wp-elements-18a7b97efb7c2ac9c6ab54a5858cfa33 wp-block-post-title has-text-color has-verd-tropic-color\"><a href=\"https:\/\/webs.uab.cat\/compred\/projecte\/joc-de-cartes-conecta\/\" target=\"_self\" >Joc de cartes Conecta<\/a><\/h3>\n\n<div class=\"wp-block-post-excerpt\"><p class=\"wp-block-post-excerpt__excerpt\">Tallers amb metodologia l\u00fadica: &#8220;Transfer\u00e8ncia de Coneixement i Aprenentatge: Sessi\u00f3 de Recerca amb Entitats Socials&#8221; Desenvolupar tallers destinats a associacions de l\u2019\u00e0mbit social per facilitar el seu acostament al m\u00f3n de la recerca. Aquests tallers van utilitzar una metodologia l\u00fadica adaptada a les necessitats espec\u00edfiques de les persones participants, incloent l\u2019\u00fas de cartes d\u2019un joc&hellip; <\/p><\/div>\n\n<a class=\"wp-elements-64369db012f9269745f038b9f462de1d wp-block-read-more has-text-color has-verd-tropic-color has-small-font-size\" href=\"https:\/\/webs.uab.cat\/compred\/projecte\/joc-de-cartes-conecta\/\" target=\"_self\">Veure projecte \u2192<span class=\"screen-reader-text\">: Joc de cartes Conecta<\/span><\/a><\/div>\n<\/div>\n\n\n\n<hr class=\"wp-block-separator has-css-opacity\" \/>\n\n<\/li><li class=\"wp-block-post post-659 projecte type-projecte status-publish format-standard has-post-thumbnail hentry estat_del_projecte-en-curs\">\n\n<div class=\"wp-block-columns alignwide are-vertically-aligned-center is-layout-flex wp-container-core-columns-is-layout-9d6595d7 wp-block-columns-is-layout-flex\">\n<div class=\"wp-block-column is-vertically-aligned-center is-layout-flow wp-block-column-is-layout-flow\"><figure class=\"wp-block-post-featured-image\"><a href=\"https:\/\/webs.uab.cat\/compred\/projecte\/caixa-dautoaprenentatge-photovoice\/\" target=\"_self\"  ><img loading=\"lazy\" decoding=\"async\" width=\"899\" height=\"679\" src=\"https:\/\/webs.uab.cat\/compred\/wp-content\/uploads\/sites\/135\/2025\/03\/photovoice-1-e1748583760693.jpeg\" class=\"attachment-post-thumbnail size-post-thumbnail wp-post-image\" alt=\"Caixa d&#8217;Autoaprenentatge Photovoice\" style=\"object-fit:cover;\" srcset=\"https:\/\/webs.uab.cat\/compred\/wp-content\/uploads\/sites\/135\/2025\/03\/photovoice-1-e1748583760693.jpeg 899w, https:\/\/webs.uab.cat\/compred\/wp-content\/uploads\/sites\/135\/2025\/03\/photovoice-1-e1748583760693-300x227.jpeg 300w, https:\/\/webs.uab.cat\/compred\/wp-content\/uploads\/sites\/135\/2025\/03\/photovoice-1-e1748583760693-768x580.jpeg 768w\" sizes=\"auto, (max-width: 899px) 100vw, 899px\" \/><\/a><\/figure><\/div>\n\n\n\n<div class=\"wp-block-column is-vertically-aligned-center is-layout-flow wp-block-column-is-layout-flow\"><h3 class=\"has-link-color wp-elements-18a7b97efb7c2ac9c6ab54a5858cfa33 wp-block-post-title has-text-color has-verd-tropic-color\"><a href=\"https:\/\/webs.uab.cat\/compred\/projecte\/caixa-dautoaprenentatge-photovoice\/\" target=\"_self\" >Caixa d&#8217;Autoaprenentatge Photovoice<\/a><\/h3>\n\n<div class=\"wp-block-post-excerpt\"><p class=\"wp-block-post-excerpt__excerpt\">Proporcionar recursos d\u2019autoaprenentatge en metodologies de recerca. El projecte &#8220;Caixa d\u2019autoaprenentatge sobre la metodologia Photovoice&#8221; s\u2019emmarca en la metodologia l\u00fadica en oferir un recurs aut\u00f2nom i flexible que guia l\u2019aprenentatge d\u2019aquesta metodologia. A trav\u00e9s de materials en diferents formats (text, v\u00eddeos, exemples fotogr\u00e0fics), la caixa facilita la comprensi\u00f3 i aplicaci\u00f3 pr\u00e0ctica de Photovoice, ensenyant pas&hellip; <\/p><\/div>\n\n<a class=\"wp-elements-64369db012f9269745f038b9f462de1d wp-block-read-more has-text-color has-verd-tropic-color has-small-font-size\" href=\"https:\/\/webs.uab.cat\/compred\/projecte\/caixa-dautoaprenentatge-photovoice\/\" target=\"_self\">Veure projecte \u2192<span class=\"screen-reader-text\">: Caixa d&#8217;Autoaprenentatge Photovoice<\/span><\/a><\/div>\n<\/div>\n\n\n\n<hr class=\"wp-block-separator has-css-opacity\" \/>\n\n<\/li><li class=\"wp-block-post post-598 projecte type-projecte status-publish format-standard has-post-thumbnail hentry estat_del_projecte-en-curs\">\n\n<div class=\"wp-block-columns alignwide are-vertically-aligned-center is-layout-flex wp-container-core-columns-is-layout-9d6595d7 wp-block-columns-is-layout-flex\">\n<div class=\"wp-block-column is-vertically-aligned-center is-layout-flow wp-block-column-is-layout-flow\"><figure class=\"wp-block-post-featured-image\"><a href=\"https:\/\/webs.uab.cat\/compred\/projecte\/jam-sessions-amb-citilab\/\" target=\"_self\"  ><img loading=\"lazy\" decoding=\"async\" width=\"820\" height=\"450\" src=\"https:\/\/webs.uab.cat\/compred\/wp-content\/uploads\/sites\/135\/2025\/03\/JamTR2024.png\" class=\"attachment-post-thumbnail size-post-thumbnail wp-post-image\" alt=\"Jam Sessions amb Citilab\" style=\"object-fit:cover;\" srcset=\"https:\/\/webs.uab.cat\/compred\/wp-content\/uploads\/sites\/135\/2025\/03\/JamTR2024.png 820w, https:\/\/webs.uab.cat\/compred\/wp-content\/uploads\/sites\/135\/2025\/03\/JamTR2024-300x165.png 300w, https:\/\/webs.uab.cat\/compred\/wp-content\/uploads\/sites\/135\/2025\/03\/JamTR2024-768x421.png 768w\" sizes=\"auto, (max-width: 820px) 100vw, 820px\" \/><\/a><\/figure><\/div>\n\n\n\n<div class=\"wp-block-column is-vertically-aligned-center is-layout-flow wp-block-column-is-layout-flow\"><h3 class=\"has-link-color wp-elements-18a7b97efb7c2ac9c6ab54a5858cfa33 wp-block-post-title has-text-color has-verd-tropic-color\"><a href=\"https:\/\/webs.uab.cat\/compred\/projecte\/jam-sessions-amb-citilab\/\" target=\"_self\" >Jam Sessions amb Citilab<\/a><\/h3>\n\n<div class=\"wp-block-post-excerpt\"><p class=\"wp-block-post-excerpt__excerpt\">Col\u00b7laborar amb Citilab en la dinamitzaci\u00f3 de sessions Jam que promoguin la recerca aplicada. Citilab t\u00e9 una l\u00ednia estrat\u00e8gica centrada en desenvolupar accions de suport i acompanyament a la tutoritzaci\u00f3 dels treballs de recerca (TR) de batxillerat. Aquestes accions inclouen, entre altres, l\u2019organitzaci\u00f3 de sessions de cocreaci\u00f3 amb el suport de persones expertes en processos&hellip; <\/p><\/div>\n\n<a class=\"wp-elements-64369db012f9269745f038b9f462de1d wp-block-read-more has-text-color has-verd-tropic-color has-small-font-size\" href=\"https:\/\/webs.uab.cat\/compred\/projecte\/jam-sessions-amb-citilab\/\" target=\"_self\">Veure projecte \u2192<span class=\"screen-reader-text\">: Jam Sessions amb Citilab<\/span><\/a><\/div>\n<\/div>\n\n\n\n<hr class=\"wp-block-separator has-css-opacity\" \/>\n\n<\/li><li class=\"wp-block-post post-653 projecte type-projecte status-publish format-standard has-post-thumbnail hentry estat_del_projecte-en-curs\">\n\n<div class=\"wp-block-columns alignwide are-vertically-aligned-center is-layout-flex wp-container-core-columns-is-layout-9d6595d7 wp-block-columns-is-layout-flex\">\n<div class=\"wp-block-column is-vertically-aligned-center is-layout-flow wp-block-column-is-layout-flow\"><figure class=\"wp-block-post-featured-image\"><a href=\"https:\/\/webs.uab.cat\/compred\/projecte\/creacio-de-materials-amb-citilab\/\" target=\"_self\"  ><img loading=\"lazy\" decoding=\"async\" width=\"1200\" height=\"900\" src=\"https:\/\/webs.uab.cat\/compred\/wp-content\/uploads\/sites\/135\/2025\/03\/citilab-1200x900.jpg\" class=\"attachment-post-thumbnail size-post-thumbnail wp-post-image\" alt=\"Creaci\u00f3 de Materials amb Citilab\" style=\"object-fit:cover;\" srcset=\"https:\/\/webs.uab.cat\/compred\/wp-content\/uploads\/sites\/135\/2025\/03\/citilab-1200x900.jpg 1200w, https:\/\/webs.uab.cat\/compred\/wp-content\/uploads\/sites\/135\/2025\/03\/citilab-300x225.jpg 300w, https:\/\/webs.uab.cat\/compred\/wp-content\/uploads\/sites\/135\/2025\/03\/citilab-1024x768.jpg 1024w, https:\/\/webs.uab.cat\/compred\/wp-content\/uploads\/sites\/135\/2025\/03\/citilab-768x576.jpg 768w, https:\/\/webs.uab.cat\/compred\/wp-content\/uploads\/sites\/135\/2025\/03\/citilab-1536x1152.jpg 1536w, https:\/\/webs.uab.cat\/compred\/wp-content\/uploads\/sites\/135\/2025\/03\/citilab-1980x1485.jpg 1980w, https:\/\/webs.uab.cat\/compred\/wp-content\/uploads\/sites\/135\/2025\/03\/citilab.jpg 2048w\" sizes=\"auto, (max-width: 1200px) 100vw, 1200px\" \/><\/a><\/figure><\/div>\n\n\n\n<div class=\"wp-block-column is-vertically-aligned-center is-layout-flow wp-block-column-is-layout-flow\"><h3 class=\"has-link-color wp-elements-18a7b97efb7c2ac9c6ab54a5858cfa33 wp-block-post-title has-text-color has-verd-tropic-color\"><a href=\"https:\/\/webs.uab.cat\/compred\/projecte\/creacio-de-materials-amb-citilab\/\" target=\"_self\" >Creaci\u00f3 de Materials amb Citilab<\/a><\/h3>\n\n<div class=\"wp-block-post-excerpt\"><p class=\"wp-block-post-excerpt__excerpt\">Desenvolupar guies metodol\u00f2giques per a la recerca en col\u00b7laboraci\u00f3 amb Citilab. Citilab t\u00e9 una l\u00ednia estrat\u00e8gica centrada en desenvolupar accions de suport i acompanyament a la tutoritzaci\u00f3 dels treballs de recerca (TR) de batxillerat. Aquestes accions inclouen, entre altres, la creaci\u00f3 de materials i guies metodol\u00f2giques que ajudin tant al professorat com a l\u2019alumnat a&hellip; <\/p><\/div>\n\n<a class=\"wp-elements-64369db012f9269745f038b9f462de1d wp-block-read-more has-text-color has-verd-tropic-color has-small-font-size\" href=\"https:\/\/webs.uab.cat\/compred\/projecte\/creacio-de-materials-amb-citilab\/\" target=\"_self\">Veure projecte \u2192<span class=\"screen-reader-text\">: Creaci\u00f3 de Materials amb Citilab<\/span><\/a><\/div>\n<\/div>\n\n\n\n<hr class=\"wp-block-separator has-css-opacity\" \/>\n\n<\/li><\/ul><\/div>\n\n\n\n<div class=\"wp-block-columns alignwide has-blanc-coco-background-color has-background is-layout-flex wp-container-core-columns-is-layout-9d6595d7 wp-block-columns-is-layout-flex\">\n<div class=\"wp-block-column is-layout-flow wp-block-column-is-layout-flow\">\n<h4 class=\"wp-block-heading\">Col\u00b7laboradors<\/h4>\n\n\n\n<div class=\"wp-block-columns are-vertically-aligned-top is-layout-flex wp-container-core-columns-is-layout-9d6595d7 wp-block-columns-is-layout-flex\">\n<div class=\"wp-block-column is-vertically-aligned-top is-layout-flow wp-block-column-is-layout-flow\">\n<figure class=\"wp-block-image size-full\"><img loading=\"lazy\" decoding=\"async\" width=\"475\" height=\"168\" src=\"https:\/\/webs.uab.cat\/compred\/wp-content\/uploads\/sites\/135\/2025\/03\/logo-uab-facultat.jpg\" alt=\"\" class=\"wp-image-677\" srcset=\"https:\/\/webs.uab.cat\/compred\/wp-content\/uploads\/sites\/135\/2025\/03\/logo-uab-facultat.jpg 475w, https:\/\/webs.uab.cat\/compred\/wp-content\/uploads\/sites\/135\/2025\/03\/logo-uab-facultat-300x106.jpg 300w\" sizes=\"auto, (max-width: 475px) 100vw, 475px\" \/><\/figure>\n<\/div>\n\n\n\n<div class=\"wp-block-column is-vertically-aligned-top is-layout-flow wp-block-column-is-layout-flow\">\n<figure class=\"wp-block-image size-full\"><img loading=\"lazy\" decoding=\"async\" width=\"644\" height=\"231\" src=\"https:\/\/webs.uab.cat\/compred\/wp-content\/uploads\/sites\/135\/2025\/03\/fundacion-la-caixa.jpg\" alt=\"\" class=\"wp-image-682\" srcset=\"https:\/\/webs.uab.cat\/compred\/wp-content\/uploads\/sites\/135\/2025\/03\/fundacion-la-caixa.jpg 644w, https:\/\/webs.uab.cat\/compred\/wp-content\/uploads\/sites\/135\/2025\/03\/fundacion-la-caixa-300x108.jpg 300w\" sizes=\"auto, (max-width: 644px) 100vw, 644px\" \/><\/figure>\n<\/div>\n\n\n\n<div class=\"wp-block-column is-vertically-aligned-top is-layout-flow wp-block-column-is-layout-flow\">\n<figure class=\"wp-block-image size-full\"><img loading=\"lazy\" decoding=\"async\" width=\"388\" height=\"85\" src=\"https:\/\/webs.uab.cat\/compred\/wp-content\/uploads\/sites\/135\/2025\/03\/03-Generalitat-de-Catalunya-600x300px-ba1b2e15-1.png\" alt=\"\" class=\"wp-image-699\" srcset=\"https:\/\/webs.uab.cat\/compred\/wp-content\/uploads\/sites\/135\/2025\/03\/03-Generalitat-de-Catalunya-600x300px-ba1b2e15-1.png 388w, https:\/\/webs.uab.cat\/compred\/wp-content\/uploads\/sites\/135\/2025\/03\/03-Generalitat-de-Catalunya-600x300px-ba1b2e15-1-300x66.png 300w\" sizes=\"auto, (max-width: 388px) 100vw, 388px\" \/><\/figure>\n<\/div>\n\n\n\n<div class=\"wp-block-column is-vertically-aligned-top is-layout-flow wp-block-column-is-layout-flow\">\n<figure class=\"wp-block-image size-full\"><img loading=\"lazy\" decoding=\"async\" width=\"699\" height=\"169\" src=\"https:\/\/webs.uab.cat\/compred\/wp-content\/uploads\/sites\/135\/2020\/01\/institut-monturiol.jpg\" alt=\"\" class=\"wp-image-865\" srcset=\"https:\/\/webs.uab.cat\/compred\/wp-content\/uploads\/sites\/135\/2020\/01\/institut-monturiol.jpg 699w, https:\/\/webs.uab.cat\/compred\/wp-content\/uploads\/sites\/135\/2020\/01\/institut-monturiol-300x73.jpg 300w\" sizes=\"auto, (max-width: 699px) 100vw, 699px\" \/><\/figure>\n<\/div>\n<\/div>\n<\/div>\n<\/div>\n","protected":false},"excerpt":{"rendered":"","protected":false},"author":3035,"featured_media":0,"parent":832,"menu_order":0,"comment_status":"closed","ping_status":"closed","template":"index.php","meta":{"footnotes":""},"class_list":["post-629","page","type-page","status-publish","hentry"],"_links":{"self":[{"href":"https:\/\/webs.uab.cat\/compred\/wp-json\/wp\/v2\/pages\/629","targetHints":{"allow":["GET"]}}],"collection":[{"href":"https:\/\/webs.uab.cat\/compred\/wp-json\/wp\/v2\/pages"}],"about":[{"href":"https:\/\/webs.uab.cat\/compred\/wp-json\/wp\/v2\/types\/page"}],"author":[{"embeddable":true,"href":"https:\/\/webs.uab.cat\/compred\/wp-json\/wp\/v2\/users\/3035"}],"replies":[{"embeddable":true,"href":"https:\/\/webs.uab.cat\/compred\/wp-json\/wp\/v2\/comments?post=629"}],"version-history":[{"count":12,"href":"https:\/\/webs.uab.cat\/compred\/wp-json\/wp\/v2\/pages\/629\/revisions"}],"predecessor-version":[{"id":1025,"href":"https:\/\/webs.uab.cat\/compred\/wp-json\/wp\/v2\/pages\/629\/revisions\/1025"}],"up":[{"embeddable":true,"href":"https:\/\/webs.uab.cat\/compred\/wp-json\/wp\/v2\/pages\/832"}],"wp:attachment":[{"href":"https:\/\/webs.uab.cat\/compred\/wp-json\/wp\/v2\/media?parent=629"}],"curies":[{"name":"wp","href":"https:\/\/api.w.org\/{rel}","templated":true}]}}