{"id":79,"date":"2019-01-16T12:47:51","date_gmt":"2019-01-16T12:47:51","guid":{"rendered":"https:\/\/webs.uab.cat\/compred\/bibliografia\/"},"modified":"2022-08-08T08:58:04","modified_gmt":"2022-08-08T08:58:04","slug":"bibliografia","status":"publish","type":"page","link":"https:\/\/webs.uab.cat\/compred\/bibliografia\/","title":{"rendered":"Bibliografia"},"content":{"rendered":"<h3>\n<style type=\"text\/css\"><!--td {border: 1px solid #ccc;}br {mso-data-placement:same-cell;}--><br \/>\n<\/style>\n<p><strong>What&#8217;s new in APA Style 7th Edition<\/strong><\/h3>\n<style type=\"text\/css\"><!--td {border: 1px solid #ccc;}br {mso-data-placement:same-cell;}--><br \/>\n<\/style>\n<p>El v\u00eddeo repassa els aspectes fonamentals per referenciar fonts d&#8217;informaci\u00f3 i escriure textos formals, fent servir l&#8217;estil APA en la seva nova versi\u00f3, la 7ena.<\/p>\n<p><a href=\"https:\/\/www.youtube.com\/watch?v=jOVZp8m0PCM&amp;feature=youtu.be\" target=\"_blank\" rel=\"noopener\"><img loading=\"lazy\" decoding=\"async\" class=\" size-full wp-image-29\" alt=\"\" src=\"https:\/\/webs.uab.cat\/compred\/wp-content\/uploads\/sites\/135\/2016\/01\/video.png\" width=\"25\" height=\"25\"><\/a>&nbsp; ENGLISH&nbsp;<img loading=\"lazy\" decoding=\"async\" alt=\"enlightened\" src=\"\/\/cdn.ckeditor.com\/4.5.4\/full-all\/plugins\/smiley\/images\/lightbulb.png\" title=\"enlightened\" width=\"23\" height=\"23\"><\/p>\n<p>&nbsp;<\/p>\n<h3><strong>Com citar i referenciar en els textos acad\u00e8mics<\/strong><\/h3>\n<p>Compilaci\u00f3 basada en la normativa APA Publicaci\u00f3 que pret\u00e9n ser una guia per referenciar correctament seguint la normativa APA. El text facilitar\u00e0 una orientaci\u00f3 i coher\u00e8ncia en les consignes del professorat per facilitar les cites a l&#8217;alumnat.<\/p>\n<p><a href=\"https:\/\/ddd.uab.cat\/record\/145881?ln=es\" target=\"_blank\" rel=\"noopener\"><img loading=\"lazy\" decoding=\"async\" class=\" size-full wp-image-55\" alt=\"\" src=\"https:\/\/webs.uab.cat\/compred\/wp-content\/uploads\/sites\/135\/2019\/01\/libro.png\" width=\"25\" height=\"25\"><\/a>&nbsp; CATAL\u00c0&nbsp;&nbsp;<img loading=\"lazy\" decoding=\"async\" alt=\"enlightened\" src=\"\/\/cdn.ckeditor.com\/4.5.4\/full-all\/plugins\/smiley\/images\/lightbulb.png\" title=\"enlightened\" width=\"23\" height=\"23\"><\/p>\n","protected":false},"excerpt":{"rendered":"<p>What&#8217;s new in APA Style 7th Edition El v\u00eddeo repassa els aspectes fonamentals per referenciar fonts d&#8217;informaci\u00f3 i escriure textos formals, fent servir l&#8217;estil APA en la seva nova versi\u00f3, la 7ena. &nbsp; ENGLISH&nbsp; &nbsp; Com citar i referenciar en els textos acad\u00e8mics Compilaci\u00f3 basada en la normativa APA Publicaci\u00f3 que pret\u00e9n ser una guia [&hellip;]<\/p>\n","protected":false},"author":20,"featured_media":0,"parent":0,"menu_order":0,"comment_status":"closed","ping_status":"closed","template":"","meta":{"footnotes":""},"class_list":["post-79","page","type-page","status-publish","hentry"],"_links":{"self":[{"href":"https:\/\/webs.uab.cat\/compred\/wp-json\/wp\/v2\/pages\/79","targetHints":{"allow":["GET"]}}],"collection":[{"href":"https:\/\/webs.uab.cat\/compred\/wp-json\/wp\/v2\/pages"}],"about":[{"href":"https:\/\/webs.uab.cat\/compred\/wp-json\/wp\/v2\/types\/page"}],"author":[{"embeddable":true,"href":"https:\/\/webs.uab.cat\/compred\/wp-json\/wp\/v2\/users\/20"}],"replies":[{"embeddable":true,"href":"https:\/\/webs.uab.cat\/compred\/wp-json\/wp\/v2\/comments?post=79"}],"version-history":[{"count":1,"href":"https:\/\/webs.uab.cat\/compred\/wp-json\/wp\/v2\/pages\/79\/revisions"}],"predecessor-version":[{"id":242,"href":"https:\/\/webs.uab.cat\/compred\/wp-json\/wp\/v2\/pages\/79\/revisions\/242"}],"wp:attachment":[{"href":"https:\/\/webs.uab.cat\/compred\/wp-json\/wp\/v2\/media?parent=79"}],"curies":[{"name":"wp","href":"https:\/\/api.w.org\/{rel}","templated":true}]}}