{"id":868,"date":"2025-05-30T05:45:30","date_gmt":"2025-05-30T05:45:30","guid":{"rendered":"https:\/\/webs.uab.cat\/compred\/?page_id=868"},"modified":"2025-08-11T14:48:50","modified_gmt":"2025-08-11T14:48:50","slug":"repositori","status":"publish","type":"page","link":"https:\/\/webs.uab.cat\/compred\/repositori\/","title":{"rendered":"Repositori"},"content":{"rendered":"\n<h2 class=\"wp-block-heading\"><strong>Qu\u00e8 hi puc trobar?<\/strong><\/h2>\n\n\n\n<p>El Repositori inclou recursos i materials en diversos formats (d\u2019acc\u00e9s obert o autoritzats pels propietaris del mateix) enfocats a desenvolupar la compet\u00e8ncia en recerca en educaci\u00f3. Aix\u00ed mateix, el Repositori inclou un apartat <em>Dona\u2019ns feedback<\/em> on busquem con\u00e8ixer el perfil de la persona que consulta el respositori; un altra apartat <em>F\u00f2rum dubtes<\/em> on pots compartir qualsevol inquietud que se\u2019t presenti en el proc\u00e9s de recerca i incl\u00f2s sol\u00b7licitar ajuda per entendre o dur a terme un proc\u00e9s d\u2019investigaci\u00f3 \u2013busquem generar una comunitat d\u2019aprenentatge fluida i actual-; i un apartat <em>Envia\u2019ns Recursos<\/em> on pots contribuir amb els treus propis recursos o d\u2019altres que hagis trobat molt \u00fatils.&nbsp;El men\u00fa del respositori&nbsp;est\u00e0&nbsp;en catal\u00e0&nbsp;per\u00f2&nbsp;els recursos que hi trobar\u00e0s&nbsp;estan en catal\u00e0, espanyol o angl\u00e8s, depenent de la llengua en que van ser creats. Has de clicar en l\u2019icona&nbsp;del recurs per accedir-hi.<\/p>\n\n\n\n<div class=\"wp-block-columns alignfull has-gris-pubilla-background-color has-background is-layout-flex wp-container-core-columns-is-layout-9d6595d7 wp-block-columns-is-layout-flex\">\n<div class=\"wp-block-column is-layout-flow wp-block-column-is-layout-flow\">\n<div class=\"wp-block-group\"><div class=\"wp-block-group__inner-container is-layout-constrained wp-block-group-is-layout-constrained\">\n<div class=\"wp-block-columns are-vertically-aligned-center is-layout-flex wp-container-core-columns-is-layout-9d6595d7 wp-block-columns-is-layout-flex\">\n<div class=\"wp-block-column is-vertically-aligned-center is-layout-flow wp-block-column-is-layout-flow\">\n<figure class=\"wp-block-image size-large\"><img loading=\"lazy\" decoding=\"async\" width=\"1024\" height=\"749\" src=\"https:\/\/webs.uab.cat\/compred\/wp-content\/uploads\/sites\/135\/2025\/03\/repositorio-compred-1024x749.png\" alt=\"Repositori\" class=\"wp-image-577\" srcset=\"https:\/\/webs.uab.cat\/compred\/wp-content\/uploads\/sites\/135\/2025\/03\/repositorio-compred-1024x749.png 1024w, https:\/\/webs.uab.cat\/compred\/wp-content\/uploads\/sites\/135\/2025\/03\/repositorio-compred-300x220.png 300w, https:\/\/webs.uab.cat\/compred\/wp-content\/uploads\/sites\/135\/2025\/03\/repositorio-compred-768x562.png 768w, https:\/\/webs.uab.cat\/compred\/wp-content\/uploads\/sites\/135\/2025\/03\/repositorio-compred-1536x1124.png 1536w, https:\/\/webs.uab.cat\/compred\/wp-content\/uploads\/sites\/135\/2025\/03\/repositorio-compred-2048x1499.png 2048w, https:\/\/webs.uab.cat\/compred\/wp-content\/uploads\/sites\/135\/2025\/03\/repositorio-compred-1200x878.png 1200w, https:\/\/webs.uab.cat\/compred\/wp-content\/uploads\/sites\/135\/2025\/03\/repositorio-compred-1980x1449.png 1980w\" sizes=\"auto, (max-width: 1024px) 100vw, 1024px\" \/><\/figure>\n\n\n\n<div class=\"wp-block-buttons is-content-justification-center is-layout-flex wp-container-core-buttons-is-layout-16018d1d wp-block-buttons-is-layout-flex\">\n<div class=\"wp-block-button\"><a class=\"wp-block-button__link wp-element-button\" href=\"https:\/\/test-repositori-compred.vercel.app\/\" target=\"_blank\" rel=\"noreferrer noopener\">Repositori digital compred<\/a><\/div>\n<\/div>\n<\/div>\n<\/div>\n<\/div><\/div>\n<\/div>\n<\/div>\n\n\n\n<p>Els materials del Repositori estan organitzats en 6 grans dimensions i 14&nbsp;subdimensions, aquestes dimensiones responen a la l\u00f2gica d\u2019organitzaci\u00f3 d\u2019un proc\u00e9s de recerca. Per tant, en cada una d\u2019aquestes dimensions trobar\u00e0s documentaci\u00f3 explicativa sobre com dur a terme les diferents parts de la recerca.<\/p>\n\n\n\n<ul class=\"wp-block-list\">\n<li><strong>Planificaci\u00f3 de la recerca<\/strong>: Elecci\u00f3 del tema i&nbsp;Pregunta de recerca; Formulaci\u00f3 d\u2019objectius i&nbsp;d\u2019hip\u00f2tesis&nbsp;<\/li>\n\n\n\n<li><strong>Fonamentaci\u00f3 te\u00f2rica<\/strong>: Cerca d\u2019informaci\u00f3; Estrat\u00e8gies d&#8217;elaboraci\u00f3 del text; Citaci\u00f3 en el text<\/li>\n\n\n\n<li><strong>Disseny i Aplicaci\u00f3<\/strong>: Dissenys metodol\u00f2gics;&nbsp;T\u00e8cniques de recollida de dades; Consideracions \u00e8tiques; An\u00e0lisi de les dades; Resultats<\/li>\n\n\n\n<li><strong>Discussi\u00f3 i Conclusions<\/strong><\/li>\n\n\n\n<li><strong>Bibliografia<\/strong><\/li>\n\n\n\n<li><strong>Comunicaci\u00f3 i TIC<\/strong>: Comunicaci\u00f3 escrita i oral de la recerca;&nbsp;Comunicar amb perspectiva de g\u00e8nere;&nbsp;Eines digitals per facilitar la comunicaci\u00f3 escrita i oral;&nbsp;Eines per cercar informaci\u00f3<\/li>\n<\/ul>\n\n\n\n<h2 class=\"wp-block-heading\">Col\u00b7labora amb el repositori<\/h2>\n\n\n\n<p>Si tens algun recurs que pot ser \u00fatil, envia&#8217;ns-ho a pr.compred@uab.cat <\/p>\n\n\n\n<div class=\"wp-block-columns alignwide has-blanc-coco-background-color has-background is-layout-flex wp-container-core-columns-is-layout-9d6595d7 wp-block-columns-is-layout-flex\">\n<div class=\"wp-block-column is-layout-flow wp-block-column-is-layout-flow\">\n<h4 class=\"wp-block-heading\">Col\u00b7laboradors<\/h4>\n\n\n\n<div class=\"wp-block-columns are-vertically-aligned-top is-layout-flex wp-container-core-columns-is-layout-9d6595d7 wp-block-columns-is-layout-flex\">\n<div class=\"wp-block-column is-vertically-aligned-top is-layout-flow wp-block-column-is-layout-flow\">\n<figure class=\"wp-block-image size-full\"><img loading=\"lazy\" decoding=\"async\" width=\"475\" height=\"168\" src=\"https:\/\/webs.uab.cat\/compred\/wp-content\/uploads\/sites\/135\/2025\/03\/logo-uab-facultat.jpg\" alt=\"\" class=\"wp-image-677\" srcset=\"https:\/\/webs.uab.cat\/compred\/wp-content\/uploads\/sites\/135\/2025\/03\/logo-uab-facultat.jpg 475w, https:\/\/webs.uab.cat\/compred\/wp-content\/uploads\/sites\/135\/2025\/03\/logo-uab-facultat-300x106.jpg 300w\" sizes=\"auto, (max-width: 475px) 100vw, 475px\" \/><\/figure>\n<\/div>\n\n\n\n<div class=\"wp-block-column is-vertically-aligned-top is-layout-flow wp-block-column-is-layout-flow\">\n<figure class=\"wp-block-image size-full\"><img loading=\"lazy\" decoding=\"async\" width=\"644\" height=\"231\" src=\"https:\/\/webs.uab.cat\/compred\/wp-content\/uploads\/sites\/135\/2025\/03\/fundacion-la-caixa.jpg\" alt=\"\" class=\"wp-image-682\" srcset=\"https:\/\/webs.uab.cat\/compred\/wp-content\/uploads\/sites\/135\/2025\/03\/fundacion-la-caixa.jpg 644w, https:\/\/webs.uab.cat\/compred\/wp-content\/uploads\/sites\/135\/2025\/03\/fundacion-la-caixa-300x108.jpg 300w\" sizes=\"auto, (max-width: 644px) 100vw, 644px\" \/><\/figure>\n<\/div>\n\n\n\n<div class=\"wp-block-column is-vertically-aligned-top is-layout-flow wp-block-column-is-layout-flow\">\n<figure class=\"wp-block-image size-full\"><img loading=\"lazy\" decoding=\"async\" width=\"388\" height=\"85\" src=\"https:\/\/webs.uab.cat\/compred\/wp-content\/uploads\/sites\/135\/2025\/03\/03-Generalitat-de-Catalunya-600x300px-ba1b2e15-1.png\" alt=\"\" class=\"wp-image-699\" srcset=\"https:\/\/webs.uab.cat\/compred\/wp-content\/uploads\/sites\/135\/2025\/03\/03-Generalitat-de-Catalunya-600x300px-ba1b2e15-1.png 388w, https:\/\/webs.uab.cat\/compred\/wp-content\/uploads\/sites\/135\/2025\/03\/03-Generalitat-de-Catalunya-600x300px-ba1b2e15-1-300x66.png 300w\" sizes=\"auto, (max-width: 388px) 100vw, 388px\" \/><\/figure>\n<\/div>\n\n\n\n<div class=\"wp-block-column is-vertically-aligned-top is-layout-flow wp-block-column-is-layout-flow\">\n<figure class=\"wp-block-image size-full\"><img loading=\"lazy\" decoding=\"async\" width=\"699\" height=\"169\" src=\"https:\/\/webs.uab.cat\/compred\/wp-content\/uploads\/sites\/135\/2020\/01\/institut-monturiol.jpg\" alt=\"\" class=\"wp-image-865\" srcset=\"https:\/\/webs.uab.cat\/compred\/wp-content\/uploads\/sites\/135\/2020\/01\/institut-monturiol.jpg 699w, https:\/\/webs.uab.cat\/compred\/wp-content\/uploads\/sites\/135\/2020\/01\/institut-monturiol-300x73.jpg 300w\" sizes=\"auto, (max-width: 699px) 100vw, 699px\" \/><\/figure>\n<\/div>\n<\/div>\n<\/div>\n<\/div>\n","protected":false},"excerpt":{"rendered":"<p>Qu\u00e8 hi puc trobar? El Repositori inclou recursos i materials en diversos formats (d\u2019acc\u00e9s obert o autoritzats pels propietaris del mateix) enfocats a desenvolupar la compet\u00e8ncia en recerca en educaci\u00f3. Aix\u00ed mateix, el Repositori inclou un apartat Dona\u2019ns feedback on busquem con\u00e8ixer el perfil de la persona que consulta el respositori; un altra apartat F\u00f2rum [&hellip;]<\/p>\n","protected":false},"author":3035,"featured_media":0,"parent":0,"menu_order":0,"comment_status":"closed","ping_status":"closed","template":"index.php","meta":{"footnotes":""},"class_list":["post-868","page","type-page","status-publish","hentry"],"_links":{"self":[{"href":"https:\/\/webs.uab.cat\/compred\/wp-json\/wp\/v2\/pages\/868","targetHints":{"allow":["GET"]}}],"collection":[{"href":"https:\/\/webs.uab.cat\/compred\/wp-json\/wp\/v2\/pages"}],"about":[{"href":"https:\/\/webs.uab.cat\/compred\/wp-json\/wp\/v2\/types\/page"}],"author":[{"embeddable":true,"href":"https:\/\/webs.uab.cat\/compred\/wp-json\/wp\/v2\/users\/3035"}],"replies":[{"embeddable":true,"href":"https:\/\/webs.uab.cat\/compred\/wp-json\/wp\/v2\/comments?post=868"}],"version-history":[{"count":9,"href":"https:\/\/webs.uab.cat\/compred\/wp-json\/wp\/v2\/pages\/868\/revisions"}],"predecessor-version":[{"id":1015,"href":"https:\/\/webs.uab.cat\/compred\/wp-json\/wp\/v2\/pages\/868\/revisions\/1015"}],"wp:attachment":[{"href":"https:\/\/webs.uab.cat\/compred\/wp-json\/wp\/v2\/media?parent=868"}],"curies":[{"name":"wp","href":"https:\/\/api.w.org\/{rel}","templated":true}]}}