{"id":92,"date":"2019-01-16T13:08:07","date_gmt":"2019-01-16T13:08:07","guid":{"rendered":"https:\/\/webs.uab.cat\/compred\/contacte\/"},"modified":"2025-10-15T09:28:56","modified_gmt":"2025-10-15T09:28:56","slug":"contacte","status":"publish","type":"page","link":"https:\/\/webs.uab.cat\/compred\/contacte\/","title":{"rendered":"Contacte"},"content":{"rendered":"\n<figure class=\"wp-block-image size-full is-resized\"><img loading=\"lazy\" decoding=\"async\" width=\"924\" height=\"182\" src=\"https:\/\/webs.uab.cat\/compred\/wp-content\/uploads\/sites\/135\/2025\/05\/logo.png\" alt=\"\" class=\"wp-image-827\" style=\"width:342px;height:auto\" srcset=\"https:\/\/webs.uab.cat\/compred\/wp-content\/uploads\/sites\/135\/2025\/05\/logo.png 924w, https:\/\/webs.uab.cat\/compred\/wp-content\/uploads\/sites\/135\/2025\/05\/logo-300x59.png 300w, https:\/\/webs.uab.cat\/compred\/wp-content\/uploads\/sites\/135\/2025\/05\/logo-768x151.png 768w\" sizes=\"auto, (max-width: 924px) 100vw, 924px\" \/><\/figure>\n\n\n\n<p><strong>Coordinadores<\/strong>: Dra. Anna Ciraso-Cal\u00ed i Dra. Helena Ester Roig<\/p>\n\n\n\n<p><strong>Afiliaci\u00f3 del grup<\/strong><em>:<\/em>&nbsp;Dep. Pedagogia Aplicada, Facultat de Ci\u00e8ncies de l&#8217;Educaci\u00f3, UAB<\/p>\n\n\n\n<p><strong>Adre\u00e7a<\/strong><em>:<\/em>&nbsp;08193 Bellaterra (Cerdanyola del Vall\u00e8s)<\/p>\n\n\n\n<p><strong>E-mail:<\/strong>&nbsp;pr.compred@uab.cat<\/p>\n\n\n\n<p><strong>Web<\/strong><em>:<\/em>&nbsp;<a href=\"http:\/\/pagines.uab.cat\/compred\" target=\"_blank\" rel=\"noreferrer noopener\">http:\/\/webs.uab.cat\/compred<\/a>\/<\/p>\n\n\n\n<div class=\"wp-block-columns alignwide has-blanc-coco-background-color has-background is-layout-flex wp-container-core-columns-is-layout-9d6595d7 wp-block-columns-is-layout-flex\">\n<div class=\"wp-block-column is-layout-flow wp-block-column-is-layout-flow\">\n<h4 class=\"wp-block-heading\">Col\u00b7laboradors<\/h4>\n\n\n\n<div class=\"wp-block-columns are-vertically-aligned-top is-layout-flex wp-container-core-columns-is-layout-9d6595d7 wp-block-columns-is-layout-flex\">\n<div class=\"wp-block-column is-vertically-aligned-top is-layout-flow wp-block-column-is-layout-flow\">\n<figure class=\"wp-block-image size-full\"><img loading=\"lazy\" decoding=\"async\" width=\"475\" height=\"168\" src=\"https:\/\/webs.uab.cat\/compred\/wp-content\/uploads\/sites\/135\/2025\/03\/logo-uab-facultat.jpg\" alt=\"\" class=\"wp-image-677\" srcset=\"https:\/\/webs.uab.cat\/compred\/wp-content\/uploads\/sites\/135\/2025\/03\/logo-uab-facultat.jpg 475w, https:\/\/webs.uab.cat\/compred\/wp-content\/uploads\/sites\/135\/2025\/03\/logo-uab-facultat-300x106.jpg 300w\" sizes=\"auto, (max-width: 475px) 100vw, 475px\" \/><\/figure>\n<\/div>\n\n\n\n<div class=\"wp-block-column is-vertically-aligned-top is-layout-flow wp-block-column-is-layout-flow\">\n<figure class=\"wp-block-image size-full\"><img loading=\"lazy\" decoding=\"async\" width=\"644\" height=\"231\" src=\"https:\/\/webs.uab.cat\/compred\/wp-content\/uploads\/sites\/135\/2025\/03\/fundacion-la-caixa.jpg\" alt=\"\" class=\"wp-image-682\" srcset=\"https:\/\/webs.uab.cat\/compred\/wp-content\/uploads\/sites\/135\/2025\/03\/fundacion-la-caixa.jpg 644w, https:\/\/webs.uab.cat\/compred\/wp-content\/uploads\/sites\/135\/2025\/03\/fundacion-la-caixa-300x108.jpg 300w\" sizes=\"auto, (max-width: 644px) 100vw, 644px\" \/><\/figure>\n<\/div>\n\n\n\n<div class=\"wp-block-column is-vertically-aligned-top is-layout-flow wp-block-column-is-layout-flow\">\n<figure class=\"wp-block-image size-full\"><img loading=\"lazy\" decoding=\"async\" width=\"388\" height=\"85\" src=\"https:\/\/webs.uab.cat\/compred\/wp-content\/uploads\/sites\/135\/2025\/03\/03-Generalitat-de-Catalunya-600x300px-ba1b2e15-1.png\" alt=\"\" class=\"wp-image-699\" srcset=\"https:\/\/webs.uab.cat\/compred\/wp-content\/uploads\/sites\/135\/2025\/03\/03-Generalitat-de-Catalunya-600x300px-ba1b2e15-1.png 388w, https:\/\/webs.uab.cat\/compred\/wp-content\/uploads\/sites\/135\/2025\/03\/03-Generalitat-de-Catalunya-600x300px-ba1b2e15-1-300x66.png 300w\" sizes=\"auto, (max-width: 388px) 100vw, 388px\" \/><\/figure>\n<\/div>\n\n\n\n<div class=\"wp-block-column is-vertically-aligned-top is-layout-flow wp-block-column-is-layout-flow\">\n<figure class=\"wp-block-image size-full\"><img loading=\"lazy\" decoding=\"async\" width=\"699\" height=\"169\" src=\"https:\/\/webs.uab.cat\/compred\/wp-content\/uploads\/sites\/135\/2020\/01\/institut-monturiol.jpg\" alt=\"\" class=\"wp-image-865\" srcset=\"https:\/\/webs.uab.cat\/compred\/wp-content\/uploads\/sites\/135\/2020\/01\/institut-monturiol.jpg 699w, https:\/\/webs.uab.cat\/compred\/wp-content\/uploads\/sites\/135\/2020\/01\/institut-monturiol-300x73.jpg 300w\" sizes=\"auto, (max-width: 699px) 100vw, 699px\" \/><\/figure>\n<\/div>\n<\/div>\n<\/div>\n<\/div>\n","protected":false},"excerpt":{"rendered":"<p>Coordinadores: Dra. Anna Ciraso-Cal\u00ed i Dra. Helena Ester Roig Afiliaci\u00f3 del grup:&nbsp;Dep. Pedagogia Aplicada, Facultat de Ci\u00e8ncies de l&#8217;Educaci\u00f3, UAB Adre\u00e7a:&nbsp;08193 Bellaterra (Cerdanyola del Vall\u00e8s) E-mail:&nbsp;pr.compred@uab.cat Web:&nbsp;http:\/\/webs.uab.cat\/compred\/<\/p>\n","protected":false},"author":20,"featured_media":0,"parent":0,"menu_order":0,"comment_status":"closed","ping_status":"closed","template":"index.php","meta":{"footnotes":""},"class_list":["post-92","page","type-page","status-publish","hentry"],"_links":{"self":[{"href":"https:\/\/webs.uab.cat\/compred\/wp-json\/wp\/v2\/pages\/92","targetHints":{"allow":["GET"]}}],"collection":[{"href":"https:\/\/webs.uab.cat\/compred\/wp-json\/wp\/v2\/pages"}],"about":[{"href":"https:\/\/webs.uab.cat\/compred\/wp-json\/wp\/v2\/types\/page"}],"author":[{"embeddable":true,"href":"https:\/\/webs.uab.cat\/compred\/wp-json\/wp\/v2\/users\/20"}],"replies":[{"embeddable":true,"href":"https:\/\/webs.uab.cat\/compred\/wp-json\/wp\/v2\/comments?post=92"}],"version-history":[{"count":7,"href":"https:\/\/webs.uab.cat\/compred\/wp-json\/wp\/v2\/pages\/92\/revisions"}],"predecessor-version":[{"id":1034,"href":"https:\/\/webs.uab.cat\/compred\/wp-json\/wp\/v2\/pages\/92\/revisions\/1034"}],"wp:attachment":[{"href":"https:\/\/webs.uab.cat\/compred\/wp-json\/wp\/v2\/media?parent=92"}],"curies":[{"name":"wp","href":"https:\/\/api.w.org\/{rel}","templated":true}]}}