{"id":98,"date":"2019-11-13T11:49:33","date_gmt":"2019-11-13T11:49:33","guid":{"rendered":"https:\/\/webs.uab.cat\/compred\/bases-de-dades\/"},"modified":"2022-08-08T08:58:25","modified_gmt":"2022-08-08T08:58:25","slug":"bases-de-dades","status":"publish","type":"page","link":"https:\/\/webs.uab.cat\/compred\/bases-de-dades\/","title":{"rendered":"Bases de Dades"},"content":{"rendered":"<p>En aquesta p\u00e0gina trobar\u00e0s enlla\u00e7os a bases de dades p\u00fabliques (en obert) per a poder-les analitzar. \u00c9s un recurs molt \u00fatil quan no pots recollir dades per\u00f2 necessites practicar l&#8217;an\u00e0lisi de dades.<\/p>\n<p>&nbsp;<\/p>\n<h3><strong>Percepci\u00f3n Social de la Ciencia y la Tecnolog\u00eda en Espa\u00f1a<\/strong><\/h3>\n<p>\u00c9s un estudi&nbsp;que des de 2002 recull&nbsp;cada dos anys l&#8217;an\u00e0lisi&nbsp;i&nbsp;resultats de l&#8217;Enquesta de Percepci\u00f3&nbsp;Social de la Ci\u00e8ncia iy la Tecnologia en Espanya. L&#8217;enquesta i&nbsp;el posterior estudi&nbsp;dels resultats \u00e9s realitzat&nbsp;per diferents investigadors, coordinats pel Departament&nbsp;de Cultura Cient\u00edfica i&nbsp;de la Innovaci\u00f3&nbsp;de FECYT. Aquest&nbsp;estudi&nbsp;planteja aprofundir en el coneixement&nbsp;de les relacions entre ci\u00e8ncia, tecnologia i&nbsp;societat; i&nbsp;analitzar la percepci\u00f3&nbsp;de la ciutadania sobre els avan\u00e7os cient\u00edfics i&nbsp;tecnol\u00f2gics, i&nbsp;sobre la capacitat&nbsp;d&#8217;aquests per a la millora de la qualitat&nbsp;de vida de la poblaci\u00f3. A m\u00e9s, ICONO posa&nbsp;a disposici\u00f3&nbsp;de la societat&nbsp;les microdades de totes les enquestes i&nbsp;q\u00fcestionaris.\u200b\u200b<\/p>\n<p><a href=\"https:\/\/icono.fecyt.es\/informes-y-publicaciones\/percepcion-social-de-la-ciencia-y-la-tecnologia-en-espana\" target=\"_blank\" rel=\"noopener\"><img loading=\"lazy\" decoding=\"async\" class=\" size-full wp-image-62\" alt=\"\" src=\"https:\/\/webs.uab.cat\/compred\/wp-content\/uploads\/sites\/135\/2019\/01\/web.png\" width=\"25\" height=\"25\"><\/a>&nbsp; ESPA\u00d1OL<\/p>\n<p>&nbsp;<\/p>\n<h3><strong>Child &amp; Family Data Archive<\/strong><\/h3>\n<p>L&#8217;Arxiu de dades d&#8217;Inf\u00e0ncia i Fam\u00edlia es el lloc on descobrir, accedir, i analitzar dades de la primera inf\u00e0ncia, educaci\u00f3 i fam\u00edlies. L&#8217;Arxiu cont\u00e9 bases de dades sobre infants, les seves fam\u00edlies i comunitats, i els programes que els acullen.<\/p>\n<p><a href=\"https:\/\/www.childandfamilydataarchive.org\/cfda\/pages\/cfda\/index.html?utm_source=ALLMEDIA-TO-ARCHIVE&amp;utm_medium=ALLMEDIA-TO-ARCHIVE&amp;utm_campaign=ALLMEDIA-TO-ARCHIVE\" target=\"_blank\" rel=\"noopener\"><img loading=\"lazy\" decoding=\"async\" class=\" size-full wp-image-62\" alt=\"\" src=\"https:\/\/webs.uab.cat\/compred\/wp-content\/uploads\/sites\/135\/2019\/01\/web.png\" width=\"25\" height=\"25\"><\/a>&nbsp; ENGLISH<\/p>\n","protected":false},"excerpt":{"rendered":"<p>En aquesta p\u00e0gina trobar\u00e0s enlla\u00e7os a bases de dades p\u00fabliques (en obert) per a poder-les analitzar. \u00c9s un recurs molt \u00fatil quan no pots recollir dades per\u00f2 necessites practicar l&#8217;an\u00e0lisi de dades. &nbsp; Percepci\u00f3n Social de la Ciencia y la Tecnolog\u00eda en Espa\u00f1a \u00c9s un estudi&nbsp;que des de 2002 recull&nbsp;cada dos anys l&#8217;an\u00e0lisi&nbsp;i&nbsp;resultats de l&#8217;Enquesta [&hellip;]<\/p>\n","protected":false},"author":20,"featured_media":0,"parent":0,"menu_order":0,"comment_status":"closed","ping_status":"closed","template":"","meta":{"footnotes":""},"class_list":["post-98","page","type-page","status-publish","hentry"],"_links":{"self":[{"href":"https:\/\/webs.uab.cat\/compred\/wp-json\/wp\/v2\/pages\/98","targetHints":{"allow":["GET"]}}],"collection":[{"href":"https:\/\/webs.uab.cat\/compred\/wp-json\/wp\/v2\/pages"}],"about":[{"href":"https:\/\/webs.uab.cat\/compred\/wp-json\/wp\/v2\/types\/page"}],"author":[{"embeddable":true,"href":"https:\/\/webs.uab.cat\/compred\/wp-json\/wp\/v2\/users\/20"}],"replies":[{"embeddable":true,"href":"https:\/\/webs.uab.cat\/compred\/wp-json\/wp\/v2\/comments?post=98"}],"version-history":[{"count":1,"href":"https:\/\/webs.uab.cat\/compred\/wp-json\/wp\/v2\/pages\/98\/revisions"}],"predecessor-version":[{"id":243,"href":"https:\/\/webs.uab.cat\/compred\/wp-json\/wp\/v2\/pages\/98\/revisions\/243"}],"wp:attachment":[{"href":"https:\/\/webs.uab.cat\/compred\/wp-json\/wp\/v2\/media?parent=98"}],"curies":[{"name":"wp","href":"https:\/\/api.w.org\/{rel}","templated":true}]}}