{"id":310,"date":"2023-07-23T12:12:19","date_gmt":"2023-07-23T10:12:19","guid":{"rendered":"https:\/\/webs.uab.cat\/compushcat\/home-2\/"},"modified":"2026-04-13T09:52:06","modified_gmt":"2026-04-13T07:52:06","slug":"home-2","status":"publish","type":"page","link":"https:\/\/webs.uab.cat\/compushcat\/es\/","title":{"rendered":"\u00a1Bienvenidos a la p\u00e1gina web de nuestro grupo de investigaci\u00f3n!"},"content":{"rendered":"\n<div class=\"wp-block-columns alignwide is-layout-flex wp-container-core-columns-is-layout-9d6595d7 wp-block-columns-is-layout-flex\">\n<div class=\"wp-block-column is-layout-flow wp-block-column-is-layout-flow\">\n<div class=\"wp-block-columns is-layout-flex wp-container-core-columns-is-layout-9d6595d7 wp-block-columns-is-layout-flex\">\n<div class=\"wp-block-column is-layout-flow wp-block-column-is-layout-flow\"><\/div>\n\n\n\n<div class=\"wp-block-column is-layout-flow wp-block-column-is-layout-flow\"><div class=\"wp-block-image\">\n<figure class=\"aligncenter size-full is-resized\"><img loading=\"lazy\" decoding=\"async\" width=\"1028\" height=\"1024\" src=\"https:\/\/webs.uab.cat\/compushcat\/wp-content\/uploads\/sites\/448\/2026\/04\/Gemini_Generated_Image_9gs3kz9gs3kz9gs3.png\" alt=\"\" class=\"wp-image-523\" style=\"object-fit:cover;width:300px;height:300px\" srcset=\"https:\/\/webs.uab.cat\/compushcat\/wp-content\/uploads\/sites\/448\/2026\/04\/Gemini_Generated_Image_9gs3kz9gs3kz9gs3.png 1028w, https:\/\/webs.uab.cat\/compushcat\/wp-content\/uploads\/sites\/448\/2026\/04\/Gemini_Generated_Image_9gs3kz9gs3kz9gs3-300x300.png 300w, https:\/\/webs.uab.cat\/compushcat\/wp-content\/uploads\/sites\/448\/2026\/04\/Gemini_Generated_Image_9gs3kz9gs3kz9gs3-1024x1020.png 1024w, https:\/\/webs.uab.cat\/compushcat\/wp-content\/uploads\/sites\/448\/2026\/04\/Gemini_Generated_Image_9gs3kz9gs3kz9gs3-150x150.png 150w, https:\/\/webs.uab.cat\/compushcat\/wp-content\/uploads\/sites\/448\/2026\/04\/Gemini_Generated_Image_9gs3kz9gs3kz9gs3-768x765.png 768w\" sizes=\"auto, (max-width: 1028px) 100vw, 1028px\" \/><\/figure>\n<\/div><\/div>\n<\/div>\n<\/div>\n<\/div>\n\n<h2 class=\"wp-block-heading alignwide\">\u00bfQu\u00e9 se hace en nuestro grupo?Qu\u00e8 es fa al nostre grup?<\/h2>\n\n<div class=\"wp-block-group alignwide\"><div class=\"wp-block-group__inner-container is-layout-constrained wp-block-group-is-layout-constrained\">\n<div class=\"wp-block-columns alignwide is-layout-flex wp-container-core-columns-is-layout-9d6595d7 wp-block-columns-is-layout-flex\">\n<div class=\"wp-block-column is-layout-flow wp-block-column-is-layout-flow\">\n<h2 class=\"wp-block-heading has-text-align-center has-gris-londres-background-color has-background\"><\/h2>\n<\/div>\n\n\n\n<div class=\"wp-block-column is-layout-flow wp-block-column-is-layout-flow\">\n<h2 class=\"wp-block-heading has-text-align-center has-groc-caputxina-transparent-background-color has-background\"><\/h2>\n<\/div>\n<\/div>\n<\/div><\/div>\n\n<div class=\"wp-block-group alignwide\"><div class=\"wp-block-group__inner-container is-layout-constrained wp-block-group-is-layout-constrained\">\n<div class=\"wp-block-columns alignwide is-layout-flex wp-container-core-columns-is-layout-9d6595d7 wp-block-columns-is-layout-flex\">\n<div class=\"wp-block-column is-layout-flow wp-block-column-is-layout-flow\">\n<h2 class=\"wp-block-heading has-text-align-center has-marro-stradivari-transparent-background-color has-background\"><\/h2>\n<\/div>\n\n\n\n<div class=\"wp-block-column is-layout-flow wp-block-column-is-layout-flow\">\n<h2 class=\"wp-block-heading has-text-align-center has-verd-tropic-transparent-background-color has-background\"><\/h2>\n<\/div>\n<\/div>\n<\/div><\/div>\n\n<div class=\"wp-block-buttons alignwide is-content-justification-center is-layout-flex wp-container-core-buttons-is-layout-16018d1d wp-block-buttons-is-layout-flex\">\n<div class=\"wp-block-button has-custom-width wp-block-button__width-50 is-style-outline is-style-outline--1\"><a class=\"wp-block-button__link wp-element-button\" href=\"https:\/\/webs.uab.cat\/compushcat\/es\/proyectos\/\">PROYECTOS<\/a><\/div>\n\n\n\n<div class=\"wp-block-button has-custom-width wp-block-button__width-50 is-style-outline is-style-outline--2\"><a class=\"wp-block-button__link wp-element-button\" href=\"https:\/\/webs.uab.cat\/compushcat\/es\/publicaciones\/\">PUBLICACIONES<\/a><\/div>\n<\/div>\n\n<h2 class=\"wp-block-heading alignwide\">\u00daltimas Publicaciones<\/h2>\n\n<div class=\"wp-block-columns alignwide is-layout-flex wp-container-core-columns-is-layout-9d6595d7 wp-block-columns-is-layout-flex\">\n<div class=\"wp-block-column has-verd-tropic-transparent-background-color has-background is-layout-flow wp-block-column-is-layout-flow\"><\/div>\n\n\n\n<div class=\"wp-block-column has-verd-tropic-transparent-background-color has-background is-layout-flow wp-block-column-is-layout-flow\"><\/div>\n\n\n\n<div class=\"wp-block-column has-verd-tropic-transparent-background-color has-background is-layout-flow wp-block-column-is-layout-flow\"><\/div>\n<\/div>\n\n<h2 class=\"wp-block-heading alignwide\">\u00daltimas Noticias<\/h2>\n\n<div class=\"wp-block-columns alignwide is-layout-flex wp-container-core-columns-is-layout-9d6595d7 wp-block-columns-is-layout-flex\">\n<div class=\"wp-block-column has-verd-tropic-transparent-background-color has-background is-layout-flow wp-block-column-is-layout-flow\"><\/div>\n\n\n\n<div class=\"wp-block-column has-verd-tropic-transparent-background-color has-background is-layout-flow wp-block-column-is-layout-flow\"><\/div>\n\n\n\n<div class=\"wp-block-column has-verd-tropic-transparent-background-color has-background is-layout-flow wp-block-column-is-layout-flow\"><\/div>\n<\/div>\n\n<p>Nuestro grupo de investigaci\u00f3n se centra en el uso de m\u00e9todos de qu\u00edmica computacional para explorar los fundamentos de la cat\u00e1lisis molecular y de la reactividad supramolecular. Mediante simulaciones computacionales cuidadosas, intentamos dilucidar los mecanismos subyacentes que gobiernan los procesos catal\u00edticos, poniendo luz sobre las v\u00edas de reacci\u00f3n clave, los estados de transici\u00f3n y los intermedios. Adem\u00e1s, nuestras investigaciones van m\u00e1s all\u00e1 del campo de la cat\u00e1lisis para abarcar el fascinante mundo de la reactividad supramolecular, donde las interacciones no covalentes organizan el ensamblaje y la funci\u00f3n de las arquitecturas moleculares.<\/p>\n\n<p>Nos gusta trabajar en estrecho contacto con grupos experimentales. Combinando de manera sin\u00e9rgica las predicciones computacionales con las observaciones experimentales, aspiramos a ampliar las fronteras del conocimiento en cat\u00e1lisis y qu\u00edmica supramolecular, impulsando finalmente la innovaci\u00f3n y el descubrimiento en estos campos tan relevantes.<\/p>\n\n<p>Una fotograf\u00eda de algunos de nosotros en un congreso reciente:<\/p>\n\n<figure class=\"wp-block-image size-large\"><img loading=\"lazy\" decoding=\"async\" width=\"1024\" height=\"462\" src=\"https:\/\/webs.uab.cat\/compushcat\/wp-content\/uploads\/sites\/448\/2025\/02\/20250128_135302-1024x462.jpg\" alt=\"\" class=\"wp-image-211\" srcset=\"https:\/\/webs.uab.cat\/compushcat\/wp-content\/uploads\/sites\/448\/2025\/02\/20250128_135302-1024x462.jpg 1024w, https:\/\/webs.uab.cat\/compushcat\/wp-content\/uploads\/sites\/448\/2025\/02\/20250128_135302-300x135.jpg 300w, https:\/\/webs.uab.cat\/compushcat\/wp-content\/uploads\/sites\/448\/2025\/02\/20250128_135302-768x346.jpg 768w, https:\/\/webs.uab.cat\/compushcat\/wp-content\/uploads\/sites\/448\/2025\/02\/20250128_135302-1536x692.jpg 1536w, https:\/\/webs.uab.cat\/compushcat\/wp-content\/uploads\/sites\/448\/2025\/02\/20250128_135302-2048x923.jpg 2048w, https:\/\/webs.uab.cat\/compushcat\/wp-content\/uploads\/sites\/448\/2025\/02\/20250128_135302-1200x541.jpg 1200w, https:\/\/webs.uab.cat\/compushcat\/wp-content\/uploads\/sites\/448\/2025\/02\/20250128_135302-1980x892.jpg 1980w\" sizes=\"auto, (max-width: 1024px) 100vw, 1024px\" \/><\/figure>\n","protected":false},"excerpt":{"rendered":"<p>\u00bfQu\u00e9 se hace en nuestro grupo?Qu\u00e8 es fa al nostre grup? \u00daltimas Publicaciones \u00daltimas Noticias Nuestro grupo de investigaci\u00f3n se centra en el uso de m\u00e9todos de qu\u00edmica computacional para explorar los fundamentos de la cat\u00e1lisis molecular y de la reactividad supramolecular. Mediante simulaciones computacionales cuidadosas, intentamos dilucidar los mecanismos subyacentes que gobiernan los procesos [&hellip;]<\/p>\n","protected":false},"author":1200,"featured_media":0,"parent":0,"menu_order":0,"comment_status":"closed","ping_status":"closed","template":"","meta":{"footnotes":""},"class_list":["post-310","page","type-page","status-publish","hentry"],"_links":{"self":[{"href":"https:\/\/webs.uab.cat\/compushcat\/es\/wp-json\/wp\/v2\/pages\/310","targetHints":{"allow":["GET"]}}],"collection":[{"href":"https:\/\/webs.uab.cat\/compushcat\/es\/wp-json\/wp\/v2\/pages"}],"about":[{"href":"https:\/\/webs.uab.cat\/compushcat\/es\/wp-json\/wp\/v2\/types\/page"}],"author":[{"embeddable":true,"href":"https:\/\/webs.uab.cat\/compushcat\/es\/wp-json\/wp\/v2\/users\/1200"}],"replies":[{"embeddable":true,"href":"https:\/\/webs.uab.cat\/compushcat\/es\/wp-json\/wp\/v2\/comments?post=310"}],"version-history":[{"count":7,"href":"https:\/\/webs.uab.cat\/compushcat\/es\/wp-json\/wp\/v2\/pages\/310\/revisions"}],"predecessor-version":[{"id":570,"href":"https:\/\/webs.uab.cat\/compushcat\/es\/wp-json\/wp\/v2\/pages\/310\/revisions\/570"}],"wp:attachment":[{"href":"https:\/\/webs.uab.cat\/compushcat\/es\/wp-json\/wp\/v2\/media?parent=310"}],"curies":[{"name":"wp","href":"https:\/\/api.w.org\/{rel}","templated":true}]}}