{"id":599,"date":"2023-07-23T19:00:09","date_gmt":"2023-07-23T17:00:09","guid":{"rendered":"https:\/\/webs.uab.cat\/compushcat\/unete-a-nosotros\/"},"modified":"2026-04-13T15:05:41","modified_gmt":"2026-04-13T13:05:41","slug":"unete-a-nosotros","status":"publish","type":"page","link":"https:\/\/webs.uab.cat\/compushcat\/es\/unete-a-nosotros\/","title":{"rendered":"\u00danete a nosotros"},"content":{"rendered":"\n<p><strong>Doctorado (PhD)<\/strong><br \/>Cada a\u00f1o tenemos plazas abiertas a nuestro grupo. A menudo hay financiaci\u00f3n disponible para estudiantes de la UE (becas nacionales o europeas). Si est\u00e1is interesados en nuestro grupo, pod\u00e9is contactarnos (<a href=\"gregori.ujaque@uab.cat\">gregori.ujaque@uab.cat<\/a>).  <\/p>\n\n<p><strong>Proyectos de M\u00e1ster<\/strong><br \/>Siempre damos la bienvenida a estudiantes de m\u00e1ster. Los proyectos se definen de manera individual dentro de una de nuestras l\u00edneas de investigaci\u00f3n. <\/p>\n\n<p><strong>Posdoctorado (Postdoc)<\/strong><br \/>Las consultas de candidatos con un perfil s\u00f3lido siempre son bienvenidas!<br \/>Buscamos candidatos con talento y experiencia en simulaciones multiescalera (ab initio, QM\/MM, MD, etc.) y en t\u00e9cnicas de muestreo avanzado (metadin\u00e0mica, etc.).<\/p>\n\n<p>Si pod\u00e9is optar a financiaci\u00f3n propio, poneos en contacto con nosotros.<\/p>\n\n<p><\/p>\n","protected":false},"excerpt":{"rendered":"<p>Doctorado (PhD)Cada a\u00f1o tenemos plazas abiertas a nuestro grupo. A menudo hay financiaci\u00f3n disponible para estudiantes de la UE (becas nacionales o europeas). Si est\u00e1is interesados en nuestro grupo, pod\u00e9is contactarnos (gregori.ujaque@uab.cat). Proyectos de M\u00e1sterSiempre damos la bienvenida a estudiantes de m\u00e1ster. Los proyectos se definen de manera individual dentro de una de nuestras l\u00edneas [&hellip;]<\/p>\n","protected":false},"author":1200,"featured_media":0,"parent":0,"menu_order":0,"comment_status":"closed","ping_status":"closed","template":"","meta":{"footnotes":""},"class_list":["post-599","page","type-page","status-publish","hentry"],"_links":{"self":[{"href":"https:\/\/webs.uab.cat\/compushcat\/es\/wp-json\/wp\/v2\/pages\/599","targetHints":{"allow":["GET"]}}],"collection":[{"href":"https:\/\/webs.uab.cat\/compushcat\/es\/wp-json\/wp\/v2\/pages"}],"about":[{"href":"https:\/\/webs.uab.cat\/compushcat\/es\/wp-json\/wp\/v2\/types\/page"}],"author":[{"embeddable":true,"href":"https:\/\/webs.uab.cat\/compushcat\/es\/wp-json\/wp\/v2\/users\/1200"}],"replies":[{"embeddable":true,"href":"https:\/\/webs.uab.cat\/compushcat\/es\/wp-json\/wp\/v2\/comments?post=599"}],"version-history":[{"count":2,"href":"https:\/\/webs.uab.cat\/compushcat\/es\/wp-json\/wp\/v2\/pages\/599\/revisions"}],"predecessor-version":[{"id":603,"href":"https:\/\/webs.uab.cat\/compushcat\/es\/wp-json\/wp\/v2\/pages\/599\/revisions\/603"}],"wp:attachment":[{"href":"https:\/\/webs.uab.cat\/compushcat\/es\/wp-json\/wp\/v2\/media?parent=599"}],"curies":[{"name":"wp","href":"https:\/\/api.w.org\/{rel}","templated":true}]}}